{"id":6687,"date":"2024-02-26T02:04:00","date_gmt":"2024-02-26T02:04:00","guid":{"rendered":"https:\/\/wpachem.com\/?post_type=product&#038;p=6687"},"modified":"2024-02-26T02:07:58","modified_gmt":"2024-02-26T02:07:58","slug":"ferrous-gluconate-cas-299-29-6","status":"publish","type":"product","link":"https:\/\/wpachem.com\/tr\/urun\/ferrous-gluconate-cas-299-29-6\/","title":{"rendered":"Demirli Glukonat CAS 299-29-6"},"content":{"rendered":"<h3 class=\"magic-2\" data-spm-anchor-id=\"a2700.details.0.i21.5c9d52f0Rx0oYu\">D\u0131\u015f g\u00f6r\u00fcn\u00fc\u015f:<\/h3>\n<p>Renksiz ila a\u00e7\u0131k sar\u0131 kristal toz<\/p>\n<div class=\"magic-5\">\n<div class=\"magic-6\">\n<div class=\"magic-7\">\n<div><span class=\"magic-4\" style=\"font-family: Verdana\"><b>\u00dcr\u00fcn Uygulamalar\u0131:<\/b><\/span><\/div>\n<div>Ferr\u00f6z glukonat yayg\u0131n olarak g\u0131da, ila\u00e7 ve kozmetik end\u00fcstrisinde kullan\u0131l\u0131r.<br \/>\nG\u0131da sanayinde demir sa\u011flamak amac\u0131yla besin takviyesi olarak kullan\u0131labilir.<br \/>\nT\u0131bbi alanda fer\u00f6z glukonat s\u0131kl\u0131kla demir eksikli\u011fi anemisini tedavi etmek i\u00e7in kullan\u0131l\u0131r.<br \/>\nKozmetikte antioksidan, nemlendirici ve ya\u015flanma kar\u015f\u0131t\u0131 \u00f6zellikler ta\u015f\u0131r.<\/div>\n<\/div>\n<\/div>\n<\/div>","protected":false},"excerpt":{"rendered":"<p>\u00dcr\u00fcn Ad\u0131: Ferr\u00f6z Glukonat<br \/>\nCAS Numaras\u0131: 299-29-6<br \/>\nMF:C12H20FeO14<br \/>\nG\u00f6r\u00fcn\u00fcm: Renksiz ila a\u00e7\u0131k sar\u0131 kristal toz<\/p>","protected":false},"featured_media":2097,"template":"","meta":{"_acf_changed":false,"_gspb_post_css":""},"product_brand":[],"product_cat":[55,103],"product_tag":[],"class_list":{"0":"post-6687","1":"product","2":"type-product","3":"status-publish","4":"has-post-thumbnail","6":"product_cat-food-additives","7":"product_cat-nutrition-enhancer","9":"first","10":"instock","11":"shipping-taxable","12":"product-type-simple"},"acf":[],"_links":{"self":[{"href":"https:\/\/wpachem.com\/tr\/wp-json\/wp\/v2\/product\/6687","targetHints":{"allow":["GET"]}}],"collection":[{"href":"https:\/\/wpachem.com\/tr\/wp-json\/wp\/v2\/product"}],"about":[{"href":"https:\/\/wpachem.com\/tr\/wp-json\/wp\/v2\/types\/product"}],"version-history":[{"count":0,"href":"https:\/\/wpachem.com\/tr\/wp-json\/wp\/v2\/product\/6687\/revisions"}],"wp:featuredmedia":[{"embeddable":true,"href":"https:\/\/wpachem.com\/tr\/wp-json\/wp\/v2\/media\/2097"}],"wp:attachment":[{"href":"https:\/\/wpachem.com\/tr\/wp-json\/wp\/v2\/media?parent=6687"}],"wp:term":[{"taxonomy":"product_brand","embeddable":true,"href":"https:\/\/wpachem.com\/tr\/wp-json\/wp\/v2\/product_brand?post=6687"},{"taxonomy":"product_cat","embeddable":true,"href":"https:\/\/wpachem.com\/tr\/wp-json\/wp\/v2\/product_cat?post=6687"},{"taxonomy":"product_tag","embeddable":true,"href":"https:\/\/wpachem.com\/tr\/wp-json\/wp\/v2\/product_tag?post=6687"}],"curies":[{"name":"wp","href":"https:\/\/api.w.org\/{rel}","templated":true}]}}