{"id":6692,"date":"2024-02-26T02:16:05","date_gmt":"2024-02-26T02:16:05","guid":{"rendered":"https:\/\/wpachem.com\/?post_type=product&#038;p=6692"},"modified":"2024-02-26T02:23:22","modified_gmt":"2024-02-26T02:23:22","slug":"ferric-ammonium-citrate-cas-1185-57-5","status":"publish","type":"product","link":"https:\/\/wpachem.com\/tr\/urun\/ferric-ammonium-citrate-cas-1185-57-5\/","title":{"rendered":"Ferrik Amonyum Sitrat CAS 1185-57-5"},"content":{"rendered":"<h3 class=\"magic-2\" data-spm-anchor-id=\"a2700.details.0.i21.5c9d52f0Rx0oYu\">D\u0131\u015f g\u00f6r\u00fcn\u00fc\u015f:<\/h3>\n<p>\u0130ki renk: kahverengi ve ye\u015fil<\/p>\n<div class=\"magic-5\">\n<div class=\"magic-6\">\n<div class=\"magic-7\">\n<div><span class=\"magic-4\" style=\"font-family: Verdana\"><b>\u00dcr\u00fcn Uygulamalar\u0131:<\/b><\/span><\/div>\n<div>Ferrik amonyum sitrat, demir eksikli\u011fi anemisini tedavi etmek i\u00e7in kan toni\u011fi olarak kullan\u0131labilen m\u00fckemmel bir besin takviyesidir. G\u0131da katk\u0131 maddeleri, t\u0131p ve di\u011fer bir\u00e7ok alanda yayg\u0131n olarak kullan\u0131l\u0131r. Kahverengi pullu ferrik amonyum sitrat daha y\u00fcksek demir i\u00e7eri\u011fine sahipken, ye\u015fil pullu ferrik amonyum sitrat daha d\u00fc\u015f\u00fck demir i\u00e7eri\u011fine sahiptir.<\/div>\n<\/div>\n<\/div>\n<\/div>","protected":false},"excerpt":{"rendered":"<p>\u00dcr\u00fcn Ad\u0131: Ferrik Amonyum Sitrat<br \/>\nCAS Numaras\u0131: 1185-57-5<br \/>\nMF:C6H11FeNO7<br \/>\nG\u00f6r\u00fcn\u00fcm:Kahverengi ve ye\u015fil<\/p>","protected":false},"featured_media":6693,"template":"","meta":{"_acf_changed":false,"_gspb_post_css":""},"product_brand":[],"product_cat":[55,103],"product_tag":[],"class_list":{"0":"post-6692","1":"product","2":"type-product","3":"status-publish","4":"has-post-thumbnail","6":"product_cat-food-additives","7":"product_cat-nutrition-enhancer","9":"first","10":"instock","11":"shipping-taxable","12":"product-type-simple"},"acf":[],"_links":{"self":[{"href":"https:\/\/wpachem.com\/tr\/wp-json\/wp\/v2\/product\/6692","targetHints":{"allow":["GET"]}}],"collection":[{"href":"https:\/\/wpachem.com\/tr\/wp-json\/wp\/v2\/product"}],"about":[{"href":"https:\/\/wpachem.com\/tr\/wp-json\/wp\/v2\/types\/product"}],"version-history":[{"count":0,"href":"https:\/\/wpachem.com\/tr\/wp-json\/wp\/v2\/product\/6692\/revisions"}],"wp:featuredmedia":[{"embeddable":true,"href":"https:\/\/wpachem.com\/tr\/wp-json\/wp\/v2\/media\/6693"}],"wp:attachment":[{"href":"https:\/\/wpachem.com\/tr\/wp-json\/wp\/v2\/media?parent=6692"}],"wp:term":[{"taxonomy":"product_brand","embeddable":true,"href":"https:\/\/wpachem.com\/tr\/wp-json\/wp\/v2\/product_brand?post=6692"},{"taxonomy":"product_cat","embeddable":true,"href":"https:\/\/wpachem.com\/tr\/wp-json\/wp\/v2\/product_cat?post=6692"},{"taxonomy":"product_tag","embeddable":true,"href":"https:\/\/wpachem.com\/tr\/wp-json\/wp\/v2\/product_tag?post=6692"}],"curies":[{"name":"wp","href":"https:\/\/api.w.org\/{rel}","templated":true}]}}