{"id":6696,"date":"2024-02-26T02:24:19","date_gmt":"2024-02-26T02:24:19","guid":{"rendered":"https:\/\/wpachem.com\/?post_type=product&#038;p=6696"},"modified":"2024-02-26T02:27:35","modified_gmt":"2024-02-26T02:27:35","slug":"ferrous-glycinate-cas-20150-34-9","status":"publish","type":"product","link":"https:\/\/wpachem.com\/tr\/urun\/ferrous-glycinate-cas-20150-34-9\/","title":{"rendered":"Demirli Glisinat CAS 20150-34-9"},"content":{"rendered":"<h3 class=\"magic-2\" data-spm-anchor-id=\"a2700.details.0.i21.5c9d52f0Rx0oYu\">D\u0131\u015f g\u00f6r\u00fcn\u00fc\u015f:<\/h3>\n<p>A\u00e7\u0131k sar\u0131ms\u0131 kahverengi ye\u015fil kristal toz<\/p>\n<div class=\"magic-5\">\n<div class=\"magic-6\">\n<div class=\"magic-7\">\n<div><span class=\"magic-4\" style=\"font-family: Verdana\"><b>\u00dcr\u00fcn Uygulamalar\u0131:<\/b><\/span><\/div>\n<div>Ferrous glycinate bir amino asit \u015felat\u0131d\u0131r. Benzersiz k\u00fc\u00e7\u00fck molek\u00fcler grubu gastrointestinal mukozadan sa\u011flam bir \u015fekilde ge\u00e7ebilir. Di\u011fer demir takviyesi g\u00fc\u00e7lendiricileriyle kar\u015f\u0131la\u015ft\u0131r\u0131ld\u0131\u011f\u0131nda, iyi lezzet, d\u00fc\u015f\u00fck yan etki ve y\u00fcksek emilim oran\u0131 \u00f6zelliklerine sahiptir. Emilimi kolayd\u0131r. \u0130nsan v\u00fccudu taraf\u0131ndan emilebilen ve demir beslenme eksikli\u011fini \u00f6nlemede ve sa\u011fl\u0131\u011f\u0131 iyile\u015ftirmede b\u00fcy\u00fck \u00f6nem ta\u015f\u0131yan ideal bir demir beslenme g\u00fc\u00e7lendiricisidir. Ayn\u0131 zamanda v\u00fccutta ba\u011f\u0131ms\u0131z olarak emilen ve di\u011fer yiyeceklerle etkile\u015fime girmeyen \u015felatl\u0131 demir formunda bulunur. G\u00fcvenli, stabil ve etkilidir.<\/div>\n<\/div>\n<\/div>\n<\/div>","protected":false},"excerpt":{"rendered":"<p>\u00dcr\u00fcn Ad\u0131: Ferr\u00f6z Glisinat<br \/>\nCAS No:20150-34-9<br \/>\nMF:C4H8FeN2O4<br \/>\nG\u00f6r\u00fcn\u00fcm: A\u00e7\u0131k sar\u0131ms\u0131 kahverengi ye\u015fil kristal toz<\/p>","protected":false},"featured_media":6697,"template":"","meta":{"_acf_changed":false,"_gspb_post_css":""},"product_brand":[],"product_cat":[55,103],"product_tag":[],"class_list":{"0":"post-6696","1":"product","2":"type-product","3":"status-publish","4":"has-post-thumbnail","6":"product_cat-food-additives","7":"product_cat-nutrition-enhancer","9":"first","10":"instock","11":"shipping-taxable","12":"product-type-simple"},"acf":[],"_links":{"self":[{"href":"https:\/\/wpachem.com\/tr\/wp-json\/wp\/v2\/product\/6696","targetHints":{"allow":["GET"]}}],"collection":[{"href":"https:\/\/wpachem.com\/tr\/wp-json\/wp\/v2\/product"}],"about":[{"href":"https:\/\/wpachem.com\/tr\/wp-json\/wp\/v2\/types\/product"}],"version-history":[{"count":0,"href":"https:\/\/wpachem.com\/tr\/wp-json\/wp\/v2\/product\/6696\/revisions"}],"wp:featuredmedia":[{"embeddable":true,"href":"https:\/\/wpachem.com\/tr\/wp-json\/wp\/v2\/media\/6697"}],"wp:attachment":[{"href":"https:\/\/wpachem.com\/tr\/wp-json\/wp\/v2\/media?parent=6696"}],"wp:term":[{"taxonomy":"product_brand","embeddable":true,"href":"https:\/\/wpachem.com\/tr\/wp-json\/wp\/v2\/product_brand?post=6696"},{"taxonomy":"product_cat","embeddable":true,"href":"https:\/\/wpachem.com\/tr\/wp-json\/wp\/v2\/product_cat?post=6696"},{"taxonomy":"product_tag","embeddable":true,"href":"https:\/\/wpachem.com\/tr\/wp-json\/wp\/v2\/product_tag?post=6696"}],"curies":[{"name":"wp","href":"https:\/\/api.w.org\/{rel}","templated":true}]}}