{"id":6699,"date":"2024-02-26T02:27:44","date_gmt":"2024-02-26T02:27:44","guid":{"rendered":"https:\/\/wpachem.com\/?post_type=product&#038;p=6699"},"modified":"2024-02-26T02:32:15","modified_gmt":"2024-02-26T02:32:15","slug":"ferrous-fumarate-cas-141-01-5","status":"publish","type":"product","link":"https:\/\/wpachem.com\/tr\/urun\/ferrous-fumarate-cas-141-01-5\/","title":{"rendered":"Demir Fumarat CAS 141-01-5"},"content":{"rendered":"<h3 class=\"magic-2\" data-spm-anchor-id=\"a2700.details.0.i21.5c9d52f0Rx0oYu\">D\u0131\u015f g\u00f6r\u00fcn\u00fc\u015f:<\/h3>\n<p>Koyu k\u0131rm\u0131z\u0131dan koyu kahverengiye kadar kat\u0131<\/p>\n<div class=\"magic-5\">\n<div class=\"magic-6\">\n<div class=\"magic-7\">\n<div><span class=\"magic-4\" style=\"font-family: Verdana\"><b>\u00dcr\u00fcn Uygulamalar\u0131:<\/b><\/span><\/div>\n<div>Ferr\u00f6z fumarat, demir fumarat olarak da bilinir, g\u00fcvenli ve etkili bir organik besin demir takviyesidir. Organik asit demirdir (demir lizin, demir glisinat, demir metiyonin vb. dahil). Organik fer\u00f6z demir i\u00e7eri\u011fi 30%&#039;den fazla olan fer\u00f6z fumarat, emildikten sonra kolayca par\u00e7alan\u0131r. K\u0131rm\u0131z\u0131 kan h\u00fccrelerine girmek i\u00e7in ek enerji gerektirmez ve gastrointestinal sistemi tahri\u015f etmez. Hem&#039;in normal seviyesini art\u0131rabilir ve koruyabilir ve uzun s\u00fcre besin katk\u0131s\u0131 olarak kullan\u0131labilir. Klinik olarak demir eksikli\u011fi anemisini tedavi etmek i\u00e7in kullan\u0131l\u0131r.<\/div>\n<\/div>\n<\/div>\n<\/div>","protected":false},"excerpt":{"rendered":"<p>\u00dcr\u00fcn Ad\u0131: Ferrous Fumarate<br \/>\nCAS Numaras\u0131: 141-01-5<br \/>\nMF:C4H2FeO4<br \/>\nG\u00f6r\u00fcn\u00fcm: Koyu k\u0131rm\u0131z\u0131dan koyu kahverengiye kadar kat\u0131<\/p>","protected":false},"featured_media":6700,"template":"","meta":{"_acf_changed":false,"_gspb_post_css":""},"product_brand":[],"product_cat":[55,103],"product_tag":[],"class_list":{"0":"post-6699","1":"product","2":"type-product","3":"status-publish","4":"has-post-thumbnail","6":"product_cat-food-additives","7":"product_cat-nutrition-enhancer","9":"first","10":"instock","11":"shipping-taxable","12":"product-type-simple"},"acf":[],"_links":{"self":[{"href":"https:\/\/wpachem.com\/tr\/wp-json\/wp\/v2\/product\/6699","targetHints":{"allow":["GET"]}}],"collection":[{"href":"https:\/\/wpachem.com\/tr\/wp-json\/wp\/v2\/product"}],"about":[{"href":"https:\/\/wpachem.com\/tr\/wp-json\/wp\/v2\/types\/product"}],"version-history":[{"count":0,"href":"https:\/\/wpachem.com\/tr\/wp-json\/wp\/v2\/product\/6699\/revisions"}],"wp:featuredmedia":[{"embeddable":true,"href":"https:\/\/wpachem.com\/tr\/wp-json\/wp\/v2\/media\/6700"}],"wp:attachment":[{"href":"https:\/\/wpachem.com\/tr\/wp-json\/wp\/v2\/media?parent=6699"}],"wp:term":[{"taxonomy":"product_brand","embeddable":true,"href":"https:\/\/wpachem.com\/tr\/wp-json\/wp\/v2\/product_brand?post=6699"},{"taxonomy":"product_cat","embeddable":true,"href":"https:\/\/wpachem.com\/tr\/wp-json\/wp\/v2\/product_cat?post=6699"},{"taxonomy":"product_tag","embeddable":true,"href":"https:\/\/wpachem.com\/tr\/wp-json\/wp\/v2\/product_tag?post=6699"}],"curies":[{"name":"wp","href":"https:\/\/api.w.org\/{rel}","templated":true}]}}