{"id":6703,"date":"2024-02-26T02:32:38","date_gmt":"2024-02-26T02:32:38","guid":{"rendered":"https:\/\/wpachem.com\/?post_type=product&#038;p=6703"},"modified":"2024-02-26T02:35:50","modified_gmt":"2024-02-26T02:35:50","slug":"zinc-lactate-cas-16039-53-5","status":"publish","type":"product","link":"https:\/\/wpachem.com\/tr\/urun\/zinc-lactate-cas-16039-53-5\/","title":{"rendered":"\u00c7inko Laktat CAS 16039-53-5"},"content":{"rendered":"<h3 class=\"magic-2\" data-spm-anchor-id=\"a2700.details.0.i21.5c9d52f0Rx0oYu\">D\u0131\u015f g\u00f6r\u00fcn\u00fc\u015f:<\/h3>\n<p>Beyaz ortorombik kristal tozu<\/p>\n<div class=\"magic-5\">\n<div class=\"magic-6\">\n<div class=\"magic-7\">\n<div><span class=\"magic-4\" style=\"font-family: Verdana\"><b>\u00dcr\u00fcn Uygulamalar\u0131:<\/b><\/span><\/div>\n<div>\n<p>\u00c7inko laktat, \u00e7inko takviyeli g\u0131dalar\u0131n, besleyici oral s\u0131v\u0131lar\u0131n, \u00e7ocuk \u00e7inko takviyeli tabletlerin ve gran\u00fcllerin \u00fcretiminde kullan\u0131labilir. \u0130yi bir g\u0131da \u00e7inko g\u00fc\u00e7lendiricisidir ve hamur i\u015flerinde, i\u00e7eceklerde, \u00e7e\u015fitli besin sol\u00fcsyonlar\u0131nda, unlarda, beslenmede yayg\u0131n olarak kullan\u0131l\u0131r. Tuz, s\u00fct \u00fcr\u00fcnleri ve soya \u00fcr\u00fcnleri aras\u0131nda, bebeklerin ve ergenlerin entelekt\u00fcel ve fiziksel geli\u015fiminde \u00f6nemli bir rol oynar ve emilim etkisi inorganik \u00e7inkodan daha iyidir.<\/p>\n<p>T\u00fct\u00fcn \u00fcr\u00fcnlerinde \u00e7inko laktat, kesilmi\u015f t\u00fct\u00fcn i\u00e7in aroma verici, antifriz ve nemlendirici madde olarak gliserinin yerine de kullan\u0131labilir.<\/p>\n<p>Kozmetikte y\u00fcz temizleyicileri, g\u00fczellik kremleri, losyonlar, \u015fampuanlar ve y\u00fcz maskelerinde de kullan\u0131labilir.<\/p>\n<\/div>\n<\/div>\n<\/div>\n<\/div>","protected":false},"excerpt":{"rendered":"<p>\u00dcr\u00fcn Ad\u0131:\u00c7inko Laktat<br \/>\nCAS Numaras\u0131: 16039-53-5<br \/>\nMF:C4H2FeO4<br \/>\nG\u00f6r\u00fcn\u00fcm: Beyaz ortorombik kristal toz<\/p>","protected":false},"featured_media":2161,"template":"","meta":{"_acf_changed":false,"_gspb_post_css":""},"product_brand":[],"product_cat":[55,103],"product_tag":[],"class_list":{"0":"post-6703","1":"product","2":"type-product","3":"status-publish","4":"has-post-thumbnail","6":"product_cat-food-additives","7":"product_cat-nutrition-enhancer","9":"first","10":"instock","11":"shipping-taxable","12":"product-type-simple"},"acf":[],"_links":{"self":[{"href":"https:\/\/wpachem.com\/tr\/wp-json\/wp\/v2\/product\/6703","targetHints":{"allow":["GET"]}}],"collection":[{"href":"https:\/\/wpachem.com\/tr\/wp-json\/wp\/v2\/product"}],"about":[{"href":"https:\/\/wpachem.com\/tr\/wp-json\/wp\/v2\/types\/product"}],"version-history":[{"count":0,"href":"https:\/\/wpachem.com\/tr\/wp-json\/wp\/v2\/product\/6703\/revisions"}],"wp:featuredmedia":[{"embeddable":true,"href":"https:\/\/wpachem.com\/tr\/wp-json\/wp\/v2\/media\/2161"}],"wp:attachment":[{"href":"https:\/\/wpachem.com\/tr\/wp-json\/wp\/v2\/media?parent=6703"}],"wp:term":[{"taxonomy":"product_brand","embeddable":true,"href":"https:\/\/wpachem.com\/tr\/wp-json\/wp\/v2\/product_brand?post=6703"},{"taxonomy":"product_cat","embeddable":true,"href":"https:\/\/wpachem.com\/tr\/wp-json\/wp\/v2\/product_cat?post=6703"},{"taxonomy":"product_tag","embeddable":true,"href":"https:\/\/wpachem.com\/tr\/wp-json\/wp\/v2\/product_tag?post=6703"}],"curies":[{"name":"wp","href":"https:\/\/api.w.org\/{rel}","templated":true}]}}