{"id":6705,"date":"2024-02-26T02:35:57","date_gmt":"2024-02-26T02:35:57","guid":{"rendered":"https:\/\/wpachem.com\/?post_type=product&#038;p=6705"},"modified":"2024-02-26T02:38:36","modified_gmt":"2024-02-26T02:38:36","slug":"zinc-gluconate-cas-4468-02-4","status":"publish","type":"product","link":"https:\/\/wpachem.com\/tr\/urun\/zinc-gluconate-cas-4468-02-4\/","title":{"rendered":"\u00c7inko Glukonat CAS 4468-02-4"},"content":{"rendered":"<h3 class=\"magic-2\" data-spm-anchor-id=\"a2700.details.0.i21.5c9d52f0Rx0oYu\">D\u0131\u015f g\u00f6r\u00fcn\u00fc\u015f:<\/h3>\n<p>Beyaz ila neredeyse beyaz toz<\/p>\n<div class=\"magic-5\">\n<div class=\"magic-6\">\n<div class=\"magic-7\">\n<div><span class=\"magic-4\" style=\"font-family: Verdana\"><b>\u00dcr\u00fcn Uygulamalar\u0131:<\/b><\/span><\/div>\n<div>\n<p>\u00c7inko glukonat, ila\u00e7 end\u00fcstrisinde katk\u0131 maddesi olarak s\u0131kl\u0131kla kullan\u0131l\u0131r ve baz\u0131 ila\u00e7larda v\u00fccuttaki eser elementlerin art\u0131r\u0131lmas\u0131nda rol oynar.<br \/>\nG\u0131da sanayinde \u00e7inko glukonat besin takviyesi olarak kullan\u0131l\u0131r.<br \/>\nKozmetik \u00fcretim s\u00fcre\u00e7lerinde \u00e7inko glukonat nemlendirici ve koruyucu olarak kullan\u0131l\u0131r.<\/p>\n<\/div>\n<\/div>\n<\/div>\n<\/div>","protected":false},"excerpt":{"rendered":"<p>\u00dcr\u00fcn Ad\u0131:\u00c7inko Glukonat<br \/>\nCAS Numaras\u0131:4468-02-4<br \/>\nMF:C12H22O14Zn<br \/>\nG\u00f6r\u00fcn\u00fcm: Beyaz ila neredeyse beyaz toz<\/p>","protected":false},"featured_media":2161,"template":"","meta":{"_acf_changed":false,"_gspb_post_css":""},"product_brand":[],"product_cat":[55,103],"product_tag":[],"class_list":{"0":"post-6705","1":"product","2":"type-product","3":"status-publish","4":"has-post-thumbnail","6":"product_cat-food-additives","7":"product_cat-nutrition-enhancer","9":"first","10":"instock","11":"shipping-taxable","12":"product-type-simple"},"acf":[],"_links":{"self":[{"href":"https:\/\/wpachem.com\/tr\/wp-json\/wp\/v2\/product\/6705","targetHints":{"allow":["GET"]}}],"collection":[{"href":"https:\/\/wpachem.com\/tr\/wp-json\/wp\/v2\/product"}],"about":[{"href":"https:\/\/wpachem.com\/tr\/wp-json\/wp\/v2\/types\/product"}],"version-history":[{"count":0,"href":"https:\/\/wpachem.com\/tr\/wp-json\/wp\/v2\/product\/6705\/revisions"}],"wp:featuredmedia":[{"embeddable":true,"href":"https:\/\/wpachem.com\/tr\/wp-json\/wp\/v2\/media\/2161"}],"wp:attachment":[{"href":"https:\/\/wpachem.com\/tr\/wp-json\/wp\/v2\/media?parent=6705"}],"wp:term":[{"taxonomy":"product_brand","embeddable":true,"href":"https:\/\/wpachem.com\/tr\/wp-json\/wp\/v2\/product_brand?post=6705"},{"taxonomy":"product_cat","embeddable":true,"href":"https:\/\/wpachem.com\/tr\/wp-json\/wp\/v2\/product_cat?post=6705"},{"taxonomy":"product_tag","embeddable":true,"href":"https:\/\/wpachem.com\/tr\/wp-json\/wp\/v2\/product_tag?post=6705"}],"curies":[{"name":"wp","href":"https:\/\/api.w.org\/{rel}","templated":true}]}}