{"id":6709,"date":"2024-02-26T02:41:04","date_gmt":"2024-02-26T02:41:04","guid":{"rendered":"https:\/\/wpachem.com\/?post_type=product&#038;p=6709"},"modified":"2024-02-26T02:44:01","modified_gmt":"2024-02-26T02:44:01","slug":"zinc-citrate-cas-546-46-3","status":"publish","type":"product","link":"https:\/\/wpachem.com\/tr\/urun\/zinc-citrate-cas-546-46-3\/","title":{"rendered":"\u00c7inko Sitrat CAS 546-46-3"},"content":{"rendered":"<h3 class=\"magic-2\" data-spm-anchor-id=\"a2700.details.0.i21.5c9d52f0Rx0oYu\">D\u0131\u015f g\u00f6r\u00fcn\u00fc\u015f:<\/h3>\n<p>Renksiz kristal kat\u0131<\/p>\n<div class=\"magic-5\">\n<div class=\"magic-6\">\n<div class=\"magic-7\">\n<div><span class=\"magic-4\" style=\"font-family: Verdana\"><b>\u00dcr\u00fcn Uygulamalar\u0131:<\/b><\/span><\/div>\n<div>\n<p>G\u0131da ve \u0130\u00e7ecek Sanayi: Trizinc Sitrat, g\u0131da ve i\u00e7eceklerde asitlendirici ve antioksidan g\u00f6revi g\u00f6r\u00fcr.<br \/>\nKozmetik sekt\u00f6r\u00fc: Cilt bak\u0131m \u00fcr\u00fcnleri ve kozmetiklerde antioksidan ve pH ayarlay\u0131c\u0131 olarak kullan\u0131labilir.<br \/>\n\u0130la\u00e7 end\u00fcstrisi: Trizinc sitrat baz\u0131 ila\u00e7 \u00fcr\u00fcnlerinin haz\u0131rlanmas\u0131nda kullan\u0131labilir.<\/p>\n<\/div>\n<\/div>\n<\/div>\n<\/div>","protected":false},"excerpt":{"rendered":"<p>\u00dcr\u00fcn Ad\u0131:\u00c7inko Sitrat<br \/>\nCAS Numaras\u0131:546-46-3<br \/>\nMF:C6H8O7Zn<br \/>\nG\u00f6r\u00fcn\u00fcm: Renksiz kristal kat\u0131<\/p>","protected":false},"featured_media":2161,"template":"","meta":{"_acf_changed":false,"_gspb_post_css":""},"product_brand":[],"product_cat":[55,103],"product_tag":[],"class_list":{"0":"post-6709","1":"product","2":"type-product","3":"status-publish","4":"has-post-thumbnail","6":"product_cat-food-additives","7":"product_cat-nutrition-enhancer","9":"first","10":"instock","11":"shipping-taxable","12":"product-type-simple"},"acf":[],"_links":{"self":[{"href":"https:\/\/wpachem.com\/tr\/wp-json\/wp\/v2\/product\/6709","targetHints":{"allow":["GET"]}}],"collection":[{"href":"https:\/\/wpachem.com\/tr\/wp-json\/wp\/v2\/product"}],"about":[{"href":"https:\/\/wpachem.com\/tr\/wp-json\/wp\/v2\/types\/product"}],"version-history":[{"count":0,"href":"https:\/\/wpachem.com\/tr\/wp-json\/wp\/v2\/product\/6709\/revisions"}],"wp:featuredmedia":[{"embeddable":true,"href":"https:\/\/wpachem.com\/tr\/wp-json\/wp\/v2\/media\/2161"}],"wp:attachment":[{"href":"https:\/\/wpachem.com\/tr\/wp-json\/wp\/v2\/media?parent=6709"}],"wp:term":[{"taxonomy":"product_brand","embeddable":true,"href":"https:\/\/wpachem.com\/tr\/wp-json\/wp\/v2\/product_brand?post=6709"},{"taxonomy":"product_cat","embeddable":true,"href":"https:\/\/wpachem.com\/tr\/wp-json\/wp\/v2\/product_cat?post=6709"},{"taxonomy":"product_tag","embeddable":true,"href":"https:\/\/wpachem.com\/tr\/wp-json\/wp\/v2\/product_tag?post=6709"}],"curies":[{"name":"wp","href":"https:\/\/api.w.org\/{rel}","templated":true}]}}