{"id":6711,"date":"2024-02-26T02:50:21","date_gmt":"2024-02-26T02:50:21","guid":{"rendered":"https:\/\/wpachem.com\/?post_type=product&#038;p=6711"},"modified":"2024-02-26T02:53:48","modified_gmt":"2024-02-26T02:53:48","slug":"magnesium-lactate-cas-18917-93-6","status":"publish","type":"product","link":"https:\/\/wpachem.com\/tr\/urun\/magnesium-lactate-cas-18917-93-6\/","title":{"rendered":"Magnezyum Laktat CAS 18917-93-6"},"content":{"rendered":"<h3 class=\"magic-2\" data-spm-anchor-id=\"a2700.details.0.i21.5c9d52f0Rx0oYu\">D\u0131\u015f g\u00f6r\u00fcn\u00fc\u015f:<\/h3>\n<p>Renksiz kristal kat\u0131<\/p>\n<div class=\"magic-5\">\n<div class=\"magic-6\">\n<div class=\"magic-7\">\n<div><span class=\"magic-4\" style=\"font-family: Verdana\"><b>\u00dcr\u00fcn Uygulamalar\u0131:<\/b><\/span><\/div>\n<div>\n<p>Farmas\u00f6tik alan: Magnezyum laktat, genellikle kusturucu ila\u00e7lar\u0131n, m\u00fcshiller ve magnezyum takviyelerinin haz\u0131rlanmas\u0131nda kullan\u0131l\u0131r ve ayr\u0131ca kab\u0131zl\u0131\u011f\u0131 tedavi etmek i\u00e7in bir farmas\u00f6tik bile\u015fen olarak da kullan\u0131labilir.<\/p>\n<p>G\u0131da Sanayi: Magnezyum laktat k\u0131vam artt\u0131r\u0131c\u0131, stabilite art\u0131r\u0131c\u0131 ve pH d\u00fczenleyici etkileriyle g\u0131da katk\u0131 maddesi olarak kullan\u0131labilir.<\/p>\n<p>Kozmetikler: Magnezyum laktat kozmetiklerde stabilizat\u00f6r veya sa\u00e7 kremi olarak kullan\u0131labilir.<\/p>\n<\/div>\n<\/div>\n<\/div>\n<\/div>","protected":false},"excerpt":{"rendered":"<p>\u00dcr\u00fcn Ad\u0131:Magnezyum Laktat<br \/>\nCAS Numaras\u0131:18917-93-6<br \/>\nMF:C6H8MgO6<br \/>\nG\u00f6r\u00fcn\u00fcm: Beyaz kristal kat\u0131<\/p>","protected":false},"featured_media":2161,"template":"","meta":{"_acf_changed":false,"_gspb_post_css":""},"product_brand":[],"product_cat":[55,103],"product_tag":[],"class_list":{"0":"post-6711","1":"product","2":"type-product","3":"status-publish","4":"has-post-thumbnail","6":"product_cat-food-additives","7":"product_cat-nutrition-enhancer","9":"first","10":"instock","11":"shipping-taxable","12":"product-type-simple"},"acf":[],"_links":{"self":[{"href":"https:\/\/wpachem.com\/tr\/wp-json\/wp\/v2\/product\/6711","targetHints":{"allow":["GET"]}}],"collection":[{"href":"https:\/\/wpachem.com\/tr\/wp-json\/wp\/v2\/product"}],"about":[{"href":"https:\/\/wpachem.com\/tr\/wp-json\/wp\/v2\/types\/product"}],"version-history":[{"count":0,"href":"https:\/\/wpachem.com\/tr\/wp-json\/wp\/v2\/product\/6711\/revisions"}],"wp:featuredmedia":[{"embeddable":true,"href":"https:\/\/wpachem.com\/tr\/wp-json\/wp\/v2\/media\/2161"}],"wp:attachment":[{"href":"https:\/\/wpachem.com\/tr\/wp-json\/wp\/v2\/media?parent=6711"}],"wp:term":[{"taxonomy":"product_brand","embeddable":true,"href":"https:\/\/wpachem.com\/tr\/wp-json\/wp\/v2\/product_brand?post=6711"},{"taxonomy":"product_cat","embeddable":true,"href":"https:\/\/wpachem.com\/tr\/wp-json\/wp\/v2\/product_cat?post=6711"},{"taxonomy":"product_tag","embeddable":true,"href":"https:\/\/wpachem.com\/tr\/wp-json\/wp\/v2\/product_tag?post=6711"}],"curies":[{"name":"wp","href":"https:\/\/api.w.org\/{rel}","templated":true}]}}