{"id":6714,"date":"2024-02-26T02:55:31","date_gmt":"2024-02-26T02:55:31","guid":{"rendered":"https:\/\/wpachem.com\/?post_type=product&#038;p=6714"},"modified":"2024-02-26T02:57:50","modified_gmt":"2024-02-26T02:57:50","slug":"magnesium-gluconate-cas-3632-91-5","status":"publish","type":"product","link":"https:\/\/wpachem.com\/tr\/urun\/magnesium-gluconate-cas-3632-91-5\/","title":{"rendered":"Magnezyum Glukonat CAS 3632-91-5"},"content":{"rendered":"<h3 class=\"magic-2\" data-spm-anchor-id=\"a2700.details.0.i21.5c9d52f0Rx0oYu\">D\u0131\u015f g\u00f6r\u00fcn\u00fc\u015f:<\/h3>\n<p>Beyaz kristal toz<\/p>\n<div class=\"magic-5\">\n<div class=\"magic-6\">\n<div class=\"magic-7\">\n<div><span class=\"magic-4\" style=\"font-family: Verdana\"><b>\u00dcr\u00fcn Uygulamalar\u0131:<\/b><\/span><\/div>\n<div>\n<p>Magnezyum glukonat yayg\u0131n olarak g\u0131da katk\u0131 maddesi olarak kullan\u0131l\u0131r ve g\u0131da end\u00fcstrisinde yayg\u0131n olarak kullan\u0131l\u0131r.<br \/>\nMagnezyum glukonat, magnezyum eksikli\u011finin tedavisinde kullan\u0131labilen iyi bir besin takviyesidir.<br \/>\nMagnezyum glukonat ayr\u0131ca alev geciktirici olarak ve kozmetik, ila\u00e7 ve petrol end\u00fcstrisinde katk\u0131 maddesi olarak kullan\u0131l\u0131r.<\/p>\n<\/div>\n<\/div>\n<\/div>\n<\/div>","protected":false},"excerpt":{"rendered":"<p>\u00dcr\u00fcn Ad\u0131:Magnezyum Glukonat<br \/>\nCAS Numaras\u0131:3632-91-5<br \/>\nMF:C12H22MgO14<br \/>\nG\u00f6r\u00fcn\u00fcm: Beyaz kristal toz<\/p>","protected":false},"featured_media":2161,"template":"","meta":{"_acf_changed":false,"_gspb_post_css":""},"product_brand":[],"product_cat":[55,103],"product_tag":[],"class_list":{"0":"post-6714","1":"product","2":"type-product","3":"status-publish","4":"has-post-thumbnail","6":"product_cat-food-additives","7":"product_cat-nutrition-enhancer","9":"first","10":"instock","11":"shipping-taxable","12":"product-type-simple"},"acf":[],"_links":{"self":[{"href":"https:\/\/wpachem.com\/tr\/wp-json\/wp\/v2\/product\/6714","targetHints":{"allow":["GET"]}}],"collection":[{"href":"https:\/\/wpachem.com\/tr\/wp-json\/wp\/v2\/product"}],"about":[{"href":"https:\/\/wpachem.com\/tr\/wp-json\/wp\/v2\/types\/product"}],"version-history":[{"count":0,"href":"https:\/\/wpachem.com\/tr\/wp-json\/wp\/v2\/product\/6714\/revisions"}],"wp:featuredmedia":[{"embeddable":true,"href":"https:\/\/wpachem.com\/tr\/wp-json\/wp\/v2\/media\/2161"}],"wp:attachment":[{"href":"https:\/\/wpachem.com\/tr\/wp-json\/wp\/v2\/media?parent=6714"}],"wp:term":[{"taxonomy":"product_brand","embeddable":true,"href":"https:\/\/wpachem.com\/tr\/wp-json\/wp\/v2\/product_brand?post=6714"},{"taxonomy":"product_cat","embeddable":true,"href":"https:\/\/wpachem.com\/tr\/wp-json\/wp\/v2\/product_cat?post=6714"},{"taxonomy":"product_tag","embeddable":true,"href":"https:\/\/wpachem.com\/tr\/wp-json\/wp\/v2\/product_tag?post=6714"}],"curies":[{"name":"wp","href":"https:\/\/api.w.org\/{rel}","templated":true}]}}