{"id":6716,"date":"2024-02-26T02:59:27","date_gmt":"2024-02-26T02:59:27","guid":{"rendered":"https:\/\/wpachem.com\/?post_type=product&#038;p=6716"},"modified":"2024-02-26T03:01:03","modified_gmt":"2024-02-26T03:01:03","slug":"magnesium-citrate-cas-3344-18-1","status":"publish","type":"product","link":"https:\/\/wpachem.com\/tr\/urun\/magnesium-citrate-cas-3344-18-1\/","title":{"rendered":"Magnezyum Sitrat CAS 3344-18-1"},"content":{"rendered":"<h3 class=\"magic-2\" data-spm-anchor-id=\"a2700.details.0.i21.5c9d52f0Rx0oYu\">D\u0131\u015f g\u00f6r\u00fcn\u00fc\u015f:<\/h3>\n<p>Beyaz kristal toz<\/p>\n<div class=\"magic-5\">\n<div class=\"magic-6\">\n<div class=\"magic-7\">\n<div><span class=\"magic-4\" style=\"font-family: Verdana\"><b>\u00dcr\u00fcn Uygulamalar\u0131:<\/b><\/span><\/div>\n<div>\n<p>1. T\u0131bbi alanda: Magnezyum sitrat, kab\u0131zl\u0131\u011f\u0131 tedavi etmek ve mide-ba\u011f\u0131rsak rahats\u0131zl\u0131\u011f\u0131n\u0131 gidermek i\u00e7in m\u00fcshil olarak kullan\u0131l\u0131r;<br \/>\n2. G\u0131da end\u00fcstrisinde: Magnezyum sitrat, g\u0131da asitlendirici ve \u015felat olu\u015fturucu bir madde olup, s\u0131kl\u0131kla meyve asitli i\u00e7eceklerin, s\u00fct \u00fcr\u00fcnlerinin vb. \u00fcretiminde kullan\u0131l\u0131r;<br \/>\n3. \u0130la\u00e7 end\u00fcstrisinde: Magnezyum sitrat, magnezyum eksikli\u011fini tedavi etmek i\u00e7in magnezyum takviyesi olarak kullan\u0131l\u0131r;<br \/>\n4. Kozmetik sekt\u00f6r\u00fcnde: Kozmetiklerin pH de\u011ferini ayarlamak ve stabilitesini artt\u0131rmak amac\u0131yla kullan\u0131l\u0131r.<\/p>\n<\/div>\n<\/div>\n<\/div>\n<\/div>","protected":false},"excerpt":{"rendered":"<p>\u00dcr\u00fcn Ad\u0131:Magnezyum Sitrat<br \/>\nCAS Numaras\u0131:3344-18-1<br \/>\nMF:C12H10Mg3O14<br \/>\nG\u00f6r\u00fcn\u00fcm: Beyaz kristal toz<\/p>","protected":false},"featured_media":2161,"template":"","meta":{"_acf_changed":false,"_gspb_post_css":""},"product_brand":[],"product_cat":[55,103],"product_tag":[],"class_list":{"0":"post-6716","1":"product","2":"type-product","3":"status-publish","4":"has-post-thumbnail","6":"product_cat-food-additives","7":"product_cat-nutrition-enhancer","9":"first","10":"instock","11":"shipping-taxable","12":"product-type-simple"},"acf":[],"_links":{"self":[{"href":"https:\/\/wpachem.com\/tr\/wp-json\/wp\/v2\/product\/6716","targetHints":{"allow":["GET"]}}],"collection":[{"href":"https:\/\/wpachem.com\/tr\/wp-json\/wp\/v2\/product"}],"about":[{"href":"https:\/\/wpachem.com\/tr\/wp-json\/wp\/v2\/types\/product"}],"version-history":[{"count":0,"href":"https:\/\/wpachem.com\/tr\/wp-json\/wp\/v2\/product\/6716\/revisions"}],"wp:featuredmedia":[{"embeddable":true,"href":"https:\/\/wpachem.com\/tr\/wp-json\/wp\/v2\/media\/2161"}],"wp:attachment":[{"href":"https:\/\/wpachem.com\/tr\/wp-json\/wp\/v2\/media?parent=6716"}],"wp:term":[{"taxonomy":"product_brand","embeddable":true,"href":"https:\/\/wpachem.com\/tr\/wp-json\/wp\/v2\/product_brand?post=6716"},{"taxonomy":"product_cat","embeddable":true,"href":"https:\/\/wpachem.com\/tr\/wp-json\/wp\/v2\/product_cat?post=6716"},{"taxonomy":"product_tag","embeddable":true,"href":"https:\/\/wpachem.com\/tr\/wp-json\/wp\/v2\/product_tag?post=6716"}],"curies":[{"name":"wp","href":"https:\/\/api.w.org\/{rel}","templated":true}]}}