{"id":6718,"date":"2024-02-26T03:01:24","date_gmt":"2024-02-26T03:01:24","guid":{"rendered":"https:\/\/wpachem.com\/?post_type=product&#038;p=6718"},"modified":"2024-02-26T03:04:01","modified_gmt":"2024-02-26T03:04:01","slug":"magnesium-malate-cas-869-06-7","status":"publish","type":"product","link":"https:\/\/wpachem.com\/tr\/urun\/magnesium-malate-cas-869-06-7\/","title":{"rendered":"Magnezyum Malat CAS 869-06-7"},"content":{"rendered":"<h3 class=\"magic-2\" data-spm-anchor-id=\"a2700.details.0.i21.5c9d52f0Rx0oYu\">D\u0131\u015f g\u00f6r\u00fcn\u00fc\u015f:<\/h3>\n<p>Renksiz kristal veya beyaz kristal tozu<\/p>\n<div class=\"magic-5\">\n<div class=\"magic-6\">\n<div class=\"magic-7\">\n<div><span class=\"magic-4\" style=\"font-family: Verdana\"><b>\u00dcr\u00fcn Uygulamalar\u0131:<\/b><\/span><\/div>\n<div>\n<p>G\u0131da katk\u0131 maddesi: Magnezyum malat, g\u0131da end\u00fcstrisinde yayg\u0131n olarak mayalama maddesi ve ek\u015fi madde olarak kullan\u0131l\u0131r. Hamurun kolayl\u0131\u011f\u0131n\u0131, stabilitesini ve uzayabilirli\u011fini art\u0131r\u0131rken onu daha kabar\u0131k hale getirir.<br \/>\n\u0130la\u00e7 M\u00fcstahzarlar\u0131: Magnezyum malat ayr\u0131ca mide asidi n\u00f6trle\u015ftirici ve m\u00fcshil gibi baz\u0131 ila\u00e7larda da kullan\u0131l\u0131r.<\/p>\n<\/div>\n<\/div>\n<\/div>\n<\/div>","protected":false},"excerpt":{"rendered":"<p>\u00dcr\u00fcn Ad\u0131:Magnezyum Malat<br \/>\nCAS Numaras\u0131:869-06-7<br \/>\nMF:C4H8MgO5<br \/>\nG\u00f6r\u00fcn\u00fcm: Renksiz kristal veya beyaz kristal tozu<\/p>","protected":false},"featured_media":2161,"template":"","meta":{"_acf_changed":false,"_gspb_post_css":""},"product_brand":[],"product_cat":[55,103],"product_tag":[],"class_list":{"0":"post-6718","1":"product","2":"type-product","3":"status-publish","4":"has-post-thumbnail","6":"product_cat-food-additives","7":"product_cat-nutrition-enhancer","9":"first","10":"instock","11":"shipping-taxable","12":"product-type-simple"},"acf":[],"_links":{"self":[{"href":"https:\/\/wpachem.com\/tr\/wp-json\/wp\/v2\/product\/6718","targetHints":{"allow":["GET"]}}],"collection":[{"href":"https:\/\/wpachem.com\/tr\/wp-json\/wp\/v2\/product"}],"about":[{"href":"https:\/\/wpachem.com\/tr\/wp-json\/wp\/v2\/types\/product"}],"version-history":[{"count":0,"href":"https:\/\/wpachem.com\/tr\/wp-json\/wp\/v2\/product\/6718\/revisions"}],"wp:featuredmedia":[{"embeddable":true,"href":"https:\/\/wpachem.com\/tr\/wp-json\/wp\/v2\/media\/2161"}],"wp:attachment":[{"href":"https:\/\/wpachem.com\/tr\/wp-json\/wp\/v2\/media?parent=6718"}],"wp:term":[{"taxonomy":"product_brand","embeddable":true,"href":"https:\/\/wpachem.com\/tr\/wp-json\/wp\/v2\/product_brand?post=6718"},{"taxonomy":"product_cat","embeddable":true,"href":"https:\/\/wpachem.com\/tr\/wp-json\/wp\/v2\/product_cat?post=6718"},{"taxonomy":"product_tag","embeddable":true,"href":"https:\/\/wpachem.com\/tr\/wp-json\/wp\/v2\/product_tag?post=6718"}],"curies":[{"name":"wp","href":"https:\/\/api.w.org\/{rel}","templated":true}]}}