{"id":6720,"date":"2024-02-26T03:04:10","date_gmt":"2024-02-26T03:04:10","guid":{"rendered":"https:\/\/wpachem.com\/?post_type=product&#038;p=6720"},"modified":"2024-02-26T03:06:16","modified_gmt":"2024-02-26T03:06:16","slug":"magnesium-glycinate-cas-14783-68-7","status":"publish","type":"product","link":"https:\/\/wpachem.com\/tr\/urun\/magnesium-glycinate-cas-14783-68-7\/","title":{"rendered":"Magnezyum Glisinat CAS 14783-68-7"},"content":{"rendered":"<h3 class=\"magic-2\" data-spm-anchor-id=\"a2700.details.0.i21.5c9d52f0Rx0oYu\">D\u0131\u015f g\u00f6r\u00fcn\u00fc\u015f:<\/h3>\n<p>Beyaz veya beyaza benzer kristal toz<\/p>\n<div class=\"magic-5\">\n<div class=\"magic-6\">\n<div class=\"magic-7\">\n<div><span class=\"magic-4\" style=\"font-family: Verdana\"><b>\u00dcr\u00fcn Uygulamalar\u0131:<\/b><\/span><\/div>\n<div>\n<p>1. Besin takviyesi: Magnezyum glisinat, magnezyum eksikli\u011fini gidermek i\u00e7in besin takviyesi olarak kullan\u0131labilir.<br \/>\n2. \u0130la\u00e7lar: Magnezyum glisinat baz\u0131 ila\u00e7larda, \u00f6rne\u011fin baz\u0131 a\u011fr\u0131 kesicilerde katk\u0131 maddesi olarak da kullan\u0131l\u0131r.<br \/>\n3. Kozmetikler: Magnezyum glisinat baz\u0131 kozmetiklerde ve ki\u015fisel bak\u0131m \u00fcr\u00fcnlerinde de kullan\u0131l\u0131r.<\/p>\n<\/div>\n<\/div>\n<\/div>\n<\/div>","protected":false},"excerpt":{"rendered":"<p>\u00dcr\u00fcn Ad\u0131:Magnezyum Glisinat<br \/>\nCAS Numaras\u0131:14783-68-7<br \/>\nMF:C4H8MgN2O4<br \/>\nG\u00f6r\u00fcn\u00fcm: Beyaz veya beyaza benzer kristal toz<\/p>","protected":false},"featured_media":2161,"template":"","meta":{"_acf_changed":false,"_gspb_post_css":""},"product_brand":[],"product_cat":[55,103],"product_tag":[],"class_list":{"0":"post-6720","1":"product","2":"type-product","3":"status-publish","4":"has-post-thumbnail","6":"product_cat-food-additives","7":"product_cat-nutrition-enhancer","9":"first","10":"instock","11":"shipping-taxable","12":"product-type-simple"},"acf":[],"_links":{"self":[{"href":"https:\/\/wpachem.com\/tr\/wp-json\/wp\/v2\/product\/6720","targetHints":{"allow":["GET"]}}],"collection":[{"href":"https:\/\/wpachem.com\/tr\/wp-json\/wp\/v2\/product"}],"about":[{"href":"https:\/\/wpachem.com\/tr\/wp-json\/wp\/v2\/types\/product"}],"version-history":[{"count":0,"href":"https:\/\/wpachem.com\/tr\/wp-json\/wp\/v2\/product\/6720\/revisions"}],"wp:featuredmedia":[{"embeddable":true,"href":"https:\/\/wpachem.com\/tr\/wp-json\/wp\/v2\/media\/2161"}],"wp:attachment":[{"href":"https:\/\/wpachem.com\/tr\/wp-json\/wp\/v2\/media?parent=6720"}],"wp:term":[{"taxonomy":"product_brand","embeddable":true,"href":"https:\/\/wpachem.com\/tr\/wp-json\/wp\/v2\/product_brand?post=6720"},{"taxonomy":"product_cat","embeddable":true,"href":"https:\/\/wpachem.com\/tr\/wp-json\/wp\/v2\/product_cat?post=6720"},{"taxonomy":"product_tag","embeddable":true,"href":"https:\/\/wpachem.com\/tr\/wp-json\/wp\/v2\/product_tag?post=6720"}],"curies":[{"name":"wp","href":"https:\/\/api.w.org\/{rel}","templated":true}]}}