{"id":6725,"date":"2024-02-26T03:14:27","date_gmt":"2024-02-26T03:14:27","guid":{"rendered":"https:\/\/wpachem.com\/?post_type=product&#038;p=6725"},"modified":"2024-02-26T03:19:48","modified_gmt":"2024-02-26T03:19:48","slug":"copper-citrate-cas-10402-15-0","status":"publish","type":"product","link":"https:\/\/wpachem.com\/tr\/urun\/copper-citrate-cas-10402-15-0\/","title":{"rendered":"Bak\u0131r Sitrat CAS 10402-15-0"},"content":{"rendered":"<h3 class=\"magic-2\" data-spm-anchor-id=\"a2700.details.0.i21.5c9d52f0Rx0oYu\">D\u0131\u015f g\u00f6r\u00fcn\u00fc\u015f:<\/h3>\n<p>A\u00e7\u0131k ye\u015fil kristal kat\u0131<\/p>\n<div class=\"magic-5\">\n<div class=\"magic-6\">\n<div class=\"magic-7\">\n<div><span class=\"magic-4\" style=\"font-family: Verdana\"><b>\u00dcr\u00fcn Uygulamalar\u0131:<\/b><\/span><\/div>\n<div>\n<p>Besin takviyeleri<\/p>\n<\/div>\n<\/div>\n<\/div>\n<\/div>","protected":false},"excerpt":{"rendered":"<p>\u00dcr\u00fcn Ad\u0131: Bak\u0131r Sitrat<br \/>\nCAS Numaras\u0131: 10402-15-0<br \/>\nMF:C12H10Cu3O14<br \/>\nG\u00f6r\u00fcn\u00fcm: A\u00e7\u0131k ye\u015fil kristal kat\u0131<\/p>","protected":false},"featured_media":6723,"template":"","meta":{"_acf_changed":false,"_gspb_post_css":""},"product_brand":[],"product_cat":[55,103],"product_tag":[],"class_list":{"0":"post-6725","1":"product","2":"type-product","3":"status-publish","4":"has-post-thumbnail","6":"product_cat-food-additives","7":"product_cat-nutrition-enhancer","9":"first","10":"instock","11":"shipping-taxable","12":"product-type-simple"},"acf":[],"_links":{"self":[{"href":"https:\/\/wpachem.com\/tr\/wp-json\/wp\/v2\/product\/6725","targetHints":{"allow":["GET"]}}],"collection":[{"href":"https:\/\/wpachem.com\/tr\/wp-json\/wp\/v2\/product"}],"about":[{"href":"https:\/\/wpachem.com\/tr\/wp-json\/wp\/v2\/types\/product"}],"version-history":[{"count":0,"href":"https:\/\/wpachem.com\/tr\/wp-json\/wp\/v2\/product\/6725\/revisions"}],"wp:featuredmedia":[{"embeddable":true,"href":"https:\/\/wpachem.com\/tr\/wp-json\/wp\/v2\/media\/6723"}],"wp:attachment":[{"href":"https:\/\/wpachem.com\/tr\/wp-json\/wp\/v2\/media?parent=6725"}],"wp:term":[{"taxonomy":"product_brand","embeddable":true,"href":"https:\/\/wpachem.com\/tr\/wp-json\/wp\/v2\/product_brand?post=6725"},{"taxonomy":"product_cat","embeddable":true,"href":"https:\/\/wpachem.com\/tr\/wp-json\/wp\/v2\/product_cat?post=6725"},{"taxonomy":"product_tag","embeddable":true,"href":"https:\/\/wpachem.com\/tr\/wp-json\/wp\/v2\/product_tag?post=6725"}],"curies":[{"name":"wp","href":"https:\/\/api.w.org\/{rel}","templated":true}]}}