{"id":6727,"date":"2024-02-26T03:25:37","date_gmt":"2024-02-26T03:25:37","guid":{"rendered":"https:\/\/wpachem.com\/?post_type=product&#038;p=6727"},"modified":"2024-02-26T03:29:53","modified_gmt":"2024-02-26T03:29:53","slug":"manganese-gluconate-cas-6485-39-8","status":"publish","type":"product","link":"https:\/\/wpachem.com\/tr\/urun\/manganese-gluconate-cas-6485-39-8\/","title":{"rendered":"Manganez Glukonat CAS 6485-39-8"},"content":{"rendered":"<h3 class=\"magic-2\" data-spm-anchor-id=\"a2700.details.0.i21.5c9d52f0Rx0oYu\">D\u0131\u015f g\u00f6r\u00fcn\u00fc\u015f:<\/h3>\n<p>Kahverengi k\u0131rm\u0131z\u0131 kristal tozu<\/p>\n<div class=\"magic-5\">\n<div class=\"magic-6\">\n<div class=\"magic-7\">\n<div><span class=\"magic-4\" style=\"font-family: Verdana\"><b>\u00dcr\u00fcn Uygulamalar\u0131:<\/b><\/span><\/div>\n<div>\n<p>Manganez glukonat t\u0131pta, kozmetikte, g\u0131da katk\u0131 maddelerinde ve di\u011fer alanlarda yayg\u0131n olarak kullan\u0131lmaktad\u0131r.<\/p>\n<p>Manganez takviyesi g\u00f6revi g\u00f6r\u00fcr ve manganez eksikli\u011finin tedavisinde kullan\u0131labilir.<\/p>\n<p>Ayr\u0131ca antioksidan ve antiinflamatuar etkileri olup baz\u0131 hastal\u0131klar\u0131n \u00f6nlenmesinde ve iyile\u015ftirilmesinde etkilidir.<\/p>\n<p>Kozmetikte manganez glukonat, cilt metabolizmas\u0131n\u0131 desteklemek ve cildi serbest radikallerin zararlar\u0131ndan korumak i\u00e7in bir bile\u015fen olarak kullan\u0131labilir.<\/p>\n<p>G\u0131da katk\u0131 maddelerinde antioksidan, koruyucu ve renklendiricilerin yerine kullan\u0131labilir.<\/p>\n<\/div>\n<\/div>\n<\/div>\n<\/div>","protected":false},"excerpt":{"rendered":"<p>\u00dcr\u00fcn Ad\u0131:Manganez Glukonat<br \/>\nCAS Numaras\u0131: 6485-39-8<br \/>\nMF:C12H20MnO14<br \/>\nG\u00f6r\u00fcn\u00fcm:Kahverengi k\u0131rm\u0131z\u0131 kristal toz<\/p>","protected":false},"featured_media":6729,"template":"","meta":{"_acf_changed":false,"_gspb_post_css":""},"product_brand":[],"product_cat":[55,103],"product_tag":[],"class_list":{"0":"post-6727","1":"product","2":"type-product","3":"status-publish","4":"has-post-thumbnail","6":"product_cat-food-additives","7":"product_cat-nutrition-enhancer","9":"first","10":"instock","11":"shipping-taxable","12":"product-type-simple"},"acf":[],"_links":{"self":[{"href":"https:\/\/wpachem.com\/tr\/wp-json\/wp\/v2\/product\/6727","targetHints":{"allow":["GET"]}}],"collection":[{"href":"https:\/\/wpachem.com\/tr\/wp-json\/wp\/v2\/product"}],"about":[{"href":"https:\/\/wpachem.com\/tr\/wp-json\/wp\/v2\/types\/product"}],"version-history":[{"count":0,"href":"https:\/\/wpachem.com\/tr\/wp-json\/wp\/v2\/product\/6727\/revisions"}],"wp:featuredmedia":[{"embeddable":true,"href":"https:\/\/wpachem.com\/tr\/wp-json\/wp\/v2\/media\/6729"}],"wp:attachment":[{"href":"https:\/\/wpachem.com\/tr\/wp-json\/wp\/v2\/media?parent=6727"}],"wp:term":[{"taxonomy":"product_brand","embeddable":true,"href":"https:\/\/wpachem.com\/tr\/wp-json\/wp\/v2\/product_brand?post=6727"},{"taxonomy":"product_cat","embeddable":true,"href":"https:\/\/wpachem.com\/tr\/wp-json\/wp\/v2\/product_cat?post=6727"},{"taxonomy":"product_tag","embeddable":true,"href":"https:\/\/wpachem.com\/tr\/wp-json\/wp\/v2\/product_tag?post=6727"}],"curies":[{"name":"wp","href":"https:\/\/api.w.org\/{rel}","templated":true}]}}