{"id":6730,"date":"2024-02-26T03:30:17","date_gmt":"2024-02-26T03:30:17","guid":{"rendered":"https:\/\/wpachem.com\/?post_type=product&#038;p=6730"},"modified":"2024-02-26T03:31:50","modified_gmt":"2024-02-26T03:31:50","slug":"potassium-gluconate-cas-299-27-4","status":"publish","type":"product","link":"https:\/\/wpachem.com\/tr\/urun\/potassium-gluconate-cas-299-27-4\/","title":{"rendered":"Potasyum Glukonat CAS 299-27-4"},"content":{"rendered":"<h3 class=\"magic-2\" data-spm-anchor-id=\"a2700.details.0.i21.5c9d52f0Rx0oYu\">D\u0131\u015f g\u00f6r\u00fcn\u00fc\u015f:<\/h3>\n<p>Renksiz kristal veya beyaz gran\u00fcler kat\u0131<\/p>\n<div class=\"magic-5\">\n<div class=\"magic-6\">\n<div class=\"magic-7\">\n<div><span class=\"magic-4\" style=\"font-family: Verdana\"><b>\u00dcr\u00fcn Uygulamalar\u0131:<\/b><\/span><\/div>\n<div>\n<p>1. Potasyum glukonat g\u0131da end\u00fcstrisinde g\u0131da asitlendirici ve koruyucu olarak yayg\u0131n olarak kullan\u0131lmaktad\u0131r.<br \/>\n2. Yiyecek ve i\u00e7eceklerin asitli\u011fini ayarlayabilir ve yiyeceklerin tad\u0131n\u0131 art\u0131rabilir.<br \/>\n3. Potasyum glukonat ayn\u0131 zamanda mikrobiyal b\u00fcy\u00fcmeyi ve g\u0131da bozulmas\u0131n\u0131 \u00f6nlemek amac\u0131yla g\u0131da koruyucu olarak da kullan\u0131l\u0131r.<br \/>\n4. Ayr\u0131ca potasyum glukonat, farmas\u00f6tik ve kozmetik \u00fcr\u00fcnlerinde tatland\u0131r\u0131c\u0131 ve tamponlay\u0131c\u0131 madde olarak da kullan\u0131l\u0131r.<\/p>\n<\/div>\n<\/div>\n<\/div>\n<\/div>","protected":false},"excerpt":{"rendered":"<p>\u00dcr\u00fcn Ad\u0131:Potasyum Glukonat<br \/>\nCAS Numaras\u0131: 299-27-4<br \/>\nMF:C6H11KO7<br \/>\nG\u00f6r\u00fcn\u00fcm: Renksiz kristal veya beyaz gran\u00fcler kat\u0131<\/p>","protected":false},"featured_media":2161,"template":"","meta":{"_acf_changed":false,"_gspb_post_css":""},"product_brand":[],"product_cat":[55,103],"product_tag":[],"class_list":{"0":"post-6730","1":"product","2":"type-product","3":"status-publish","4":"has-post-thumbnail","6":"product_cat-food-additives","7":"product_cat-nutrition-enhancer","9":"first","10":"instock","11":"shipping-taxable","12":"product-type-simple"},"acf":[],"_links":{"self":[{"href":"https:\/\/wpachem.com\/tr\/wp-json\/wp\/v2\/product\/6730","targetHints":{"allow":["GET"]}}],"collection":[{"href":"https:\/\/wpachem.com\/tr\/wp-json\/wp\/v2\/product"}],"about":[{"href":"https:\/\/wpachem.com\/tr\/wp-json\/wp\/v2\/types\/product"}],"version-history":[{"count":0,"href":"https:\/\/wpachem.com\/tr\/wp-json\/wp\/v2\/product\/6730\/revisions"}],"wp:featuredmedia":[{"embeddable":true,"href":"https:\/\/wpachem.com\/tr\/wp-json\/wp\/v2\/media\/2161"}],"wp:attachment":[{"href":"https:\/\/wpachem.com\/tr\/wp-json\/wp\/v2\/media?parent=6730"}],"wp:term":[{"taxonomy":"product_brand","embeddable":true,"href":"https:\/\/wpachem.com\/tr\/wp-json\/wp\/v2\/product_brand?post=6730"},{"taxonomy":"product_cat","embeddable":true,"href":"https:\/\/wpachem.com\/tr\/wp-json\/wp\/v2\/product_cat?post=6730"},{"taxonomy":"product_tag","embeddable":true,"href":"https:\/\/wpachem.com\/tr\/wp-json\/wp\/v2\/product_tag?post=6730"}],"curies":[{"name":"wp","href":"https:\/\/api.w.org\/{rel}","templated":true}]}}