{"id":6732,"date":"2024-02-26T03:32:12","date_gmt":"2024-02-26T03:32:12","guid":{"rendered":"https:\/\/wpachem.com\/?post_type=product&#038;p=6732"},"modified":"2024-02-26T03:34:29","modified_gmt":"2024-02-26T03:34:29","slug":"potassium-malate-cas-585-09-1","status":"publish","type":"product","link":"https:\/\/wpachem.com\/tr\/urun\/potassium-malate-cas-585-09-1\/","title":{"rendered":"Potasyum Malat CAS 585-09-1"},"content":{"rendered":"<h3 class=\"magic-2\" data-spm-anchor-id=\"a2700.details.0.i21.5c9d52f0Rx0oYu\">D\u0131\u015f g\u00f6r\u00fcn\u00fc\u015f:<\/h3>\n<p>Beyaz kristal toz<\/p>\n<div class=\"magic-5\">\n<div class=\"magic-6\">\n<div class=\"magic-7\">\n<div><span class=\"magic-4\" style=\"font-family: Verdana\"><b>\u00dcr\u00fcn Uygulamalar\u0131:<\/b><\/span><\/div>\n<div>\n<p>G\u0131da katk\u0131 maddesi: Dipotasyum malat, g\u0131da ek\u015fimesi maddesi, asitlik d\u00fczenleyici ve g\u0131da koyula\u015ft\u0131r\u0131c\u0131 olarak kullan\u0131labilir ve genellikle meyve sular\u0131nda, soslarda, i\u00e7eceklerde ve di\u011fer \u00fcr\u00fcnlerde kullan\u0131l\u0131r.<br \/>\nKozmetikler: Dipotasyum malat, cilt bak\u0131m \u00fcr\u00fcnleri ve kozmetiklerde asitlik d\u00fczenleyici ve dengeleyici olarak kullan\u0131labilir ve \u00fcr\u00fcn\u00fcn \u00f6zelliklerini ve stabilitesini korumaya yard\u0131mc\u0131 olur.<\/p>\n<\/div>\n<\/div>\n<\/div>\n<\/div>","protected":false},"excerpt":{"rendered":"<p>\u00dcr\u00fcn Ad\u0131:Potasyum Malat<br \/>\nCAS No:585-09-1<br \/>\nMF:C4H7KO5<br \/>\nG\u00f6r\u00fcn\u00fcm: Beyaz kristal toz<\/p>","protected":false},"featured_media":2161,"template":"","meta":{"_acf_changed":false,"_gspb_post_css":""},"product_brand":[],"product_cat":[55,103],"product_tag":[],"class_list":{"0":"post-6732","1":"product","2":"type-product","3":"status-publish","4":"has-post-thumbnail","6":"product_cat-food-additives","7":"product_cat-nutrition-enhancer","9":"first","10":"instock","11":"shipping-taxable","12":"product-type-simple"},"acf":[],"_links":{"self":[{"href":"https:\/\/wpachem.com\/tr\/wp-json\/wp\/v2\/product\/6732","targetHints":{"allow":["GET"]}}],"collection":[{"href":"https:\/\/wpachem.com\/tr\/wp-json\/wp\/v2\/product"}],"about":[{"href":"https:\/\/wpachem.com\/tr\/wp-json\/wp\/v2\/types\/product"}],"version-history":[{"count":0,"href":"https:\/\/wpachem.com\/tr\/wp-json\/wp\/v2\/product\/6732\/revisions"}],"wp:featuredmedia":[{"embeddable":true,"href":"https:\/\/wpachem.com\/tr\/wp-json\/wp\/v2\/media\/2161"}],"wp:attachment":[{"href":"https:\/\/wpachem.com\/tr\/wp-json\/wp\/v2\/media?parent=6732"}],"wp:term":[{"taxonomy":"product_brand","embeddable":true,"href":"https:\/\/wpachem.com\/tr\/wp-json\/wp\/v2\/product_brand?post=6732"},{"taxonomy":"product_cat","embeddable":true,"href":"https:\/\/wpachem.com\/tr\/wp-json\/wp\/v2\/product_cat?post=6732"},{"taxonomy":"product_tag","embeddable":true,"href":"https:\/\/wpachem.com\/tr\/wp-json\/wp\/v2\/product_tag?post=6732"}],"curies":[{"name":"wp","href":"https:\/\/api.w.org\/{rel}","templated":true}]}}