{"id":6734,"date":"2024-02-26T03:34:37","date_gmt":"2024-02-26T03:34:37","guid":{"rendered":"https:\/\/wpachem.com\/?post_type=product&#038;p=6734"},"modified":"2024-02-26T03:36:09","modified_gmt":"2024-02-26T03:36:09","slug":"potassium-chloride-cas-7447-40-7","status":"publish","type":"product","link":"https:\/\/wpachem.com\/tr\/urun\/potassium-chloride-cas-7447-40-7\/","title":{"rendered":"Potasyum Klor\u00fcr CAS 7447-40-7"},"content":{"rendered":"<h3 class=\"magic-2\" data-spm-anchor-id=\"a2700.details.0.i21.5c9d52f0Rx0oYu\">D\u0131\u015f g\u00f6r\u00fcn\u00fc\u015f:<\/h3>\n<p>Beyaz kristal toz<\/p>\n<div class=\"magic-5\">\n<div class=\"magic-6\">\n<div class=\"magic-7\">\n<div><span class=\"magic-4\" style=\"font-family: Verdana\"><b>\u00dcr\u00fcn Uygulamalar\u0131:<\/b><\/span><\/div>\n<div>\n<p>Potasyum klor\u00fcr, bitkilerin ihtiya\u00e7 duydu\u011fu potasyumu sa\u011flamak amac\u0131yla tar\u0131mda g\u00fcbre olarak yayg\u0131n bir \u015fekilde kullan\u0131l\u0131r.<br \/>\nG\u0131da i\u015flemede, sodyum al\u0131m\u0131n\u0131 azaltmak i\u00e7in sofra tuzu yerine tatland\u0131r\u0131c\u0131 olarak potasyum klor\u00fcr kullan\u0131labilir.<br \/>\nPotasyum klor\u00fcr, eczac\u0131l\u0131k alan\u0131nda intraven\u00f6z damlalar\u0131n ve elektrolit rehidratasyon sol\u00fcsyonlar\u0131n\u0131n haz\u0131rlanmas\u0131nda kullan\u0131l\u0131r.<br \/>\nPotasyum klor\u00fcr ayr\u0131ca bak\u0131r klor\u00fcr, kalay klor\u00fcr vb. gibi di\u011fer bile\u015fiklerin haz\u0131rlanmas\u0131nda da kullan\u0131l\u0131r.<\/p>\n<\/div>\n<\/div>\n<\/div>\n<\/div>","protected":false},"excerpt":{"rendered":"<p>\u00dcr\u00fcn Ad\u0131:Potasyum Klor\u00fcr<br \/>\nCAS Numaras\u0131:7447-40-7<br \/>\nMF:Cik<br \/>\nG\u00f6r\u00fcn\u00fcm: Beyaz kristal toz<\/p>","protected":false},"featured_media":2161,"template":"","meta":{"_acf_changed":false,"_gspb_post_css":""},"product_brand":[],"product_cat":[55,103],"product_tag":[],"class_list":{"0":"post-6734","1":"product","2":"type-product","3":"status-publish","4":"has-post-thumbnail","6":"product_cat-food-additives","7":"product_cat-nutrition-enhancer","9":"first","10":"instock","11":"shipping-taxable","12":"product-type-simple"},"acf":[],"_links":{"self":[{"href":"https:\/\/wpachem.com\/tr\/wp-json\/wp\/v2\/product\/6734","targetHints":{"allow":["GET"]}}],"collection":[{"href":"https:\/\/wpachem.com\/tr\/wp-json\/wp\/v2\/product"}],"about":[{"href":"https:\/\/wpachem.com\/tr\/wp-json\/wp\/v2\/types\/product"}],"version-history":[{"count":0,"href":"https:\/\/wpachem.com\/tr\/wp-json\/wp\/v2\/product\/6734\/revisions"}],"wp:featuredmedia":[{"embeddable":true,"href":"https:\/\/wpachem.com\/tr\/wp-json\/wp\/v2\/media\/2161"}],"wp:attachment":[{"href":"https:\/\/wpachem.com\/tr\/wp-json\/wp\/v2\/media?parent=6734"}],"wp:term":[{"taxonomy":"product_brand","embeddable":true,"href":"https:\/\/wpachem.com\/tr\/wp-json\/wp\/v2\/product_brand?post=6734"},{"taxonomy":"product_cat","embeddable":true,"href":"https:\/\/wpachem.com\/tr\/wp-json\/wp\/v2\/product_cat?post=6734"},{"taxonomy":"product_tag","embeddable":true,"href":"https:\/\/wpachem.com\/tr\/wp-json\/wp\/v2\/product_tag?post=6734"}],"curies":[{"name":"wp","href":"https:\/\/api.w.org\/{rel}","templated":true}]}}