{"id":6736,"date":"2024-02-26T03:36:28","date_gmt":"2024-02-26T03:36:28","guid":{"rendered":"https:\/\/wpachem.com\/?post_type=product&#038;p=6736"},"modified":"2024-02-26T03:38:12","modified_gmt":"2024-02-26T03:38:12","slug":"sodium-malate-cas-676-46-0","status":"publish","type":"product","link":"https:\/\/wpachem.com\/tr\/urun\/sodium-malate-cas-676-46-0\/","title":{"rendered":"Sodyum Malat CAS 676-46-0"},"content":{"rendered":"<h3 class=\"magic-2\" data-spm-anchor-id=\"a2700.details.0.i21.5c9d52f0Rx0oYu\">D\u0131\u015f g\u00f6r\u00fcn\u00fc\u015f:<\/h3>\n<p>Renksiz kristal veya beyaz gran\u00fcler kat\u0131 madde<\/p>\n<div class=\"magic-5\">\n<div class=\"magic-6\">\n<div class=\"magic-7\">\n<div><span class=\"magic-4\" style=\"font-family: Verdana\"><b>\u00dcr\u00fcn Uygulamalar\u0131:<\/b><\/span><\/div>\n<div>\n<p>Sodyum malat, g\u0131da end\u00fcstrisinde yayg\u0131n olarak g\u0131da katk\u0131 maddesi olarak kullan\u0131l\u0131r. Ek\u015fitme maddesi, tamponlama maddesi ve \u015felatlama maddesi olarak kullan\u0131labilir. G\u0131dan\u0131n dokusunu ve tad\u0131n\u0131 iyile\u015ftirebilir, g\u0131dan\u0131n raf \u00f6mr\u00fcn\u00fc uzatabilir ve g\u0131dan\u0131n pH de\u011ferini sabitleyebilir.<\/p>\n<\/div>\n<\/div>\n<\/div>\n<\/div>","protected":false},"excerpt":{"rendered":"<p>\u00dcr\u00fcn Ad\u0131:Sodyum Malat<br \/>\nCAS Numaras\u0131: 676-46-0<br \/>\nMF:C4H4Na2O5<br \/>\nG\u00f6r\u00fcn\u00fcm: Renksiz kristal veya beyaz gran\u00fcler kat\u0131 madde<\/p>","protected":false},"featured_media":2161,"template":"","meta":{"_acf_changed":false,"_gspb_post_css":""},"product_brand":[],"product_cat":[55,103],"product_tag":[],"class_list":{"0":"post-6736","1":"product","2":"type-product","3":"status-publish","4":"has-post-thumbnail","6":"product_cat-food-additives","7":"product_cat-nutrition-enhancer","9":"first","10":"instock","11":"shipping-taxable","12":"product-type-simple"},"acf":[],"_links":{"self":[{"href":"https:\/\/wpachem.com\/tr\/wp-json\/wp\/v2\/product\/6736","targetHints":{"allow":["GET"]}}],"collection":[{"href":"https:\/\/wpachem.com\/tr\/wp-json\/wp\/v2\/product"}],"about":[{"href":"https:\/\/wpachem.com\/tr\/wp-json\/wp\/v2\/types\/product"}],"version-history":[{"count":0,"href":"https:\/\/wpachem.com\/tr\/wp-json\/wp\/v2\/product\/6736\/revisions"}],"wp:featuredmedia":[{"embeddable":true,"href":"https:\/\/wpachem.com\/tr\/wp-json\/wp\/v2\/media\/2161"}],"wp:attachment":[{"href":"https:\/\/wpachem.com\/tr\/wp-json\/wp\/v2\/media?parent=6736"}],"wp:term":[{"taxonomy":"product_brand","embeddable":true,"href":"https:\/\/wpachem.com\/tr\/wp-json\/wp\/v2\/product_brand?post=6736"},{"taxonomy":"product_cat","embeddable":true,"href":"https:\/\/wpachem.com\/tr\/wp-json\/wp\/v2\/product_cat?post=6736"},{"taxonomy":"product_tag","embeddable":true,"href":"https:\/\/wpachem.com\/tr\/wp-json\/wp\/v2\/product_tag?post=6736"}],"curies":[{"name":"wp","href":"https:\/\/api.w.org\/{rel}","templated":true}]}}