{"id":6738,"date":"2024-02-26T03:39:22","date_gmt":"2024-02-26T03:39:22","guid":{"rendered":"https:\/\/wpachem.com\/?post_type=product&#038;p=6738"},"modified":"2024-02-26T03:40:28","modified_gmt":"2024-02-26T03:40:28","slug":"monosodium-fumarate-cas-7704-73-6","status":"publish","type":"product","link":"https:\/\/wpachem.com\/tr\/urun\/monosodium-fumarate-cas-7704-73-6\/","title":{"rendered":"Monosodyum Fumarat CAS 7704-73-6"},"content":{"rendered":"<h3 class=\"magic-2\" data-spm-anchor-id=\"a2700.details.0.i21.5c9d52f0Rx0oYu\">D\u0131\u015f g\u00f6r\u00fcn\u00fc\u015f:<\/h3>\n<p>Beyaz kristal toz<\/p>\n<div class=\"magic-5\">\n<div class=\"magic-6\">\n<div class=\"magic-7\">\n<div><span class=\"magic-4\" style=\"font-family: Verdana\"><b>\u00dcr\u00fcn Uygulamalar\u0131:<\/b><\/span><\/div>\n<div>\n<p>Monosodyum fumarat ek\u015fi bir madde, tamponlama maddesi, tatland\u0131r\u0131c\u0131 madde ve antioksidan katk\u0131 maddesi olarak kullan\u0131l\u0131r. \u015earap, serinletici i\u00e7ecekler, \u015fekerleme \u00fcr\u00fcnleri, toz meyve suyu, konserve meyveler, so\u011fuk i\u00e7ecekler, re\u00e7eller, j\u00f6leler vb. haz\u0131rlamak i\u00e7in kullan\u0131l\u0131r. Ekmek, kurabiyeler vb. haz\u0131rlamak i\u00e7in bile\u015fik mayalama maddesi. Genellikle DL-malik asit, sitrik asit ve di\u011fer organik asitlerle birle\u015ftirilir.<\/p>\n<\/div>\n<\/div>\n<\/div>\n<\/div>","protected":false},"excerpt":{"rendered":"<p>\u00dcr\u00fcn Ad\u0131:Monosodyum Fumarat<br \/>\nCAS Numaras\u0131:7704-73-6<br \/>\nMF:C4H3NaO4<br \/>\nG\u00f6r\u00fcn\u00fcm: Beyaz kristal toz<\/p>","protected":false},"featured_media":2161,"template":"","meta":{"_acf_changed":false,"_gspb_post_css":""},"product_brand":[],"product_cat":[55,103],"product_tag":[],"class_list":{"0":"post-6738","1":"product","2":"type-product","3":"status-publish","4":"has-post-thumbnail","6":"product_cat-food-additives","7":"product_cat-nutrition-enhancer","9":"first","10":"instock","11":"shipping-taxable","12":"product-type-simple"},"acf":[],"_links":{"self":[{"href":"https:\/\/wpachem.com\/tr\/wp-json\/wp\/v2\/product\/6738","targetHints":{"allow":["GET"]}}],"collection":[{"href":"https:\/\/wpachem.com\/tr\/wp-json\/wp\/v2\/product"}],"about":[{"href":"https:\/\/wpachem.com\/tr\/wp-json\/wp\/v2\/types\/product"}],"version-history":[{"count":0,"href":"https:\/\/wpachem.com\/tr\/wp-json\/wp\/v2\/product\/6738\/revisions"}],"wp:featuredmedia":[{"embeddable":true,"href":"https:\/\/wpachem.com\/tr\/wp-json\/wp\/v2\/media\/2161"}],"wp:attachment":[{"href":"https:\/\/wpachem.com\/tr\/wp-json\/wp\/v2\/media?parent=6738"}],"wp:term":[{"taxonomy":"product_brand","embeddable":true,"href":"https:\/\/wpachem.com\/tr\/wp-json\/wp\/v2\/product_brand?post=6738"},{"taxonomy":"product_cat","embeddable":true,"href":"https:\/\/wpachem.com\/tr\/wp-json\/wp\/v2\/product_cat?post=6738"},{"taxonomy":"product_tag","embeddable":true,"href":"https:\/\/wpachem.com\/tr\/wp-json\/wp\/v2\/product_tag?post=6738"}],"curies":[{"name":"wp","href":"https:\/\/api.w.org\/{rel}","templated":true}]}}