{"id":6742,"date":"2024-02-26T03:45:21","date_gmt":"2024-02-26T03:45:21","guid":{"rendered":"https:\/\/wpachem.com\/?post_type=product&#038;p=6742"},"modified":"2024-02-26T03:47:00","modified_gmt":"2024-02-26T03:47:00","slug":"tspptetrasodium-pyrophosphate-cas-7722-88-5","status":"publish","type":"product","link":"https:\/\/wpachem.com\/tr\/urun\/tspptetrasodium-pyrophosphate-cas-7722-88-5\/","title":{"rendered":"TSPP(Tetrasodyum pirofosfat) CAS 7722-88-5"},"content":{"rendered":"<h3 class=\"magic-2\" data-spm-anchor-id=\"a2700.details.0.i21.5c9d52f0Rx0oYu\">D\u0131\u015f g\u00f6r\u00fcn\u00fc\u015f:<\/h3>\n<p>Beyaz kristal toz<\/p>\n<div class=\"magic-5\">\n<div class=\"magic-6\">\n<div class=\"magic-7\">\n<div><span class=\"magic-4\" style=\"font-family: Verdana\"><b>\u00dcr\u00fcn Uygulamalar\u0131:<\/b><\/span><\/div>\n<div>\n<p>End\u00fcstride geni\u015f bir uygulama alan\u0131na sahiptir. Korozyon \u00f6nleyici, pas \u00f6nleyici ve eritme maddesi olarak kullan\u0131labilir;<br \/>\nG\u0131da sanayinde em\u00fclgat\u00f6rlerin, kabart\u0131c\u0131lar\u0131n ve koyula\u015ft\u0131r\u0131c\u0131lar\u0131n \u00f6nemli bir bile\u015fenidir;<br \/>\nSu ar\u0131tma, deterjan, metal temizli\u011fi gibi alanlarda da kullan\u0131labilir.<\/p>\n<\/div>\n<\/div>\n<\/div>\n<\/div>","protected":false},"excerpt":{"rendered":"<p>\u00dcr\u00fcn Ad\u0131:TSPP(Tetrasodyum pirofosfat)<br \/>\nCAS Numaras\u0131:7722-88-5<br \/>\nMF:Na4O7P2<br \/>\nG\u00f6r\u00fcn\u00fcm: Beyaz kristal toz<\/p>","protected":false},"featured_media":2161,"template":"","meta":{"_acf_changed":false,"_gspb_post_css":""},"product_brand":[],"product_cat":[55,121],"product_tag":[],"class_list":{"0":"post-6742","1":"product","2":"type-product","3":"status-publish","4":"has-post-thumbnail","6":"product_cat-food-additives","7":"product_cat-phosphates","9":"first","10":"instock","11":"shipping-taxable","12":"product-type-simple"},"acf":[],"_links":{"self":[{"href":"https:\/\/wpachem.com\/tr\/wp-json\/wp\/v2\/product\/6742","targetHints":{"allow":["GET"]}}],"collection":[{"href":"https:\/\/wpachem.com\/tr\/wp-json\/wp\/v2\/product"}],"about":[{"href":"https:\/\/wpachem.com\/tr\/wp-json\/wp\/v2\/types\/product"}],"version-history":[{"count":0,"href":"https:\/\/wpachem.com\/tr\/wp-json\/wp\/v2\/product\/6742\/revisions"}],"wp:featuredmedia":[{"embeddable":true,"href":"https:\/\/wpachem.com\/tr\/wp-json\/wp\/v2\/media\/2161"}],"wp:attachment":[{"href":"https:\/\/wpachem.com\/tr\/wp-json\/wp\/v2\/media?parent=6742"}],"wp:term":[{"taxonomy":"product_brand","embeddable":true,"href":"https:\/\/wpachem.com\/tr\/wp-json\/wp\/v2\/product_brand?post=6742"},{"taxonomy":"product_cat","embeddable":true,"href":"https:\/\/wpachem.com\/tr\/wp-json\/wp\/v2\/product_cat?post=6742"},{"taxonomy":"product_tag","embeddable":true,"href":"https:\/\/wpachem.com\/tr\/wp-json\/wp\/v2\/product_tag?post=6742"}],"curies":[{"name":"wp","href":"https:\/\/api.w.org\/{rel}","templated":true}]}}