{"id":6817,"date":"2024-02-27T09:51:06","date_gmt":"2024-02-27T09:51:06","guid":{"rendered":"https:\/\/wpachem.com\/?post_type=product&#038;p=6817"},"modified":"2024-02-27T09:51:07","modified_gmt":"2024-02-27T09:51:07","slug":"cyclohexylthiophthalimide-ot-20-cas-9035-99-8-2","status":"publish","type":"product","link":"https:\/\/wpachem.com\/tr\/urun\/cyclohexylthiophthalimide-ot-20-cas-9035-99-8-2\/","title":{"rendered":"Siklohekziltioftalimid OT 20 CAS 9035-99-8"},"content":{"rendered":"<article class=\"4ever-article\" data-clipboard-cangjie=\"[&quot;root&quot;,{},[&quot;p&quot;,{&quot;jc&quot;:&quot;left&quot;,&quot;ind&quot;:{&quot;left&quot;:0},&quot;spacing&quot;:{&quot;before&quot;:6.66667,&quot;after&quot;:6.66667,&quot;line&quot;:1},&quot;uuid&quot;:&quot;lswtfsvs3vee7i5x5ul&quot;},[&quot;span&quot;,{&quot;data-type&quot;:&quot;text&quot;},[&quot;span&quot;,{&quot;bold&quot;:true,&quot;sz&quot;:14,&quot;szUnit&quot;:&quot;pt&quot;,&quot;data-type&quot;:&quot;leaf&quot;},&quot;Characteristic&quot;]]],[&quot;p&quot;,{&quot;uuid&quot;:&quot;lt44eay2gpuw2dwby6e&quot;},[&quot;span&quot;,{&quot;data-type&quot;:&quot;text&quot;},[&quot;span&quot;,{&quot;data-type&quot;:&quot;leaf&quot;},&quot;Insoluble sulfur is a non-toxic, combustible yellow powder named for its insolubility in carbon disulfide. It is prepared by the hot polymerization of ordinary sulfur, the atomic number of sulfur Chemicalbook on the molecular chain is more than 108, and the viscoelastic and molecular weight distribution of polymers, so it is also called elastic sulfur or polymerized sulfur, which belongs to inorganic polymer chemical raw materials.&quot;]]],[&quot;p&quot;,{&quot;jc&quot;:&quot;left&quot;,&quot;ind&quot;:{&quot;left&quot;:0},&quot;spacing&quot;:{&quot;before&quot;:6.66667,&quot;after&quot;:6.66667,&quot;line&quot;:1},&quot;uuid&quot;:&quot;lswtg02ah8hjo3elwjc&quot;},[&quot;span&quot;,{&quot;data-type&quot;:&quot;text&quot;},[&quot;span&quot;,{&quot;bold&quot;:true,&quot;color&quot;:&quot;rgb(0, 0, 0)&quot;,&quot;sz&quot;:14,&quot;szUnit&quot;:&quot;pt&quot;,&quot;data-type&quot;:&quot;leaf&quot;},&quot;Application:&quot;]]],[&quot;p&quot;,{&quot;jc&quot;:&quot;left&quot;,&quot;ind&quot;:{&quot;left&quot;:0},&quot;spacing&quot;:{&quot;before&quot;:6.66667,&quot;after&quot;:6.66667,&quot;line&quot;:1},&quot;uuid&quot;:&quot;lt454ozhg74t5dsvw1i&quot;},[&quot;span&quot;,{&quot;data-type&quot;:&quot;text&quot;},[&quot;span&quot;,{&quot;data-type&quot;:&quot;leaf&quot;},&quot;1. The most important application is in the rubber industry as an accelerator and crosslinking agent;&quot;]]],[&quot;p&quot;,{&quot;uuid&quot;:&quot;lt46e0ryjdw5rau6q9c&quot;},[&quot;span&quot;,{&quot;data-type&quot;:&quot;text&quot;},[&quot;span&quot;,{&quot;data-type&quot;:&quot;leaf&quot;},&quot;2. In the tire industry, a large number of accelerators and crosslinkers are needed, which are indispensable and important auxiliaries. IS IS a combination of practicality and appearance requirements, widely used in some rubber and structural adhesion products, such as white tire side glue, tire turning, buffer rubber, rubber hose, body rubber, tape, in the \\&quot;no spray\\&quot; at the same time, to ensure the appearance of rubber semi-finished products.&quot;]]],[&quot;p&quot;,{&quot;uuid&quot;:&quot;lt46e0rzwyu176egv4&quot;},[&quot;span&quot;,{&quot;data-type&quot;:&quot;text&quot;},[&quot;span&quot;,{&quot;data-type&quot;:&quot;leaf&quot;},&quot;3. The application market of IS products IS very wide, cable shell, waterproof hose, oil sealing material, raw tape, automotive inner tube, insulation protective products, automotive interior parts and other rubber products are found in IS.&quot;]]],[&quot;p&quot;,{&quot;uuid&quot;:&quot;lt46e0rzay904f38swf&quot;},[&quot;span&quot;,{&quot;data-type&quot;:&quot;text&quot;},[&quot;span&quot;,{&quot;data-type&quot;:&quot;leaf&quot;},&quot;4. In addition to industrial applications, it is also widely distributed in daily necessities. The common light-colored rubber products on the market often require a lot of sulfur, such as special rubber products such as rubber shoes with good waterproof performance, seals commonly used in hydropower construction, and advanced rubber products such as household rubber products, toys, latex gloves, etc. IS can improve the bonding ability between rubber layers, greatly improve the quality of common rubber products, extend the service life, and has many unique advantages over ordinary sulfur.&quot;]]],[&quot;p&quot;,{&quot;jc&quot;:&quot;left&quot;,&quot;ind&quot;:{&quot;left&quot;:0},&quot;spacing&quot;:{&quot;after&quot;:5.33333,&quot;line&quot;:1},&quot;uuid&quot;:&quot;lswwzopsw7q63r2pb2i&quot;},[&quot;span&quot;,{&quot;data-type&quot;:&quot;text&quot;},[&quot;span&quot;,{&quot;data-type&quot;:&quot;leaf&quot;},&quot;&quot;]]]]\" data-identifier-application__slash__x-cangjie-fragment=\"JTdCJTIya2xhc3MlMjIlM0ElMjJkb2N1bWVudCUyMiUyQyUyMmRhdGElMjIlM0ElN0IlN0QlMkMlMjJub2RlcyUyMiUzQSU1QiU3QiUyMmtsYXNzJTIyJTNBJTIyYmxvY2slMjIlMkMlMjJ0eXBlJTIyJTNBJTIycGFyYWdyYXBoJTIyJTJDJTIyZGF0YSUyMiUzQSU3QiUyMmpjJTIyJTNBJTIybGVmdCUyMiUyQyUyMmluZCUyMiUzQSU3QiUyMmxlZnQlMjIlM0EwJTdEJTJDJTIyc3BhY2luZyUyMiUzQSU3QiUyMmJlZm9yZSUyMiUzQTYuNjY2NjclMkMlMjJhZnRlciUyMiUzQTYuNjY2NjclMkMlMjJsaW5lJTIyJTNBMSU3RCUyQyUyMnV1aWQlMjIlM0ElMjJsc3d0ZnN2czN2ZWU3aTV4NXVsJTIyJTdEJTJDJTIybm9kZXMlMjIlM0ElNUIlN0IlMjJrbGFzcyUyMiUzQSUyMnRleHQlMjIlMkMlMjJsZWF2ZXMlMjIlM0ElNUIlN0IlMjJrbGFzcyUyMiUzQSUyMmxlYWYlMjIlMkMlMjJ0ZXh0JTIyJTNBJTIyQ2hhcmFjdGVyaXN0aWMlMjIlMkMlMjJtYXJrcyUyMiUzQSU1QiU3QiUyMmtsYXNzJTIyJTNBJTIybWFyayUyMiUyQyUyMnR5cGUlMjIlM0ElMjJib2xkJTIyJTJDJTIyZGF0YSUyMiUzQSU3QiU3RCU3RCUyQyU3QiUyMmtsYXNzJTIyJTNBJTIybWFyayUyMiUyQyUyMnR5cGUlMjIlM0ElMjJzeiUyMiUyQyUyMmRhdGElMjIlM0ElN0IlMjJzelVuaXQlMjIlM0ElMjJwdCUyMiUyQyUyMnZhbHVlJTIyJTNBMTQlN0QlN0QlNUQlN0QlNUQlN0QlNUQlN0QlMkMlN0IlMjJrbGFzcyUyMiUzQSUyMmJsb2NrJTIyJTJDJTIydHlwZSUyMiUzQSUyMnBhcmFncmFwaCUyMiUyQyUyMmRhdGElMjIlM0ElN0IlMjJ1dWlkJTIyJTNBJTIybHQ0NGVheTJncHV3MmR3Ynk2ZSUyMiU3RCUyQyUyMm5vZGVzJTIyJTNBJTVCJTdCJTIya2xhc3MlMjIlM0ElMjJ0ZXh0JTIyJTJDJTIybGVhdmVzJTIyJTNBJTVCJTdCJTIya2xhc3MlMjIlM0ElMjJsZWFmJTIyJTJDJTIydGV4dCUyMiUzQSUyMkluc29sdWJsZSUyMHN1bGZ1ciUyMGlzJTIwYSUyMG5vbi10b3hpYyUyQyUyMGNvbWJ1c3RpYmxlJTIweWVsbG93JTIwcG93ZGVyJTIwbmFtZWQlMjBmb3IlMjBpdHMlMjBpbnNvbHViaWxpdHklMjBpbiUyMGNhcmJvbiUyMGRpc3VsZmlkZS4lMjBJdCUyMGlzJTIwcHJlcGFyZWQlMjBieSUyMHRoZSUyMGhvdCUyMHBvbHltZXJpemF0aW9uJTIwb2YlMjBvcmRpbmFyeSUyMHN1bGZ1ciUyQyUyMHRoZSUyMGF0b21pYyUyMG51bWJlciUyMG9mJTIwc3VsZnVyJTIwQ2hlbWljYWxib29rJTIwb24lMjB0aGUlMjBtb2xlY3VsYXIlMjBjaGFpbiUyMGlzJTIwbW9yZSUyMHRoYW4lMjAxMDglMkMlMjBhbmQlMjB0aGUlMjB2aXNjb2VsYXN0aWMlMjBhbmQlMjBtb2xlY3VsYXIlMjB3ZWlnaHQlMjBkaXN0cmlidXRpb24lMjBvZiUyMHBvbHltZXJzJTJDJTIwc28lMjBpdCUyMGlzJTIwYWxzbyUyMGNhbGxlZCUyMGVsYXN0aWMlMjBzdWxmdXIlMjBvciUyMHBvbHltZXJpemVkJTIwc3VsZnVyJTJDJTIwd2hpY2glMjBiZWxvbmdzJTIwdG8lMjBpbm9yZ2FuaWMlMjBwb2x5bWVyJTIwY2hlbWljYWwlMjByYXclMjBtYXRlcmlhbHMuJTIyJTJDJTIybWFya3MlMjIlM0ElNUIlNUQlN0QlNUQlN0QlNUQlN0QlMkMlN0IlMjJrbGFzcyUyMiUzQSUyMmJsb2NrJTIyJTJDJTIydHlwZSUyMiUzQSUyMnBhcmFncmFwaCUyMiUyQyUyMmRhdGElMjIlM0ElN0IlMjJqYyUyMiUzQSUyMmxlZnQlMjIlMkMlMjJpbmQlMjIlM0ElN0IlMjJsZWZ0JTIyJTNBMCU3RCUyQyUyMnNwYWNpbmclMjIlM0ElN0IlMjJiZWZvcmUlMjIlM0E2LjY2NjY3JTJDJTIyYWZ0ZXIlMjIlM0E2LjY2NjY3JTJDJTIybGluZSUyMiUzQTElN0QlMkMlMjJ1dWlkJTIyJTNBJTIybHN3dGcwMmFoOGhqbzNlbHdqYyUyMiU3RCUyQyUyMm5vZGVzJTIyJTNBJTVCJTdCJTIya2xhc3MlMjIlM0ElMjJ0ZXh0JTIyJTJDJTIybGVhdmVzJTIyJTNBJTVCJTdCJTIya2xhc3MlMjIlM0ElMjJsZWFmJTIyJTJDJTIydGV4dCUyMiUzQSUyMkFwcGxpY2F0aW9uJTNBJTIyJTJDJTIybWFya3MlMjIlM0ElNUIlN0IlMjJrbGFzcyUyMiUzQSUyMm1hcmslMjIlMkMlMjJ0eXBlJTIyJTNBJTIyYm9sZCUyMiUyQyUyMmRhdGElMjIlM0ElN0IlN0QlN0QlMkMlN0IlMjJrbGFzcyUyMiUzQSUyMm1hcmslMjIlMkMlMjJ0eXBlJTIyJTNBJTIyY29sb3IlMjIlMkMlMjJkYXRhJTIyJTNBJTdCJTIydmFsdWUlMjIlM0ElMjJyZ2IoMCUyQyUyMDAlMkMlMjAwKSUyMiU3RCU3RCUyQyU3QiUyMmtsYXNzJTIyJTNBJTIybWFyayUyMiUyQyUyMnR5cGUlMjIlM0ElMjJzeiUyMiUyQyUyMmRhdGElMjIlM0ElN0IlMjJ2YWx1ZSUyMiUzQTE0JTJDJTIyc3pVbml0JTIyJTNBJTIycHQlMjIlN0QlN0QlNUQlN0QlNUQlN0QlNUQlN0QlMkMlN0IlMjJrbGFzcyUyMiUzQSUyMmJsb2NrJTIyJTJDJTIydHlwZSUyMiUzQSUyMnBhcmFncmFwaCUyMiUyQyUyMmRhdGElMjIlM0ElN0IlMjJqYyUyMiUzQSUyMmxlZnQlMjIlMkMlMjJpbmQlMjIlM0ElN0IlMjJsZWZ0JTIyJTNBMCU3RCUyQyUyMnNwYWNpbmclMjIlM0ElN0IlMjJiZWZvcmUlMjIlM0E2LjY2NjY3JTJDJTIyYWZ0ZXIlMjIlM0E2LjY2NjY3JTJDJTIybGluZSUyMiUzQTElN0QlMkMlMjJ1dWlkJTIyJTNBJTIybHQ0NTRvemhnNzR0NWRzdncxaSUyMiU3RCUyQyUyMm5vZGVzJTIyJTNBJTVCJTdCJTIya2xhc3MlMjIlM0ElMjJ0ZXh0JTIyJTJDJTIybGVhdmVzJTIyJTNBJTVCJTdCJTIya2xhc3MlMjIlM0ElMjJsZWFmJTIyJTJDJTIydGV4dCUyMiUzQSUyMjEuJTIwVGhlJTIwbW9zdCUyMGltcG9ydGFudCUyMGFwcGxpY2F0aW9uJTIwaXMlMjBpbiUyMHRoZSUyMHJ1YmJlciUyMGluZHVzdHJ5JTIwYXMlMjBhbiUyMGFjY2VsZXJhdG9yJTIwYW5kJTIwY3Jvc3NsaW5raW5nJTIwYWdlbnQlM0IlMjIlMkMlMjJtYXJrcyUyMiUzQSU1QiU1RCU3RCU1RCU3RCU1RCU3RCUyQyU3QiUyMmtsYXNzJTIyJTNBJTIyYmxvY2slMjIlMkMlMjJ0eXBlJTIyJTNBJTIycGFyYWdyYXBoJTIyJTJDJTIyZGF0YSUyMiUzQSU3QiUyMnV1aWQlMjIlM0ElMjJsdDQ2ZTByeWpkdzVyYXU2cTljJTIyJTdEJTJDJTIybm9kZXMlMjIlM0ElNUIlN0IlMjJrbGFzcyUyMiUzQSUyMnRleHQlMjIlMkMlMjJsZWF2ZXMlMjIlM0ElNUIlN0IlMjJrbGFzcyUyMiUzQSUyMmxlYWYlMjIlMkMlMjJ0ZXh0JTIyJTNBJTIyMi4lMjBJbiUyMHRoZSUyMHRpcmUlMjBpbmR1c3RyeSUyQyUyMGElMjBsYXJnZSUyMG51bWJlciUyMG9mJTIwYWNjZWxlcmF0b3JzJTIwYW5kJTIwY3Jvc3NsaW5rZXJzJTIwYXJlJTIwbmVlZGVkJTJDJTIwd2hpY2glMjBhcmUlMjBpbmRpc3BlbnNhYmxlJTIwYW5kJTIwaW1wb3J0YW50JTIwYXV4aWxpYXJpZXMuJTIwSVMlMjBJUyUyMGElMjBjb21iaW5hdGlvbiUyMG9mJTIwcHJhY3RpY2FsaXR5JTIwYW5kJTIwYXBwZWFyYW5jZSUyMHJlcXVpcmVtZW50cyUyQyUyMHdpZGVseSUyMHVzZWQlMjBpbiUyMHNvbWUlMjBydWJiZXIlMjBhbmQlMjBzdHJ1Y3R1cmFsJTIwYWRoZXNpb24lMjBwcm9kdWN0cyUyQyUyMHN1Y2glMjBhcyUyMHdoaXRlJTIwdGlyZSUyMHNpZGUlMjBnbHVlJTJDJTIwdGlyZSUyMHR1cm5pbmclMkMlMjBidWZmZXIlMjBydWJiZXIlMkMlMjBydWJiZXIlMjBob3NlJTJDJTIwYm9keSUyMHJ1YmJlciUyQyUyMHRhcGUlMkMlMjBpbiUyMHRoZSUyMCU1QyUyMm5vJTIwc3ByYXklNUMlMjIlMjBhdCUyMHRoZSUyMHNhbWUlMjB0aW1lJTJDJTIwdG8lMjBlbnN1cmUlMjB0aGUlMjBhcHBlYXJhbmNlJTIwb2YlMjBydWJiZXIlMjBzZW1pLWZpbmlzaGVkJTIwcHJvZHVjdHMuJTIyJTJDJTIybWFya3MlMjIlM0ElNUIlNUQlN0QlNUQlN0QlNUQlN0QlMkMlN0IlMjJrbGFzcyUyMiUzQSUyMmJsb2NrJTIyJTJDJTIydHlwZSUyMiUzQSUyMnBhcmFncmFwaCUyMiUyQyUyMmRhdGElMjIlM0ElN0IlMjJ1dWlkJTIyJTNBJTIybHQ0NmUwcnp3eXUxNzZlZ3Y0JTIyJTdEJTJDJTIybm9kZXMlMjIlM0ElNUIlN0IlMjJrbGFzcyUyMiUzQSUyMnRleHQlMjIlMkMlMjJsZWF2ZXMlMjIlM0ElNUIlN0IlMjJrbGFzcyUyMiUzQSUyMmxlYWYlMjIlMkMlMjJ0ZXh0JTIyJTNBJTIyMy4lMjBUaGUlMjBhcHBsaWNhdGlvbiUyMG1hcmtldCUyMG9mJTIwSVMlMjBwcm9kdWN0cyUyMElTJTIwdmVyeSUyMHdpZGUlMkMlMjBjYWJsZSUyMHNoZWxsJTJDJTIwd2F0ZXJwcm9vZiUyMGhvc2UlMkMlMjBvaWwlMjBzZWFsaW5nJTIwbWF0ZXJpYWwlMkMlMjByYXclMjB0YXBlJTJDJTIwYXV0b21vdGl2ZSUyMGlubmVyJTIwdHViZSUyQyUyMGluc3VsYXRpb24lMjBwcm90ZWN0aXZlJTIwcHJvZHVjdHMlMkMlMjBhdXRvbW90aXZlJTIwaW50ZXJpb3IlMjBwYXJ0cyUyMGFuZCUyMG90aGVyJTIwcnViYmVyJTIwcHJvZHVjdHMlMjBhcmUlMjBmb3VuZCUyMGluJTIwSVMuJTIyJTJDJTIybWFya3MlMjIlM0ElNUIlNUQlN0QlNUQlN0QlNUQlN0QlMkMlN0IlMjJrbGFzcyUyMiUzQSUyMmJsb2NrJTIyJTJDJTIydHlwZSUyMiUzQSUyMnBhcmFncmFwaCUyMiUyQyUyMmRhdGElMjIlM0ElN0IlMjJ1dWlkJTIyJTNBJTIybHQ0NmUwcnpheTkwNGYzOHN3ZiUyMiU3RCUyQyUyMm5vZGVzJTIyJTNBJTVCJTdCJTIya2xhc3MlMjIlM0ElMjJ0ZXh0JTIyJTJDJTIybGVhdmVzJTIyJTNBJTVCJTdCJTIya2xhc3MlMjIlM0ElMjJsZWFmJTIyJTJDJTIydGV4dCUyMiUzQSUyMjQuJTIwSW4lMjBhZGRpdGlvbiUyMHRvJTIwaW5kdXN0cmlhbCUyMGFwcGxpY2F0aW9ucyUyQyUyMGl0JTIwaXMlMjBhbHNvJTIwd2lkZWx5JTIwZGlzdHJpYnV0ZWQlMjBpbiUyMGRhaWx5JTIwbmVjZXNzaXRpZXMuJTIwVGhlJTIwY29tbW9uJTIwbGlnaHQtY29sb3JlZCUyMHJ1YmJlciUyMHByb2R1Y3RzJTIwb24lMjB0aGUlMjBtYXJrZXQlMjBvZnRlbiUyMHJlcXVpcmUlMjBhJTIwbG90JTIwb2YlMjBzdWxmdXIlMkMlMjBzdWNoJTIwYXMlMjBzcGVjaWFsJTIwcnViYmVyJTIwcHJvZHVjdHMlMjBzdWNoJTIwYXMlMjBydWJiZXIlMjBzaG9lcyUyMHdpdGglMjBnb29kJTIwd2F0ZXJwcm9vZiUyMHBlcmZvcm1hbmNlJTJDJTIwc2VhbHMlMjBjb21tb25seSUyMHVzZWQlMjBpbiUyMGh5ZHJvcG93ZXIlMjBjb25zdHJ1Y3Rpb24lMkMlMjBhbmQlMjBhZHZhbmNlZCUyMHJ1YmJlciUyMHByb2R1Y3RzJTIwc3VjaCUyMGFzJTIwaG91c2Vob2xkJTIwcnViYmVyJTIwcHJvZHVjdHMlMkMlMjB0b3lzJTJDJTIwbGF0ZXglMjBnbG92ZXMlMkMlMjBldGMuJTIwSVMlMjBjYW4lMjBpbXByb3ZlJTIwdGhlJTIwYm9uZGluZyUyMGFiaWxpdHklMjBiZXR3ZWVuJTIwcnViYmVyJTIwbGF5ZXJzJTJDJTIwZ3JlYXRseSUyMGltcHJvdmUlMjB0aGUlMjBxdWFsaXR5JTIwb2YlMjBjb21tb24lMjBydWJiZXIlMjBwcm9kdWN0cyUyQyUyMGV4dGVuZCUyMHRoZSUyMHNlcnZpY2UlMjBsaWZlJTJDJTIwYW5kJTIwaGFzJTIwbWFueSUyMHVuaXF1ZSUyMGFkdmFudGFnZXMlMjBvdmVyJTIwb3JkaW5hcnklMjBzdWxmdXIuJTIyJTJDJTIybWFya3MlMjIlM0ElNUIlNUQlN0QlNUQlN0QlNUQlN0QlMkMlN0IlMjJrbGFzcyUyMiUzQSUyMmJsb2NrJTIyJTJDJTIydHlwZSUyMiUzQSUyMnBhcmFncmFwaCUyMiUyQyUyMmRhdGElMjIlM0ElN0IlMjJqYyUyMiUzQSUyMmxlZnQlMjIlMkMlMjJpbmQlMjIlM0ElN0IlMjJsZWZ0JTIyJTNBMCU3RCUyQyUyMnNwYWNpbmclMjIlM0ElN0IlMjJhZnRlciUyMiUzQTUuMzMzMzMlMkMlMjJsaW5lJTIyJTNBMSU3RCUyQyUyMnV1aWQlMjIlM0ElMjJsc3d3em9wc3c3cTYzcjJwYjJpJTIyJTdEJTJDJTIybm9kZXMlMjIlM0ElNUIlN0IlMjJrbGFzcyUyMiUzQSUyMnRleHQlMjIlMkMlMjJsZWF2ZXMlMjIlM0ElNUIlN0IlMjJrbGFzcyUyMiUzQSUyMmxlYWYlMjIlMkMlMjJ0ZXh0JTIyJTNBJTIyJTIyJTJDJTIybWFya3MlMjIlM0ElNUIlNUQlN0QlNUQlN0QlNUQlN0QlNUQlN0Q=\" data-identifier-application__slash__x-doc-key=\"1X3lE6ekRYRgnJbv\"><strong>\u00d6zellik<\/strong><\/p>\n<p><span data-type=\"text\">\u00c7\u00f6z\u00fcnmeyen k\u00fck\u00fcrt, karbon dis\u00fclf\u00fcrde \u00e7\u00f6z\u00fcnmezli\u011fi nedeniyle bu ad\u0131 alan toksik olmayan, yan\u0131c\u0131 sar\u0131 bir tozdur. S\u0131radan k\u00fck\u00fcrt\u00fcn s\u0131cak polimerizasyonuyla haz\u0131rlan\u0131r, k\u00fck\u00fcrt\u00fcn atom numaras\u0131 Chemicalbook molek\u00fcler zincirde 108&#039;den fazlad\u0131r ve polimerlerin viskoelastik ve molek\u00fcler a\u011f\u0131rl\u0131k da\u011f\u0131l\u0131m\u0131, bu nedenle elastik k\u00fck\u00fcrt veya polimerize k\u00fck\u00fcrt olarak da adland\u0131r\u0131l\u0131r ve inorganik polimer kimyasal hammaddelere aittir.<\/span><\/p>\n<p><strong>Ba\u015fvuru:<\/strong><\/p>\n<p><span data-type=\"text\">1. En \u00f6nemli uygulama kau\u00e7uk end\u00fcstrisinde h\u0131zland\u0131r\u0131c\u0131 ve \u00e7apraz ba\u011flay\u0131c\u0131 madde olarak kullan\u0131m\u0131d\u0131r;<\/span><\/p>\n<p><span data-type=\"text\">2. Lastik end\u00fcstrisinde, vazge\u00e7ilmez ve \u00f6nemli yard\u0131mc\u0131lar olan \u00e7ok say\u0131da h\u0131zland\u0131r\u0131c\u0131 ve \u00e7apraz ba\u011flay\u0131c\u0131ya ihtiya\u00e7 duyulmaktad\u0131r. IS, beyaz lastik yan tutkal\u0131, lastik tornalama, tampon kau\u00e7u\u011fu, kau\u00e7uk hortum, g\u00f6vde kau\u00e7u\u011fu, bant gibi baz\u0131 kau\u00e7uk ve yap\u0131sal yap\u0131\u015fma \u00fcr\u00fcnlerinde yayg\u0131n olarak kullan\u0131lan, pratiklik ve g\u00f6r\u00fcn\u00fcm gereksinimlerinin birle\u015fimidir, ayn\u0131 zamanda &quot;spreysiz&quot; olarak, kau\u00e7uk yar\u0131 mamul \u00fcr\u00fcnlerinin g\u00f6r\u00fcn\u00fcm\u00fcn\u00fc sa\u011flamak i\u00e7in kullan\u0131l\u0131r.<\/span><\/p>\n<p><span data-type=\"text\">3. IS \u00fcr\u00fcnlerinin uygulama pazar\u0131 \u00e7ok geni\u015ftir, kablo k\u0131l\u0131f\u0131, su ge\u00e7irmez hortum, ya\u011f s\u0131zd\u0131rmazl\u0131k malzemesi, ham bant, otomotiv i\u00e7 lasti\u011fi, yal\u0131t\u0131m koruyucu \u00fcr\u00fcnleri, otomotiv i\u00e7 par\u00e7alar\u0131 ve di\u011fer kau\u00e7uk \u00fcr\u00fcnleri IS&#039;de bulunmaktad\u0131r.<\/span><\/p>\n<p><span data-type=\"text\">4. End\u00fcstriyel uygulamalar\u0131n yan\u0131 s\u0131ra g\u00fcnl\u00fck ihtiya\u00e7larda da yayg\u0131n olarak da\u011f\u0131t\u0131l\u0131r. Piyasadaki yayg\u0131n a\u00e7\u0131k renkli kau\u00e7uk \u00fcr\u00fcnleri genellikle \u00e7ok fazla k\u00fck\u00fcrt gerektirir, \u00f6rne\u011fin iyi su ge\u00e7irmez performansa sahip kau\u00e7uk ayakkab\u0131lar, hidroelektrik yap\u0131m\u0131nda yayg\u0131n olarak kullan\u0131lan contalar ve ev kau\u00e7uk \u00fcr\u00fcnleri, oyuncaklar, lateks eldivenler vb. gibi geli\u015fmi\u015f kau\u00e7uk \u00fcr\u00fcnleri. IS, kau\u00e7uk katmanlar\u0131 aras\u0131ndaki ba\u011flanma yetene\u011fini iyile\u015ftirebilir, yayg\u0131n kau\u00e7uk \u00fcr\u00fcnlerinin kalitesini b\u00fcy\u00fck \u00f6l\u00e7\u00fcde iyile\u015ftirebilir, hizmet \u00f6mr\u00fcn\u00fc uzatabilir ve s\u0131radan k\u00fck\u00fcrte g\u00f6re bir\u00e7ok benzersiz avantaja sahiptir.<\/span><\/p>\n<p>&nbsp;<\/p>\n<\/article>","protected":false},"excerpt":{"rendered":"<article class=\"4ever-article\" data-clipboard-cangjie=\"[&quot;root&quot;,{},[&quot;p&quot;,{&quot;jc&quot;:&quot;left&quot;,&quot;ind&quot;:{&quot;left&quot;:0},&quot;spacing&quot;:{&quot;before&quot;:6.66667,&quot;after&quot;:6.66667,&quot;line&quot;:1},&quot;uuid&quot;:&quot;lswtfsvvvijk6s1z8p&quot;},[&quot;span&quot;,{&quot;data-type&quot;:&quot;text&quot;},[&quot;span&quot;,{&quot;color&quot;:&quot;rgb(0, 0, 0)&quot;,&quot;sz&quot;:12,&quot;szUnit&quot;:&quot;pt&quot;,&quot;data-type&quot;:&quot;leaf&quot;},&quot;Product name:&quot;],[&quot;span&quot;,{&quot;sz&quot;:11,&quot;szUnit&quot;:&quot;pt&quot;,&quot;fonts&quot;:{&quot;ascii&quot;:&quot;\u5b8b\u4f53&quot;,&quot;hAnsi&quot;:&quot;\u5b8b\u4f53&quot;,&quot;cs&quot;:&quot;\u5b8b\u4f53&quot;,&quot;eastAsia&quot;:&quot;\u5b8b\u4f53&quot;},&quot;color&quot;:&quot;#000000&quot;,&quot;data-type&quot;:&quot;leaf&quot;},&quot; Insoluble sulfur OT 20&quot;]]],[&quot;p&quot;,{&quot;jc&quot;:&quot;left&quot;,&quot;ind&quot;:{&quot;left&quot;:0},&quot;spacing&quot;:{&quot;before&quot;:6.66667,&quot;after&quot;:6.66667,&quot;line&quot;:1},&quot;uuid&quot;:&quot;lswtfsvw67msoc684k9&quot;},[&quot;span&quot;,{&quot;data-type&quot;:&quot;text&quot;},[&quot;span&quot;,{&quot;color&quot;:&quot;rgb(0, 0, 0)&quot;,&quot;sz&quot;:12,&quot;szUnit&quot;:&quot;pt&quot;,&quot;data-type&quot;:&quot;leaf&quot;},&quot;CAS\uff1a&quot;],[&quot;span&quot;,{&quot;sz&quot;:11,&quot;szUnit&quot;:&quot;pt&quot;,&quot;fonts&quot;:{&quot;ascii&quot;:&quot;\u5b8b\u4f53&quot;,&quot;hAnsi&quot;:&quot;\u5b8b\u4f53&quot;,&quot;cs&quot;:&quot;\u5b8b\u4f53&quot;,&quot;eastAsia&quot;:&quot;\u5b8b\u4f53&quot;},&quot;color&quot;:&quot;#000000&quot;,&quot;data-type&quot;:&quot;leaf&quot;},&quot; 9035-99-8&quot;]]],[&quot;p&quot;,{&quot;jc&quot;:&quot;left&quot;,&quot;ind&quot;:{&quot;left&quot;:0},&quot;spacing&quot;:{&quot;before&quot;:6.66667,&quot;after&quot;:6.66667,&quot;line&quot;:1},&quot;uuid&quot;:&quot;lswtfsvwccqptazn6p7&quot;},[&quot;span&quot;,{&quot;data-type&quot;:&quot;text&quot;},[&quot;span&quot;,{&quot;color&quot;:&quot;rgb(0, 0, 0)&quot;,&quot;sz&quot;:12,&quot;szUnit&quot;:&quot;pt&quot;,&quot;data-type&quot;:&quot;leaf&quot;},&quot;EINECS:\u00a0&quot;],[&quot;span&quot;,{&quot;fonts&quot;:{&quot;ascii&quot;:&quot;\u5b8b\u4f53&quot;,&quot;hAnsi&quot;:&quot;\u5b8b\u4f53&quot;,&quot;cs&quot;:&quot;\u5b8b\u4f53&quot;,&quot;eastAsia&quot;:&quot;\u5b8b\u4f53&quot;},&quot;sz&quot;:12,&quot;szUnit&quot;:&quot;pt&quot;,&quot;color&quot;:&quot;rgb(0, 0, 0)&quot;,&quot;data-type&quot;:&quot;leaf&quot;},&quot;618-540-6&quot;]]],[&quot;p&quot;,{&quot;jc&quot;:&quot;left&quot;,&quot;ind&quot;:{&quot;left&quot;:0},&quot;spacing&quot;:{&quot;before&quot;:6.66667,&quot;after&quot;:6.66667,&quot;line&quot;:1},&quot;uuid&quot;:&quot;lswvmmugqxelvfo7nls&quot;},[&quot;span&quot;,{&quot;data-type&quot;:&quot;text&quot;},[&quot;span&quot;,{&quot;color&quot;:&quot;rgb(0, 0, 0)&quot;,&quot;sz&quot;:12,&quot;szUnit&quot;:&quot;pt&quot;,&quot;data-type&quot;:&quot;leaf&quot;},&quot;Appearance: &quot;],[&quot;span&quot;,{&quot;data-type&quot;:&quot;leaf&quot;},&quot;combustible yellow powder&quot;]]]]\" data-identifier-application__slash__x-cangjie-fragment=\"JTdCJTIya2xhc3MlMjIlM0ElMjJkb2N1bWVudCUyMiUyQyUyMmRhdGElMjIlM0ElN0IlN0QlMkMlMjJub2RlcyUyMiUzQSU1QiU3QiUyMmtsYXNzJTIyJTNBJTIyYmxvY2slMjIlMkMlMjJ0eXBlJTIyJTNBJTIycGFyYWdyYXBoJTIyJTJDJTIyZGF0YSUyMiUzQSU3QiUyMmpjJTIyJTNBJTIybGVmdCUyMiUyQyUyMmluZCUyMiUzQSU3QiUyMmxlZnQlMjIlM0EwJTdEJTJDJTIyc3BhY2luZyUyMiUzQSU3QiUyMmJlZm9yZSUyMiUzQTYuNjY2NjclMkMlMjJhZnRlciUyMiUzQTYuNjY2NjclMkMlMjJsaW5lJTIyJTNBMSU3RCUyQyUyMnV1aWQlMjIlM0ElMjJsc3d0ZnN2dnZpams2czF6OHAlMjIlN0QlMkMlMjJub2RlcyUyMiUzQSU1QiU3QiUyMmtsYXNzJTIyJTNBJTIydGV4dCUyMiUyQyUyMmxlYXZlcyUyMiUzQSU1QiU3QiUyMmtsYXNzJTIyJTNBJTIybGVhZiUyMiUyQyUyMnRleHQlMjIlM0ElMjJQcm9kdWN0JTIwbmFtZSUzQSUyMiUyQyUyMm1hcmtzJTIyJTNBJTVCJTdCJTIya2xhc3MlMjIlM0ElMjJtYXJrJTIyJTJDJTIydHlwZSUyMiUzQSUyMmNvbG9yJTIyJTJDJTIyZGF0YSUyMiUzQSU3QiUyMnZhbHVlJTIyJTNBJTIycmdiKDAlMkMlMjAwJTJDJTIwMCklMjIlN0QlN0QlMkMlN0IlMjJrbGFzcyUyMiUzQSUyMm1hcmslMjIlMkMlMjJ0eXBlJTIyJTNBJTIyc3olMjIlMkMlMjJkYXRhJTIyJTNBJTdCJTIydmFsdWUlMjIlM0ExMiUyQyUyMnN6VW5pdCUyMiUzQSUyMnB0JTIyJTdEJTdEJTVEJTdEJTJDJTdCJTIya2xhc3MlMjIlM0ElMjJsZWFmJTIyJTJDJTIydGV4dCUyMiUzQSUyMiUyMEluc29sdWJsZSUyMHN1bGZ1ciUyME9UJTIwMjAlMjIlMkMlMjJtYXJrcyUyMiUzQSU1QiU3QiUyMmtsYXNzJTIyJTNBJTIybWFyayUyMiUyQyUyMnR5cGUlMjIlM0ElMjJzeiUyMiUyQyUyMmRhdGElMjIlM0ElN0IlMjJ2YWx1ZSUyMiUzQTExJTJDJTIyc2NhbGUlMjIlM0ExJTJDJTIyc3pVbml0JTIyJTNBJTIycHQlMjIlN0QlN0QlMkMlN0IlMjJrbGFzcyUyMiUzQSUyMm1hcmslMjIlMkMlMjJ0eXBlJTIyJTNBJTIyZm9udHMlMjIlMkMlMjJkYXRhJTIyJTNBJTdCJTIyYXNjaWklMjIlM0ElMjIlRTUlQUUlOEIlRTQlQkQlOTMlMjIlMkMlMjJoQW5zaSUyMiUzQSUyMiVFNSVBRSU4QiVFNCVCRCU5MyUyMiUyQyUyMmNzJTIyJTNBJTIyJUU1JUFFJThCJUU0JUJEJTkzJTIyJTJDJTIyZWFzdEFzaWElMjIlM0ElMjIlRTUlQUUlOEIlRTQlQkQlOTMlMjIlN0QlN0QlMkMlN0IlMjJrbGFzcyUyMiUzQSUyMm1hcmslMjIlMkMlMjJ0eXBlJTIyJTNBJTIyY29sb3IlMjIlMkMlMjJkYXRhJTIyJTNBJTdCJTIydmFsdWUlMjIlM0ElMjIlMjMwMDAwMDAlMjIlN0QlN0QlNUQlN0QlNUQlN0QlNUQlN0QlMkMlN0IlMjJrbGFzcyUyMiUzQSUyMmJsb2NrJTIyJTJDJTIydHlwZSUyMiUzQSUyMnBhcmFncmFwaCUyMiUyQyUyMmRhdGElMjIlM0ElN0IlMjJqYyUyMiUzQSUyMmxlZnQlMjIlMkMlMjJpbmQlMjIlM0ElN0IlMjJsZWZ0JTIyJTNBMCU3RCUyQyUyMnNwYWNpbmclMjIlM0ElN0IlMjJiZWZvcmUlMjIlM0E2LjY2NjY3JTJDJTIyYWZ0ZXIlMjIlM0E2LjY2NjY3JTJDJTIybGluZSUyMiUzQTElN0QlMkMlMjJ1dWlkJTIyJTNBJTIybHN3dGZzdnc2N21zb2M2ODRrOSUyMiU3RCUyQyUyMm5vZGVzJTIyJTNBJTVCJTdCJTIya2xhc3MlMjIlM0ElMjJ0ZXh0JTIyJTJDJTIybGVhdmVzJTIyJTNBJTVCJTdCJTIya2xhc3MlMjIlM0ElMjJsZWFmJTIyJTJDJTIydGV4dCUyMiUzQSUyMkNBUyVFRiVCQyU5QSUyMiUyQyUyMm1hcmtzJTIyJTNBJTVCJTdCJTIya2xhc3MlMjIlM0ElMjJtYXJrJTIyJTJDJTIydHlwZSUyMiUzQSUyMmNvbG9yJTIyJTJDJTIyZGF0YSUyMiUzQSU3QiUyMnZhbHVlJTIyJTNBJTIycmdiKDAlMkMlMjAwJTJDJTIwMCklMjIlN0QlN0QlMkMlN0IlMjJrbGFzcyUyMiUzQSUyMm1hcmslMjIlMkMlMjJ0eXBlJTIyJTNBJTIyc3olMjIlMkMlMjJkYXRhJTIyJTNBJTdCJTIydmFsdWUlMjIlM0ExMiUyQyUyMnN6VW5pdCUyMiUzQSUyMnB0JTIyJTdEJTdEJTVEJTdEJTJDJTdCJTIya2xhc3MlMjIlM0ElMjJsZWFmJTIyJTJDJTIydGV4dCUyMiUzQSUyMiUyMDkwMzUtOTktOCUyMiUyQyUyMm1hcmtzJTIyJTNBJTVCJTdCJTIya2xhc3MlMjIlM0ElMjJtYXJrJTIyJTJDJTIydHlwZSUyMiUzQSUyMnN6JTIyJTJDJTIyZGF0YSUyMiUzQSU3QiUyMnZhbHVlJTIyJTNBMTElMkMlMjJzY2FsZSUyMiUzQTElMkMlMjJzelVuaXQlMjIlM0ElMjJwdCUyMiU3RCU3RCUyQyU3QiUyMmtsYXNzJTIyJTNBJTIybWFyayUyMiUyQyUyMnR5cGUlMjIlM0ElMjJmb250cyUyMiUyQyUyMmRhdGElMjIlM0ElN0IlMjJhc2NpaSUyMiUzQSUyMiVFNSVBRSU4QiVFNCVCRCU5MyUyMiUyQyUyMmhBbnNpJTIyJTNBJTIyJUU1JUFFJThCJUU0JUJEJTkzJTIyJTJDJTIyY3MlMjIlM0ElMjIlRTUlQUUlOEIlRTQlQkQlOTMlMjIlMkMlMjJlYXN0QXNpYSUyMiUzQSUyMiVFNSVBRSU4QiVFNCVCRCU5MyUyMiU3RCU3RCUyQyU3QiUyMmtsYXNzJTIyJTNBJTIybWFyayUyMiUyQyUyMnR5cGUlMjIlM0ElMjJjb2xvciUyMiUyQyUyMmRhdGElMjIlM0ElN0IlMjJ2YWx1ZSUyMiUzQSUyMiUyMzAwMDAwMCUyMiU3RCU3RCU1RCU3RCU1RCU3RCU1RCU3RCUyQyU3QiUyMmtsYXNzJTIyJTNBJTIyYmxvY2slMjIlMkMlMjJ0eXBlJTIyJTNBJTIycGFyYWdyYXBoJTIyJTJDJTIyZGF0YSUyMiUzQSU3QiUyMmpjJTIyJTNBJTIybGVmdCUyMiUyQyUyMmluZCUyMiUzQSU3QiUyMmxlZnQlMjIlM0EwJTdEJTJDJTIyc3BhY2luZyUyMiUzQSU3QiUyMmJlZm9yZSUyMiUzQTYuNjY2NjclMkMlMjJhZnRlciUyMiUzQTYuNjY2NjclMkMlMjJsaW5lJTIyJTNBMSU3RCUyQyUyMnV1aWQlMjIlM0ElMjJsc3d0ZnN2d2NjcXB0YXpuNnA3JTIyJTdEJTJDJTIybm9kZXMlMjIlM0ElNUIlN0IlMjJrbGFzcyUyMiUzQSUyMnRleHQlMjIlMkMlMjJsZWF2ZXMlMjIlM0ElNUIlN0IlMjJrbGFzcyUyMiUzQSUyMmxlYWYlMjIlMkMlMjJ0ZXh0JTIyJTNBJTIyRUlORUNTJTNBJUMyJUEwJTIyJTJDJTIybWFya3MlMjIlM0ElNUIlN0IlMjJrbGFzcyUyMiUzQSUyMm1hcmslMjIlMkMlMjJ0eXBlJTIyJTNBJTIyY29sb3IlMjIlMkMlMjJkYXRhJTIyJTNBJTdCJTIydmFsdWUlMjIlM0ElMjJyZ2IoMCUyQyUyMDAlMkMlMjAwKSUyMiU3RCU3RCUyQyU3QiUyMmtsYXNzJTIyJTNBJTIybWFyayUyMiUyQyUyMnR5cGUlMjIlM0ElMjJzeiUyMiUyQyUyMmRhdGElMjIlM0ElN0IlMjJ2YWx1ZSUyMiUzQTEyJTJDJTIyc3pVbml0JTIyJTNBJTIycHQlMjIlN0QlN0QlNUQlN0QlMkMlN0IlMjJrbGFzcyUyMiUzQSUyMmxlYWYlMjIlMkMlMjJ0ZXh0JTIyJTNBJTIyNjE4LTU0MC02JTIyJTJDJTIybWFya3MlMjIlM0ElNUIlN0IlMjJrbGFzcyUyMiUzQSUyMm1hcmslMjIlMkMlMjJ0eXBlJTIyJTNBJTIyZm9udHMlMjIlMkMlMjJkYXRhJTIyJTNBJTdCJTIyYXNjaWklMjIlM0ElMjIlRTUlQUUlOEIlRTQlQkQlOTMlMjIlMkMlMjJoQW5zaSUyMiUzQSUyMiVFNSVBRSU4QiVFNCVCRCU5MyUyMiUyQyUyMmNzJTIyJTNBJTIyJUU1JUFFJThCJUU0JUJEJTkzJTIyJTJDJTIyZWFzdEFzaWElMjIlM0ElMjIlRTUlQUUlOEIlRTQlQkQlOTMlMjIlN0QlN0QlMkMlN0IlMjJrbGFzcyUyMiUzQSUyMm1hcmslMjIlMkMlMjJ0eXBlJTIyJTNBJTIyc3olMjIlMkMlMjJkYXRhJTIyJTNBJTdCJTIydmFsdWUlMjIlM0ExMiUyQyUyMnN6VW5pdCUyMiUzQSUyMnB0JTIyJTdEJTdEJTJDJTdCJTIya2xhc3MlMjIlM0ElMjJtYXJrJTIyJTJDJTIydHlwZSUyMiUzQSUyMmNvbG9yJTIyJTJDJTIyZGF0YSUyMiUzQSU3QiUyMnZhbHVlJTIyJTNBJTIycmdiKDAlMkMlMjAwJTJDJTIwMCklMjIlN0QlN0QlNUQlN0QlNUQlN0QlNUQlN0QlMkMlN0IlMjJrbGFzcyUyMiUzQSUyMmJsb2NrJTIyJTJDJTIydHlwZSUyMiUzQSUyMnBhcmFncmFwaCUyMiUyQyUyMmRhdGElMjIlM0ElN0IlMjJqYyUyMiUzQSUyMmxlZnQlMjIlMkMlMjJpbmQlMjIlM0ElN0IlMjJsZWZ0JTIyJTNBMCU3RCUyQyUyMnNwYWNpbmclMjIlM0ElN0IlMjJiZWZvcmUlMjIlM0E2LjY2NjY3JTJDJTIyYWZ0ZXIlMjIlM0E2LjY2NjY3JTJDJTIybGluZSUyMiUzQTElN0QlMkMlMjJ1dWlkJTIyJTNBJTIybHN3dm1tdWdxeGVsdmZvN25scyUyMiU3RCUyQyUyMm5vZGVzJTIyJTNBJTVCJTdCJTIya2xhc3MlMjIlM0ElMjJ0ZXh0JTIyJTJDJTIybGVhdmVzJTIyJTNBJTVCJTdCJTIya2xhc3MlMjIlM0ElMjJsZWFmJTIyJTJDJTIydGV4dCUyMiUzQSUyMkFwcGVhcmFuY2UlM0ElMjAlMjIlMkMlMjJtYXJrcyUyMiUzQSU1QiU3QiUyMmtsYXNzJTIyJTNBJTIybWFyayUyMiUyQyUyMnR5cGUlMjIlM0ElMjJjb2xvciUyMiUyQyUyMmRhdGElMjIlM0ElN0IlMjJ2YWx1ZSUyMiUzQSUyMnJnYigwJTJDJTIwMCUyQyUyMDApJTIyJTdEJTdEJTJDJTdCJTIya2xhc3MlMjIlM0ElMjJtYXJrJTIyJTJDJTIydHlwZSUyMiUzQSUyMnN6JTIyJTJDJTIyZGF0YSUyMiUzQSU3QiUyMnZhbHVlJTIyJTNBMTIlMkMlMjJzelVuaXQlMjIlM0ElMjJwdCUyMiU3RCU3RCU1RCU3RCUyQyU3QiUyMmtsYXNzJTIyJTNBJTIybGVhZiUyMiUyQyUyMnRleHQlMjIlM0ElMjJjb21idXN0aWJsZSUyMHllbGxvdyUyMHBvd2RlciUyMiUyQyUyMm1hcmtzJTIyJTNBJTVCJTVEJTdEJTVEJTdEJTVEJTdEJTVEJTdE\" data-identifier-application__slash__x-doc-key=\"1X3lE6ekRYRgnJbv\"><span data-type=\"text\">\u00dcr\u00fcn ad\u0131:<\/span><span data-type=\"text\">\u00a0\u00c7\u00f6z\u00fcnmeyen k\u00fck\u00fcrt OT 20<\/span><\/p>\n<p><span data-type=\"text\">CAS\uff1a<\/span><span data-type=\"text\">\u00a09035-99-8<\/span><\/p>\n<p><span data-type=\"text\">EINECS&#039;LER:\u00a0<\/span><span data-type=\"text\">618-540-6<\/span><\/p>\n<p><span data-type=\"text\">D\u0131\u015f g\u00f6r\u00fcn\u00fc\u015f:\u00a0<\/span><span data-type=\"text\">yan\u0131c\u0131 sar\u0131 toz<\/span><\/p>\n<\/article>","protected":false},"featured_media":3083,"template":"","meta":{"_acf_changed":false,"_gspb_post_css":""},"product_brand":[],"product_cat":[62,76],"product_tag":[],"class_list":{"0":"post-6817","1":"product","2":"type-product","3":"status-publish","4":"has-post-thumbnail","6":"product_cat-rubberplastic-ingredients","7":"product_cat-others","9":"first","10":"instock","11":"shipping-taxable","12":"product-type-simple"},"acf":[],"_links":{"self":[{"href":"https:\/\/wpachem.com\/tr\/wp-json\/wp\/v2\/product\/6817","targetHints":{"allow":["GET"]}}],"collection":[{"href":"https:\/\/wpachem.com\/tr\/wp-json\/wp\/v2\/product"}],"about":[{"href":"https:\/\/wpachem.com\/tr\/wp-json\/wp\/v2\/types\/product"}],"version-history":[{"count":0,"href":"https:\/\/wpachem.com\/tr\/wp-json\/wp\/v2\/product\/6817\/revisions"}],"wp:featuredmedia":[{"embeddable":true,"href":"https:\/\/wpachem.com\/tr\/wp-json\/wp\/v2\/media\/3083"}],"wp:attachment":[{"href":"https:\/\/wpachem.com\/tr\/wp-json\/wp\/v2\/media?parent=6817"}],"wp:term":[{"taxonomy":"product_brand","embeddable":true,"href":"https:\/\/wpachem.com\/tr\/wp-json\/wp\/v2\/product_brand?post=6817"},{"taxonomy":"product_cat","embeddable":true,"href":"https:\/\/wpachem.com\/tr\/wp-json\/wp\/v2\/product_cat?post=6817"},{"taxonomy":"product_tag","embeddable":true,"href":"https:\/\/wpachem.com\/tr\/wp-json\/wp\/v2\/product_tag?post=6817"}],"curies":[{"name":"wp","href":"https:\/\/api.w.org\/{rel}","templated":true}]}}