{"id":6854,"date":"2024-02-28T05:18:24","date_gmt":"2024-02-28T05:18:24","guid":{"rendered":"https:\/\/wpachem.com\/?post_type=product&#038;p=6854"},"modified":"2024-02-28T05:20:29","modified_gmt":"2024-02-28T05:20:29","slug":"styrenated-phenol-sp-cas-61788-44-1","status":"publish","type":"product","link":"https:\/\/wpachem.com\/tr\/urun\/styrenated-phenol-sp-cas-61788-44-1\/","title":{"rendered":"Stirenlenmi\u015f fenol SP CAS 61788-44-1"},"content":{"rendered":"<article class=\"4ever-article\" data-clipboard-cangjie=\"[&quot;root&quot;,{},[&quot;p&quot;,{&quot;ind&quot;:{&quot;left&quot;:0},&quot;jc&quot;:&quot;left&quot;,&quot;spacing&quot;:{&quot;after&quot;:6.66667,&quot;before&quot;:6.66667,&quot;line&quot;:1},&quot;uuid&quot;:&quot;lswtfsvs3vee7i5x5ul&quot;},[&quot;span&quot;,{&quot;data-type&quot;:&quot;text&quot;},[&quot;span&quot;,{&quot;bold&quot;:true,&quot;sz&quot;:14,&quot;szUnit&quot;:&quot;pt&quot;,&quot;data-type&quot;:&quot;leaf&quot;},&quot;Characteristic&quot;]]],[&quot;p&quot;,{&quot;jc&quot;:&quot;left&quot;,&quot;ind&quot;:{&quot;left&quot;:0},&quot;spacing&quot;:{&quot;before&quot;:6.66667,&quot;after&quot;:6.66667,&quot;line&quot;:1},&quot;uuid&quot;:&quot;lt59rt2iazbpf00cafh&quot;},[&quot;span&quot;,{&quot;data-type&quot;:&quot;text&quot;},[&quot;span&quot;,{&quot;sz&quot;:14,&quot;szUnit&quot;:&quot;pt&quot;,&quot;data-type&quot;:&quot;leaf&quot;},&quot;Pale yellow to amber thick liquid. Soluble in ethanol, acetone, aliphatic hydrocarbon, aromatic hydrocarbon, trichloroethane and other organic solvents, insoluble in water.&quot;]]],[&quot;p&quot;,{&quot;uuid&quot;:&quot;lt59fh5xi3i5suystu&quot;},[&quot;span&quot;,{&quot;data-type&quot;:&quot;text&quot;},[&quot;span&quot;,{&quot;data-type&quot;:&quot;leaf&quot;},&quot;&quot;]],[&quot;br&quot;,{&quot;type&quot;:&quot;textWrapping&quot;,&quot;data&quot;:{},&quot;uuid&quot;:&quot;lt591eio1xshk86yjiy&quot;},[&quot;span&quot;,{&quot;data-type&quot;:&quot;text&quot;},[&quot;span&quot;,{&quot;data-type&quot;:&quot;leaf&quot;},&quot;&quot;]]],[&quot;span&quot;,{&quot;data-type&quot;:&quot;text&quot;},[&quot;span&quot;,{&quot;bold&quot;:true,&quot;color&quot;:&quot;rgb(68, 68, 68)&quot;,&quot;sz&quot;:10.5,&quot;szUnit&quot;:&quot;pt&quot;,&quot;data-type&quot;:&quot;leaf&quot;},&quot;Application&quot;]]],[&quot;p&quot;,{&quot;uuid&quot;:&quot;lt59lfahbwhgbw71dh&quot;},[&quot;span&quot;,{&quot;data-type&quot;:&quot;text&quot;},[&quot;span&quot;,{&quot;data-type&quot;:&quot;leaf&quot;},&quot;Used as a stabilizer and antioxidant for synthetic rubber and natural rubber such as butadiene, chloroprene, ethylene and propylene&quot;]],[&quot;br&quot;,{&quot;type&quot;:&quot;textWrapping&quot;,&quot;data&quot;:{},&quot;uuid&quot;:&quot;lt591eio8kiqxxgzehw&quot;},[&quot;span&quot;,{&quot;data-type&quot;:&quot;text&quot;},[&quot;span&quot;,{&quot;data-type&quot;:&quot;leaf&quot;},&quot;&quot;]]],[&quot;span&quot;,{&quot;data-type&quot;:&quot;text&quot;},[&quot;span&quot;,{&quot;data-type&quot;:&quot;leaf&quot;},&quot;&quot;]]]]\" data-identifier-application__slash__x-cangjie-fragment=\"JTdCJTIya2xhc3MlMjIlM0ElMjJkb2N1bWVudCUyMiUyQyUyMmRhdGElMjIlM0ElN0IlN0QlMkMlMjJub2RlcyUyMiUzQSU1QiU3QiUyMmtsYXNzJTIyJTNBJTIyYmxvY2slMjIlMkMlMjJ0eXBlJTIyJTNBJTIycGFyYWdyYXBoJTIyJTJDJTIyZGF0YSUyMiUzQSU3QiUyMmluZCUyMiUzQSU3QiUyMmxlZnQlMjIlM0EwJTdEJTJDJTIyamMlMjIlM0ElMjJsZWZ0JTIyJTJDJTIyc3BhY2luZyUyMiUzQSU3QiUyMmFmdGVyJTIyJTNBNi42NjY2NyUyQyUyMmJlZm9yZSUyMiUzQTYuNjY2NjclMkMlMjJsaW5lJTIyJTNBMSU3RCUyQyUyMnV1aWQlMjIlM0ElMjJsc3d0ZnN2czN2ZWU3aTV4NXVsJTIyJTdEJTJDJTIybm9kZXMlMjIlM0ElNUIlN0IlMjJrbGFzcyUyMiUzQSUyMnRleHQlMjIlMkMlMjJsZWF2ZXMlMjIlM0ElNUIlN0IlMjJrbGFzcyUyMiUzQSUyMmxlYWYlMjIlMkMlMjJ0ZXh0JTIyJTNBJTIyQ2hhcmFjdGVyaXN0aWMlMjIlMkMlMjJtYXJrcyUyMiUzQSU1QiU3QiUyMmtsYXNzJTIyJTNBJTIybWFyayUyMiUyQyUyMnR5cGUlMjIlM0ElMjJib2xkJTIyJTJDJTIyZGF0YSUyMiUzQSU3QiU3RCU3RCUyQyU3QiUyMmtsYXNzJTIyJTNBJTIybWFyayUyMiUyQyUyMnR5cGUlMjIlM0ElMjJzeiUyMiUyQyUyMmRhdGElMjIlM0ElN0IlMjJ2YWx1ZSUyMiUzQTE0JTJDJTIyc3pVbml0JTIyJTNBJTIycHQlMjIlN0QlN0QlNUQlN0QlNUQlN0QlNUQlN0QlMkMlN0IlMjJrbGFzcyUyMiUzQSUyMmJsb2NrJTIyJTJDJTIydHlwZSUyMiUzQSUyMnBhcmFncmFwaCUyMiUyQyUyMmRhdGElMjIlM0ElN0IlMjJqYyUyMiUzQSUyMmxlZnQlMjIlMkMlMjJpbmQlMjIlM0ElN0IlMjJsZWZ0JTIyJTNBMCU3RCUyQyUyMnNwYWNpbmclMjIlM0ElN0IlMjJiZWZvcmUlMjIlM0E2LjY2NjY3JTJDJTIyYWZ0ZXIlMjIlM0E2LjY2NjY3JTJDJTIybGluZSUyMiUzQTElN0QlMkMlMjJ1dWlkJTIyJTNBJTIybHQ1OXJ0MmlhemJwZjAwY2FmaCUyMiU3RCUyQyUyMm5vZGVzJTIyJTNBJTVCJTdCJTIya2xhc3MlMjIlM0ElMjJ0ZXh0JTIyJTJDJTIybGVhdmVzJTIyJTNBJTVCJTdCJTIya2xhc3MlMjIlM0ElMjJsZWFmJTIyJTJDJTIydGV4dCUyMiUzQSUyMlBhbGUlMjB5ZWxsb3clMjB0byUyMGFtYmVyJTIwdGhpY2slMjBsaXF1aWQuJTIwU29sdWJsZSUyMGluJTIwZXRoYW5vbCUyQyUyMGFjZXRvbmUlMkMlMjBhbGlwaGF0aWMlMjBoeWRyb2NhcmJvbiUyQyUyMGFyb21hdGljJTIwaHlkcm9jYXJib24lMkMlMjB0cmljaGxvcm9ldGhhbmUlMjBhbmQlMjBvdGhlciUyMG9yZ2FuaWMlMjBzb2x2ZW50cyUyQyUyMGluc29sdWJsZSUyMGluJTIwd2F0ZXIuJTIyJTJDJTIybWFya3MlMjIlM0ElNUIlN0IlMjJrbGFzcyUyMiUzQSUyMm1hcmslMjIlMkMlMjJ0eXBlJTIyJTNBJTIyc3olMjIlMkMlMjJkYXRhJTIyJTNBJTdCJTIydmFsdWUlMjIlM0ExNCUyQyUyMnN6VW5pdCUyMiUzQSUyMnB0JTIyJTdEJTdEJTVEJTdEJTVEJTdEJTVEJTdEJTJDJTdCJTIya2xhc3MlMjIlM0ElMjJibG9jayUyMiUyQyUyMnR5cGUlMjIlM0ElMjJwYXJhZ3JhcGglMjIlMkMlMjJkYXRhJTIyJTNBJTdCJTIydXVpZCUyMiUzQSUyMmx0NTlmaDV4aTNpNXN1eXN0dSUyMiU3RCUyQyUyMm5vZGVzJTIyJTNBJTVCJTdCJTIya2xhc3MlMjIlM0ElMjJ0ZXh0JTIyJTJDJTIybGVhdmVzJTIyJTNBJTVCJTdCJTIya2xhc3MlMjIlM0ElMjJsZWFmJTIyJTJDJTIydGV4dCUyMiUzQSUyMiUyMiUyQyUyMm1hcmtzJTIyJTNBJTVCJTVEJTdEJTVEJTdEJTJDJTdCJTIya2xhc3MlMjIlM0ElMjJpbmxpbmUlMjIlMkMlMjJ0eXBlJTIyJTNBJTIyYnIlMjIlMkMlMjJkYXRhJTIyJTNBJTdCJTIydHlwZSUyMiUzQSUyMnRleHRXcmFwcGluZyUyMiUyQyUyMmRhdGElMjIlM0ElN0IlN0QlMkMlMjJ1dWlkJTIyJTNBJTIybHQ1OTFlaW8xeHNoazg2eWppeSUyMiU3RCUyQyUyMm5vZGVzJTIyJTNBJTVCJTdCJTIya2xhc3MlMjIlM0ElMjJ0ZXh0JTIyJTJDJTIybGVhdmVzJTIyJTNBJTVCJTdCJTIya2xhc3MlMjIlM0ElMjJsZWFmJTIyJTJDJTIydGV4dCUyMiUzQSUyMiUyMiUyQyUyMm1hcmtzJTIyJTNBJTVCJTVEJTdEJTVEJTdEJTVEJTdEJTJDJTdCJTIya2xhc3MlMjIlM0ElMjJ0ZXh0JTIyJTJDJTIybGVhdmVzJTIyJTNBJTVCJTdCJTIya2xhc3MlMjIlM0ElMjJsZWFmJTIyJTJDJTIydGV4dCUyMiUzQSUyMkFwcGxpY2F0aW9uJTIyJTJDJTIybWFya3MlMjIlM0ElNUIlN0IlMjJrbGFzcyUyMiUzQSUyMm1hcmslMjIlMkMlMjJ0eXBlJTIyJTNBJTIyYm9sZCUyMiUyQyUyMmRhdGElMjIlM0ElN0IlN0QlN0QlMkMlN0IlMjJrbGFzcyUyMiUzQSUyMm1hcmslMjIlMkMlMjJ0eXBlJTIyJTNBJTIyY29sb3IlMjIlMkMlMjJkYXRhJTIyJTNBJTdCJTIydmFsdWUlMjIlM0ElMjJyZ2IoNjglMkMlMjA2OCUyQyUyMDY4KSUyMiU3RCU3RCUyQyU3QiUyMmtsYXNzJTIyJTNBJTIybWFyayUyMiUyQyUyMnR5cGUlMjIlM0ElMjJzeiUyMiUyQyUyMmRhdGElMjIlM0ElN0IlMjJ2YWx1ZSUyMiUzQTEwLjUlMkMlMjJzelVuaXQlMjIlM0ElMjJwdCUyMiU3RCU3RCU1RCU3RCU1RCU3RCU1RCU3RCUyQyU3QiUyMmtsYXNzJTIyJTNBJTIyYmxvY2slMjIlMkMlMjJ0eXBlJTIyJTNBJTIycGFyYWdyYXBoJTIyJTJDJTIyZGF0YSUyMiUzQSU3QiUyMnV1aWQlMjIlM0ElMjJsdDU5bGZhaGJ3aGdidzcxZGglMjIlN0QlMkMlMjJub2RlcyUyMiUzQSU1QiU3QiUyMmtsYXNzJTIyJTNBJTIydGV4dCUyMiUyQyUyMmxlYXZlcyUyMiUzQSU1QiU3QiUyMmtsYXNzJTIyJTNBJTIybGVhZiUyMiUyQyUyMnRleHQlMjIlM0ElMjJVc2VkJTIwYXMlMjBhJTIwc3RhYmlsaXplciUyMGFuZCUyMGFudGlveGlkYW50JTIwZm9yJTIwc3ludGhldGljJTIwcnViYmVyJTIwYW5kJTIwbmF0dXJhbCUyMHJ1YmJlciUyMHN1Y2glMjBhcyUyMGJ1dGFkaWVuZSUyQyUyMGNobG9yb3ByZW5lJTJDJTIwZXRoeWxlbmUlMjBhbmQlMjBwcm9weWxlbmUlMjIlMkMlMjJtYXJrcyUyMiUzQSU1QiU1RCU3RCU1RCU3RCUyQyU3QiUyMmtsYXNzJTIyJTNBJTIyaW5saW5lJTIyJTJDJTIydHlwZSUyMiUzQSUyMmJyJTIyJTJDJTIyZGF0YSUyMiUzQSU3QiUyMnR5cGUlMjIlM0ElMjJ0ZXh0V3JhcHBpbmclMjIlMkMlMjJkYXRhJTIyJTNBJTdCJTdEJTJDJTIydXVpZCUyMiUzQSUyMmx0NTkxZWlvOGtpcXh4Z3plaHclMjIlN0QlMkMlMjJub2RlcyUyMiUzQSU1QiU3QiUyMmtsYXNzJTIyJTNBJTIydGV4dCUyMiUyQyUyMmxlYXZlcyUyMiUzQSU1QiU3QiUyMmtsYXNzJTIyJTNBJTIybGVhZiUyMiUyQyUyMnRleHQlMjIlM0ElMjIlMjIlMkMlMjJtYXJrcyUyMiUzQSU1QiU1RCU3RCU1RCU3RCU1RCU3RCUyQyU3QiUyMmtsYXNzJTIyJTNBJTIydGV4dCUyMiUyQyUyMmxlYXZlcyUyMiUzQSU1QiU3QiUyMmtsYXNzJTIyJTNBJTIybGVhZiUyMiUyQyUyMnRleHQlMjIlM0ElMjIlMjIlMkMlMjJtYXJrcyUyMiUzQSU1QiU1RCU3RCU1RCU3RCU1RCU3RCU1RCU3RA==\" data-identifier-application__slash__x-doc-key=\"1X3lE6ekRYRgnJbv\"><strong>\u00d6zellik<\/strong><span data-type=\"text\">A\u00e7\u0131k sar\u0131dan kehribar rengine kadar koyu s\u0131v\u0131. Etanol, aseton, alifatik hidrokarbon, aromatik hidrokarbon, trikloroetan ve di\u011fer organik \u00e7\u00f6z\u00fcc\u00fclerde \u00e7\u00f6z\u00fcn\u00fcr, suda \u00e7\u00f6z\u00fcnmez.<\/span><\/p>\n<p><br data-path=\"2,1\" \/><strong>Ba\u015fvuru<\/strong><\/p>\n<p><span data-type=\"text\">B\u00fctadien, kloropren, etilen ve propilen gibi sentetik kau\u00e7uk ve do\u011fal kau\u00e7uk i\u00e7in dengeleyici ve antioksidan olarak kullan\u0131l\u0131r<\/span><\/p>\n<\/article>","protected":false},"excerpt":{"rendered":"<article class=\"4ever-article\" data-clipboard-cangjie=\"[&quot;root&quot;,{},[&quot;p&quot;,{&quot;jc&quot;:&quot;left&quot;,&quot;ind&quot;:{&quot;left&quot;:0},&quot;spacing&quot;:{&quot;before&quot;:6.66667,&quot;after&quot;:6.66667,&quot;line&quot;:1},&quot;uuid&quot;:&quot;lswtfsvvvijk6s1z8p&quot;},[&quot;span&quot;,{&quot;data-type&quot;:&quot;text&quot;},[&quot;span&quot;,{&quot;color&quot;:&quot;rgb(0, 0, 0)&quot;,&quot;sz&quot;:12,&quot;szUnit&quot;:&quot;pt&quot;,&quot;data-type&quot;:&quot;leaf&quot;},&quot;Product name:&quot;],[&quot;span&quot;,{&quot;color&quot;:&quot;#000000&quot;,&quot;fonts&quot;:{&quot;ascii&quot;:&quot;\u5b8b\u4f53&quot;,&quot;hAnsi&quot;:&quot;\u5b8b\u4f53&quot;,&quot;cs&quot;:&quot;\u5b8b\u4f53&quot;,&quot;eastAsia&quot;:&quot;\u5b8b\u4f53&quot;},&quot;sz&quot;:11,&quot;szUnit&quot;:&quot;pt&quot;,&quot;data-type&quot;:&quot;leaf&quot;},&quot; &quot;],[&quot;span&quot;,{&quot;sz&quot;:11,&quot;szUnit&quot;:&quot;pt&quot;,&quot;fonts&quot;:{&quot;ascii&quot;:&quot;\u5b8b\u4f53&quot;,&quot;hAnsi&quot;:&quot;\u5b8b\u4f53&quot;,&quot;cs&quot;:&quot;\u5b8b\u4f53&quot;,&quot;eastAsia&quot;:&quot;\u5b8b\u4f53&quot;},&quot;color&quot;:&quot;#000000&quot;,&quot;data-type&quot;:&quot;leaf&quot;},&quot;Styrenated phenol&quot;]]],[&quot;p&quot;,{&quot;ind&quot;:{&quot;left&quot;:0},&quot;jc&quot;:&quot;left&quot;,&quot;spacing&quot;:{&quot;after&quot;:6.66667,&quot;before&quot;:6.66667,&quot;line&quot;:1},&quot;uuid&quot;:&quot;lswvmmugqxelvfo7nls&quot;},[&quot;span&quot;,{&quot;data-type&quot;:&quot;text&quot;},[&quot;span&quot;,{&quot;color&quot;:&quot;rgb(0, 0, 0)&quot;,&quot;sz&quot;:12,&quot;szUnit&quot;:&quot;pt&quot;,&quot;data-type&quot;:&quot;leaf&quot;},&quot;CAS number\uff1a&quot;],[&quot;span&quot;,{&quot;sz&quot;:11,&quot;szUnit&quot;:&quot;pt&quot;,&quot;fonts&quot;:{&quot;ascii&quot;:&quot;\u5b8b\u4f53&quot;,&quot;hAnsi&quot;:&quot;\u5b8b\u4f53&quot;,&quot;cs&quot;:&quot;\u5b8b\u4f53&quot;,&quot;eastAsia&quot;:&quot;\u5b8b\u4f53&quot;},&quot;color&quot;:&quot;#000000&quot;,&quot;data-type&quot;:&quot;leaf&quot;},&quot;61788-44-1&quot;]]],[&quot;p&quot;,{&quot;ind&quot;:{&quot;left&quot;:0},&quot;jc&quot;:&quot;left&quot;,&quot;spacing&quot;:{&quot;after&quot;:6.66667,&quot;before&quot;:6.66667,&quot;line&quot;:1},&quot;uuid&quot;:&quot;lt57acnvgfskc1r2i8c&quot;},[&quot;span&quot;,{&quot;data-type&quot;:&quot;text&quot;},[&quot;span&quot;,{&quot;sz&quot;:12,&quot;szUnit&quot;:&quot;pt&quot;,&quot;data-type&quot;:&quot;leaf&quot;},&quot;EC number\uff1a262-975-0&quot;]]],[&quot;p&quot;,{&quot;ind&quot;:{&quot;left&quot;:0},&quot;jc&quot;:&quot;left&quot;,&quot;spacing&quot;:{&quot;after&quot;:6.66667,&quot;before&quot;:6.66667,&quot;line&quot;:1},&quot;uuid&quot;:&quot;lt57a2i7dpd61uranxk&quot;},[&quot;span&quot;,{&quot;data-type&quot;:&quot;text&quot;},[&quot;span&quot;,{&quot;color&quot;:&quot;rgb(0, 0, 0)&quot;,&quot;sz&quot;:12,&quot;szUnit&quot;:&quot;pt&quot;,&quot;data-type&quot;:&quot;leaf&quot;},&quot;Appearance: &quot;],[&quot;span&quot;,{&quot;sz&quot;:14,&quot;szUnit&quot;:&quot;pt&quot;,&quot;data-type&quot;:&quot;leaf&quot;},&quot;Pale yellow to amber thick liquid&quot;]]]]\" data-identifier-application__slash__x-cangjie-fragment=\"JTdCJTIya2xhc3MlMjIlM0ElMjJkb2N1bWVudCUyMiUyQyUyMmRhdGElMjIlM0ElN0IlN0QlMkMlMjJub2RlcyUyMiUzQSU1QiU3QiUyMmtsYXNzJTIyJTNBJTIyYmxvY2slMjIlMkMlMjJ0eXBlJTIyJTNBJTIycGFyYWdyYXBoJTIyJTJDJTIyZGF0YSUyMiUzQSU3QiUyMmpjJTIyJTNBJTIybGVmdCUyMiUyQyUyMmluZCUyMiUzQSU3QiUyMmxlZnQlMjIlM0EwJTdEJTJDJTIyc3BhY2luZyUyMiUzQSU3QiUyMmJlZm9yZSUyMiUzQTYuNjY2NjclMkMlMjJhZnRlciUyMiUzQTYuNjY2NjclMkMlMjJsaW5lJTIyJTNBMSU3RCUyQyUyMnV1aWQlMjIlM0ElMjJsc3d0ZnN2dnZpams2czF6OHAlMjIlN0QlMkMlMjJub2RlcyUyMiUzQSU1QiU3QiUyMmtsYXNzJTIyJTNBJTIydGV4dCUyMiUyQyUyMmxlYXZlcyUyMiUzQSU1QiU3QiUyMmtsYXNzJTIyJTNBJTIybGVhZiUyMiUyQyUyMnRleHQlMjIlM0ElMjJQcm9kdWN0JTIwbmFtZSUzQSUyMiUyQyUyMm1hcmtzJTIyJTNBJTVCJTdCJTIya2xhc3MlMjIlM0ElMjJtYXJrJTIyJTJDJTIydHlwZSUyMiUzQSUyMmNvbG9yJTIyJTJDJTIyZGF0YSUyMiUzQSU3QiUyMnZhbHVlJTIyJTNBJTIycmdiKDAlMkMlMjAwJTJDJTIwMCklMjIlN0QlN0QlMkMlN0IlMjJrbGFzcyUyMiUzQSUyMm1hcmslMjIlMkMlMjJ0eXBlJTIyJTNBJTIyc3olMjIlMkMlMjJkYXRhJTIyJTNBJTdCJTIydmFsdWUlMjIlM0ExMiUyQyUyMnN6VW5pdCUyMiUzQSUyMnB0JTIyJTdEJTdEJTVEJTdEJTJDJTdCJTIya2xhc3MlMjIlM0ElMjJsZWFmJTIyJTJDJTIydGV4dCUyMiUzQSUyMiUyMCUyMiUyQyUyMm1hcmtzJTIyJTNBJTVCJTdCJTIya2xhc3MlMjIlM0ElMjJtYXJrJTIyJTJDJTIydHlwZSUyMiUzQSUyMmNvbG9yJTIyJTJDJTIyZGF0YSUyMiUzQSU3QiUyMnZhbHVlJTIyJTNBJTIyJTIzMDAwMDAwJTIyJTdEJTdEJTJDJTdCJTIya2xhc3MlMjIlM0ElMjJtYXJrJTIyJTJDJTIydHlwZSUyMiUzQSUyMmZvbnRzJTIyJTJDJTIyZGF0YSUyMiUzQSU3QiUyMmFzY2lpJTIyJTNBJTIyJUU1JUFFJThCJUU0JUJEJTkzJTIyJTJDJTIyaEFuc2klMjIlM0ElMjIlRTUlQUUlOEIlRTQlQkQlOTMlMjIlMkMlMjJjcyUyMiUzQSUyMiVFNSVBRSU4QiVFNCVCRCU5MyUyMiUyQyUyMmVhc3RBc2lhJTIyJTNBJTIyJUU1JUFFJThCJUU0JUJEJTkzJTIyJTdEJTdEJTJDJTdCJTIya2xhc3MlMjIlM0ElMjJtYXJrJTIyJTJDJTIydHlwZSUyMiUzQSUyMnN6JTIyJTJDJTIyZGF0YSUyMiUzQSU3QiUyMnZhbHVlJTIyJTNBMTElMkMlMjJzelVuaXQlMjIlM0ElMjJwdCUyMiU3RCU3RCU1RCU3RCUyQyU3QiUyMmtsYXNzJTIyJTNBJTIybGVhZiUyMiUyQyUyMnRleHQlMjIlM0ElMjJTdHlyZW5hdGVkJTIwcGhlbm9sJTIyJTJDJTIybWFya3MlMjIlM0ElNUIlN0IlMjJrbGFzcyUyMiUzQSUyMm1hcmslMjIlMkMlMjJ0eXBlJTIyJTNBJTIyc3olMjIlMkMlMjJkYXRhJTIyJTNBJTdCJTIydmFsdWUlMjIlM0ExMSUyQyUyMnNjYWxlJTIyJTNBMSUyQyUyMnN6VW5pdCUyMiUzQSUyMnB0JTIyJTdEJTdEJTJDJTdCJTIya2xhc3MlMjIlM0ElMjJtYXJrJTIyJTJDJTIydHlwZSUyMiUzQSUyMmZvbnRzJTIyJTJDJTIyZGF0YSUyMiUzQSU3QiUyMmFzY2lpJTIyJTNBJTIyJUU1JUFFJThCJUU0JUJEJTkzJTIyJTJDJTIyaEFuc2klMjIlM0ElMjIlRTUlQUUlOEIlRTQlQkQlOTMlMjIlMkMlMjJjcyUyMiUzQSUyMiVFNSVBRSU4QiVFNCVCRCU5MyUyMiUyQyUyMmVhc3RBc2lhJTIyJTNBJTIyJUU1JUFFJThCJUU0JUJEJTkzJTIyJTdEJTdEJTJDJTdCJTIya2xhc3MlMjIlM0ElMjJtYXJrJTIyJTJDJTIydHlwZSUyMiUzQSUyMmNvbG9yJTIyJTJDJTIyZGF0YSUyMiUzQSU3QiUyMnZhbHVlJTIyJTNBJTIyJTIzMDAwMDAwJTIyJTdEJTdEJTVEJTdEJTVEJTdEJTVEJTdEJTJDJTdCJTIya2xhc3MlMjIlM0ElMjJibG9jayUyMiUyQyUyMnR5cGUlMjIlM0ElMjJwYXJhZ3JhcGglMjIlMkMlMjJkYXRhJTIyJTNBJTdCJTIyaW5kJTIyJTNBJTdCJTIybGVmdCUyMiUzQTAlN0QlMkMlMjJqYyUyMiUzQSUyMmxlZnQlMjIlMkMlMjJzcGFjaW5nJTIyJTNBJTdCJTIyYWZ0ZXIlMjIlM0E2LjY2NjY3JTJDJTIyYmVmb3JlJTIyJTNBNi42NjY2NyUyQyUyMmxpbmUlMjIlM0ExJTdEJTJDJTIydXVpZCUyMiUzQSUyMmxzd3ZtbXVncXhlbHZmbzdubHMlMjIlN0QlMkMlMjJub2RlcyUyMiUzQSU1QiU3QiUyMmtsYXNzJTIyJTNBJTIydGV4dCUyMiUyQyUyMmxlYXZlcyUyMiUzQSU1QiU3QiUyMmtsYXNzJTIyJTNBJTIybGVhZiUyMiUyQyUyMnRleHQlMjIlM0ElMjJDQVMlMjBudW1iZXIlRUYlQkMlOUElMjIlMkMlMjJtYXJrcyUyMiUzQSU1QiU3QiUyMmtsYXNzJTIyJTNBJTIybWFyayUyMiUyQyUyMnR5cGUlMjIlM0ElMjJjb2xvciUyMiUyQyUyMmRhdGElMjIlM0ElN0IlMjJ2YWx1ZSUyMiUzQSUyMnJnYigwJTJDJTIwMCUyQyUyMDApJTIyJTdEJTdEJTJDJTdCJTIya2xhc3MlMjIlM0ElMjJtYXJrJTIyJTJDJTIydHlwZSUyMiUzQSUyMnN6JTIyJTJDJTIyZGF0YSUyMiUzQSU3QiUyMnZhbHVlJTIyJTNBMTIlMkMlMjJzelVuaXQlMjIlM0ElMjJwdCUyMiU3RCU3RCU1RCU3RCUyQyU3QiUyMmtsYXNzJTIyJTNBJTIybGVhZiUyMiUyQyUyMnRleHQlMjIlM0ElMjI2MTc4OC00NC0xJTIyJTJDJTIybWFya3MlMjIlM0ElNUIlN0IlMjJrbGFzcyUyMiUzQSUyMm1hcmslMjIlMkMlMjJ0eXBlJTIyJTNBJTIyc3olMjIlMkMlMjJkYXRhJTIyJTNBJTdCJTIydmFsdWUlMjIlM0ExMSUyQyUyMnNjYWxlJTIyJTNBMSUyQyUyMnN6VW5pdCUyMiUzQSUyMnB0JTIyJTdEJTdEJTJDJTdCJTIya2xhc3MlMjIlM0ElMjJtYXJrJTIyJTJDJTIydHlwZSUyMiUzQSUyMmZvbnRzJTIyJTJDJTIyZGF0YSUyMiUzQSU3QiUyMmFzY2lpJTIyJTNBJTIyJUU1JUFFJThCJUU0JUJEJTkzJTIyJTJDJTIyaEFuc2klMjIlM0ElMjIlRTUlQUUlOEIlRTQlQkQlOTMlMjIlMkMlMjJjcyUyMiUzQSUyMiVFNSVBRSU4QiVFNCVCRCU5MyUyMiUyQyUyMmVhc3RBc2lhJTIyJTNBJTIyJUU1JUFFJThCJUU0JUJEJTkzJTIyJTdEJTdEJTJDJTdCJTIya2xhc3MlMjIlM0ElMjJtYXJrJTIyJTJDJTIydHlwZSUyMiUzQSUyMmNvbG9yJTIyJTJDJTIyZGF0YSUyMiUzQSU3QiUyMnZhbHVlJTIyJTNBJTIyJTIzMDAwMDAwJTIyJTdEJTdEJTVEJTdEJTVEJTdEJTVEJTdEJTJDJTdCJTIya2xhc3MlMjIlM0ElMjJibG9jayUyMiUyQyUyMnR5cGUlMjIlM0ElMjJwYXJhZ3JhcGglMjIlMkMlMjJkYXRhJTIyJTNBJTdCJTIyaW5kJTIyJTNBJTdCJTIybGVmdCUyMiUzQTAlN0QlMkMlMjJqYyUyMiUzQSUyMmxlZnQlMjIlMkMlMjJzcGFjaW5nJTIyJTNBJTdCJTIyYWZ0ZXIlMjIlM0E2LjY2NjY3JTJDJTIyYmVmb3JlJTIyJTNBNi42NjY2NyUyQyUyMmxpbmUlMjIlM0ExJTdEJTJDJTIydXVpZCUyMiUzQSUyMmx0NTdhY252Z2Zza2MxcjJpOGMlMjIlN0QlMkMlMjJub2RlcyUyMiUzQSU1QiU3QiUyMmtsYXNzJTIyJTNBJTIydGV4dCUyMiUyQyUyMmxlYXZlcyUyMiUzQSU1QiU3QiUyMmtsYXNzJTIyJTNBJTIybGVhZiUyMiUyQyUyMnRleHQlMjIlM0ElMjJFQyUyMG51bWJlciVFRiVCQyU5QTI2Mi05NzUtMCUyMiUyQyUyMm1hcmtzJTIyJTNBJTVCJTdCJTIya2xhc3MlMjIlM0ElMjJtYXJrJTIyJTJDJTIydHlwZSUyMiUzQSUyMnN6JTIyJTJDJTIyZGF0YSUyMiUzQSU3QiUyMnZhbHVlJTIyJTNBMTIlMkMlMjJzelVuaXQlMjIlM0ElMjJwdCUyMiU3RCU3RCU1RCU3RCU1RCU3RCU1RCU3RCUyQyU3QiUyMmtsYXNzJTIyJTNBJTIyYmxvY2slMjIlMkMlMjJ0eXBlJTIyJTNBJTIycGFyYWdyYXBoJTIyJTJDJTIyZGF0YSUyMiUzQSU3QiUyMmluZCUyMiUzQSU3QiUyMmxlZnQlMjIlM0EwJTdEJTJDJTIyamMlMjIlM0ElMjJsZWZ0JTIyJTJDJTIyc3BhY2luZyUyMiUzQSU3QiUyMmFmdGVyJTIyJTNBNi42NjY2NyUyQyUyMmJlZm9yZSUyMiUzQTYuNjY2NjclMkMlMjJsaW5lJTIyJTNBMSU3RCUyQyUyMnV1aWQlMjIlM0ElMjJsdDU3YTJpN2RwZDYxdXJhbnhrJTIyJTdEJTJDJTIybm9kZXMlMjIlM0ElNUIlN0IlMjJrbGFzcyUyMiUzQSUyMnRleHQlMjIlMkMlMjJsZWF2ZXMlMjIlM0ElNUIlN0IlMjJrbGFzcyUyMiUzQSUyMmxlYWYlMjIlMkMlMjJ0ZXh0JTIyJTNBJTIyQXBwZWFyYW5jZSUzQSUyMCUyMiUyQyUyMm1hcmtzJTIyJTNBJTVCJTdCJTIya2xhc3MlMjIlM0ElMjJtYXJrJTIyJTJDJTIydHlwZSUyMiUzQSUyMmNvbG9yJTIyJTJDJTIyZGF0YSUyMiUzQSU3QiUyMnZhbHVlJTIyJTNBJTIycmdiKDAlMkMlMjAwJTJDJTIwMCklMjIlN0QlN0QlMkMlN0IlMjJrbGFzcyUyMiUzQSUyMm1hcmslMjIlMkMlMjJ0eXBlJTIyJTNBJTIyc3olMjIlMkMlMjJkYXRhJTIyJTNBJTdCJTIydmFsdWUlMjIlM0ExMiUyQyUyMnN6VW5pdCUyMiUzQSUyMnB0JTIyJTdEJTdEJTVEJTdEJTJDJTdCJTIya2xhc3MlMjIlM0ElMjJsZWFmJTIyJTJDJTIydGV4dCUyMiUzQSUyMlBhbGUlMjB5ZWxsb3clMjB0byUyMGFtYmVyJTIwdGhpY2slMjBsaXF1aWQlMjIlMkMlMjJtYXJrcyUyMiUzQSU1QiU3QiUyMmtsYXNzJTIyJTNBJTIybWFyayUyMiUyQyUyMnR5cGUlMjIlM0ElMjJzeiUyMiUyQyUyMmRhdGElMjIlM0ElN0IlMjJ2YWx1ZSUyMiUzQTE0JTJDJTIyc3pVbml0JTIyJTNBJTIycHQlMjIlN0QlN0QlNUQlN0QlNUQlN0QlNUQlN0QlNUQlN0Q=\" data-identifier-application__slash__x-doc-key=\"1X3lE6ekRYRgnJbv\"><span data-type=\"text\">\u00dcr\u00fcn ad\u0131:<\/span><span data-type=\"text\">\u00a0<\/span><span data-type=\"text\">Stirenlenmi\u015f fenol<\/span><span data-type=\"text\">CAS numaras\u0131\uff1a<\/span><span data-type=\"text\">61788-44-1<\/span><\/p>\n<p><span data-type=\"text\">EC numaras\u0131\uff1a262-975-0<\/span><\/p>\n<p><span data-type=\"text\">D\u0131\u015f g\u00f6r\u00fcn\u00fc\u015f:\u00a0<\/span><span data-type=\"text\">Soluk sar\u0131dan kehribar rengine kadar koyu s\u0131v\u0131<\/span><\/p>\n<\/article>","protected":false},"featured_media":6546,"template":"","meta":{"_acf_changed":false,"_gspb_post_css":""},"product_brand":[],"product_cat":[62,72],"product_tag":[],"class_list":{"0":"post-6854","1":"product","2":"type-product","3":"status-publish","4":"has-post-thumbnail","6":"product_cat-rubberplastic-ingredients","7":"product_cat-rubber-accelerator","9":"first","10":"instock","11":"shipping-taxable","12":"product-type-simple"},"acf":[],"_links":{"self":[{"href":"https:\/\/wpachem.com\/tr\/wp-json\/wp\/v2\/product\/6854","targetHints":{"allow":["GET"]}}],"collection":[{"href":"https:\/\/wpachem.com\/tr\/wp-json\/wp\/v2\/product"}],"about":[{"href":"https:\/\/wpachem.com\/tr\/wp-json\/wp\/v2\/types\/product"}],"version-history":[{"count":0,"href":"https:\/\/wpachem.com\/tr\/wp-json\/wp\/v2\/product\/6854\/revisions"}],"wp:featuredmedia":[{"embeddable":true,"href":"https:\/\/wpachem.com\/tr\/wp-json\/wp\/v2\/media\/6546"}],"wp:attachment":[{"href":"https:\/\/wpachem.com\/tr\/wp-json\/wp\/v2\/media?parent=6854"}],"wp:term":[{"taxonomy":"product_brand","embeddable":true,"href":"https:\/\/wpachem.com\/tr\/wp-json\/wp\/v2\/product_brand?post=6854"},{"taxonomy":"product_cat","embeddable":true,"href":"https:\/\/wpachem.com\/tr\/wp-json\/wp\/v2\/product_cat?post=6854"},{"taxonomy":"product_tag","embeddable":true,"href":"https:\/\/wpachem.com\/tr\/wp-json\/wp\/v2\/product_tag?post=6854"}],"curies":[{"name":"wp","href":"https:\/\/api.w.org\/{rel}","templated":true}]}}