{"id":6875,"date":"2024-03-06T07:05:14","date_gmt":"2024-03-06T07:05:14","guid":{"rendered":"https:\/\/wpachem.com\/?post_type=product&#038;p=6875"},"modified":"2024-03-06T07:05:15","modified_gmt":"2024-03-06T07:05:15","slug":"pga-cas-28829-38-1","status":"publish","type":"product","link":"https:\/\/wpachem.com\/tr\/urun\/pga-cas-28829-38-1\/","title":{"rendered":"PGA CAS 28829-38-1"},"content":{"rendered":"<article class=\"4ever-article\" data-clipboard-cangjie=\"[&quot;root&quot;,{},[&quot;p&quot;,{&quot;ind&quot;:{&quot;left&quot;:0},&quot;jc&quot;:&quot;left&quot;,&quot;spacing&quot;:{&quot;after&quot;:6.66667,&quot;before&quot;:6.66667,&quot;line&quot;:1},&quot;uuid&quot;:&quot;lswtfsvs3vee7i5x5ul&quot;},[&quot;span&quot;,{&quot;data-type&quot;:&quot;text&quot;},[&quot;span&quot;,{&quot;bold&quot;:true,&quot;sz&quot;:14,&quot;szUnit&quot;:&quot;pt&quot;,&quot;data-type&quot;:&quot;leaf&quot;},&quot;Characteristic&quot;]]],[&quot;p&quot;,{&quot;ind&quot;:{&quot;left&quot;:0},&quot;jc&quot;:&quot;left&quot;,&quot;spacing&quot;:{&quot;after&quot;:6.66667,&quot;before&quot;:6.66667,&quot;line&quot;:1},&quot;uuid&quot;:&quot;ltffvyxblvxhioio4ar&quot;},[&quot;span&quot;,{&quot;data-type&quot;:&quot;text&quot;},[&quot;span&quot;,{&quot;sz&quot;:10,&quot;szUnit&quot;:&quot;pt&quot;,&quot;fonts&quot;:{&quot;ascii&quot;:&quot;\u65b9\u6b63\u5c0f\u6807\u5b8b\u7b80\u4f53&quot;,&quot;hAnsi&quot;:&quot;\u65b9\u6b63\u5c0f\u6807\u5b8b\u7b80\u4f53&quot;,&quot;cs&quot;:&quot;\u65b9\u6b63\u5c0f\u6807\u5b8b\u7b80\u4f53&quot;,&quot;eastAsia&quot;:&quot;\u65b9\u6b63\u5c0f\u6807\u5b8b\u7b80\u4f53&quot;},&quot;color&quot;:&quot;#000000&quot;,&quot;data-type&quot;:&quot;leaf&quot;},&quot; Strong hydrating and moisturizing, increase skin elasticity&quot;]]],[&quot;p&quot;,{&quot;uuid&quot;:&quot;lt59fh5xi3i5suystu&quot;},[&quot;span&quot;,{&quot;data-type&quot;:&quot;text&quot;},[&quot;span&quot;,{&quot;data-type&quot;:&quot;leaf&quot;},&quot;&quot;]],[&quot;br&quot;,{&quot;type&quot;:&quot;textWrapping&quot;,&quot;data&quot;:{},&quot;uuid&quot;:&quot;lt591eio1xshk86yjiy&quot;},[&quot;span&quot;,{&quot;data-type&quot;:&quot;text&quot;},[&quot;span&quot;,{&quot;data-type&quot;:&quot;leaf&quot;},&quot;&quot;]]],[&quot;span&quot;,{&quot;data-type&quot;:&quot;text&quot;},[&quot;span&quot;,{&quot;bold&quot;:true,&quot;color&quot;:&quot;rgb(68, 68, 68)&quot;,&quot;sz&quot;:10.5,&quot;szUnit&quot;:&quot;pt&quot;,&quot;data-type&quot;:&quot;leaf&quot;},&quot;Application&quot;]]],[&quot;p&quot;,{&quot;uuid&quot;:&quot;lt59lfahbwhgbw71dh&quot;},[&quot;span&quot;,{&quot;data-type&quot;:&quot;text&quot;},[&quot;span&quot;,{&quot;fonts&quot;:{&quot;ascii&quot;:&quot;\u65b9\u6b63\u5c0f\u6807\u5b8b\u7b80\u4f53&quot;,&quot;cs&quot;:&quot;\u65b9\u6b63\u5c0f\u6807\u5b8b\u7b80\u4f53&quot;,&quot;eastAsia&quot;:&quot;\u65b9\u6b63\u5c0f\u6807\u5b8b\u7b80\u4f53&quot;,&quot;hAnsi&quot;:&quot;\u65b9\u6b63\u5c0f\u6807\u5b8b\u7b80\u4f53&quot;},&quot;sz&quot;:10,&quot;szUnit&quot;:&quot;pt&quot;,&quot;color&quot;:&quot;#000000&quot;,&quot;data-type&quot;:&quot;leaf&quot;},&quot;Sodium Polyglutamate is a cutting-edge cosmetic ingredient celebrated for its exceptional moisturizing and skin-smoothing properties. Chemically, it is derived from polyglutamic acid, a natural peptide found in fermented soybeans. In cosmetics, Sodium Polyglutamate often appears as a white to off-white powder or a clear, slightly viscous liquid, depending on its form. This ingredient works by binding moisture to the skin, enhancing hydration and promoting a smoother, plumper complexion. Further, Sodium Polyglutamate is commonly used in high-end skincare products due to its superior moisture retention abilities.&quot;]]]]\" data-identifier-application__slash__x-cangjie-fragment=\"JTdCJTIya2xhc3MlMjIlM0ElMjJkb2N1bWVudCUyMiUyQyUyMmRhdGElMjIlM0ElN0IlN0QlMkMlMjJub2RlcyUyMiUzQSU1QiU3QiUyMmtsYXNzJTIyJTNBJTIyYmxvY2slMjIlMkMlMjJ0eXBlJTIyJTNBJTIycGFyYWdyYXBoJTIyJTJDJTIyZGF0YSUyMiUzQSU3QiUyMmluZCUyMiUzQSU3QiUyMmxlZnQlMjIlM0EwJTdEJTJDJTIyamMlMjIlM0ElMjJsZWZ0JTIyJTJDJTIyc3BhY2luZyUyMiUzQSU3QiUyMmFmdGVyJTIyJTNBNi42NjY2NyUyQyUyMmJlZm9yZSUyMiUzQTYuNjY2NjclMkMlMjJsaW5lJTIyJTNBMSU3RCUyQyUyMnV1aWQlMjIlM0ElMjJsc3d0ZnN2czN2ZWU3aTV4NXVsJTIyJTdEJTJDJTIybm9kZXMlMjIlM0ElNUIlN0IlMjJrbGFzcyUyMiUzQSUyMnRleHQlMjIlMkMlMjJsZWF2ZXMlMjIlM0ElNUIlN0IlMjJrbGFzcyUyMiUzQSUyMmxlYWYlMjIlMkMlMjJ0ZXh0JTIyJTNBJTIyQ2hhcmFjdGVyaXN0aWMlMjIlMkMlMjJtYXJrcyUyMiUzQSU1QiU3QiUyMmtsYXNzJTIyJTNBJTIybWFyayUyMiUyQyUyMnR5cGUlMjIlM0ElMjJib2xkJTIyJTJDJTIyZGF0YSUyMiUzQSU3QiU3RCU3RCUyQyU3QiUyMmtsYXNzJTIyJTNBJTIybWFyayUyMiUyQyUyMnR5cGUlMjIlM0ElMjJzeiUyMiUyQyUyMmRhdGElMjIlM0ElN0IlMjJ2YWx1ZSUyMiUzQTE0JTJDJTIyc3pVbml0JTIyJTNBJTIycHQlMjIlN0QlN0QlNUQlN0QlNUQlN0QlNUQlN0QlMkMlN0IlMjJrbGFzcyUyMiUzQSUyMmJsb2NrJTIyJTJDJTIydHlwZSUyMiUzQSUyMnBhcmFncmFwaCUyMiUyQyUyMmRhdGElMjIlM0ElN0IlMjJpbmQlMjIlM0ElN0IlMjJsZWZ0JTIyJTNBMCU3RCUyQyUyMmpjJTIyJTNBJTIybGVmdCUyMiUyQyUyMnNwYWNpbmclMjIlM0ElN0IlMjJhZnRlciUyMiUzQTYuNjY2NjclMkMlMjJiZWZvcmUlMjIlM0E2LjY2NjY3JTJDJTIybGluZSUyMiUzQTElN0QlMkMlMjJ1dWlkJTIyJTNBJTIybHRmZnZ5eGJsdnhoaW9pbzRhciUyMiU3RCUyQyUyMm5vZGVzJTIyJTNBJTVCJTdCJTIya2xhc3MlMjIlM0ElMjJ0ZXh0JTIyJTJDJTIybGVhdmVzJTIyJTNBJTVCJTdCJTIya2xhc3MlMjIlM0ElMjJsZWFmJTIyJTJDJTIydGV4dCUyMiUzQSUyMiUyMFN0cm9uZyUyMGh5ZHJhdGluZyUyMGFuZCUyMG1vaXN0dXJpemluZyUyQyUyMGluY3JlYXNlJTIwc2tpbiUyMGVsYXN0aWNpdHklMjIlMkMlMjJtYXJrcyUyMiUzQSU1QiU3QiUyMmtsYXNzJTIyJTNBJTIybWFyayUyMiUyQyUyMnR5cGUlMjIlM0ElMjJzeiUyMiUyQyUyMmRhdGElMjIlM0ElN0IlMjJ2YWx1ZSUyMiUzQTEwJTJDJTIyc2NhbGUlMjIlM0ExJTJDJTIyc3pVbml0JTIyJTNBJTIycHQlMjIlN0QlN0QlMkMlN0IlMjJrbGFzcyUyMiUzQSUyMm1hcmslMjIlMkMlMjJ0eXBlJTIyJTNBJTIyZm9udHMlMjIlMkMlMjJkYXRhJTIyJTNBJTdCJTIyYXNjaWklMjIlM0ElMjIlRTYlOTYlQjklRTYlQUQlQTMlRTUlQjAlOEYlRTYlQTAlODclRTUlQUUlOEIlRTclQUUlODAlRTQlQkQlOTMlMjIlMkMlMjJoQW5zaSUyMiUzQSUyMiVFNiU5NiVCOSVFNiVBRCVBMyVFNSVCMCU4RiVFNiVBMCU4NyVFNSVBRSU4QiVFNyVBRSU4MCVFNCVCRCU5MyUyMiUyQyUyMmNzJTIyJTNBJTIyJUU2JTk2JUI5JUU2JUFEJUEzJUU1JUIwJThGJUU2JUEwJTg3JUU1JUFFJThCJUU3JUFFJTgwJUU0JUJEJTkzJTIyJTJDJTIyZWFzdEFzaWElMjIlM0ElMjIlRTYlOTYlQjklRTYlQUQlQTMlRTUlQjAlOEYlRTYlQTAlODclRTUlQUUlOEIlRTclQUUlODAlRTQlQkQlOTMlMjIlN0QlN0QlMkMlN0IlMjJrbGFzcyUyMiUzQSUyMm1hcmslMjIlMkMlMjJ0eXBlJTIyJTNBJTIyY29sb3IlMjIlMkMlMjJkYXRhJTIyJTNBJTdCJTIydmFsdWUlMjIlM0ElMjIlMjMwMDAwMDAlMjIlN0QlN0QlNUQlN0QlNUQlN0QlNUQlN0QlMkMlN0IlMjJrbGFzcyUyMiUzQSUyMmJsb2NrJTIyJTJDJTIydHlwZSUyMiUzQSUyMnBhcmFncmFwaCUyMiUyQyUyMmRhdGElMjIlM0ElN0IlMjJ1dWlkJTIyJTNBJTIybHQ1OWZoNXhpM2k1c3V5c3R1JTIyJTdEJTJDJTIybm9kZXMlMjIlM0ElNUIlN0IlMjJrbGFzcyUyMiUzQSUyMnRleHQlMjIlMkMlMjJsZWF2ZXMlMjIlM0ElNUIlN0IlMjJrbGFzcyUyMiUzQSUyMmxlYWYlMjIlMkMlMjJ0ZXh0JTIyJTNBJTIyJTIyJTJDJTIybWFya3MlMjIlM0ElNUIlNUQlN0QlNUQlN0QlMkMlN0IlMjJrbGFzcyUyMiUzQSUyMmlubGluZSUyMiUyQyUyMnR5cGUlMjIlM0ElMjJiciUyMiUyQyUyMmRhdGElMjIlM0ElN0IlMjJ0eXBlJTIyJTNBJTIydGV4dFdyYXBwaW5nJTIyJTJDJTIyZGF0YSUyMiUzQSU3QiU3RCUyQyUyMnV1aWQlMjIlM0ElMjJsdDU5MWVpbzF4c2hrODZ5aml5JTIyJTdEJTJDJTIybm9kZXMlMjIlM0ElNUIlN0IlMjJrbGFzcyUyMiUzQSUyMnRleHQlMjIlMkMlMjJsZWF2ZXMlMjIlM0ElNUIlN0IlMjJrbGFzcyUyMiUzQSUyMmxlYWYlMjIlMkMlMjJ0ZXh0JTIyJTNBJTIyJTIyJTJDJTIybWFya3MlMjIlM0ElNUIlNUQlN0QlNUQlN0QlNUQlN0QlMkMlN0IlMjJrbGFzcyUyMiUzQSUyMnRleHQlMjIlMkMlMjJsZWF2ZXMlMjIlM0ElNUIlN0IlMjJrbGFzcyUyMiUzQSUyMmxlYWYlMjIlMkMlMjJ0ZXh0JTIyJTNBJTIyQXBwbGljYXRpb24lMjIlMkMlMjJtYXJrcyUyMiUzQSU1QiU3QiUyMmtsYXNzJTIyJTNBJTIybWFyayUyMiUyQyUyMnR5cGUlMjIlM0ElMjJib2xkJTIyJTJDJTIyZGF0YSUyMiUzQSU3QiU3RCU3RCUyQyU3QiUyMmtsYXNzJTIyJTNBJTIybWFyayUyMiUyQyUyMnR5cGUlMjIlM0ElMjJjb2xvciUyMiUyQyUyMmRhdGElMjIlM0ElN0IlMjJ2YWx1ZSUyMiUzQSUyMnJnYig2OCUyQyUyMDY4JTJDJTIwNjgpJTIyJTdEJTdEJTJDJTdCJTIya2xhc3MlMjIlM0ElMjJtYXJrJTIyJTJDJTIydHlwZSUyMiUzQSUyMnN6JTIyJTJDJTIyZGF0YSUyMiUzQSU3QiUyMnZhbHVlJTIyJTNBMTAuNSUyQyUyMnN6VW5pdCUyMiUzQSUyMnB0JTIyJTdEJTdEJTVEJTdEJTVEJTdEJTVEJTdEJTJDJTdCJTIya2xhc3MlMjIlM0ElMjJibG9jayUyMiUyQyUyMnR5cGUlMjIlM0ElMjJwYXJhZ3JhcGglMjIlMkMlMjJkYXRhJTIyJTNBJTdCJTIydXVpZCUyMiUzQSUyMmx0NTlsZmFoYndoZ2J3NzFkaCUyMiU3RCUyQyUyMm5vZGVzJTIyJTNBJTVCJTdCJTIya2xhc3MlMjIlM0ElMjJ0ZXh0JTIyJTJDJTIybGVhdmVzJTIyJTNBJTVCJTdCJTIya2xhc3MlMjIlM0ElMjJsZWFmJTIyJTJDJTIydGV4dCUyMiUzQSUyMlNvZGl1bSUyMFBvbHlnbHV0YW1hdGUlMjBpcyUyMGElMjBjdXR0aW5nLWVkZ2UlMjBjb3NtZXRpYyUyMGluZ3JlZGllbnQlMjBjZWxlYnJhdGVkJTIwZm9yJTIwaXRzJTIwZXhjZXB0aW9uYWwlMjBtb2lzdHVyaXppbmclMjBhbmQlMjBza2luLXNtb290aGluZyUyMHByb3BlcnRpZXMuJTIwQ2hlbWljYWxseSUyQyUyMGl0JTIwaXMlMjBkZXJpdmVkJTIwZnJvbSUyMHBvbHlnbHV0YW1pYyUyMGFjaWQlMkMlMjBhJTIwbmF0dXJhbCUyMHBlcHRpZGUlMjBmb3VuZCUyMGluJTIwZmVybWVudGVkJTIwc295YmVhbnMuJTIwSW4lMjBjb3NtZXRpY3MlMkMlMjBTb2RpdW0lMjBQb2x5Z2x1dGFtYXRlJTIwb2Z0ZW4lMjBhcHBlYXJzJTIwYXMlMjBhJTIwd2hpdGUlMjB0byUyMG9mZi13aGl0ZSUyMHBvd2RlciUyMG9yJTIwYSUyMGNsZWFyJTJDJTIwc2xpZ2h0bHklMjB2aXNjb3VzJTIwbGlxdWlkJTJDJTIwZGVwZW5kaW5nJTIwb24lMjBpdHMlMjBmb3JtLiUyMFRoaXMlMjBpbmdyZWRpZW50JTIwd29ya3MlMjBieSUyMGJpbmRpbmclMjBtb2lzdHVyZSUyMHRvJTIwdGhlJTIwc2tpbiUyQyUyMGVuaGFuY2luZyUyMGh5ZHJhdGlvbiUyMGFuZCUyMHByb21vdGluZyUyMGElMjBzbW9vdGhlciUyQyUyMHBsdW1wZXIlMjBjb21wbGV4aW9uLiUyMEZ1cnRoZXIlMkMlMjBTb2RpdW0lMjBQb2x5Z2x1dGFtYXRlJTIwaXMlMjBjb21tb25seSUyMHVzZWQlMjBpbiUyMGhpZ2gtZW5kJTIwc2tpbmNhcmUlMjBwcm9kdWN0cyUyMGR1ZSUyMHRvJTIwaXRzJTIwc3VwZXJpb3IlMjBtb2lzdHVyZSUyMHJldGVudGlvbiUyMGFiaWxpdGllcy4lMjIlMkMlMjJtYXJrcyUyMiUzQSU1QiU3QiUyMmtsYXNzJTIyJTNBJTIybWFyayUyMiUyQyUyMnR5cGUlMjIlM0ElMjJmb250cyUyMiUyQyUyMmRhdGElMjIlM0ElN0IlMjJhc2NpaSUyMiUzQSUyMiVFNiU5NiVCOSVFNiVBRCVBMyVFNSVCMCU4RiVFNiVBMCU4NyVFNSVBRSU4QiVFNyVBRSU4MCVFNCVCRCU5MyUyMiUyQyUyMmNzJTIyJTNBJTIyJUU2JTk2JUI5JUU2JUFEJUEzJUU1JUIwJThGJUU2JUEwJTg3JUU1JUFFJThCJUU3JUFFJTgwJUU0JUJEJTkzJTIyJTJDJTIyZWFzdEFzaWElMjIlM0ElMjIlRTYlOTYlQjklRTYlQUQlQTMlRTUlQjAlOEYlRTYlQTAlODclRTUlQUUlOEIlRTclQUUlODAlRTQlQkQlOTMlMjIlMkMlMjJoQW5zaSUyMiUzQSUyMiVFNiU5NiVCOSVFNiVBRCVBMyVFNSVCMCU4RiVFNiVBMCU4NyVFNSVBRSU4QiVFNyVBRSU4MCVFNCVCRCU5MyUyMiU3RCU3RCUyQyU3QiUyMmtsYXNzJTIyJTNBJTIybWFyayUyMiUyQyUyMnR5cGUlMjIlM0ElMjJzeiUyMiUyQyUyMmRhdGElMjIlM0ElN0IlMjJzY2FsZSUyMiUzQTElMkMlMjJzelVuaXQlMjIlM0ElMjJwdCUyMiUyQyUyMnZhbHVlJTIyJTNBMTAlN0QlN0QlMkMlN0IlMjJrbGFzcyUyMiUzQSUyMm1hcmslMjIlMkMlMjJ0eXBlJTIyJTNBJTIyY29sb3IlMjIlMkMlMjJkYXRhJTIyJTNBJTdCJTIydmFsdWUlMjIlM0ElMjIlMjMwMDAwMDAlMjIlN0QlN0QlNUQlN0QlNUQlN0QlNUQlN0QlNUQlN0Q=\" data-identifier-application__slash__x-doc-key=\"1X3lE6ekRYRgnJbv\"><strong>\u00d6zellik<\/strong><\/p>\n<p><span data-type=\"text\">\u00a0G\u00fc\u00e7l\u00fc nemlendirici ve nemlendirici, cilt elastikiyetini art\u0131r\u0131r<\/span><\/p>\n<p><strong>Ba\u015fvuru<\/strong><\/p>\n<p><span data-type=\"text\">Sodyum Poliglutamat, ola\u011fan\u00fcst\u00fc nemlendirici ve cildi p\u00fcr\u00fczs\u00fczle\u015ftirici \u00f6zellikleriyle \u00fcnl\u00fc, son teknoloji bir kozmetik bile\u015fenidir. Kimyasal olarak, fermente edilmi\u015f soya fasulyesinde bulunan do\u011fal bir peptit olan poliglutamik asitten t\u00fcretilir. Kozmetiklerde, Sodyum Poliglutamat genellikle formuna ba\u011fl\u0131 olarak beyaz ila kirli beyaz toz veya berrak, hafif viskoz bir s\u0131v\u0131 olarak g\u00f6r\u00fcn\u00fcr. Bu bile\u015fen, nemi cilde ba\u011flayarak, nemlendirmeyi art\u0131rarak ve daha p\u00fcr\u00fczs\u00fcz, daha dolgun bir cilt sa\u011flayarak \u00e7al\u0131\u015f\u0131r. Ayr\u0131ca, Sodyum Poliglutamat \u00fcst\u00fcn nem tutma yetenekleri nedeniyle genellikle \u00fcst d\u00fczey cilt bak\u0131m \u00fcr\u00fcnlerinde kullan\u0131l\u0131r.<\/span><\/p>\n<\/article>","protected":false},"excerpt":{"rendered":"<article class=\"4ever-article\" data-clipboard-cangjie=\"[&quot;root&quot;,{},[&quot;p&quot;,{&quot;jc&quot;:&quot;left&quot;,&quot;ind&quot;:{&quot;left&quot;:0},&quot;spacing&quot;:{&quot;before&quot;:6.66667,&quot;after&quot;:6.66667,&quot;line&quot;:1},&quot;uuid&quot;:&quot;lswtfsvvvijk6s1z8p&quot;},[&quot;span&quot;,{&quot;data-type&quot;:&quot;text&quot;},[&quot;span&quot;,{&quot;color&quot;:&quot;rgb(0, 0, 0)&quot;,&quot;sz&quot;:12,&quot;szUnit&quot;:&quot;pt&quot;,&quot;data-type&quot;:&quot;leaf&quot;},&quot;Product name:&quot;],[&quot;span&quot;,{&quot;color&quot;:&quot;#000000&quot;,&quot;fonts&quot;:{&quot;ascii&quot;:&quot;\u5b8b\u4f53&quot;,&quot;hAnsi&quot;:&quot;\u5b8b\u4f53&quot;,&quot;cs&quot;:&quot;\u5b8b\u4f53&quot;,&quot;eastAsia&quot;:&quot;\u5b8b\u4f53&quot;},&quot;sz&quot;:11,&quot;szUnit&quot;:&quot;pt&quot;,&quot;data-type&quot;:&quot;leaf&quot;},&quot; &quot;],[&quot;span&quot;,{&quot;sz&quot;:10,&quot;szUnit&quot;:&quot;pt&quot;,&quot;fonts&quot;:{&quot;ascii&quot;:&quot;\u65b9\u6b63\u5c0f\u6807\u5b8b\u7b80\u4f53&quot;,&quot;hAnsi&quot;:&quot;\u65b9\u6b63\u5c0f\u6807\u5b8b\u7b80\u4f53&quot;,&quot;cs&quot;:&quot;\u65b9\u6b63\u5c0f\u6807\u5b8b\u7b80\u4f53&quot;,&quot;eastAsia&quot;:&quot;\u65b9\u6b63\u5c0f\u6807\u5b8b\u7b80\u4f53&quot;},&quot;color&quot;:&quot;#000000&quot;,&quot;data-type&quot;:&quot;leaf&quot;},&quot;PGA&quot;]]],[&quot;p&quot;,{&quot;ind&quot;:{&quot;left&quot;:0},&quot;jc&quot;:&quot;left&quot;,&quot;spacing&quot;:{&quot;after&quot;:6.66667,&quot;before&quot;:6.66667,&quot;line&quot;:1},&quot;uuid&quot;:&quot;lswvmmugqxelvfo7nls&quot;},[&quot;span&quot;,{&quot;data-type&quot;:&quot;text&quot;},[&quot;span&quot;,{&quot;color&quot;:&quot;rgb(0, 0, 0)&quot;,&quot;sz&quot;:12,&quot;szUnit&quot;:&quot;pt&quot;,&quot;data-type&quot;:&quot;leaf&quot;},&quot;CAS number\uff1a&quot;],[&quot;span&quot;,{&quot;sz&quot;:10,&quot;szUnit&quot;:&quot;pt&quot;,&quot;fonts&quot;:{&quot;ascii&quot;:&quot;\u65b9\u6b63\u5c0f\u6807\u5b8b\u7b80\u4f53&quot;,&quot;hAnsi&quot;:&quot;\u65b9\u6b63\u5c0f\u6807\u5b8b\u7b80\u4f53&quot;,&quot;cs&quot;:&quot;\u65b9\u6b63\u5c0f\u6807\u5b8b\u7b80\u4f53&quot;,&quot;eastAsia&quot;:&quot;\u65b9\u6b63\u5c0f\u6807\u5b8b\u7b80\u4f53&quot;},&quot;color&quot;:&quot;#000000&quot;,&quot;data-type&quot;:&quot;leaf&quot;},&quot;28829-38-1&quot;]]],[&quot;p&quot;,{&quot;ind&quot;:{&quot;left&quot;:0},&quot;jc&quot;:&quot;left&quot;,&quot;spacing&quot;:{&quot;after&quot;:6.66667,&quot;before&quot;:6.66667,&quot;line&quot;:1},&quot;uuid&quot;:&quot;lt57acnvgfskc1r2i8c&quot;},[&quot;span&quot;,{&quot;data-type&quot;:&quot;text&quot;},[&quot;span&quot;,{&quot;sz&quot;:12,&quot;szUnit&quot;:&quot;pt&quot;,&quot;data-type&quot;:&quot;leaf&quot;},&quot;EC number\uff1a201-127-6&quot;]]],[&quot;p&quot;,{&quot;ind&quot;:{&quot;left&quot;:0},&quot;jc&quot;:&quot;left&quot;,&quot;spacing&quot;:{&quot;after&quot;:6.66667,&quot;before&quot;:6.66667,&quot;line&quot;:1},&quot;uuid&quot;:&quot;lt57a2i7dpd61uranxk&quot;},[&quot;span&quot;,{&quot;data-type&quot;:&quot;text&quot;},[&quot;span&quot;,{&quot;color&quot;:&quot;rgb(0, 0, 0)&quot;,&quot;sz&quot;:12,&quot;szUnit&quot;:&quot;pt&quot;,&quot;data-type&quot;:&quot;leaf&quot;},&quot;Appearance: white powder&quot;]]]]\" data-identifier-application__slash__x-cangjie-fragment=\"JTdCJTIya2xhc3MlMjIlM0ElMjJkb2N1bWVudCUyMiUyQyUyMmRhdGElMjIlM0ElN0IlN0QlMkMlMjJub2RlcyUyMiUzQSU1QiU3QiUyMmtsYXNzJTIyJTNBJTIyYmxvY2slMjIlMkMlMjJ0eXBlJTIyJTNBJTIycGFyYWdyYXBoJTIyJTJDJTIyZGF0YSUyMiUzQSU3QiUyMmpjJTIyJTNBJTIybGVmdCUyMiUyQyUyMmluZCUyMiUzQSU3QiUyMmxlZnQlMjIlM0EwJTdEJTJDJTIyc3BhY2luZyUyMiUzQSU3QiUyMmJlZm9yZSUyMiUzQTYuNjY2NjclMkMlMjJhZnRlciUyMiUzQTYuNjY2NjclMkMlMjJsaW5lJTIyJTNBMSU3RCUyQyUyMnV1aWQlMjIlM0ElMjJsc3d0ZnN2dnZpams2czF6OHAlMjIlN0QlMkMlMjJub2RlcyUyMiUzQSU1QiU3QiUyMmtsYXNzJTIyJTNBJTIydGV4dCUyMiUyQyUyMmxlYXZlcyUyMiUzQSU1QiU3QiUyMmtsYXNzJTIyJTNBJTIybGVhZiUyMiUyQyUyMnRleHQlMjIlM0ElMjJQcm9kdWN0JTIwbmFtZSUzQSUyMiUyQyUyMm1hcmtzJTIyJTNBJTVCJTdCJTIya2xhc3MlMjIlM0ElMjJtYXJrJTIyJTJDJTIydHlwZSUyMiUzQSUyMmNvbG9yJTIyJTJDJTIyZGF0YSUyMiUzQSU3QiUyMnZhbHVlJTIyJTNBJTIycmdiKDAlMkMlMjAwJTJDJTIwMCklMjIlN0QlN0QlMkMlN0IlMjJrbGFzcyUyMiUzQSUyMm1hcmslMjIlMkMlMjJ0eXBlJTIyJTNBJTIyc3olMjIlMkMlMjJkYXRhJTIyJTNBJTdCJTIydmFsdWUlMjIlM0ExMiUyQyUyMnN6VW5pdCUyMiUzQSUyMnB0JTIyJTdEJTdEJTVEJTdEJTJDJTdCJTIya2xhc3MlMjIlM0ElMjJsZWFmJTIyJTJDJTIydGV4dCUyMiUzQSUyMiUyMCUyMiUyQyUyMm1hcmtzJTIyJTNBJTVCJTdCJTIya2xhc3MlMjIlM0ElMjJtYXJrJTIyJTJDJTIydHlwZSUyMiUzQSUyMmNvbG9yJTIyJTJDJTIyZGF0YSUyMiUzQSU3QiUyMnZhbHVlJTIyJTNBJTIyJTIzMDAwMDAwJTIyJTdEJTdEJTJDJTdCJTIya2xhc3MlMjIlM0ElMjJtYXJrJTIyJTJDJTIydHlwZSUyMiUzQSUyMmZvbnRzJTIyJTJDJTIyZGF0YSUyMiUzQSU3QiUyMmFzY2lpJTIyJTNBJTIyJUU1JUFFJThCJUU0JUJEJTkzJTIyJTJDJTIyaEFuc2klMjIlM0ElMjIlRTUlQUUlOEIlRTQlQkQlOTMlMjIlMkMlMjJjcyUyMiUzQSUyMiVFNSVBRSU4QiVFNCVCRCU5MyUyMiUyQyUyMmVhc3RBc2lhJTIyJTNBJTIyJUU1JUFFJThCJUU0JUJEJTkzJTIyJTdEJTdEJTJDJTdCJTIya2xhc3MlMjIlM0ElMjJtYXJrJTIyJTJDJTIydHlwZSUyMiUzQSUyMnN6JTIyJTJDJTIyZGF0YSUyMiUzQSU3QiUyMnZhbHVlJTIyJTNBMTElMkMlMjJzelVuaXQlMjIlM0ElMjJwdCUyMiU3RCU3RCU1RCU3RCUyQyU3QiUyMmtsYXNzJTIyJTNBJTIybGVhZiUyMiUyQyUyMnRleHQlMjIlM0ElMjJQR0ElMjIlMkMlMjJtYXJrcyUyMiUzQSU1QiU3QiUyMmtsYXNzJTIyJTNBJTIybWFyayUyMiUyQyUyMnR5cGUlMjIlM0ElMjJzeiUyMiUyQyUyMmRhdGElMjIlM0ElN0IlMjJ2YWx1ZSUyMiUzQTEwJTJDJTIyc2NhbGUlMjIlM0ExJTJDJTIyc3pVbml0JTIyJTNBJTIycHQlMjIlN0QlN0QlMkMlN0IlMjJrbGFzcyUyMiUzQSUyMm1hcmslMjIlMkMlMjJ0eXBlJTIyJTNBJTIyZm9udHMlMjIlMkMlMjJkYXRhJTIyJTNBJTdCJTIyYXNjaWklMjIlM0ElMjIlRTYlOTYlQjklRTYlQUQlQTMlRTUlQjAlOEYlRTYlQTAlODclRTUlQUUlOEIlRTclQUUlODAlRTQlQkQlOTMlMjIlMkMlMjJoQW5zaSUyMiUzQSUyMiVFNiU5NiVCOSVFNiVBRCVBMyVFNSVCMCU4RiVFNiVBMCU4NyVFNSVBRSU4QiVFNyVBRSU4MCVFNCVCRCU5MyUyMiUyQyUyMmNzJTIyJTNBJTIyJUU2JTk2JUI5JUU2JUFEJUEzJUU1JUIwJThGJUU2JUEwJTg3JUU1JUFFJThCJUU3JUFFJTgwJUU0JUJEJTkzJTIyJTJDJTIyZWFzdEFzaWElMjIlM0ElMjIlRTYlOTYlQjklRTYlQUQlQTMlRTUlQjAlOEYlRTYlQTAlODclRTUlQUUlOEIlRTclQUUlODAlRTQlQkQlOTMlMjIlN0QlN0QlMkMlN0IlMjJrbGFzcyUyMiUzQSUyMm1hcmslMjIlMkMlMjJ0eXBlJTIyJTNBJTIyY29sb3IlMjIlMkMlMjJkYXRhJTIyJTNBJTdCJTIydmFsdWUlMjIlM0ElMjIlMjMwMDAwMDAlMjIlN0QlN0QlNUQlN0QlNUQlN0QlNUQlN0QlMkMlN0IlMjJrbGFzcyUyMiUzQSUyMmJsb2NrJTIyJTJDJTIydHlwZSUyMiUzQSUyMnBhcmFncmFwaCUyMiUyQyUyMmRhdGElMjIlM0ElN0IlMjJpbmQlMjIlM0ElN0IlMjJsZWZ0JTIyJTNBMCU3RCUyQyUyMmpjJTIyJTNBJTIybGVmdCUyMiUyQyUyMnNwYWNpbmclMjIlM0ElN0IlMjJhZnRlciUyMiUzQTYuNjY2NjclMkMlMjJiZWZvcmUlMjIlM0E2LjY2NjY3JTJDJTIybGluZSUyMiUzQTElN0QlMkMlMjJ1dWlkJTIyJTNBJTIybHN3dm1tdWdxeGVsdmZvN25scyUyMiU3RCUyQyUyMm5vZGVzJTIyJTNBJTVCJTdCJTIya2xhc3MlMjIlM0ElMjJ0ZXh0JTIyJTJDJTIybGVhdmVzJTIyJTNBJTVCJTdCJTIya2xhc3MlMjIlM0ElMjJsZWFmJTIyJTJDJTIydGV4dCUyMiUzQSUyMkNBUyUyMG51bWJlciVFRiVCQyU5QSUyMiUyQyUyMm1hcmtzJTIyJTNBJTVCJTdCJTIya2xhc3MlMjIlM0ElMjJtYXJrJTIyJTJDJTIydHlwZSUyMiUzQSUyMmNvbG9yJTIyJTJDJTIyZGF0YSUyMiUzQSU3QiUyMnZhbHVlJTIyJTNBJTIycmdiKDAlMkMlMjAwJTJDJTIwMCklMjIlN0QlN0QlMkMlN0IlMjJrbGFzcyUyMiUzQSUyMm1hcmslMjIlMkMlMjJ0eXBlJTIyJTNBJTIyc3olMjIlMkMlMjJkYXRhJTIyJTNBJTdCJTIydmFsdWUlMjIlM0ExMiUyQyUyMnN6VW5pdCUyMiUzQSUyMnB0JTIyJTdEJTdEJTVEJTdEJTJDJTdCJTIya2xhc3MlMjIlM0ElMjJsZWFmJTIyJTJDJTIydGV4dCUyMiUzQSUyMjI4ODI5LTM4LTElMjIlMkMlMjJtYXJrcyUyMiUzQSU1QiU3QiUyMmtsYXNzJTIyJTNBJTIybWFyayUyMiUyQyUyMnR5cGUlMjIlM0ElMjJzeiUyMiUyQyUyMmRhdGElMjIlM0ElN0IlMjJ2YWx1ZSUyMiUzQTEwJTJDJTIyc2NhbGUlMjIlM0ExJTJDJTIyc3pVbml0JTIyJTNBJTIycHQlMjIlN0QlN0QlMkMlN0IlMjJrbGFzcyUyMiUzQSUyMm1hcmslMjIlMkMlMjJ0eXBlJTIyJTNBJTIyZm9udHMlMjIlMkMlMjJkYXRhJTIyJTNBJTdCJTIyYXNjaWklMjIlM0ElMjIlRTYlOTYlQjklRTYlQUQlQTMlRTUlQjAlOEYlRTYlQTAlODclRTUlQUUlOEIlRTclQUUlODAlRTQlQkQlOTMlMjIlMkMlMjJoQW5zaSUyMiUzQSUyMiVFNiU5NiVCOSVFNiVBRCVBMyVFNSVCMCU4RiVFNiVBMCU4NyVFNSVBRSU4QiVFNyVBRSU4MCVFNCVCRCU5MyUyMiUyQyUyMmNzJTIyJTNBJTIyJUU2JTk2JUI5JUU2JUFEJUEzJUU1JUIwJThGJUU2JUEwJTg3JUU1JUFFJThCJUU3JUFFJTgwJUU0JUJEJTkzJTIyJTJDJTIyZWFzdEFzaWElMjIlM0ElMjIlRTYlOTYlQjklRTYlQUQlQTMlRTUlQjAlOEYlRTYlQTAlODclRTUlQUUlOEIlRTclQUUlODAlRTQlQkQlOTMlMjIlN0QlN0QlMkMlN0IlMjJrbGFzcyUyMiUzQSUyMm1hcmslMjIlMkMlMjJ0eXBlJTIyJTNBJTIyY29sb3IlMjIlMkMlMjJkYXRhJTIyJTNBJTdCJTIydmFsdWUlMjIlM0ElMjIlMjMwMDAwMDAlMjIlN0QlN0QlNUQlN0QlNUQlN0QlNUQlN0QlMkMlN0IlMjJrbGFzcyUyMiUzQSUyMmJsb2NrJTIyJTJDJTIydHlwZSUyMiUzQSUyMnBhcmFncmFwaCUyMiUyQyUyMmRhdGElMjIlM0ElN0IlMjJpbmQlMjIlM0ElN0IlMjJsZWZ0JTIyJTNBMCU3RCUyQyUyMmpjJTIyJTNBJTIybGVmdCUyMiUyQyUyMnNwYWNpbmclMjIlM0ElN0IlMjJhZnRlciUyMiUzQTYuNjY2NjclMkMlMjJiZWZvcmUlMjIlM0E2LjY2NjY3JTJDJTIybGluZSUyMiUzQTElN0QlMkMlMjJ1dWlkJTIyJTNBJTIybHQ1N2FjbnZnZnNrYzFyMmk4YyUyMiU3RCUyQyUyMm5vZGVzJTIyJTNBJTVCJTdCJTIya2xhc3MlMjIlM0ElMjJ0ZXh0JTIyJTJDJTIybGVhdmVzJTIyJTNBJTVCJTdCJTIya2xhc3MlMjIlM0ElMjJsZWFmJTIyJTJDJTIydGV4dCUyMiUzQSUyMkVDJTIwbnVtYmVyJUVGJUJDJTlBMjAxLTEyNy02JTIyJTJDJTIybWFya3MlMjIlM0ElNUIlN0IlMjJrbGFzcyUyMiUzQSUyMm1hcmslMjIlMkMlMjJ0eXBlJTIyJTNBJTIyc3olMjIlMkMlMjJkYXRhJTIyJTNBJTdCJTIydmFsdWUlMjIlM0ExMiUyQyUyMnN6VW5pdCUyMiUzQSUyMnB0JTIyJTdEJTdEJTVEJTdEJTVEJTdEJTVEJTdEJTJDJTdCJTIya2xhc3MlMjIlM0ElMjJibG9jayUyMiUyQyUyMnR5cGUlMjIlM0ElMjJwYXJhZ3JhcGglMjIlMkMlMjJkYXRhJTIyJTNBJTdCJTIyaW5kJTIyJTNBJTdCJTIybGVmdCUyMiUzQTAlN0QlMkMlMjJqYyUyMiUzQSUyMmxlZnQlMjIlMkMlMjJzcGFjaW5nJTIyJTNBJTdCJTIyYWZ0ZXIlMjIlM0E2LjY2NjY3JTJDJTIyYmVmb3JlJTIyJTNBNi42NjY2NyUyQyUyMmxpbmUlMjIlM0ExJTdEJTJDJTIydXVpZCUyMiUzQSUyMmx0NTdhMmk3ZHBkNjF1cmFueGslMjIlN0QlMkMlMjJub2RlcyUyMiUzQSU1QiU3QiUyMmtsYXNzJTIyJTNBJTIydGV4dCUyMiUyQyUyMmxlYXZlcyUyMiUzQSU1QiU3QiUyMmtsYXNzJTIyJTNBJTIybGVhZiUyMiUyQyUyMnRleHQlMjIlM0ElMjJBcHBlYXJhbmNlJTNBJTIwd2hpdGUlMjBwb3dkZXIlMjIlMkMlMjJtYXJrcyUyMiUzQSU1QiU3QiUyMmtsYXNzJTIyJTNBJTIybWFyayUyMiUyQyUyMnR5cGUlMjIlM0ElMjJjb2xvciUyMiUyQyUyMmRhdGElMjIlM0ElN0IlMjJ2YWx1ZSUyMiUzQSUyMnJnYigwJTJDJTIwMCUyQyUyMDApJTIyJTdEJTdEJTJDJTdCJTIya2xhc3MlMjIlM0ElMjJtYXJrJTIyJTJDJTIydHlwZSUyMiUzQSUyMnN6JTIyJTJDJTIyZGF0YSUyMiUzQSU3QiUyMnZhbHVlJTIyJTNBMTIlMkMlMjJzelVuaXQlMjIlM0ElMjJwdCUyMiU3RCU3RCU1RCU3RCU1RCU3RCU1RCU3RCU1RCU3RA==\" data-identifier-application__slash__x-doc-key=\"1X3lE6ekRYRgnJbv\"><span data-type=\"text\">\u00dcr\u00fcn ad\u0131:<\/span><span data-type=\"text\">\u00a0<\/span><span data-type=\"text\">PGA<\/span><\/p>\n<p><span data-type=\"text\">CAS numaras\u0131\uff1a<\/span><span data-type=\"text\">28829-38-1<\/span><\/p>\n<p><span data-type=\"text\">EC numaras\u0131: 201-127-6<\/span><\/p>\n<p><span data-type=\"text\">G\u00f6r\u00fcn\u00fcm: beyaz toz<\/span><\/p>\n<\/article>","protected":false},"featured_media":0,"template":"","meta":{"_acf_changed":false,"_gspb_post_css":""},"product_brand":[],"product_cat":[60,132],"product_tag":[],"class_list":{"0":"post-6875","1":"product","2":"type-product","3":"status-publish","5":"product_cat-cosmetic-ingredients","6":"product_cat-moisturizing","8":"first","9":"instock","10":"shipping-taxable","11":"product-type-simple"},"acf":[],"_links":{"self":[{"href":"https:\/\/wpachem.com\/tr\/wp-json\/wp\/v2\/product\/6875","targetHints":{"allow":["GET"]}}],"collection":[{"href":"https:\/\/wpachem.com\/tr\/wp-json\/wp\/v2\/product"}],"about":[{"href":"https:\/\/wpachem.com\/tr\/wp-json\/wp\/v2\/types\/product"}],"version-history":[{"count":0,"href":"https:\/\/wpachem.com\/tr\/wp-json\/wp\/v2\/product\/6875\/revisions"}],"wp:attachment":[{"href":"https:\/\/wpachem.com\/tr\/wp-json\/wp\/v2\/media?parent=6875"}],"wp:term":[{"taxonomy":"product_brand","embeddable":true,"href":"https:\/\/wpachem.com\/tr\/wp-json\/wp\/v2\/product_brand?post=6875"},{"taxonomy":"product_cat","embeddable":true,"href":"https:\/\/wpachem.com\/tr\/wp-json\/wp\/v2\/product_cat?post=6875"},{"taxonomy":"product_tag","embeddable":true,"href":"https:\/\/wpachem.com\/tr\/wp-json\/wp\/v2\/product_tag?post=6875"}],"curies":[{"name":"wp","href":"https:\/\/api.w.org\/{rel}","templated":true}]}}