{"id":6885,"date":"2024-03-06T09:19:21","date_gmt":"2024-03-06T09:19:21","guid":{"rendered":"https:\/\/wpachem.com\/?post_type=product&#038;p=6885"},"modified":"2024-03-06T09:19:22","modified_gmt":"2024-03-06T09:19:22","slug":"lactic-acid-cas-50-21-5","status":"publish","type":"product","link":"https:\/\/wpachem.com\/tr\/urun\/lactic-acid-cas-50-21-5\/","title":{"rendered":"Laktik asit CAS 50-21-5"},"content":{"rendered":"<article class=\"4ever-article\" data-clipboard-cangjie=\"[&quot;root&quot;,{},[&quot;p&quot;,{&quot;ind&quot;:{&quot;left&quot;:0},&quot;jc&quot;:&quot;left&quot;,&quot;spacing&quot;:{&quot;after&quot;:6.66667,&quot;before&quot;:6.66667,&quot;line&quot;:1},&quot;uuid&quot;:&quot;lswtfsvs3vee7i5x5ul&quot;},[&quot;span&quot;,{&quot;data-type&quot;:&quot;text&quot;},[&quot;span&quot;,{&quot;bold&quot;:true,&quot;sz&quot;:14,&quot;szUnit&quot;:&quot;pt&quot;,&quot;data-type&quot;:&quot;leaf&quot;},&quot;Characteristic&quot;]]],[&quot;p&quot;,{&quot;ind&quot;:{&quot;left&quot;:0},&quot;jc&quot;:&quot;left&quot;,&quot;spacing&quot;:{&quot;after&quot;:6.66667,&quot;before&quot;:6.66667,&quot;line&quot;:1},&quot;uuid&quot;:&quot;ltffvyxblvxhioio4ar&quot;},[&quot;span&quot;,{&quot;data-type&quot;:&quot;text&quot;},[&quot;span&quot;,{&quot;sz&quot;:10,&quot;szUnit&quot;:&quot;pt&quot;,&quot;fonts&quot;:{&quot;ascii&quot;:&quot;\u65b9\u6b63\u5c0f\u6807\u5b8b\u7b80\u4f53&quot;,&quot;hAnsi&quot;:&quot;\u65b9\u6b63\u5c0f\u6807\u5b8b\u7b80\u4f53&quot;,&quot;cs&quot;:&quot;\u65b9\u6b63\u5c0f\u6807\u5b8b\u7b80\u4f53&quot;,&quot;eastAsia&quot;:&quot;\u65b9\u6b63\u5c0f\u6807\u5b8b\u7b80\u4f53&quot;},&quot;color&quot;:&quot;#000000&quot;,&quot;data-type&quot;:&quot;leaf&quot;},&quot;Make the hair surface shiny and beautiful&quot;]]],[&quot;p&quot;,{&quot;uuid&quot;:&quot;lt59fh5xi3i5suystu&quot;},[&quot;span&quot;,{&quot;data-type&quot;:&quot;text&quot;},[&quot;span&quot;,{&quot;data-type&quot;:&quot;leaf&quot;},&quot;&quot;]],[&quot;br&quot;,{&quot;type&quot;:&quot;textWrapping&quot;,&quot;data&quot;:{},&quot;uuid&quot;:&quot;lt591eio1xshk86yjiy&quot;},[&quot;span&quot;,{&quot;data-type&quot;:&quot;text&quot;},[&quot;span&quot;,{&quot;data-type&quot;:&quot;leaf&quot;},&quot;&quot;]]],[&quot;span&quot;,{&quot;data-type&quot;:&quot;text&quot;},[&quot;span&quot;,{&quot;bold&quot;:true,&quot;color&quot;:&quot;rgb(68, 68, 68)&quot;,&quot;sz&quot;:10.5,&quot;szUnit&quot;:&quot;pt&quot;,&quot;data-type&quot;:&quot;leaf&quot;},&quot;Application&quot;]]],[&quot;p&quot;,{&quot;ind&quot;:{},&quot;spacing&quot;:{},&quot;uuid&quot;:&quot;ltfhy6lpi26a9afmrrm&quot;},[&quot;span&quot;,{&quot;data-type&quot;:&quot;text&quot;},[&quot;span&quot;,{&quot;data-type&quot;:&quot;leaf&quot;},&quot;Lactic acid helps the body to work properly. It is a vital component for the functioning of cells, tissues, and organs. Lactic acid is integral to bodily function and is not solely a byproduct of exercise.&quot;]]],[&quot;p&quot;,{&quot;ind&quot;:{},&quot;spacing&quot;:{},&quot;uuid&quot;:&quot;ltfl5lgh6nqcepibzag&quot;},[&quot;span&quot;,{&quot;data-type&quot;:&quot;text&quot;},[&quot;span&quot;,{&quot;data-type&quot;:&quot;leaf&quot;},&quot;Food acids and flavors, preservatives, preparation of lactate, plasticizers, complexometric analysis, magnesium and aluminum, determination of carbon dioxide binding power in plasma, determination of copper and zinc.&quot;]]],[&quot;p&quot;,{&quot;ind&quot;:{},&quot;spacing&quot;:{},&quot;uuid&quot;:&quot;ltfl5y84usycmauxfrr&quot;},[&quot;span&quot;,{&quot;data-type&quot;:&quot;text&quot;},[&quot;span&quot;,{&quot;data-type&quot;:&quot;leaf&quot;},&quot;Lactic acid is an important sour agent with specific astringent sour taste. Can be used for all kinds of food, according to the production needs of appropriate use. It also has a strong bactericidal effect and can prevent the growth of miscellaneous bacteria.&quot;]]]]\" data-identifier-application__slash__x-cangjie-fragment=\"JTdCJTIya2xhc3MlMjIlM0ElMjJkb2N1bWVudCUyMiUyQyUyMmRhdGElMjIlM0ElN0IlN0QlMkMlMjJub2RlcyUyMiUzQSU1QiU3QiUyMmtsYXNzJTIyJTNBJTIyYmxvY2slMjIlMkMlMjJ0eXBlJTIyJTNBJTIycGFyYWdyYXBoJTIyJTJDJTIyZGF0YSUyMiUzQSU3QiUyMmluZCUyMiUzQSU3QiUyMmxlZnQlMjIlM0EwJTdEJTJDJTIyamMlMjIlM0ElMjJsZWZ0JTIyJTJDJTIyc3BhY2luZyUyMiUzQSU3QiUyMmFmdGVyJTIyJTNBNi42NjY2NyUyQyUyMmJlZm9yZSUyMiUzQTYuNjY2NjclMkMlMjJsaW5lJTIyJTNBMSU3RCUyQyUyMnV1aWQlMjIlM0ElMjJsc3d0ZnN2czN2ZWU3aTV4NXVsJTIyJTdEJTJDJTIybm9kZXMlMjIlM0ElNUIlN0IlMjJrbGFzcyUyMiUzQSUyMnRleHQlMjIlMkMlMjJsZWF2ZXMlMjIlM0ElNUIlN0IlMjJrbGFzcyUyMiUzQSUyMmxlYWYlMjIlMkMlMjJ0ZXh0JTIyJTNBJTIyQ2hhcmFjdGVyaXN0aWMlMjIlMkMlMjJtYXJrcyUyMiUzQSU1QiU3QiUyMmtsYXNzJTIyJTNBJTIybWFyayUyMiUyQyUyMnR5cGUlMjIlM0ElMjJib2xkJTIyJTJDJTIyZGF0YSUyMiUzQSU3QiU3RCU3RCUyQyU3QiUyMmtsYXNzJTIyJTNBJTIybWFyayUyMiUyQyUyMnR5cGUlMjIlM0ElMjJzeiUyMiUyQyUyMmRhdGElMjIlM0ElN0IlMjJ2YWx1ZSUyMiUzQTE0JTJDJTIyc3pVbml0JTIyJTNBJTIycHQlMjIlN0QlN0QlNUQlN0QlNUQlN0QlNUQlN0QlMkMlN0IlMjJrbGFzcyUyMiUzQSUyMmJsb2NrJTIyJTJDJTIydHlwZSUyMiUzQSUyMnBhcmFncmFwaCUyMiUyQyUyMmRhdGElMjIlM0ElN0IlMjJpbmQlMjIlM0ElN0IlMjJsZWZ0JTIyJTNBMCU3RCUyQyUyMmpjJTIyJTNBJTIybGVmdCUyMiUyQyUyMnNwYWNpbmclMjIlM0ElN0IlMjJhZnRlciUyMiUzQTYuNjY2NjclMkMlMjJiZWZvcmUlMjIlM0E2LjY2NjY3JTJDJTIybGluZSUyMiUzQTElN0QlMkMlMjJ1dWlkJTIyJTNBJTIybHRmZnZ5eGJsdnhoaW9pbzRhciUyMiU3RCUyQyUyMm5vZGVzJTIyJTNBJTVCJTdCJTIya2xhc3MlMjIlM0ElMjJ0ZXh0JTIyJTJDJTIybGVhdmVzJTIyJTNBJTVCJTdCJTIya2xhc3MlMjIlM0ElMjJsZWFmJTIyJTJDJTIydGV4dCUyMiUzQSUyMk1ha2UlMjB0aGUlMjBoYWlyJTIwc3VyZmFjZSUyMHNoaW55JTIwYW5kJTIwYmVhdXRpZnVsJTIyJTJDJTIybWFya3MlMjIlM0ElNUIlN0IlMjJrbGFzcyUyMiUzQSUyMm1hcmslMjIlMkMlMjJ0eXBlJTIyJTNBJTIyc3olMjIlMkMlMjJkYXRhJTIyJTNBJTdCJTIydmFsdWUlMjIlM0ExMCUyQyUyMnNjYWxlJTIyJTNBMSUyQyUyMnN6VW5pdCUyMiUzQSUyMnB0JTIyJTdEJTdEJTJDJTdCJTIya2xhc3MlMjIlM0ElMjJtYXJrJTIyJTJDJTIydHlwZSUyMiUzQSUyMmZvbnRzJTIyJTJDJTIyZGF0YSUyMiUzQSU3QiUyMmFzY2lpJTIyJTNBJTIyJUU2JTk2JUI5JUU2JUFEJUEzJUU1JUIwJThGJUU2JUEwJTg3JUU1JUFFJThCJUU3JUFFJTgwJUU0JUJEJTkzJTIyJTJDJTIyaEFuc2klMjIlM0ElMjIlRTYlOTYlQjklRTYlQUQlQTMlRTUlQjAlOEYlRTYlQTAlODclRTUlQUUlOEIlRTclQUUlODAlRTQlQkQlOTMlMjIlMkMlMjJjcyUyMiUzQSUyMiVFNiU5NiVCOSVFNiVBRCVBMyVFNSVCMCU4RiVFNiVBMCU4NyVFNSVBRSU4QiVFNyVBRSU4MCVFNCVCRCU5MyUyMiUyQyUyMmVhc3RBc2lhJTIyJTNBJTIyJUU2JTk2JUI5JUU2JUFEJUEzJUU1JUIwJThGJUU2JUEwJTg3JUU1JUFFJThCJUU3JUFFJTgwJUU0JUJEJTkzJTIyJTdEJTdEJTJDJTdCJTIya2xhc3MlMjIlM0ElMjJtYXJrJTIyJTJDJTIydHlwZSUyMiUzQSUyMmNvbG9yJTIyJTJDJTIyZGF0YSUyMiUzQSU3QiUyMnZhbHVlJTIyJTNBJTIyJTIzMDAwMDAwJTIyJTdEJTdEJTVEJTdEJTVEJTdEJTVEJTdEJTJDJTdCJTIya2xhc3MlMjIlM0ElMjJibG9jayUyMiUyQyUyMnR5cGUlMjIlM0ElMjJwYXJhZ3JhcGglMjIlMkMlMjJkYXRhJTIyJTNBJTdCJTIydXVpZCUyMiUzQSUyMmx0NTlmaDV4aTNpNXN1eXN0dSUyMiU3RCUyQyUyMm5vZGVzJTIyJTNBJTVCJTdCJTIya2xhc3MlMjIlM0ElMjJ0ZXh0JTIyJTJDJTIybGVhdmVzJTIyJTNBJTVCJTdCJTIya2xhc3MlMjIlM0ElMjJsZWFmJTIyJTJDJTIydGV4dCUyMiUzQSUyMiUyMiUyQyUyMm1hcmtzJTIyJTNBJTVCJTVEJTdEJTVEJTdEJTJDJTdCJTIya2xhc3MlMjIlM0ElMjJpbmxpbmUlMjIlMkMlMjJ0eXBlJTIyJTNBJTIyYnIlMjIlMkMlMjJkYXRhJTIyJTNBJTdCJTIydHlwZSUyMiUzQSUyMnRleHRXcmFwcGluZyUyMiUyQyUyMmRhdGElMjIlM0ElN0IlN0QlMkMlMjJ1dWlkJTIyJTNBJTIybHQ1OTFlaW8xeHNoazg2eWppeSUyMiU3RCUyQyUyMm5vZGVzJTIyJTNBJTVCJTdCJTIya2xhc3MlMjIlM0ElMjJ0ZXh0JTIyJTJDJTIybGVhdmVzJTIyJTNBJTVCJTdCJTIya2xhc3MlMjIlM0ElMjJsZWFmJTIyJTJDJTIydGV4dCUyMiUzQSUyMiUyMiUyQyUyMm1hcmtzJTIyJTNBJTVCJTVEJTdEJTVEJTdEJTVEJTdEJTJDJTdCJTIya2xhc3MlMjIlM0ElMjJ0ZXh0JTIyJTJDJTIybGVhdmVzJTIyJTNBJTVCJTdCJTIya2xhc3MlMjIlM0ElMjJsZWFmJTIyJTJDJTIydGV4dCUyMiUzQSUyMkFwcGxpY2F0aW9uJTIyJTJDJTIybWFya3MlMjIlM0ElNUIlN0IlMjJrbGFzcyUyMiUzQSUyMm1hcmslMjIlMkMlMjJ0eXBlJTIyJTNBJTIyYm9sZCUyMiUyQyUyMmRhdGElMjIlM0ElN0IlN0QlN0QlMkMlN0IlMjJrbGFzcyUyMiUzQSUyMm1hcmslMjIlMkMlMjJ0eXBlJTIyJTNBJTIyY29sb3IlMjIlMkMlMjJkYXRhJTIyJTNBJTdCJTIydmFsdWUlMjIlM0ElMjJyZ2IoNjglMkMlMjA2OCUyQyUyMDY4KSUyMiU3RCU3RCUyQyU3QiUyMmtsYXNzJTIyJTNBJTIybWFyayUyMiUyQyUyMnR5cGUlMjIlM0ElMjJzeiUyMiUyQyUyMmRhdGElMjIlM0ElN0IlMjJ2YWx1ZSUyMiUzQTEwLjUlMkMlMjJzelVuaXQlMjIlM0ElMjJwdCUyMiU3RCU3RCU1RCU3RCU1RCU3RCU1RCU3RCUyQyU3QiUyMmtsYXNzJTIyJTNBJTIyYmxvY2slMjIlMkMlMjJ0eXBlJTIyJTNBJTIycGFyYWdyYXBoJTIyJTJDJTIyZGF0YSUyMiUzQSU3QiUyMmluZCUyMiUzQSU3QiU3RCUyQyUyMnNwYWNpbmclMjIlM0ElN0IlN0QlMkMlMjJ1dWlkJTIyJTNBJTIybHRmaHk2bHBpMjZhOWFmbXJybSUyMiU3RCUyQyUyMm5vZGVzJTIyJTNBJTVCJTdCJTIya2xhc3MlMjIlM0ElMjJ0ZXh0JTIyJTJDJTIybGVhdmVzJTIyJTNBJTVCJTdCJTIya2xhc3MlMjIlM0ElMjJsZWFmJTIyJTJDJTIydGV4dCUyMiUzQSUyMkxhY3RpYyUyMGFjaWQlMjBoZWxwcyUyMHRoZSUyMGJvZHklMjB0byUyMHdvcmslMjBwcm9wZXJseS4lMjBJdCUyMGlzJTIwYSUyMHZpdGFsJTIwY29tcG9uZW50JTIwZm9yJTIwdGhlJTIwZnVuY3Rpb25pbmclMjBvZiUyMGNlbGxzJTJDJTIwdGlzc3VlcyUyQyUyMGFuZCUyMG9yZ2Fucy4lMjBMYWN0aWMlMjBhY2lkJTIwaXMlMjBpbnRlZ3JhbCUyMHRvJTIwYm9kaWx5JTIwZnVuY3Rpb24lMjBhbmQlMjBpcyUyMG5vdCUyMHNvbGVseSUyMGElMjBieXByb2R1Y3QlMjBvZiUyMGV4ZXJjaXNlLiUyMiUyQyUyMm1hcmtzJTIyJTNBJTVCJTVEJTdEJTVEJTdEJTVEJTdEJTJDJTdCJTIya2xhc3MlMjIlM0ElMjJibG9jayUyMiUyQyUyMnR5cGUlMjIlM0ElMjJwYXJhZ3JhcGglMjIlMkMlMjJkYXRhJTIyJTNBJTdCJTIyaW5kJTIyJTNBJTdCJTdEJTJDJTIyc3BhY2luZyUyMiUzQSU3QiU3RCUyQyUyMnV1aWQlMjIlM0ElMjJsdGZsNWxnaDZucWNlcGliemFnJTIyJTdEJTJDJTIybm9kZXMlMjIlM0ElNUIlN0IlMjJrbGFzcyUyMiUzQSUyMnRleHQlMjIlMkMlMjJsZWF2ZXMlMjIlM0ElNUIlN0IlMjJrbGFzcyUyMiUzQSUyMmxlYWYlMjIlMkMlMjJ0ZXh0JTIyJTNBJTIyRm9vZCUyMGFjaWRzJTIwYW5kJTIwZmxhdm9ycyUyQyUyMHByZXNlcnZhdGl2ZXMlMkMlMjBwcmVwYXJhdGlvbiUyMG9mJTIwbGFjdGF0ZSUyQyUyMHBsYXN0aWNpemVycyUyQyUyMGNvbXBsZXhvbWV0cmljJTIwYW5hbHlzaXMlMkMlMjBtYWduZXNpdW0lMjBhbmQlMjBhbHVtaW51bSUyQyUyMGRldGVybWluYXRpb24lMjBvZiUyMGNhcmJvbiUyMGRpb3hpZGUlMjBiaW5kaW5nJTIwcG93ZXIlMjBpbiUyMHBsYXNtYSUyQyUyMGRldGVybWluYXRpb24lMjBvZiUyMGNvcHBlciUyMGFuZCUyMHppbmMuJTIyJTJDJTIybWFya3MlMjIlM0ElNUIlN0IlMjJrbGFzcyUyMiUzQSUyMm1hcmslMjIlMkMlMjJ0eXBlJTIyJTNBJTIyaGlnaGxpZ2h0JTIyJTJDJTIyZGF0YSUyMiUzQSU3QiU3RCU3RCU1RCU3RCU1RCU3RCU1RCU3RCUyQyU3QiUyMmtsYXNzJTIyJTNBJTIyYmxvY2slMjIlMkMlMjJ0eXBlJTIyJTNBJTIycGFyYWdyYXBoJTIyJTJDJTIyZGF0YSUyMiUzQSU3QiUyMmluZCUyMiUzQSU3QiU3RCUyQyUyMnNwYWNpbmclMjIlM0ElN0IlN0QlMkMlMjJ1dWlkJTIyJTNBJTIybHRmbDV5ODR1c3ljbWF1eGZyciUyMiU3RCUyQyUyMm5vZGVzJTIyJTNBJTVCJTdCJTIya2xhc3MlMjIlM0ElMjJ0ZXh0JTIyJTJDJTIybGVhdmVzJTIyJTNBJTVCJTdCJTIya2xhc3MlMjIlM0ElMjJsZWFmJTIyJTJDJTIydGV4dCUyMiUzQSUyMkxhY3RpYyUyMGFjaWQlMjBpcyUyMGFuJTIwaW1wb3J0YW50JTIwc291ciUyMGFnZW50JTIwd2l0aCUyMHNwZWNpZmljJTIwYXN0cmluZ2VudCUyMHNvdXIlMjB0YXN0ZS4lMjBDYW4lMjBiZSUyMHVzZWQlMjBmb3IlMjBhbGwlMjBraW5kcyUyMG9mJTIwZm9vZCUyQyUyMGFjY29yZGluZyUyMHRvJTIwdGhlJTIwcHJvZHVjdGlvbiUyMG5lZWRzJTIwb2YlMjBhcHByb3ByaWF0ZSUyMHVzZS4lMjBJdCUyMGFsc28lMjBoYXMlMjBhJTIwc3Ryb25nJTIwYmFjdGVyaWNpZGFsJTIwZWZmZWN0JTIwYW5kJTIwY2FuJTIwcHJldmVudCUyMHRoZSUyMGdyb3d0aCUyMG9mJTIwbWlzY2VsbGFuZW91cyUyMGJhY3RlcmlhLiUyMiUyQyUyMm1hcmtzJTIyJTNBJTVCJTdCJTIya2xhc3MlMjIlM0ElMjJtYXJrJTIyJTJDJTIydHlwZSUyMiUzQSUyMmhpZ2hsaWdodCUyMiUyQyUyMmRhdGElMjIlM0ElN0IlN0QlN0QlNUQlN0QlNUQlN0QlNUQlN0QlNUQlN0Q=\" data-identifier-application__slash__x-doc-key=\"1X3lE6ekRYRgnJbv\"><strong>\u00d6zellik<\/strong><\/p>\n<p><span data-type=\"text\">Sa\u00e7 y\u00fczeyini parlak ve g\u00fczel hale getirin<\/span><\/p>\n<p><br data-path=\"2,1\" \/><strong>Ba\u015fvuru<\/strong><\/p>\n<ol>\n<li><span data-type=\"text\">Laktik asit v\u00fccudun d\u00fczg\u00fcn \u00e7al\u0131\u015fmas\u0131na yard\u0131mc\u0131 olur. H\u00fccrelerin, dokular\u0131n ve organlar\u0131n i\u015fleyi\u015fi i\u00e7in hayati bir bile\u015fendir. Laktik asit v\u00fccut fonksiyonlar\u0131n\u0131n ayr\u0131lmaz bir par\u00e7as\u0131d\u0131r ve yaln\u0131zca egzersizin bir yan \u00fcr\u00fcn\u00fc de\u011fildir.<\/span><\/li>\n<li><span data-type=\"text\">G\u0131da asitleri ve aromalar\u0131, koruyucular, laktat haz\u0131rlanmas\u0131, plastikle\u015ftiriciler, kompleksometrik analiz, magnezyum ve al\u00fcminyum, plazmada karbondioksit ba\u011flama g\u00fcc\u00fcn\u00fcn tayini, bak\u0131r ve \u00e7inko tayini.<\/span><\/li>\n<li><span data-type=\"text\">Laktik asit, belirli b\u00fcz\u00fcc\u00fc ek\u015fi tada sahip \u00f6nemli bir ek\u015fi maddedir. Uygun kullan\u0131m \u00fcretim ihtiya\u00e7lar\u0131na g\u00f6re her t\u00fcrl\u00fc g\u0131dada kullan\u0131labilir. Ayr\u0131ca g\u00fc\u00e7l\u00fc bir bakteri \u00f6ld\u00fcr\u00fcc\u00fc etkiye sahiptir ve \u00e7e\u015fitli bakterilerin b\u00fcy\u00fcmesini \u00f6nleyebilir.<\/span><\/li>\n<\/ol>\n<\/article>","protected":false},"excerpt":{"rendered":"<article class=\"4ever-article\" data-clipboard-cangjie=\"[&quot;root&quot;,{},[&quot;p&quot;,{&quot;jc&quot;:&quot;left&quot;,&quot;ind&quot;:{&quot;left&quot;:0},&quot;spacing&quot;:{&quot;before&quot;:6.66667,&quot;after&quot;:6.66667,&quot;line&quot;:1},&quot;uuid&quot;:&quot;lswtfsvvvijk6s1z8p&quot;},[&quot;span&quot;,{&quot;data-type&quot;:&quot;text&quot;},[&quot;span&quot;,{&quot;color&quot;:&quot;rgb(0, 0, 0)&quot;,&quot;sz&quot;:12,&quot;szUnit&quot;:&quot;pt&quot;,&quot;data-type&quot;:&quot;leaf&quot;},&quot;Product name:&quot;],[&quot;span&quot;,{&quot;color&quot;:&quot;#000000&quot;,&quot;fonts&quot;:{&quot;ascii&quot;:&quot;\u5b8b\u4f53&quot;,&quot;hAnsi&quot;:&quot;\u5b8b\u4f53&quot;,&quot;cs&quot;:&quot;\u5b8b\u4f53&quot;,&quot;eastAsia&quot;:&quot;\u5b8b\u4f53&quot;},&quot;sz&quot;:11,&quot;szUnit&quot;:&quot;pt&quot;,&quot;data-type&quot;:&quot;leaf&quot;},&quot; &quot;],[&quot;span&quot;,{&quot;sz&quot;:10,&quot;szUnit&quot;:&quot;pt&quot;,&quot;fonts&quot;:{&quot;ascii&quot;:&quot;\u65b9\u6b63\u5c0f\u6807\u5b8b\u7b80\u4f53&quot;,&quot;hAnsi&quot;:&quot;\u65b9\u6b63\u5c0f\u6807\u5b8b\u7b80\u4f53&quot;,&quot;cs&quot;:&quot;\u65b9\u6b63\u5c0f\u6807\u5b8b\u7b80\u4f53&quot;,&quot;eastAsia&quot;:&quot;\u65b9\u6b63\u5c0f\u6807\u5b8b\u7b80\u4f53&quot;},&quot;color&quot;:&quot;#000000&quot;,&quot;data-type&quot;:&quot;leaf&quot;},&quot;Lactic acid&quot;]]],[&quot;p&quot;,{&quot;ind&quot;:{&quot;left&quot;:0},&quot;jc&quot;:&quot;left&quot;,&quot;spacing&quot;:{&quot;after&quot;:6.66667,&quot;before&quot;:6.66667,&quot;line&quot;:1},&quot;uuid&quot;:&quot;lswvmmugqxelvfo7nls&quot;},[&quot;span&quot;,{&quot;data-type&quot;:&quot;text&quot;},[&quot;span&quot;,{&quot;color&quot;:&quot;rgb(0, 0, 0)&quot;,&quot;sz&quot;:12,&quot;szUnit&quot;:&quot;pt&quot;,&quot;data-type&quot;:&quot;leaf&quot;},&quot;CAS number\uff1a&quot;],[&quot;span&quot;,{&quot;sz&quot;:10,&quot;szUnit&quot;:&quot;pt&quot;,&quot;fonts&quot;:{&quot;ascii&quot;:&quot;\u65b9\u6b63\u5c0f\u6807\u5b8b\u7b80\u4f53&quot;,&quot;hAnsi&quot;:&quot;\u65b9\u6b63\u5c0f\u6807\u5b8b\u7b80\u4f53&quot;,&quot;cs&quot;:&quot;\u65b9\u6b63\u5c0f\u6807\u5b8b\u7b80\u4f53&quot;,&quot;eastAsia&quot;:&quot;\u65b9\u6b63\u5c0f\u6807\u5b8b\u7b80\u4f53&quot;},&quot;color&quot;:&quot;#000000&quot;,&quot;data-type&quot;:&quot;leaf&quot;},&quot;50-21-5&quot;]]],[&quot;p&quot;,{&quot;ind&quot;:{&quot;left&quot;:0},&quot;jc&quot;:&quot;left&quot;,&quot;spacing&quot;:{&quot;after&quot;:6.66667,&quot;before&quot;:6.66667,&quot;line&quot;:1},&quot;uuid&quot;:&quot;lt57acnvgfskc1r2i8c&quot;},[&quot;span&quot;,{&quot;data-type&quot;:&quot;text&quot;},[&quot;span&quot;,{&quot;sz&quot;:12,&quot;szUnit&quot;:&quot;pt&quot;,&quot;data-type&quot;:&quot;leaf&quot;},&quot;EC number\uff1a200-018-0&quot;]]],[&quot;p&quot;,{&quot;ind&quot;:{&quot;left&quot;:0},&quot;jc&quot;:&quot;left&quot;,&quot;spacing&quot;:{&quot;after&quot;:6.66667,&quot;before&quot;:6.66667,&quot;line&quot;:1},&quot;uuid&quot;:&quot;lt57a2i7dpd61uranxk&quot;},[&quot;span&quot;,{&quot;data-type&quot;:&quot;text&quot;},[&quot;span&quot;,{&quot;color&quot;:&quot;rgb(0, 0, 0)&quot;,&quot;sz&quot;:12,&quot;szUnit&quot;:&quot;pt&quot;,&quot;data-type&quot;:&quot;leaf&quot;},&quot;Appearance: colorless to yellow syrup&quot;]]]]\" data-identifier-application__slash__x-cangjie-fragment=\"JTdCJTIya2xhc3MlMjIlM0ElMjJkb2N1bWVudCUyMiUyQyUyMmRhdGElMjIlM0ElN0IlN0QlMkMlMjJub2RlcyUyMiUzQSU1QiU3QiUyMmtsYXNzJTIyJTNBJTIyYmxvY2slMjIlMkMlMjJ0eXBlJTIyJTNBJTIycGFyYWdyYXBoJTIyJTJDJTIyZGF0YSUyMiUzQSU3QiUyMmpjJTIyJTNBJTIybGVmdCUyMiUyQyUyMmluZCUyMiUzQSU3QiUyMmxlZnQlMjIlM0EwJTdEJTJDJTIyc3BhY2luZyUyMiUzQSU3QiUyMmJlZm9yZSUyMiUzQTYuNjY2NjclMkMlMjJhZnRlciUyMiUzQTYuNjY2NjclMkMlMjJsaW5lJTIyJTNBMSU3RCUyQyUyMnV1aWQlMjIlM0ElMjJsc3d0ZnN2dnZpams2czF6OHAlMjIlN0QlMkMlMjJub2RlcyUyMiUzQSU1QiU3QiUyMmtsYXNzJTIyJTNBJTIydGV4dCUyMiUyQyUyMmxlYXZlcyUyMiUzQSU1QiU3QiUyMmtsYXNzJTIyJTNBJTIybGVhZiUyMiUyQyUyMnRleHQlMjIlM0ElMjJQcm9kdWN0JTIwbmFtZSUzQSUyMiUyQyUyMm1hcmtzJTIyJTNBJTVCJTdCJTIya2xhc3MlMjIlM0ElMjJtYXJrJTIyJTJDJTIydHlwZSUyMiUzQSUyMmNvbG9yJTIyJTJDJTIyZGF0YSUyMiUzQSU3QiUyMnZhbHVlJTIyJTNBJTIycmdiKDAlMkMlMjAwJTJDJTIwMCklMjIlN0QlN0QlMkMlN0IlMjJrbGFzcyUyMiUzQSUyMm1hcmslMjIlMkMlMjJ0eXBlJTIyJTNBJTIyc3olMjIlMkMlMjJkYXRhJTIyJTNBJTdCJTIydmFsdWUlMjIlM0ExMiUyQyUyMnN6VW5pdCUyMiUzQSUyMnB0JTIyJTdEJTdEJTVEJTdEJTJDJTdCJTIya2xhc3MlMjIlM0ElMjJsZWFmJTIyJTJDJTIydGV4dCUyMiUzQSUyMiUyMCUyMiUyQyUyMm1hcmtzJTIyJTNBJTVCJTdCJTIya2xhc3MlMjIlM0ElMjJtYXJrJTIyJTJDJTIydHlwZSUyMiUzQSUyMmNvbG9yJTIyJTJDJTIyZGF0YSUyMiUzQSU3QiUyMnZhbHVlJTIyJTNBJTIyJTIzMDAwMDAwJTIyJTdEJTdEJTJDJTdCJTIya2xhc3MlMjIlM0ElMjJtYXJrJTIyJTJDJTIydHlwZSUyMiUzQSUyMmZvbnRzJTIyJTJDJTIyZGF0YSUyMiUzQSU3QiUyMmFzY2lpJTIyJTNBJTIyJUU1JUFFJThCJUU0JUJEJTkzJTIyJTJDJTIyaEFuc2klMjIlM0ElMjIlRTUlQUUlOEIlRTQlQkQlOTMlMjIlMkMlMjJjcyUyMiUzQSUyMiVFNSVBRSU4QiVFNCVCRCU5MyUyMiUyQyUyMmVhc3RBc2lhJTIyJTNBJTIyJUU1JUFFJThCJUU0JUJEJTkzJTIyJTdEJTdEJTJDJTdCJTIya2xhc3MlMjIlM0ElMjJtYXJrJTIyJTJDJTIydHlwZSUyMiUzQSUyMnN6JTIyJTJDJTIyZGF0YSUyMiUzQSU3QiUyMnZhbHVlJTIyJTNBMTElMkMlMjJzelVuaXQlMjIlM0ElMjJwdCUyMiU3RCU3RCU1RCU3RCUyQyU3QiUyMmtsYXNzJTIyJTNBJTIybGVhZiUyMiUyQyUyMnRleHQlMjIlM0ElMjJMYWN0aWMlMjBhY2lkJTIyJTJDJTIybWFya3MlMjIlM0ElNUIlN0IlMjJrbGFzcyUyMiUzQSUyMm1hcmslMjIlMkMlMjJ0eXBlJTIyJTNBJTIyc3olMjIlMkMlMjJkYXRhJTIyJTNBJTdCJTIydmFsdWUlMjIlM0ExMCUyQyUyMnNjYWxlJTIyJTNBMSUyQyUyMnN6VW5pdCUyMiUzQSUyMnB0JTIyJTdEJTdEJTJDJTdCJTIya2xhc3MlMjIlM0ElMjJtYXJrJTIyJTJDJTIydHlwZSUyMiUzQSUyMmZvbnRzJTIyJTJDJTIyZGF0YSUyMiUzQSU3QiUyMmFzY2lpJTIyJTNBJTIyJUU2JTk2JUI5JUU2JUFEJUEzJUU1JUIwJThGJUU2JUEwJTg3JUU1JUFFJThCJUU3JUFFJTgwJUU0JUJEJTkzJTIyJTJDJTIyaEFuc2klMjIlM0ElMjIlRTYlOTYlQjklRTYlQUQlQTMlRTUlQjAlOEYlRTYlQTAlODclRTUlQUUlOEIlRTclQUUlODAlRTQlQkQlOTMlMjIlMkMlMjJjcyUyMiUzQSUyMiVFNiU5NiVCOSVFNiVBRCVBMyVFNSVCMCU4RiVFNiVBMCU4NyVFNSVBRSU4QiVFNyVBRSU4MCVFNCVCRCU5MyUyMiUyQyUyMmVhc3RBc2lhJTIyJTNBJTIyJUU2JTk2JUI5JUU2JUFEJUEzJUU1JUIwJThGJUU2JUEwJTg3JUU1JUFFJThCJUU3JUFFJTgwJUU0JUJEJTkzJTIyJTdEJTdEJTJDJTdCJTIya2xhc3MlMjIlM0ElMjJtYXJrJTIyJTJDJTIydHlwZSUyMiUzQSUyMmNvbG9yJTIyJTJDJTIyZGF0YSUyMiUzQSU3QiUyMnZhbHVlJTIyJTNBJTIyJTIzMDAwMDAwJTIyJTdEJTdEJTVEJTdEJTVEJTdEJTVEJTdEJTJDJTdCJTIya2xhc3MlMjIlM0ElMjJibG9jayUyMiUyQyUyMnR5cGUlMjIlM0ElMjJwYXJhZ3JhcGglMjIlMkMlMjJkYXRhJTIyJTNBJTdCJTIyaW5kJTIyJTNBJTdCJTIybGVmdCUyMiUzQTAlN0QlMkMlMjJqYyUyMiUzQSUyMmxlZnQlMjIlMkMlMjJzcGFjaW5nJTIyJTNBJTdCJTIyYWZ0ZXIlMjIlM0E2LjY2NjY3JTJDJTIyYmVmb3JlJTIyJTNBNi42NjY2NyUyQyUyMmxpbmUlMjIlM0ExJTdEJTJDJTIydXVpZCUyMiUzQSUyMmxzd3ZtbXVncXhlbHZmbzdubHMlMjIlN0QlMkMlMjJub2RlcyUyMiUzQSU1QiU3QiUyMmtsYXNzJTIyJTNBJTIydGV4dCUyMiUyQyUyMmxlYXZlcyUyMiUzQSU1QiU3QiUyMmtsYXNzJTIyJTNBJTIybGVhZiUyMiUyQyUyMnRleHQlMjIlM0ElMjJDQVMlMjBudW1iZXIlRUYlQkMlOUElMjIlMkMlMjJtYXJrcyUyMiUzQSU1QiU3QiUyMmtsYXNzJTIyJTNBJTIybWFyayUyMiUyQyUyMnR5cGUlMjIlM0ElMjJjb2xvciUyMiUyQyUyMmRhdGElMjIlM0ElN0IlMjJ2YWx1ZSUyMiUzQSUyMnJnYigwJTJDJTIwMCUyQyUyMDApJTIyJTdEJTdEJTJDJTdCJTIya2xhc3MlMjIlM0ElMjJtYXJrJTIyJTJDJTIydHlwZSUyMiUzQSUyMnN6JTIyJTJDJTIyZGF0YSUyMiUzQSU3QiUyMnZhbHVlJTIyJTNBMTIlMkMlMjJzelVuaXQlMjIlM0ElMjJwdCUyMiU3RCU3RCU1RCU3RCUyQyU3QiUyMmtsYXNzJTIyJTNBJTIybGVhZiUyMiUyQyUyMnRleHQlMjIlM0ElMjI1MC0yMS01JTIyJTJDJTIybWFya3MlMjIlM0ElNUIlN0IlMjJrbGFzcyUyMiUzQSUyMm1hcmslMjIlMkMlMjJ0eXBlJTIyJTNBJTIyc3olMjIlMkMlMjJkYXRhJTIyJTNBJTdCJTIydmFsdWUlMjIlM0ExMCUyQyUyMnNjYWxlJTIyJTNBMSUyQyUyMnN6VW5pdCUyMiUzQSUyMnB0JTIyJTdEJTdEJTJDJTdCJTIya2xhc3MlMjIlM0ElMjJtYXJrJTIyJTJDJTIydHlwZSUyMiUzQSUyMmZvbnRzJTIyJTJDJTIyZGF0YSUyMiUzQSU3QiUyMmFzY2lpJTIyJTNBJTIyJUU2JTk2JUI5JUU2JUFEJUEzJUU1JUIwJThGJUU2JUEwJTg3JUU1JUFFJThCJUU3JUFFJTgwJUU0JUJEJTkzJTIyJTJDJTIyaEFuc2klMjIlM0ElMjIlRTYlOTYlQjklRTYlQUQlQTMlRTUlQjAlOEYlRTYlQTAlODclRTUlQUUlOEIlRTclQUUlODAlRTQlQkQlOTMlMjIlMkMlMjJjcyUyMiUzQSUyMiVFNiU5NiVCOSVFNiVBRCVBMyVFNSVCMCU4RiVFNiVBMCU4NyVFNSVBRSU4QiVFNyVBRSU4MCVFNCVCRCU5MyUyMiUyQyUyMmVhc3RBc2lhJTIyJTNBJTIyJUU2JTk2JUI5JUU2JUFEJUEzJUU1JUIwJThGJUU2JUEwJTg3JUU1JUFFJThCJUU3JUFFJTgwJUU0JUJEJTkzJTIyJTdEJTdEJTJDJTdCJTIya2xhc3MlMjIlM0ElMjJtYXJrJTIyJTJDJTIydHlwZSUyMiUzQSUyMmNvbG9yJTIyJTJDJTIyZGF0YSUyMiUzQSU3QiUyMnZhbHVlJTIyJTNBJTIyJTIzMDAwMDAwJTIyJTdEJTdEJTVEJTdEJTVEJTdEJTVEJTdEJTJDJTdCJTIya2xhc3MlMjIlM0ElMjJibG9jayUyMiUyQyUyMnR5cGUlMjIlM0ElMjJwYXJhZ3JhcGglMjIlMkMlMjJkYXRhJTIyJTNBJTdCJTIyaW5kJTIyJTNBJTdCJTIybGVmdCUyMiUzQTAlN0QlMkMlMjJqYyUyMiUzQSUyMmxlZnQlMjIlMkMlMjJzcGFjaW5nJTIyJTNBJTdCJTIyYWZ0ZXIlMjIlM0E2LjY2NjY3JTJDJTIyYmVmb3JlJTIyJTNBNi42NjY2NyUyQyUyMmxpbmUlMjIlM0ExJTdEJTJDJTIydXVpZCUyMiUzQSUyMmx0NTdhY252Z2Zza2MxcjJpOGMlMjIlN0QlMkMlMjJub2RlcyUyMiUzQSU1QiU3QiUyMmtsYXNzJTIyJTNBJTIydGV4dCUyMiUyQyUyMmxlYXZlcyUyMiUzQSU1QiU3QiUyMmtsYXNzJTIyJTNBJTIybGVhZiUyMiUyQyUyMnRleHQlMjIlM0ElMjJFQyUyMG51bWJlciVFRiVCQyU5QTIwMC0wMTgtMCUyMiUyQyUyMm1hcmtzJTIyJTNBJTVCJTdCJTIya2xhc3MlMjIlM0ElMjJtYXJrJTIyJTJDJTIydHlwZSUyMiUzQSUyMnN6JTIyJTJDJTIyZGF0YSUyMiUzQSU3QiUyMnZhbHVlJTIyJTNBMTIlMkMlMjJzelVuaXQlMjIlM0ElMjJwdCUyMiU3RCU3RCU1RCU3RCU1RCU3RCU1RCU3RCUyQyU3QiUyMmtsYXNzJTIyJTNBJTIyYmxvY2slMjIlMkMlMjJ0eXBlJTIyJTNBJTIycGFyYWdyYXBoJTIyJTJDJTIyZGF0YSUyMiUzQSU3QiUyMmluZCUyMiUzQSU3QiUyMmxlZnQlMjIlM0EwJTdEJTJDJTIyamMlMjIlM0ElMjJsZWZ0JTIyJTJDJTIyc3BhY2luZyUyMiUzQSU3QiUyMmFmdGVyJTIyJTNBNi42NjY2NyUyQyUyMmJlZm9yZSUyMiUzQTYuNjY2NjclMkMlMjJsaW5lJTIyJTNBMSU3RCUyQyUyMnV1aWQlMjIlM0ElMjJsdDU3YTJpN2RwZDYxdXJhbnhrJTIyJTdEJTJDJTIybm9kZXMlMjIlM0ElNUIlN0IlMjJrbGFzcyUyMiUzQSUyMnRleHQlMjIlMkMlMjJsZWF2ZXMlMjIlM0ElNUIlN0IlMjJrbGFzcyUyMiUzQSUyMmxlYWYlMjIlMkMlMjJ0ZXh0JTIyJTNBJTIyQXBwZWFyYW5jZSUzQSUyMGNvbG9ybGVzcyUyMHRvJTIweWVsbG93JTIwc3lydXAlMjIlMkMlMjJtYXJrcyUyMiUzQSU1QiU3QiUyMmtsYXNzJTIyJTNBJTIybWFyayUyMiUyQyUyMnR5cGUlMjIlM0ElMjJjb2xvciUyMiUyQyUyMmRhdGElMjIlM0ElN0IlMjJ2YWx1ZSUyMiUzQSUyMnJnYigwJTJDJTIwMCUyQyUyMDApJTIyJTdEJTdEJTJDJTdCJTIya2xhc3MlMjIlM0ElMjJtYXJrJTIyJTJDJTIydHlwZSUyMiUzQSUyMnN6JTIyJTJDJTIyZGF0YSUyMiUzQSU3QiUyMnZhbHVlJTIyJTNBMTIlMkMlMjJzelVuaXQlMjIlM0ElMjJwdCUyMiU3RCU3RCU1RCU3RCU1RCU3RCU1RCU3RCU1RCU3RA==\" data-identifier-application__slash__x-doc-key=\"1X3lE6ekRYRgnJbv\"><span data-type=\"text\">\u00dcr\u00fcn ad\u0131:<\/span><span data-type=\"text\">\u00a0<\/span><span data-type=\"text\">Laktik asit<\/span><\/p>\n<p><span data-type=\"text\">CAS numaras\u0131\uff1a<\/span><span data-type=\"text\">50-21-5<\/span><\/p>\n<p><span data-type=\"text\">EC numaras\u0131: 200-018-0<\/span><\/p>\n<p><span data-type=\"text\">G\u00f6r\u00fcn\u00fcm: renksiz ila sar\u0131 \u015furup<\/span><\/p>\n<\/article>","protected":false},"featured_media":4763,"template":"","meta":{"_acf_changed":false,"_gspb_post_css":""},"product_brand":[],"product_cat":[60,132],"product_tag":[],"class_list":{"0":"post-6885","1":"product","2":"type-product","3":"status-publish","4":"has-post-thumbnail","6":"product_cat-cosmetic-ingredients","7":"product_cat-moisturizing","9":"first","10":"instock","11":"shipping-taxable","12":"product-type-simple"},"acf":[],"_links":{"self":[{"href":"https:\/\/wpachem.com\/tr\/wp-json\/wp\/v2\/product\/6885","targetHints":{"allow":["GET"]}}],"collection":[{"href":"https:\/\/wpachem.com\/tr\/wp-json\/wp\/v2\/product"}],"about":[{"href":"https:\/\/wpachem.com\/tr\/wp-json\/wp\/v2\/types\/product"}],"version-history":[{"count":0,"href":"https:\/\/wpachem.com\/tr\/wp-json\/wp\/v2\/product\/6885\/revisions"}],"wp:featuredmedia":[{"embeddable":true,"href":"https:\/\/wpachem.com\/tr\/wp-json\/wp\/v2\/media\/4763"}],"wp:attachment":[{"href":"https:\/\/wpachem.com\/tr\/wp-json\/wp\/v2\/media?parent=6885"}],"wp:term":[{"taxonomy":"product_brand","embeddable":true,"href":"https:\/\/wpachem.com\/tr\/wp-json\/wp\/v2\/product_brand?post=6885"},{"taxonomy":"product_cat","embeddable":true,"href":"https:\/\/wpachem.com\/tr\/wp-json\/wp\/v2\/product_cat?post=6885"},{"taxonomy":"product_tag","embeddable":true,"href":"https:\/\/wpachem.com\/tr\/wp-json\/wp\/v2\/product_tag?post=6885"}],"curies":[{"name":"wp","href":"https:\/\/api.w.org\/{rel}","templated":true}]}}