{"id":7482,"date":"2023-04-10T05:39:30","date_gmt":"2023-04-10T05:39:30","guid":{"rendered":"http:\/\/site2.easyceotech.com\/?post_type=product&amp;p=3689"},"modified":"2023-04-10T05:39:30","modified_gmt":"2023-04-10T05:39:30","slug":"chrome-yellow-2","status":"publish","type":"product","link":"https:\/\/wpachem.com\/tr\/urun\/chrome-yellow-2\/","title":{"rendered":"Krom Sar\u0131"},"content":{"rendered":"<p><strong>\u00d6zellikleri:<\/strong><\/p>\n<p>&nbsp;<\/p>\n<p>Krom sar\u0131s\u0131, esas olarak kur\u015fun kromat pigmentinden olu\u015fan bir t\u00fcr kimyasal pigmenttir, kimyasal bile\u015fimi PbCrO4&#039;t\u00fcr, i\u00e7eri\u011fi yakla\u015f\u0131k 90% ~ 94%&#039;dir, g\u00f6r\u00fcn\u00fcm\u00fc a\u00e7\u0131k k\u0131rm\u0131z\u0131 sar\u0131 tozdur, monoklinal kristal \u015fekli, yo\u011funlu\u011fu 5,1 ~ 6,0 g \/ cm3, ya\u011f emilimi 13 ~ 27 g \/ 100 g&#039;d\u0131r.<\/p>\n<p>&nbsp;<\/p>\n<p>Renk aral\u0131\u011f\u0131 limon sar\u0131s\u0131ndan turuncu sar\u0131ya kadard\u0131r. Genellikle kur\u015fun krom sar\u0131s\u0131, a\u00e7\u0131k krom sar\u0131s\u0131, orta krom sar\u0131s\u0131, koyu krom sar\u0131s\u0131, krom turuncu sar\u0131s\u0131 olarak 5 standart tipte s\u0131n\u0131fland\u0131r\u0131l\u0131r. Pigmentler parlak, parlak renk tonu ve m\u00fckemmel gizleme g\u00fcc\u00fcne sahiptir.<\/p>\n<p>&nbsp;<\/p>\n<p><strong>Ba\u015fvuru<\/strong>:<\/p>\n<p>Genellikle kaplama, boya, m\u00fcrekkep, plastik, kau\u00e7uk, k\u00fclt\u00fcrel ve e\u011fitimsel \u00fcr\u00fcnler vb. \u00fcretmek i\u00e7in kullan\u0131l\u0131r.<\/p>\n<p>&nbsp;<\/p>","protected":false},"excerpt":{"rendered":"<p>\u00dcr\u00fcn Ad\u0131: Krom Sar\u0131<\/p>\n<p>Kimyasal bile\u015fim: PbCrO4<\/p>\n<p>Renk Endeksi: PY34<\/p>","protected":false},"featured_media":3706,"template":"","meta":{"_acf_changed":false,"_gspb_post_css":""},"product_brand":[],"product_cat":[24],"product_tag":[],"class_list":{"0":"post-7482","1":"product","2":"type-product","3":"status-publish","4":"has-post-thumbnail","6":"product_cat-uncategorized","8":"first","9":"instock","10":"shipping-taxable","11":"product-type-simple"},"acf":[],"_links":{"self":[{"href":"https:\/\/wpachem.com\/tr\/wp-json\/wp\/v2\/product\/7482","targetHints":{"allow":["GET"]}}],"collection":[{"href":"https:\/\/wpachem.com\/tr\/wp-json\/wp\/v2\/product"}],"about":[{"href":"https:\/\/wpachem.com\/tr\/wp-json\/wp\/v2\/types\/product"}],"version-history":[{"count":0,"href":"https:\/\/wpachem.com\/tr\/wp-json\/wp\/v2\/product\/7482\/revisions"}],"wp:featuredmedia":[{"embeddable":true,"href":"https:\/\/wpachem.com\/tr\/wp-json\/wp\/v2\/media\/3706"}],"wp:attachment":[{"href":"https:\/\/wpachem.com\/tr\/wp-json\/wp\/v2\/media?parent=7482"}],"wp:term":[{"taxonomy":"product_brand","embeddable":true,"href":"https:\/\/wpachem.com\/tr\/wp-json\/wp\/v2\/product_brand?post=7482"},{"taxonomy":"product_cat","embeddable":true,"href":"https:\/\/wpachem.com\/tr\/wp-json\/wp\/v2\/product_cat?post=7482"},{"taxonomy":"product_tag","embeddable":true,"href":"https:\/\/wpachem.com\/tr\/wp-json\/wp\/v2\/product_tag?post=7482"}],"curies":[{"name":"wp","href":"https:\/\/api.w.org\/{rel}","templated":true}]}}