{"id":7483,"date":"2023-12-27T06:22:34","date_gmt":"2023-12-27T06:22:34","guid":{"rendered":"https:\/\/wpapigments.com\/?post_type=product&amp;p=5538"},"modified":"2023-12-27T06:22:34","modified_gmt":"2023-12-27T06:22:34","slug":"pigment-yellow-1-p-y-1-cas-no-2512-29-0","status":"publish","type":"product","link":"https:\/\/wpachem.com\/tr\/urun\/pigment-yellow-1-p-y-1-cas-no-2512-29-0\/","title":{"rendered":"Pigment Sar\u0131 1\/ PY 1 CAS No. 2512-29-0"},"content":{"rendered":"<p><strong>Erkek \u00d6zellikleri:<\/strong> Yar\u0131 saydam<\/p>\n<p><strong>Ba\u015fvuru:<\/strong><\/p>\n<p>Pigment Sar\u0131 1, esas olarak kaplama ileri \u0131\u015f\u0131k hasl\u0131\u011f\u0131 m\u00fcrekkepleri, demir bask\u0131 m\u00fcrekkepleri, plastik \u00fcr\u00fcnler, kau\u00e7uk ve k\u00fclt\u00fcrel ve e\u011fitim malzemelerinin renklendirilmesinde kullan\u0131l\u0131r ve ayr\u0131ca pigment bask\u0131 ve viskon macun renklendirmesinde de kullan\u0131labilir.<\/p>\n<p>1) Boya Kullan\u0131m\u0131: End\u00fcstriyel Boya, Toz Boya, Dekoratif Kaplama, Tekstil Bask\u0131, Su Bazl\u0131 Boya<\/p>\n<p>2) M\u00fcrekkep Kullan\u0131m\u0131: Su bazl\u0131 m\u00fcrekkep, solvent bazl\u0131 m\u00fcrekkep.<\/p>","protected":false},"excerpt":{"rendered":"<p><strong>\u00dcr\u00fcn Ad\u0131:<\/strong> Pigment Sar\u0131 1<\/p>\n<p><strong>Renk \u0130ndeksi:<\/strong> CIPY 1<\/p>\n<p><strong>D\u0131\u015f g\u00f6r\u00fcn\u00fc\u015f:<\/strong> Sar\u0131 toz<\/p>\n<p><strong>CAS Numaras\u0131:<\/strong> 2512-29-0<\/p>\n<p><strong>\u00c7.M:<\/strong> C17H16N4O4<\/p>\n<p><strong>Di\u011fer Ad\u0131: <\/strong>H\u0131zl\u0131 Sar\u0131 G<\/p>","protected":false},"featured_media":0,"template":"","meta":{"_acf_changed":false,"_gspb_post_css":""},"product_brand":[],"product_cat":[162,163],"product_tag":[],"class_list":{"0":"post-7483","1":"product","2":"type-product","3":"status-publish","5":"product_cat-for-inks","6":"product_cat-for-paints-and-coatings","8":"first","9":"instock","10":"shipping-taxable","11":"product-type-simple"},"acf":[],"_links":{"self":[{"href":"https:\/\/wpachem.com\/tr\/wp-json\/wp\/v2\/product\/7483","targetHints":{"allow":["GET"]}}],"collection":[{"href":"https:\/\/wpachem.com\/tr\/wp-json\/wp\/v2\/product"}],"about":[{"href":"https:\/\/wpachem.com\/tr\/wp-json\/wp\/v2\/types\/product"}],"version-history":[{"count":0,"href":"https:\/\/wpachem.com\/tr\/wp-json\/wp\/v2\/product\/7483\/revisions"}],"wp:attachment":[{"href":"https:\/\/wpachem.com\/tr\/wp-json\/wp\/v2\/media?parent=7483"}],"wp:term":[{"taxonomy":"product_brand","embeddable":true,"href":"https:\/\/wpachem.com\/tr\/wp-json\/wp\/v2\/product_brand?post=7483"},{"taxonomy":"product_cat","embeddable":true,"href":"https:\/\/wpachem.com\/tr\/wp-json\/wp\/v2\/product_cat?post=7483"},{"taxonomy":"product_tag","embeddable":true,"href":"https:\/\/wpachem.com\/tr\/wp-json\/wp\/v2\/product_tag?post=7483"}],"curies":[{"name":"wp","href":"https:\/\/api.w.org\/{rel}","templated":true}]}}