{"id":7484,"date":"2023-12-27T06:45:26","date_gmt":"2023-12-27T06:45:26","guid":{"rendered":"https:\/\/wpapigments.com\/?post_type=product&amp;p=5543"},"modified":"2023-12-27T06:45:26","modified_gmt":"2023-12-27T06:45:26","slug":"pigment-red-2-pigment-naphthol-red-f2r-p-r-2-cas-no-6041-94-7","status":"publish","type":"product","link":"https:\/\/wpachem.com\/tr\/urun\/pigment-red-2-pigment-naphthol-red-f2r-p-r-2-cas-no-6041-94-7\/","title":{"rendered":"Pigment K\u0131rm\u0131z\u0131 2\/Pigment Naftol K\u0131rm\u0131z\u0131 F2R\/PR2 CAS No. 6041-94-7"},"content":{"rendered":"<p><b>\u00dcr\u00fcn ad\u0131:<\/b><\/p>\n<p>Naphthol Red F2R, Kal\u0131c\u0131 K\u0131rm\u0131z\u0131 FRR, Nijer Kal\u0131c\u0131 K\u0131rm\u0131z\u0131 akrilik boya F2R olarak da bilinen, yayg\u0131n olarak kullan\u0131lan bir organik sentetik boyad\u0131r.<\/p>\n<p><b>Karakter:<\/b><br \/>\n\u2013 G\u00f6r\u00fcn\u00fcm: Naftol K\u0131rm\u0131z\u0131s\u0131 F2R k\u0131rm\u0131z\u0131 toz veya kristal formunda bulunur.<br \/>\n\u2013 \u00c7\u00f6z\u00fcn\u00fcrl\u00fck: FNaphthol Red F2R, alkoller, ketonlar ve esterler gibi organik \u00e7\u00f6z\u00fcc\u00fclerde \u00e7\u00f6z\u00fcn\u00fcr, ancak suda \u00e7\u00f6z\u00fcnmez.<br \/>\n\u2013 Kararl\u0131l\u0131k: Boya \u0131\u015f\u0131\u011fa ve \u0131s\u0131ya kar\u015f\u0131 nispeten kararl\u0131d\u0131r ve dayan\u0131kl\u0131d\u0131r.<\/p>\n<p><b>Fiziksel ve kimyasal \u00f6zellikler:<\/b><\/p>\n<table width=\"753\">\n<tbody>\n<tr>\n<td colspan=\"2\" rowspan=\"2\" width=\"334\">\u7269\u5316\u6570\u636e<br \/>\nFiziksel Veriler<\/td>\n<td width=\"239\">Yo\u011funluk g\/CM3<\/td>\n<td width=\"180\">1.40-1.60<\/td>\n<\/tr>\n<tr>\n<td width=\"239\">\u5438\u6cb9\u91cf Ya\u011f Absorbsiyonu ml\/100g<\/td>\n<td width=\"180\">30-60<\/td>\n<\/tr>\n<tr>\n<td colspan=\"2\" rowspan=\"7\" width=\"334\">Amerika Birle\u015fik Devletleri<br \/>\nH\u0131zl\u0131l\u0131k \u00d6zellikleri<\/td>\n<td width=\"239\">I\u015f\u0131k Hasl\u0131\u011f\u0131<\/td>\n<td width=\"180\">4<\/td>\n<\/tr>\n<tr>\n<td width=\"239\">Is\u0131 Direnci<\/td>\n<td width=\"180\">140<\/td>\n<\/tr>\n<tr>\n<td width=\"239\">Suya Dayan\u0131kl\u0131l\u0131k<\/td>\n<td width=\"180\">5<\/td>\n<\/tr>\n<tr>\n<td width=\"239\">Ya\u011f Direnci<\/td>\n<td width=\"180\">2<\/td>\n<\/tr>\n<tr>\n<td width=\"239\">Asit Direnci<\/td>\n<td width=\"180\">5<\/td>\n<\/tr>\n<tr>\n<td width=\"239\">Alkali Direnci<\/td>\n<td width=\"180\">4<\/td>\n<\/tr>\n<tr>\n<td width=\"239\">Alkol Direnci<\/td>\n<td width=\"180\">4<\/td>\n<\/tr>\n<\/tbody>\n<\/table>\n<p>&nbsp;<\/p>\n<p><strong>Ba\u015fvuru:<\/strong><\/p>\n<p>\u2013 Naphthol Red F2R boya olarak kullan\u0131labilir ve tekstil, plastik, m\u00fcrekkep ve kaplamalarda yayg\u0131n olarak kullan\u0131l\u0131r. Uzun \u00f6m\u00fcrl\u00fc k\u0131rm\u0131z\u0131 renk sa\u011flar.<br \/>\n\u2013 Elyaf boyamada, pamuk, keten, ipek gibi do\u011fal elyaflar\u0131n yan\u0131 s\u0131ra, polyester, akrilik vb. sentetik elyaflar\u0131n boyanmas\u0131nda da s\u0131kl\u0131kla kullan\u0131l\u0131r.<\/p>\n<p>1) Boya Kullan\u0131m\u0131: Dekoratif Kaplama, Tekstil Bask\u0131, Su Bazl\u0131 Boya<\/p>\n<p>2) M\u00fcrekkep Kullan\u0131m\u0131: Ofset M\u00fcrekkep, Su Bazl\u0131 M\u00fcrekkep<\/p>","protected":false},"excerpt":{"rendered":"<p><strong>\u00dcr\u00fcn Ad\u0131:<\/strong> Naftol K\u0131rm\u0131z\u0131 F2R<\/p>\n<p><strong>Renk \u0130ndeksi:<\/strong> PR2<\/p>\n<p><strong>D\u0131\u015f g\u00f6r\u00fcn\u00fc\u015f:<\/strong> K\u0131rm\u0131z\u0131 toz<\/p>\n<p><strong>CAS Numaras\u0131:<\/strong> 6041-94-7<\/p>\n<p><strong>Di\u011fer Ad\u0131:\u00a0<\/strong>Kal\u0131c\u0131 K\u0131rm\u0131z\u0131 FRR, Nijer Kal\u0131c\u0131 K\u0131rm\u0131z\u0131 akrilik boya F2R, yayg\u0131n olarak kullan\u0131lan organik sentetik bir boyad\u0131r.<\/p>","protected":false},"featured_media":7616,"template":"","meta":{"_acf_changed":false,"_gspb_post_css":""},"product_brand":[],"product_cat":[162,163],"product_tag":[],"class_list":{"0":"post-7484","1":"product","2":"type-product","3":"status-publish","4":"has-post-thumbnail","6":"product_cat-for-inks","7":"product_cat-for-paints-and-coatings","9":"first","10":"instock","11":"shipping-taxable","12":"product-type-simple"},"acf":[],"_links":{"self":[{"href":"https:\/\/wpachem.com\/tr\/wp-json\/wp\/v2\/product\/7484","targetHints":{"allow":["GET"]}}],"collection":[{"href":"https:\/\/wpachem.com\/tr\/wp-json\/wp\/v2\/product"}],"about":[{"href":"https:\/\/wpachem.com\/tr\/wp-json\/wp\/v2\/types\/product"}],"version-history":[{"count":0,"href":"https:\/\/wpachem.com\/tr\/wp-json\/wp\/v2\/product\/7484\/revisions"}],"wp:featuredmedia":[{"embeddable":true,"href":"https:\/\/wpachem.com\/tr\/wp-json\/wp\/v2\/media\/7616"}],"wp:attachment":[{"href":"https:\/\/wpachem.com\/tr\/wp-json\/wp\/v2\/media?parent=7484"}],"wp:term":[{"taxonomy":"product_brand","embeddable":true,"href":"https:\/\/wpachem.com\/tr\/wp-json\/wp\/v2\/product_brand?post=7484"},{"taxonomy":"product_cat","embeddable":true,"href":"https:\/\/wpachem.com\/tr\/wp-json\/wp\/v2\/product_cat?post=7484"},{"taxonomy":"product_tag","embeddable":true,"href":"https:\/\/wpachem.com\/tr\/wp-json\/wp\/v2\/product_tag?post=7484"}],"curies":[{"name":"wp","href":"https:\/\/api.w.org\/{rel}","templated":true}]}}