{"id":7485,"date":"2023-12-28T09:37:01","date_gmt":"2023-12-28T09:37:01","guid":{"rendered":"https:\/\/wpapigments.com\/?post_type=product&amp;p=5548"},"modified":"2023-12-28T09:37:01","modified_gmt":"2023-12-28T09:37:01","slug":"pigment-red-481-pigment-fast-red-bbn-p-r-481-cas-no-7585-41-3","status":"publish","type":"product","link":"https:\/\/wpachem.com\/tr\/urun\/pigment-red-481-pigment-fast-red-bbn-p-r-481-cas-no-7585-41-3\/","title":{"rendered":"Pigment K\u0131rm\u0131z\u0131 48:1\/Pigment H\u0131zl\u0131 K\u0131rm\u0131z\u0131 BBN\/PR48:1 CAS No. 7585-41-3"},"content":{"rendered":"<p><b>\u00dcr\u00fcn ad\u0131:<\/b><\/p>\n<p>I\u015f\u0131k hasl\u0131\u011f\u0131 k\u0131rm\u0131z\u0131 2B<br \/>\nI\u015f\u0131k hasl\u0131\u011f\u0131 k\u0131rm\u0131z\u0131 BBN<br \/>\nG\u00fcne\u015fe dayan\u0131kl\u0131 k\u0131rm\u0131z\u0131 BBN<br \/>\nI\u015f\u0131\u011fa dayan\u0131kl\u0131 parlak k\u0131rm\u0131z\u0131 BBN-P<br \/>\n3133 kal\u0131c\u0131 k\u0131rm\u0131z\u0131 2BN<br \/>\n3118 Sunfast k\u0131rm\u0131z\u0131 BBN<\/p>\n<p><b>Karakter:<\/b><br \/>\nBu \u00fcr\u00fcn g\u00fc\u00e7l\u00fc renklendirme g\u00fcc\u00fcne sahip sar\u0131ms\u0131-k\u0131rm\u0131z\u0131 bir tozdur. Su ve etanolde \u00e7\u00f6z\u00fcnmez. Konsantre s\u00fclf\u00fcrik asit ve konsantre nitrik asitte \u00e7\u00f6z\u00fcld\u00fc\u011f\u00fcnde s\u0131ras\u0131yla mor-k\u0131rm\u0131z\u0131 ve kahverengimsi-k\u0131rm\u0131z\u0131ya d\u00f6ner. \u0130yi \u0131\u015f\u0131k ve \u0131s\u0131 direnci.<\/p>\n<p><b>Fiziksel ve kimyasal \u00f6zellikler:<\/b><\/p>\n<table width=\"753\">\n<tbody>\n<tr>\n<td colspan=\"2\" rowspan=\"2\" width=\"334\">\u7269\u5316\u6570\u636e<br \/>\nFiziksel Veriler<\/td>\n<td width=\"239\">Yo\u011funluk g\/CM3<\/td>\n<td width=\"180\">2.00-2.20<\/td>\n<\/tr>\n<tr>\n<td width=\"239\">\u5438\u6cb9\u91cf Ya\u011f Absorbsiyonu ml\/100g<\/td>\n<td width=\"180\">25-60<\/td>\n<\/tr>\n<tr>\n<td colspan=\"2\" rowspan=\"7\" width=\"334\">Amerika Birle\u015fik Devletleri<br \/>\nH\u0131zl\u0131l\u0131k \u00d6zellikleri<\/td>\n<td width=\"239\">I\u015f\u0131k Hasl\u0131\u011f\u0131<\/td>\n<td width=\"180\">4<\/td>\n<\/tr>\n<tr>\n<td width=\"239\">Is\u0131 Direnci<\/td>\n<td width=\"180\">180<\/td>\n<\/tr>\n<tr>\n<td width=\"239\">Suya Dayan\u0131kl\u0131l\u0131k<\/td>\n<td width=\"180\">5<\/td>\n<\/tr>\n<tr>\n<td width=\"239\">Ya\u011f Direnci<\/td>\n<td width=\"180\">5<\/td>\n<\/tr>\n<tr>\n<td width=\"239\">Asit Direnci<\/td>\n<td width=\"180\">4<\/td>\n<\/tr>\n<tr>\n<td width=\"239\">Alkali Direnci<\/td>\n<td width=\"180\">4<\/td>\n<\/tr>\n<tr>\n<td width=\"239\">Alkol Direnci<\/td>\n<td width=\"180\">3<\/td>\n<\/tr>\n<\/tbody>\n<\/table>\n<p>&nbsp;<\/p>\n<p><strong>Ba\u015fvuru:<\/strong><\/p>\n<p>Pigment K\u0131rm\u0131z\u0131 48:1 boya, bask\u0131 m\u00fcrekkebi, plastik, kau\u00e7uk, tekstil ve di\u011fer alanlarda yayg\u0131n olarak kullan\u0131lan bir pigmenttir.<\/p>\n<p>1) Boya Kullan\u0131m\u0131: End\u00fcstriyel Boya, Toz Boya, Su Bazl\u0131 Boya<\/p>\n<p>2) Plastik Kullan\u0131m\u0131: PVC, PP, PE, PS, ABS, EVA, Kau\u00e7uk<\/p>","protected":false},"excerpt":{"rendered":"<p><strong>\u00dcr\u00fcn Ad\u0131:<\/strong> H\u0131zl\u0131 K\u0131rm\u0131z\u0131 BBN<\/p>\n<p><strong>Renk \u0130ndeksi:<\/strong> PR48:1<\/p>\n<p><strong>D\u0131\u015f g\u00f6r\u00fcn\u00fc\u015f:<\/strong> K\u0131rm\u0131z\u0131 toz<\/p>\n<p><strong>CAS Numaras\u0131:<\/strong> 7585-41-3<\/p>\n<p><strong>Di\u011fer Ad\u0131:\u00a0<\/strong>I\u015f\u0131k hasl\u0131\u011f\u0131 k\u0131rm\u0131z\u0131 2B\/I\u015f\u0131k hasl\u0131\u011f\u0131 k\u0131z\u0131l BBN\/G\u00fcne\u015fe hasl\u0131\u011f\u0131 k\u0131rm\u0131z\u0131 BBN<\/p>","protected":false},"featured_media":7616,"template":"","meta":{"_acf_changed":false,"_gspb_post_css":""},"product_brand":[],"product_cat":[161,163],"product_tag":[],"class_list":{"0":"post-7485","1":"product","2":"type-product","3":"status-publish","4":"has-post-thumbnail","6":"product_cat-for-plastics","7":"product_cat-for-paints-and-coatings","9":"first","10":"instock","11":"shipping-taxable","12":"product-type-simple"},"acf":[],"_links":{"self":[{"href":"https:\/\/wpachem.com\/tr\/wp-json\/wp\/v2\/product\/7485","targetHints":{"allow":["GET"]}}],"collection":[{"href":"https:\/\/wpachem.com\/tr\/wp-json\/wp\/v2\/product"}],"about":[{"href":"https:\/\/wpachem.com\/tr\/wp-json\/wp\/v2\/types\/product"}],"version-history":[{"count":0,"href":"https:\/\/wpachem.com\/tr\/wp-json\/wp\/v2\/product\/7485\/revisions"}],"wp:featuredmedia":[{"embeddable":true,"href":"https:\/\/wpachem.com\/tr\/wp-json\/wp\/v2\/media\/7616"}],"wp:attachment":[{"href":"https:\/\/wpachem.com\/tr\/wp-json\/wp\/v2\/media?parent=7485"}],"wp:term":[{"taxonomy":"product_brand","embeddable":true,"href":"https:\/\/wpachem.com\/tr\/wp-json\/wp\/v2\/product_brand?post=7485"},{"taxonomy":"product_cat","embeddable":true,"href":"https:\/\/wpachem.com\/tr\/wp-json\/wp\/v2\/product_cat?post=7485"},{"taxonomy":"product_tag","embeddable":true,"href":"https:\/\/wpachem.com\/tr\/wp-json\/wp\/v2\/product_tag?post=7485"}],"curies":[{"name":"wp","href":"https:\/\/api.w.org\/{rel}","templated":true}]}}