{"id":7486,"date":"2023-12-29T06:42:20","date_gmt":"2023-12-29T06:42:20","guid":{"rendered":"https:\/\/wpapigments.com\/?post_type=product&amp;p=5551"},"modified":"2023-12-29T06:42:20","modified_gmt":"2023-12-29T06:42:20","slug":"pigment-red-482-pigment-fast-red-bbc-p-r-481-cas-no-7023-61-2","status":"publish","type":"product","link":"https:\/\/wpachem.com\/tr\/urun\/pigment-red-482-pigment-fast-red-bbc-p-r-481-cas-no-7023-61-2\/","title":{"rendered":"Pigment K\u0131rm\u0131z\u0131 48:2\/Pigment H\u0131zl\u0131 K\u0131rm\u0131z\u0131 \/PR48:2 CAS No. 7023-61-2"},"content":{"rendered":"<p><b>\u00dcr\u00fcn ad\u0131:<\/b><\/p>\n<p>H\u0131zl\u0131 K\u0131rm\u0131z\u0131 F5R<\/p>\n<p>PR48:2 CA KIRMIZI 2B YS<\/p>\n<p>PR48:2 KIRMIZI 2B BS<\/p>\n<p>PR48:2 YS KALICI KIRMIZI 2B<\/p>\n<p><b>Karakter:<\/b><br \/>\nG\u00fc\u00e7l\u00fc renklendirme g\u00fcc\u00fcne sahip mor-k\u0131rm\u0131z\u0131 toz. Yo\u011fun s\u00fclf\u00fcrik asitle temas etti\u011finde mor-k\u0131rm\u0131z\u0131d\u0131r ve seyreltmeden sonra mavi-k\u0131rm\u0131z\u0131 \u00e7\u00f6keltiye d\u00f6n\u00fc\u015f\u00fcr. Yo\u011fun nitrik asitle temas etti\u011finde kahverengi-k\u0131rm\u0131z\u0131d\u0131r ve sodyum hidroksitle temas etti\u011finde k\u0131rm\u0131z\u0131d\u0131r. \u0130yi \u0131\u015f\u0131k ve \u0131s\u0131 direnci. Zay\u0131f asit ve alkali direnci.<\/p>\n<p><b>Fiziksel ve kimyasal \u00f6zellikler:<\/b><\/p>\n<table width=\"753\">\n<tbody>\n<tr>\n<td colspan=\"2\" rowspan=\"2\" width=\"334\">\u7269\u5316\u6570\u636e<br \/>\nFiziksel Veriler<\/td>\n<td width=\"239\">Yo\u011funluk g\/CM3<\/td>\n<td width=\"180\">1.50-1.70<\/td>\n<\/tr>\n<tr>\n<td width=\"239\">\u5438\u6cb9\u91cf Ya\u011f Absorbsiyonu ml\/100g<\/td>\n<td width=\"180\">30-70<\/td>\n<\/tr>\n<tr>\n<td colspan=\"2\" rowspan=\"7\" width=\"334\">Amerika Birle\u015fik Devletleri<br \/>\nH\u0131zl\u0131l\u0131k \u00d6zellikleri<\/td>\n<td width=\"239\">I\u015f\u0131k Hasl\u0131\u011f\u0131<\/td>\n<td width=\"180\">4<\/td>\n<\/tr>\n<tr>\n<td width=\"239\">Is\u0131 Direnci<\/td>\n<td width=\"180\">180<\/td>\n<\/tr>\n<tr>\n<td width=\"239\">Suya Dayan\u0131kl\u0131l\u0131k<\/td>\n<td width=\"180\">5<\/td>\n<\/tr>\n<tr>\n<td width=\"239\">Ya\u011f Direnci<\/td>\n<td width=\"180\">5<\/td>\n<\/tr>\n<tr>\n<td width=\"239\">Asit Direnci<\/td>\n<td width=\"180\">3<\/td>\n<\/tr>\n<tr>\n<td width=\"239\">Alkali Direnci<\/td>\n<td width=\"180\">3<\/td>\n<\/tr>\n<tr>\n<td width=\"239\">Alkol Direnci<\/td>\n<td width=\"180\">4<\/td>\n<\/tr>\n<\/tbody>\n<\/table>\n<p>&nbsp;<\/p>\n<p><strong>Ba\u015fvuru:<\/strong><\/p>\n<p>Pigment K\u0131rm\u0131z\u0131 48:1 boya, bask\u0131 m\u00fcrekkebi, plastik, kau\u00e7uk, tekstil ve di\u011fer alanlarda yayg\u0131n olarak kullan\u0131lan bir pigmenttir.<\/p>\n<p>1) Boya Kullan\u0131m\u0131: End\u00fcstriyel Boya, Toz Boya, Dekoratif Kaplama, Tekstil Bask\u0131, Su Bazl\u0131 Boya<\/p>\n<p>2) Plastik Kullan\u0131m\u0131: PVC, PP, PE, PS, ABS, EVA, Kau\u00e7uk<\/p>\n<p>3)M\u00fcrekkep Kullan\u0131m\u0131: Ofset M\u00fcrekkep, Su Bazl\u0131 M\u00fcrekkep, Solvent Bazl\u0131 M\u00fcrekkep<\/p>","protected":false},"excerpt":{"rendered":"<p><strong>\u00dcr\u00fcn Ad\u0131:<\/strong> H\u0131zl\u0131 K\u0131rm\u0131z\u0131 BBC<\/p>\n<p><strong>Renk \u0130ndeksi:<\/strong> PR48:2<\/p>\n<p><strong>D\u0131\u015f g\u00f6r\u00fcn\u00fc\u015f:<\/strong> K\u0131rm\u0131z\u0131 toz<\/p>\n<p><strong>CAS Numaras\u0131:<\/strong> 7023-61-2<\/p>\n<p><strong>Di\u011fer Ad\u0131:<\/strong>H\u0131zl\u0131 K\u0131rm\u0131z\u0131 F5R\/PR48:2 CA KIRMIZI 2B YS\/PR48:2 KIRMIZI 2B BS\/PR48:2 YS KALICI KIRMIZI 2B<\/p>","protected":false},"featured_media":7616,"template":"","meta":{"_acf_changed":false,"_gspb_post_css":""},"product_brand":[],"product_cat":[161,162,163],"product_tag":[],"class_list":{"0":"post-7486","1":"product","2":"type-product","3":"status-publish","4":"has-post-thumbnail","6":"product_cat-for-plastics","7":"product_cat-for-inks","8":"product_cat-for-paints-and-coatings","10":"first","11":"instock","12":"shipping-taxable","13":"product-type-simple"},"acf":[],"_links":{"self":[{"href":"https:\/\/wpachem.com\/tr\/wp-json\/wp\/v2\/product\/7486","targetHints":{"allow":["GET"]}}],"collection":[{"href":"https:\/\/wpachem.com\/tr\/wp-json\/wp\/v2\/product"}],"about":[{"href":"https:\/\/wpachem.com\/tr\/wp-json\/wp\/v2\/types\/product"}],"version-history":[{"count":0,"href":"https:\/\/wpachem.com\/tr\/wp-json\/wp\/v2\/product\/7486\/revisions"}],"wp:featuredmedia":[{"embeddable":true,"href":"https:\/\/wpachem.com\/tr\/wp-json\/wp\/v2\/media\/7616"}],"wp:attachment":[{"href":"https:\/\/wpachem.com\/tr\/wp-json\/wp\/v2\/media?parent=7486"}],"wp:term":[{"taxonomy":"product_brand","embeddable":true,"href":"https:\/\/wpachem.com\/tr\/wp-json\/wp\/v2\/product_brand?post=7486"},{"taxonomy":"product_cat","embeddable":true,"href":"https:\/\/wpachem.com\/tr\/wp-json\/wp\/v2\/product_cat?post=7486"},{"taxonomy":"product_tag","embeddable":true,"href":"https:\/\/wpachem.com\/tr\/wp-json\/wp\/v2\/product_tag?post=7486"}],"curies":[{"name":"wp","href":"https:\/\/api.w.org\/{rel}","templated":true}]}}