{"id":7487,"date":"2024-01-02T09:40:33","date_gmt":"2024-01-02T09:40:33","guid":{"rendered":"https:\/\/wpapigments.com\/?post_type=product&amp;p=5559"},"modified":"2024-01-02T09:40:33","modified_gmt":"2024-01-02T09:40:33","slug":"pigment-red-483-pigment-fast-red-2bsp-p-r-483-cas-no-15782-05-5","status":"publish","type":"product","link":"https:\/\/wpachem.com\/tr\/urun\/pigment-red-483-pigment-fast-red-2bsp-p-r-483-cas-no-15782-05-5\/","title":{"rendered":"Pigment K\u0131rm\u0131z\u0131 48:3\/Pigment H\u0131zl\u0131 K\u0131rm\u0131z\u0131 2BSP\/PR48:3 CAS No. 15782-05-5"},"content":{"rendered":"<p><b>\u00dcr\u00fcn ad\u0131:<\/b><\/p>\n<p>K\u0131rm\u0131z\u0131 2BS;CI 15865:3<\/p>\n<p>CIPIGMENTRED48:3<\/p>\n<p>pigment k\u0131rm\u0131z\u0131 48:3<\/p>\n<p>3124 H\u0131zl\u0131 K\u0131rm\u0131z\u0131 BBS<\/p>\n<p>Pigment K\u0131rm\u0131z\u0131 Tonner 2B<\/p>\n<p>PR48:3 KIRMIZI 2B STRONSIYUM<\/p>\n<p><b>Karakter:<\/b><br \/>\nPigment K\u0131rm\u0131z\u0131 48:3 (CAS 15782-05-5), plastiklerde ve g\u0131da ambalajlar\u0131nda kullan\u0131lan \u00e7ok y\u00f6nl\u00fc bir organometalik boyad\u0131r. Pigment K\u0131rm\u0131z\u0131 48:3 ile i\u015flenen polietilen, foto-ba\u015flat\u0131lm\u0131\u015f \u00e7apraz ba\u011flaman\u0131n etkinli\u011finin azald\u0131\u011f\u0131n\u0131 g\u00f6stermi\u015ftir.<\/p>\n<p><b>Fiziksel ve kimyasal \u00f6zellikler:<\/b><\/p>\n<table width=\"753\">\n<tbody>\n<tr>\n<td colspan=\"2\" rowspan=\"2\" width=\"334\">\u7269\u5316\u6570\u636e<br \/>\nFiziksel Veriler<\/td>\n<td width=\"239\">Yo\u011funluk g\/CM3<\/td>\n<td width=\"180\">1.60-1.90<\/td>\n<\/tr>\n<tr>\n<td width=\"239\">\u5438\u6cb9\u91cf Ya\u011f Absorbsiyonu ml\/100g<\/td>\n<td width=\"180\">40-70<\/td>\n<\/tr>\n<tr>\n<td colspan=\"2\" rowspan=\"7\" width=\"334\">Amerika Birle\u015fik Devletleri<br \/>\nH\u0131zl\u0131l\u0131k \u00d6zellikleri<\/td>\n<td width=\"239\">I\u015f\u0131k Hasl\u0131\u011f\u0131<\/td>\n<td width=\"180\">5<\/td>\n<\/tr>\n<tr>\n<td width=\"239\">Is\u0131 Direnci<\/td>\n<td width=\"180\">200<\/td>\n<\/tr>\n<tr>\n<td width=\"239\">Suya Dayan\u0131kl\u0131l\u0131k<\/td>\n<td width=\"180\">5<\/td>\n<\/tr>\n<tr>\n<td width=\"239\">Ya\u011f Direnci<\/td>\n<td width=\"180\">5<\/td>\n<\/tr>\n<tr>\n<td width=\"239\">Asit Direnci<\/td>\n<td width=\"180\">3<\/td>\n<\/tr>\n<tr>\n<td width=\"239\">Alkali Direnci<\/td>\n<td width=\"180\">3<\/td>\n<\/tr>\n<tr>\n<td width=\"239\">Alkol Direnci<\/td>\n<td width=\"180\">4<\/td>\n<\/tr>\n<\/tbody>\n<\/table>\n<p>&nbsp;<\/p>\n<p><strong>Ba\u015fvuru:<\/strong><\/p>\n<p>Pigment K\u0131rm\u0131z\u0131 48:1 boya, bask\u0131 m\u00fcrekkebi, plastik, kau\u00e7uk, tekstil ve di\u011fer alanlarda yayg\u0131n olarak kullan\u0131lan bir pigmenttir.<\/p>\n<p>1) Boya Kullan\u0131m\u0131: Toz Boya, Dekoratif Kaplama, Tekstil Bask\u0131<\/p>\n<p>2) Plastik Kullan\u0131m\u0131: PVC, PP, PE, PS, ABS, EVA, Kau\u00e7uk<\/p>\n<p>3)M\u00fcrekkep Kullan\u0131m\u0131: Ofset M\u00fcrekkep, Su Bazl\u0131 M\u00fcrekkep, Solvent Bazl\u0131 M\u00fcrekkep<\/p>","protected":false},"excerpt":{"rendered":"<p><strong>\u00dcr\u00fcn Ad\u0131:<\/strong> H\u0131zl\u0131 K\u0131rm\u0131z\u0131 2BSP<\/p>\n<p><strong>Renk \u0130ndeksi:<\/strong> PR48:3<\/p>\n<p><strong>D\u0131\u015f g\u00f6r\u00fcn\u00fc\u015f:<\/strong> K\u0131rm\u0131z\u0131 toz<\/p>\n<p><strong>CAS Numaras\u0131:<\/strong> 15782-05-5<\/p>\n<p><strong>Di\u011fer Ad\u0131:<\/strong>K\u0131rm\u0131z\u0131 2BS;CI 15865:3\/CIPIGMENTRED48:3\/pigment k\u0131rm\u0131z\u0131 48:3\/3124 H\u0131zl\u0131 K\u0131rm\u0131z\u0131 BBS\/Pigment K\u0131rm\u0131z\u0131 Tonner 2B\/PR48:3 KIRMIZI 2B STRONSIYUM<\/p>","protected":false},"featured_media":7616,"template":"","meta":{"_acf_changed":false,"_gspb_post_css":""},"product_brand":[],"product_cat":[161,162,163],"product_tag":[],"class_list":{"0":"post-7487","1":"product","2":"type-product","3":"status-publish","4":"has-post-thumbnail","6":"product_cat-for-plastics","7":"product_cat-for-inks","8":"product_cat-for-paints-and-coatings","10":"first","11":"instock","12":"shipping-taxable","13":"product-type-simple"},"acf":[],"_links":{"self":[{"href":"https:\/\/wpachem.com\/tr\/wp-json\/wp\/v2\/product\/7487","targetHints":{"allow":["GET"]}}],"collection":[{"href":"https:\/\/wpachem.com\/tr\/wp-json\/wp\/v2\/product"}],"about":[{"href":"https:\/\/wpachem.com\/tr\/wp-json\/wp\/v2\/types\/product"}],"version-history":[{"count":0,"href":"https:\/\/wpachem.com\/tr\/wp-json\/wp\/v2\/product\/7487\/revisions"}],"wp:featuredmedia":[{"embeddable":true,"href":"https:\/\/wpachem.com\/tr\/wp-json\/wp\/v2\/media\/7616"}],"wp:attachment":[{"href":"https:\/\/wpachem.com\/tr\/wp-json\/wp\/v2\/media?parent=7487"}],"wp:term":[{"taxonomy":"product_brand","embeddable":true,"href":"https:\/\/wpachem.com\/tr\/wp-json\/wp\/v2\/product_brand?post=7487"},{"taxonomy":"product_cat","embeddable":true,"href":"https:\/\/wpachem.com\/tr\/wp-json\/wp\/v2\/product_cat?post=7487"},{"taxonomy":"product_tag","embeddable":true,"href":"https:\/\/wpachem.com\/tr\/wp-json\/wp\/v2\/product_tag?post=7487"}],"curies":[{"name":"wp","href":"https:\/\/api.w.org\/{rel}","templated":true}]}}