{"id":7488,"date":"2024-01-02T09:51:35","date_gmt":"2024-01-02T09:51:35","guid":{"rendered":"https:\/\/wpapigments.com\/?post_type=product&amp;p=5561"},"modified":"2024-01-02T09:51:35","modified_gmt":"2024-01-02T09:51:35","slug":"pigment-484-pigment-fast-red-bbm-p-r-484-cas-no-5280-66-0","status":"publish","type":"product","link":"https:\/\/wpachem.com\/tr\/urun\/pigment-484-pigment-fast-red-bbm-p-r-484-cas-no-5280-66-0\/","title":{"rendered":"Pigment 48:4\/Pigment H\u0131zl\u0131 K\u0131rm\u0131z\u0131 BBM\/PR48:4 CAS No. 5280-66-0"},"content":{"rendered":"<p><b>\u00dcr\u00fcn ad\u0131:<\/b><\/p>\n<p>CI 15865:4;<\/p>\n<p>H\u0131zl\u0131 K\u0131rm\u0131z\u0131 2BL;<\/p>\n<p>H\u0131zl\u0131 K\u0131rm\u0131z\u0131 2BM;<\/p>\n<p>Pigment K\u0131rm\u0131z\u0131 FBL;<\/p>\n<p>Pigment K\u0131rm\u0131z\u0131 H2BA;<\/p>\n<p>pigment k\u0131rm\u0131z\u0131 48:4;<\/p>\n<p>Manganez K\u0131rm\u0131z\u0131 2B;<\/p>\n<p>Kal\u0131c\u0131 K\u0131rm\u0131z\u0131 BB Ekstra;<\/p>\n<p>PR48:4 KIRMIZI 2B MANGANEZ;<\/p>\n<p>Pigment \u2014 Pigment K\u0131rm\u0131z\u0131 48:4<\/p>\n<p><b>Karakter:<\/b><br \/>\nPigment Red 48:4, m\u00fckemmel \u0131\u015f\u0131k ve \u0131s\u0131 direncine ve zay\u0131f asit ve alkali direncine sahip manganez kompleks boya, k\u0131rm\u0131z\u0131 tozdur. Esas olarak m\u00fcrekkep, plastik, kaplama, k\u00fclt\u00fcrel ve e\u011fitim malzemeleri ve boya bask\u0131s\u0131n\u0131 renklendirmek i\u00e7in kullan\u0131l\u0131r.<\/p>\n<p><b>Fiziksel ve kimyasal \u00f6zellikler:<\/b><\/p>\n<table width=\"753\">\n<tbody>\n<tr>\n<td colspan=\"2\" rowspan=\"2\" width=\"334\">\u7269\u5316\u6570\u636e<br \/>\nFiziksel Veriler<\/td>\n<td width=\"239\">Yo\u011funluk g\/CM3<\/td>\n<td width=\"180\">1.60-1.80<\/td>\n<\/tr>\n<tr>\n<td width=\"239\">\u5438\u6cb9\u91cf Ya\u011f Absorbsiyonu ml\/100g<\/td>\n<td width=\"180\">30-60<\/td>\n<\/tr>\n<tr>\n<td colspan=\"2\" rowspan=\"7\" width=\"334\">Amerika Birle\u015fik Devletleri<br \/>\nH\u0131zl\u0131l\u0131k \u00d6zellikleri<\/td>\n<td width=\"239\">I\u015f\u0131k Hasl\u0131\u011f\u0131<\/td>\n<td width=\"180\">4<\/td>\n<\/tr>\n<tr>\n<td width=\"239\">Is\u0131 Direnci<\/td>\n<td width=\"180\">180<\/td>\n<\/tr>\n<tr>\n<td width=\"239\">Suya Dayan\u0131kl\u0131l\u0131k<\/td>\n<td width=\"180\">5<\/td>\n<\/tr>\n<tr>\n<td width=\"239\">Ya\u011f Direnci<\/td>\n<td width=\"180\">4<\/td>\n<\/tr>\n<tr>\n<td width=\"239\">Asit Direnci<\/td>\n<td width=\"180\">3<\/td>\n<\/tr>\n<tr>\n<td width=\"239\">Alkali Direnci<\/td>\n<td width=\"180\">4<\/td>\n<\/tr>\n<tr>\n<td width=\"239\">Alkol Direnci<\/td>\n<td width=\"180\">4<\/td>\n<\/tr>\n<\/tbody>\n<\/table>\n<p>&nbsp;<\/p>\n<p><strong>Ba\u015fvuru:<\/strong><\/p>\n<p>Pigment K\u0131rm\u0131z\u0131 48:4, m\u00fcrekkeplerin, plastiklerin, kaplamalar\u0131n, k\u00fclt\u00fcrel ve e\u011fitim malzemelerinin ve boya bask\u0131lar\u0131n\u0131n renklendirilmesinde yayg\u0131n olarak kullan\u0131lan bir pigmenttir.<\/p>\n<p>1) Boya Kullan\u0131m\u0131: End\u00fcstriyel Boya, Toz Boya, Dekoratif Kaplama, Tekstil Bask\u0131, Su Bazl\u0131 Boyama<\/p>\n<p>2) Plastik Kullan\u0131m\u0131: PVC, PP, PE, PS, ABS, EVA, Kau\u00e7uk<\/p>\n<p>3)M\u00fcrekkep Kullan\u0131m\u0131: Ofset M\u00fcrekkep, Su Bazl\u0131 M\u00fcrekkep, Solvent Bazl\u0131 M\u00fcrekkep<\/p>","protected":false},"excerpt":{"rendered":"<p><strong>\u00dcr\u00fcn Ad\u0131:<\/strong> H\u0131zl\u0131 K\u0131rm\u0131z\u0131 BBM<\/p>\n<p><strong>Renk \u0130ndeksi:<\/strong> PR48:4<\/p>\n<p><strong>D\u0131\u015f g\u00f6r\u00fcn\u00fc\u015f:<\/strong> K\u0131rm\u0131z\u0131 toz<\/p>\n<p><strong>CAS Numaras\u0131:<\/strong> 5280-66-0<\/p>\n<p><strong>Di\u011fer Ad\u0131:<\/strong><\/p>\n<p>CI 15865:4;<\/p>\n<p>H\u0131zl\u0131 K\u0131rm\u0131z\u0131 2BL;<\/p>\n<p>H\u0131zl\u0131 K\u0131rm\u0131z\u0131 2BM;<\/p>\n<p>Pigment K\u0131rm\u0131z\u0131 FBL;<\/p>\n<p>Pigment K\u0131rm\u0131z\u0131 H2BA;<\/p>\n<p>pigment k\u0131rm\u0131z\u0131 48:4;<\/p>\n<p>Manganez K\u0131rm\u0131z\u0131 2B;<\/p>\n<p>Kal\u0131c\u0131 K\u0131rm\u0131z\u0131 BB Ekstra;<\/p>\n<p>PR48:4 KIRMIZI 2B MANGANEZ;<\/p>\n<p>Pigment \u2014 Pigment K\u0131rm\u0131z\u0131 48:4<\/p>","protected":false},"featured_media":7616,"template":"","meta":{"_acf_changed":false,"_gspb_post_css":""},"product_brand":[],"product_cat":[161,162,163],"product_tag":[],"class_list":{"0":"post-7488","1":"product","2":"type-product","3":"status-publish","4":"has-post-thumbnail","6":"product_cat-for-plastics","7":"product_cat-for-inks","8":"product_cat-for-paints-and-coatings","10":"first","11":"instock","12":"shipping-taxable","13":"product-type-simple"},"acf":[],"_links":{"self":[{"href":"https:\/\/wpachem.com\/tr\/wp-json\/wp\/v2\/product\/7488","targetHints":{"allow":["GET"]}}],"collection":[{"href":"https:\/\/wpachem.com\/tr\/wp-json\/wp\/v2\/product"}],"about":[{"href":"https:\/\/wpachem.com\/tr\/wp-json\/wp\/v2\/types\/product"}],"version-history":[{"count":0,"href":"https:\/\/wpachem.com\/tr\/wp-json\/wp\/v2\/product\/7488\/revisions"}],"wp:featuredmedia":[{"embeddable":true,"href":"https:\/\/wpachem.com\/tr\/wp-json\/wp\/v2\/media\/7616"}],"wp:attachment":[{"href":"https:\/\/wpachem.com\/tr\/wp-json\/wp\/v2\/media?parent=7488"}],"wp:term":[{"taxonomy":"product_brand","embeddable":true,"href":"https:\/\/wpachem.com\/tr\/wp-json\/wp\/v2\/product_brand?post=7488"},{"taxonomy":"product_cat","embeddable":true,"href":"https:\/\/wpachem.com\/tr\/wp-json\/wp\/v2\/product_cat?post=7488"},{"taxonomy":"product_tag","embeddable":true,"href":"https:\/\/wpachem.com\/tr\/wp-json\/wp\/v2\/product_tag?post=7488"}],"curies":[{"name":"wp","href":"https:\/\/api.w.org\/{rel}","templated":true}]}}