{"id":7489,"date":"2024-01-03T08:46:38","date_gmt":"2024-01-03T08:46:38","guid":{"rendered":"https:\/\/wpapigments.com\/?post_type=product&amp;p=5564"},"modified":"2024-01-03T08:46:38","modified_gmt":"2024-01-03T08:46:38","slug":"pigment-yellow-3-p-y-3-cas-no-6486-23-3","status":"publish","type":"product","link":"https:\/\/wpachem.com\/tr\/urun\/pigment-yellow-3-p-y-3-cas-no-6486-23-3\/","title":{"rendered":"Pigment Sar\u0131 3\/ PY 3 CAS No. 6486-23-3"},"content":{"rendered":"<p><strong>\u00d6zellik<\/strong><\/p>\n<p><strong><b>Erkek \u00d6zellikleri<\/b><\/strong>: \u015eeffaf, Y\u00fcksek mukavemetli<\/p>\n<p><strong><b>Ba\u015fvuru:<\/b><\/strong><\/p>\n<p>Pigment sar\u0131 3 hava kurumal\u0131 boya, lateks boya, boya bask\u0131 macunu ve ambalaj m\u00fcrekkebi, sabun, k\u0131rtasiye boyama i\u00e7in kullan\u0131l\u0131r, ancak plastik boyama i\u00e7in uygun de\u011fildir, esas olarak boya, m\u00fcrekkep, boya bask\u0131, k\u00fclt\u00fcrel ve e\u011fitim malzemeleri ve plastik \u00fcr\u00fcnlerin renklendirilmesinde kullan\u0131l\u0131r.<\/p>\n<p>1) <strong><b>Boya Kullan\u0131m\u0131<\/b><\/strong>: End\u00fcstriyel Boya, Toz Boya, Dekoratif Kaplama, Tekstil Bask\u0131, Su Bazl\u0131 Boya<\/p>\n<p>2) <strong><b>M\u00fcrekkep Kullan\u0131m\u0131<\/b><\/strong>: Ofset M\u00fcrekkep, Su Bazl\u0131 M\u00fcrekkep, Solvent Bazl\u0131 M\u00fcrekkep.<\/p>","protected":false},"excerpt":{"rendered":"<p><strong>\u00dcr\u00fcn Ad\u0131:<\/strong>\u00a0H\u0131zl\u0131 Sar\u0131 10G<\/p>\n<p><strong>Renk \u0130ndeksi:<\/strong>\u00a03. S\u0131n\u0131f<\/p>\n<p><strong>D\u0131\u015f g\u00f6r\u00fcn\u00fc\u015f:<\/strong>\u00a0Sar\u0131 toz<\/p>\n<p><strong>CAS Numaras\u0131:<\/strong>\u00a06486-23-3<\/p>\n<p><strong>Di\u011fer Ad\u0131:\u00a0<\/strong>Hansagelb10G\/pigment sar\u0131 3<\/p>","protected":false},"featured_media":7620,"template":"","meta":{"_acf_changed":false,"_gspb_post_css":""},"product_brand":[],"product_cat":[162,163,70],"product_tag":[],"class_list":{"0":"post-7489","1":"product","2":"type-product","3":"status-publish","4":"has-post-thumbnail","6":"product_cat-for-inks","7":"product_cat-for-paints-and-coatings","8":"product_cat-organic-pigment","10":"first","11":"instock","12":"shipping-taxable","13":"product-type-simple"},"acf":[],"_links":{"self":[{"href":"https:\/\/wpachem.com\/tr\/wp-json\/wp\/v2\/product\/7489","targetHints":{"allow":["GET"]}}],"collection":[{"href":"https:\/\/wpachem.com\/tr\/wp-json\/wp\/v2\/product"}],"about":[{"href":"https:\/\/wpachem.com\/tr\/wp-json\/wp\/v2\/types\/product"}],"version-history":[{"count":0,"href":"https:\/\/wpachem.com\/tr\/wp-json\/wp\/v2\/product\/7489\/revisions"}],"wp:featuredmedia":[{"embeddable":true,"href":"https:\/\/wpachem.com\/tr\/wp-json\/wp\/v2\/media\/7620"}],"wp:attachment":[{"href":"https:\/\/wpachem.com\/tr\/wp-json\/wp\/v2\/media?parent=7489"}],"wp:term":[{"taxonomy":"product_brand","embeddable":true,"href":"https:\/\/wpachem.com\/tr\/wp-json\/wp\/v2\/product_brand?post=7489"},{"taxonomy":"product_cat","embeddable":true,"href":"https:\/\/wpachem.com\/tr\/wp-json\/wp\/v2\/product_cat?post=7489"},{"taxonomy":"product_tag","embeddable":true,"href":"https:\/\/wpachem.com\/tr\/wp-json\/wp\/v2\/product_tag?post=7489"}],"curies":[{"name":"wp","href":"https:\/\/api.w.org\/{rel}","templated":true}]}}