{"id":7490,"date":"2024-01-03T08:55:43","date_gmt":"2024-01-03T08:55:43","guid":{"rendered":"https:\/\/wpapigments.com\/?post_type=product&amp;p=5567"},"modified":"2024-01-03T08:55:43","modified_gmt":"2024-01-03T08:55:43","slug":"pigment-yellow-12-p-y-12-cas-no-6358-85-6","status":"publish","type":"product","link":"https:\/\/wpachem.com\/tr\/urun\/pigment-yellow-12-p-y-12-cas-no-6358-85-6\/","title":{"rendered":"Pigment Sar\u0131 12 (BenzidinSar\u0131 G)\/PY12 CAS No. 6358-85-6"},"content":{"rendered":"<p><strong>\u00d6zellik<\/strong><\/p>\n<p><strong><b>Erkek \u00d6zellikleri<\/b><\/strong>: Ye\u015fil ton, Yar\u0131 saydam, \u0130yi da\u011f\u0131labilirlik,<\/p>\n<p><strong><b>Ba\u015fvuru:<\/b><\/strong><\/p>\n<p>Sar\u0131 12 pigmenti m\u00fcrekkep, boya, kau\u00e7uk, plastik, boya bask\u0131 macunu, k\u00fclt\u00fcrel ve e\u011fitimsel malzemelerin renklendirilmesinde kullan\u0131l\u0131r.<\/p>\n<p>1) <strong><b>M\u00fcrekkep Kullan\u0131m\u0131<\/b><\/strong>: Ofset M\u00fcrekkep, Su Bazl\u0131 M\u00fcrekkep, Solvent Bazl\u0131 M\u00fcrekkep.<\/p>\n<p>2) S<strong><b>lastik <\/b><\/strong><strong><b>Kullanarak<\/b><\/strong>: PVC, PP, PE, PS, ABS, EVA, Kau\u00e7uk.<\/p>","protected":false},"excerpt":{"rendered":"<p><strong>\u00dcr\u00fcn Ad\u0131:<\/strong>\u00a0BenzidinSar\u0131 G<\/p>\n<p><strong>Renk \u0130ndeksi:<\/strong>\u00a0SINIF 12<\/p>\n<p><strong>D\u0131\u015f g\u00f6r\u00fcn\u00fc\u015f:<\/strong>\u00a0Sar\u0131 toz<\/p>\n<p><strong>CAS Numaras\u0131:<\/strong><strong>\u00a0<\/strong>6358-85-6<\/p>","protected":false},"featured_media":0,"template":"","meta":{"_acf_changed":false,"_gspb_post_css":""},"product_brand":[],"product_cat":[161,162],"product_tag":[],"class_list":{"0":"post-7490","1":"product","2":"type-product","3":"status-publish","5":"product_cat-for-plastics","6":"product_cat-for-inks","8":"first","9":"instock","10":"shipping-taxable","11":"product-type-simple"},"acf":[],"_links":{"self":[{"href":"https:\/\/wpachem.com\/tr\/wp-json\/wp\/v2\/product\/7490","targetHints":{"allow":["GET"]}}],"collection":[{"href":"https:\/\/wpachem.com\/tr\/wp-json\/wp\/v2\/product"}],"about":[{"href":"https:\/\/wpachem.com\/tr\/wp-json\/wp\/v2\/types\/product"}],"version-history":[{"count":0,"href":"https:\/\/wpachem.com\/tr\/wp-json\/wp\/v2\/product\/7490\/revisions"}],"wp:attachment":[{"href":"https:\/\/wpachem.com\/tr\/wp-json\/wp\/v2\/media?parent=7490"}],"wp:term":[{"taxonomy":"product_brand","embeddable":true,"href":"https:\/\/wpachem.com\/tr\/wp-json\/wp\/v2\/product_brand?post=7490"},{"taxonomy":"product_cat","embeddable":true,"href":"https:\/\/wpachem.com\/tr\/wp-json\/wp\/v2\/product_cat?post=7490"},{"taxonomy":"product_tag","embeddable":true,"href":"https:\/\/wpachem.com\/tr\/wp-json\/wp\/v2\/product_tag?post=7490"}],"curies":[{"name":"wp","href":"https:\/\/api.w.org\/{rel}","templated":true}]}}