{"id":7492,"date":"2024-01-03T09:13:09","date_gmt":"2024-01-03T09:13:09","guid":{"rendered":"https:\/\/wpapigments.com\/?post_type=product&amp;p=5575"},"modified":"2024-01-03T09:13:09","modified_gmt":"2024-01-03T09:13:09","slug":"pigment-491-pigment-lithol-scarlet-red-r-p-r-491-cas-no-1103-38-4","status":"publish","type":"product","link":"https:\/\/wpachem.com\/tr\/urun\/pigment-491-pigment-lithol-scarlet-red-r-p-r-491-cas-no-1103-38-4\/","title":{"rendered":"Pigment 49:1\/Pigment Lithol Scarlet Red R\/PR49:1 CAS No. 1103-38-4"},"content":{"rendered":"<p><b>\u00dcr\u00fcn ad\u0131:<\/b><\/p>\n<p>Lithol Scarlet K\u0131rm\u0131z\u0131 R\/PR49:1<\/p>\n<p><b>Karakter:<\/b><br \/>\nPigment Red 49:1, g\u00fc\u00e7l\u00fc renklendirme g\u00fcc\u00fcne sahip ancak zay\u0131f gizleme g\u00fcc\u00fcne sahip k\u0131rm\u0131z\u0131 bir tozdur. S\u0131cak su, etanol, aseton ve sodyum hidroksit \u00e7\u00f6zeltisinde az \u00e7\u00f6z\u00fcn\u00fcr. S\u00fclf\u00fcrik asitte \u00e7\u00f6z\u00fcnd\u00fc\u011f\u00fcnde do\u011frusal mor olur. Seyreltildi\u011finde k\u0131rm\u0131z\u0131ms\u0131 mora d\u00f6n\u00fc\u015f\u00fcr ve ard\u0131ndan k\u0131rm\u0131z\u0131ms\u0131 kahverengi bir \u00e7\u00f6kelti haline gelir. Nitrik aside maruz kald\u0131\u011f\u0131nda kahverengi-k\u0131rm\u0131z\u0131 bir \u00e7\u00f6zelti haline gelir. Di\u011fer \u00f6zellikler ortalamad\u0131r.<\/p>\n<p><b>Fiziksel ve kimyasal \u00f6zellikler:<\/b><\/p>\n<table width=\"753\">\n<tbody>\n<tr>\n<td colspan=\"2\" rowspan=\"2\" width=\"334\">\u7269\u5316\u6570\u636e<br \/>\nFiziksel Veriler<\/td>\n<td width=\"239\">Yo\u011funluk g\/CM3<\/td>\n<td width=\"180\">1.60-1.80<\/td>\n<\/tr>\n<tr>\n<td width=\"239\">\u5438\u6cb9\u91cf Ya\u011f Absorbsiyonu ml\/100g<\/td>\n<td width=\"180\">30-70<\/td>\n<\/tr>\n<tr>\n<td colspan=\"2\" rowspan=\"7\" width=\"334\">Amerika Birle\u015fik Devletleri<br \/>\nH\u0131zl\u0131l\u0131k \u00d6zellikleri<\/td>\n<td width=\"239\">I\u015f\u0131k Hasl\u0131\u011f\u0131<\/td>\n<td width=\"180\">3<\/td>\n<\/tr>\n<tr>\n<td width=\"239\">Is\u0131 Direnci<\/td>\n<td width=\"180\">160<\/td>\n<\/tr>\n<tr>\n<td width=\"239\">Suya Dayan\u0131kl\u0131l\u0131k<\/td>\n<td width=\"180\">5<\/td>\n<\/tr>\n<tr>\n<td width=\"239\">Ya\u011f Direnci<\/td>\n<td width=\"180\">5<\/td>\n<\/tr>\n<tr>\n<td width=\"239\">Asit Direnci<\/td>\n<td width=\"180\">3<\/td>\n<\/tr>\n<tr>\n<td width=\"239\">Alkali Direnci<\/td>\n<td width=\"180\">3<\/td>\n<\/tr>\n<tr>\n<td width=\"239\">Alkol Direnci<\/td>\n<td width=\"180\">4<\/td>\n<\/tr>\n<\/tbody>\n<\/table>\n<p>&nbsp;<\/p>\n<p><strong>Ba\u015fvuru:<\/strong><\/p>\n<p>Pigment K\u0131rm\u0131z\u0131 49:1 esas olarak bask\u0131 m\u00fcrekkeplerini renklendirmek i\u00e7in kullan\u0131l\u0131r, \u00f6zellikle de yay\u0131n grav\u00fcr m\u00fcrekkepleri i\u00e7in. Re\u00e7ineli dozaj formu bak\u0131r parlakl\u0131\u011f\u0131 olgusunu azaltabilir; \u00f6zel dozaj formu su bazl\u0131 bask\u0131 m\u00fcrekkebi i\u00e7in uygundur.<\/p>\n<p>1) Boya Kullan\u0131m\u0131: Toz Boya, Dekoratif Kaplama, Tekstil Bask\u0131, Su Bazl\u0131 Boyama<\/p>\n<p>2)M\u00fcrekkep Kullan\u0131m\u0131: Ofset M\u00fcrekkep, Su Bazl\u0131 M\u00fcrekkep, UV M\u00fcrekkep, Solvent Bazl\u0131 M\u00fcrekkep<\/p>","protected":false},"excerpt":{"rendered":"<p><strong>\u00dcr\u00fcn Ad\u0131:<\/strong> Lithol Scarlet K\u0131rm\u0131z\u0131 R<\/p>\n<p><strong>Renk \u0130ndeksi:<\/strong> PR49:1<\/p>\n<p><strong>D\u0131\u015f g\u00f6r\u00fcn\u00fc\u015f:<\/strong> K\u0131rm\u0131z\u0131 toz<\/p>\n<p><strong>CAS Numaras\u0131:<\/strong> 1103-38-4<\/p>\n<p><strong>Di\u011fer Ad\u0131:<\/strong><\/p>\n<p>P\u0130GMENTKIRMIZI49:1;<\/p>\n<p>2-(2-Hidroksi-1-naftilazo)-1-naftalins\u00fclfonik asitbaryumtuz(2:1);<\/p>\n<p>litholredba;<\/p>\n<p>Bariumbis[2-[(2-hidroksinaftil)azo]Kimyasal naftalins\u00fclfonat];<\/p>\n<p>Bariumbis[2-(2-hidroksi-1-naftilazo)-1-naftalins\u00fclfonat];<\/p>\n<p>D&amp;CRK\u0131rm\u0131z\u0131No.12;<\/p>\n<p>PigmentRed49(Ba);<\/p>\n<p>PR49:1BARYUML\u0130TOL<\/p>","protected":false},"featured_media":7616,"template":"","meta":{"_acf_changed":false,"_gspb_post_css":""},"product_brand":[],"product_cat":[162,163],"product_tag":[],"class_list":{"0":"post-7492","1":"product","2":"type-product","3":"status-publish","4":"has-post-thumbnail","6":"product_cat-for-inks","7":"product_cat-for-paints-and-coatings","9":"first","10":"instock","11":"shipping-taxable","12":"product-type-simple"},"acf":[],"_links":{"self":[{"href":"https:\/\/wpachem.com\/tr\/wp-json\/wp\/v2\/product\/7492","targetHints":{"allow":["GET"]}}],"collection":[{"href":"https:\/\/wpachem.com\/tr\/wp-json\/wp\/v2\/product"}],"about":[{"href":"https:\/\/wpachem.com\/tr\/wp-json\/wp\/v2\/types\/product"}],"version-history":[{"count":0,"href":"https:\/\/wpachem.com\/tr\/wp-json\/wp\/v2\/product\/7492\/revisions"}],"wp:featuredmedia":[{"embeddable":true,"href":"https:\/\/wpachem.com\/tr\/wp-json\/wp\/v2\/media\/7616"}],"wp:attachment":[{"href":"https:\/\/wpachem.com\/tr\/wp-json\/wp\/v2\/media?parent=7492"}],"wp:term":[{"taxonomy":"product_brand","embeddable":true,"href":"https:\/\/wpachem.com\/tr\/wp-json\/wp\/v2\/product_brand?post=7492"},{"taxonomy":"product_cat","embeddable":true,"href":"https:\/\/wpachem.com\/tr\/wp-json\/wp\/v2\/product_cat?post=7492"},{"taxonomy":"product_tag","embeddable":true,"href":"https:\/\/wpachem.com\/tr\/wp-json\/wp\/v2\/product_tag?post=7492"}],"curies":[{"name":"wp","href":"https:\/\/api.w.org\/{rel}","templated":true}]}}