{"id":7495,"date":"2024-01-03T09:26:38","date_gmt":"2024-01-03T09:26:38","guid":{"rendered":"https:\/\/wpapigments.com\/?post_type=product&amp;p=5581"},"modified":"2024-01-03T09:26:38","modified_gmt":"2024-01-03T09:26:38","slug":"pigment-531-pigment-lake-red-c-p-r-531-cas-no-5160-02-1","status":"publish","type":"product","link":"https:\/\/wpachem.com\/tr\/urun\/pigment-531-pigment-lake-red-c-p-r-531-cas-no-5160-02-1\/","title":{"rendered":"Pigment 53:1\/Pigment Lake K\u0131rm\u0131z\u0131 C\/PR53:1 CAS No. 5160-02-1"},"content":{"rendered":"<p><b>\u00dcr\u00fcn ad\u0131:<\/b><\/p>\n<p>Pigment Lake K\u0131rm\u0131z\u0131 C\/PR53:1<\/p>\n<p><b>Karakter:<\/b><br \/>\nBu \u00fcr\u00fcn parlak renkli ve g\u00fc\u00e7l\u00fc alt\u0131n rengi \u0131\u015f\u0131k veren sar\u0131ms\u0131-k\u0131rm\u0131z\u0131 bir tozdur. Alt\u0131n rengi \u0131\u015f\u0131k dayan\u0131kl\u0131 ve g\u00fc\u00e7l\u00fcd\u00fcr ve m\u00fcrekkebin ak\u0131\u015fkanl\u0131\u011f\u0131 iyidir. \u0130yi \u0131\u015f\u0131k ve \u0131s\u0131 direnci. Asetonda \u00e7\u00f6z\u00fcnmez, etanol suda az \u00e7\u00f6z\u00fcn\u00fcr ve konsantre s\u00fclf\u00fcrik asit ve konsantre sodyum hidroksite maruz kald\u0131\u011f\u0131nda renk de\u011fi\u015ftirir.<\/p>\n<p><b>Fiziksel ve kimyasal \u00f6zellikler:<\/b><\/p>\n<table width=\"753\">\n<tbody>\n<tr>\n<td colspan=\"2\" rowspan=\"2\" width=\"334\">\u7269\u5316\u6570\u636e<br \/>\nFiziksel Veriler<\/td>\n<td width=\"239\">Yo\u011funluk g\/CM3<\/td>\n<td width=\"180\">1.70-1.90<\/td>\n<\/tr>\n<tr>\n<td width=\"239\">\u5438\u6cb9\u91cf Ya\u011f Absorbsiyonu ml\/100g<\/td>\n<td width=\"180\">40-60<\/td>\n<\/tr>\n<tr>\n<td colspan=\"2\" rowspan=\"7\" width=\"334\">Amerika Birle\u015fik Devletleri<br \/>\nH\u0131zl\u0131l\u0131k \u00d6zellikleri<\/td>\n<td width=\"239\">I\u015f\u0131k Hasl\u0131\u011f\u0131<\/td>\n<td width=\"180\">3<\/td>\n<\/tr>\n<tr>\n<td width=\"239\">Is\u0131 Direnci<\/td>\n<td width=\"180\">160<\/td>\n<\/tr>\n<tr>\n<td width=\"239\">Suya Dayan\u0131kl\u0131l\u0131k<\/td>\n<td width=\"180\">5<\/td>\n<\/tr>\n<tr>\n<td width=\"239\">Ya\u011f Direnci<\/td>\n<td width=\"180\">5<\/td>\n<\/tr>\n<tr>\n<td width=\"239\">Asit Direnci<\/td>\n<td width=\"180\">3<\/td>\n<\/tr>\n<tr>\n<td width=\"239\">Alkali Direnci<\/td>\n<td width=\"180\">3<\/td>\n<\/tr>\n<tr>\n<td width=\"239\">Alkol Direnci<\/td>\n<td width=\"180\">4<\/td>\n<\/tr>\n<\/tbody>\n<\/table>\n<p>&nbsp;<\/p>\n<p><strong>Ba\u015fvuru:<\/strong><\/p>\n<p>Pigment Red 53:1 esas olarak m\u00fcrekkepleri, kau\u00e7uk \u00fcr\u00fcnleri ve bisiklet i\u00e7 lastiklerini renklendirmek i\u00e7in kullan\u0131l\u0131r. Ayr\u0131ca k\u00fclt\u00fcrel, e\u011fitimsel ve plastik malzemeleri renklendirmek i\u00e7in de kullan\u0131l\u0131r. Rubber Red LC&#039;nin yap\u0131s\u0131 Golden Red C ile ayn\u0131d\u0131r, ancak sentez s\u00fcreci do\u011frudan birle\u015ftirmeden sonra baryum tuz g\u00f6l\u00fcn\u00fc haz\u0131rlamakt\u0131r. \u00dcr\u00fcn parlak sar\u0131 a\u00e7\u0131k k\u0131rm\u0131z\u0131d\u0131r, yumu\u015fak dokuya, g\u00fc\u00e7l\u00fc renklendirme g\u00fcc\u00fcne, iyi \u0131s\u0131 direncine, renk bozulmas\u0131na ve g\u00f6\u00e7meye sahip de\u011fildir. Esas olarak kau\u00e7uk, kablo ve plastik \u00fcr\u00fcnleri renklendirmek i\u00e7in kullan\u0131l\u0131r.<\/p>\n<p>1) Boya Kullan\u0131m\u0131: End\u00fcstriyel Boya, Toz Boya, Dekoratif Kaplama, Tekstil Bask\u0131, Su Bazl\u0131 Boyama<\/p>\n<p>2) Plastik Kullan\u0131m\u0131: PVC, PP, PE, PS, ABS<\/p>\n<p>3)M\u00fcrekkep Kullan\u0131m\u0131: Ofset M\u00fcrekkep, Su Bazl\u0131 M\u00fcrekkep, Solvent Bazl\u0131 M\u00fcrekkep<\/p>","protected":false},"excerpt":{"rendered":"<p><strong>\u00dcr\u00fcn Ad\u0131:<\/strong> K\u0131rm\u0131z\u0131 G\u00f6l C<\/p>\n<p><strong>Renk \u0130ndeksi:<\/strong> PR53:1<\/p>\n<p><strong>D\u0131\u015f g\u00f6r\u00fcn\u00fc\u015f:<\/strong> K\u0131rm\u0131z\u0131 toz<\/p>\n<p><strong>CAS Numaras\u0131:<\/strong> 5160-02-1<\/p>\n<p><strong>Di\u011fer Ad\u0131:<\/strong><\/p>\n<p>CI 15585:1;<\/p>\n<p>k\u0131rm\u0131z\u0131zhb;<\/p>\n<p>AKA204;1860k\u0131rm\u0131z\u0131;<\/p>\n<p>d&amp;cred9;<\/p>\n<p>k\u0131rm\u0131z\u01311860;<\/p>\n<p>K\u0131rm\u0131z\u0131 53:1;<\/p>\n<p>&nbsp;<\/p>\n<p>&nbsp;<\/p>\n<p>&nbsp;<\/p>\n<p>&nbsp;<\/p>","protected":false},"featured_media":7616,"template":"","meta":{"_acf_changed":false,"_gspb_post_css":""},"product_brand":[],"product_cat":[161,162,163],"product_tag":[],"class_list":{"0":"post-7495","1":"product","2":"type-product","3":"status-publish","4":"has-post-thumbnail","6":"product_cat-for-plastics","7":"product_cat-for-inks","8":"product_cat-for-paints-and-coatings","10":"first","11":"instock","12":"shipping-taxable","13":"product-type-simple"},"acf":[],"_links":{"self":[{"href":"https:\/\/wpachem.com\/tr\/wp-json\/wp\/v2\/product\/7495","targetHints":{"allow":["GET"]}}],"collection":[{"href":"https:\/\/wpachem.com\/tr\/wp-json\/wp\/v2\/product"}],"about":[{"href":"https:\/\/wpachem.com\/tr\/wp-json\/wp\/v2\/types\/product"}],"version-history":[{"count":0,"href":"https:\/\/wpachem.com\/tr\/wp-json\/wp\/v2\/product\/7495\/revisions"}],"wp:featuredmedia":[{"embeddable":true,"href":"https:\/\/wpachem.com\/tr\/wp-json\/wp\/v2\/media\/7616"}],"wp:attachment":[{"href":"https:\/\/wpachem.com\/tr\/wp-json\/wp\/v2\/media?parent=7495"}],"wp:term":[{"taxonomy":"product_brand","embeddable":true,"href":"https:\/\/wpachem.com\/tr\/wp-json\/wp\/v2\/product_brand?post=7495"},{"taxonomy":"product_cat","embeddable":true,"href":"https:\/\/wpachem.com\/tr\/wp-json\/wp\/v2\/product_cat?post=7495"},{"taxonomy":"product_tag","embeddable":true,"href":"https:\/\/wpachem.com\/tr\/wp-json\/wp\/v2\/product_tag?post=7495"}],"curies":[{"name":"wp","href":"https:\/\/api.w.org\/{rel}","templated":true}]}}