{"id":7496,"date":"2024-01-03T09:29:19","date_gmt":"2024-01-03T09:29:19","guid":{"rendered":"https:\/\/wpapigments.com\/?post_type=product&amp;p=5584"},"modified":"2024-01-03T09:29:19","modified_gmt":"2024-01-03T09:29:19","slug":"pigment-yellow-12-benzidineyellow-r-p-y-12-cas-no-6358-85-6","status":"publish","type":"product","link":"https:\/\/wpachem.com\/tr\/urun\/pigment-yellow-12-benzidineyellow-r-p-y-12-cas-no-6358-85-6\/","title":{"rendered":"Pigment Sar\u0131 12 (BenzidinSar\u0131 R)\/PY12 CAS No. 6358-85-6"},"content":{"rendered":"<p><strong>\u00d6zellik<\/strong><\/p>\n<p><strong><b>Erkek \u00d6zellikleri<\/b><\/strong>: K\u0131rm\u0131z\u0131 g\u00f6lge, UV ofset m\u00fcrekkebi i\u00e7in kullan\u0131l\u0131r<\/p>\n<p><strong><b>Ba\u015fvuru:<\/b><\/strong><\/p>\n<p><strong><b>\u00a0M\u00fcrekkep Kullan\u0131m\u0131: <\/b><\/strong>Ofset M\u00fcrekkep, \u0130ngiliz m\u00fcrekkebi, solvent bazl\u0131 m\u00fcrekkep.<\/p>","protected":false},"excerpt":{"rendered":"<p><strong>\u00dcr\u00fcn Ad\u0131:<\/strong>\u00a0BenzidinSar\u0131 R<\/p>\n<p><strong>Renk \u0130ndeksi:<\/strong>\u00a0SINIF 12<\/p>\n<p><strong>D\u0131\u015f g\u00f6r\u00fcn\u00fc\u015f:<\/strong>\u00a0Sar\u0131 toz<\/p>\n<p><strong>CAS Numaras\u0131:<\/strong><strong>\u00a0<\/strong>6358-85-6<\/p>\n<p><strong>Di\u011fer Ad\u0131:\u00a0<\/strong>Pigment Sar\u0131 12\/Benzidin Sar\u0131 45-2650\/Tranzidene Sar\u0131<\/p>","protected":false},"featured_media":0,"template":"","meta":{"_acf_changed":false,"_gspb_post_css":""},"product_brand":[],"product_cat":[162],"product_tag":[],"class_list":{"0":"post-7496","1":"product","2":"type-product","3":"status-publish","5":"product_cat-for-inks","7":"first","8":"instock","9":"shipping-taxable","10":"product-type-simple"},"acf":[],"_links":{"self":[{"href":"https:\/\/wpachem.com\/tr\/wp-json\/wp\/v2\/product\/7496","targetHints":{"allow":["GET"]}}],"collection":[{"href":"https:\/\/wpachem.com\/tr\/wp-json\/wp\/v2\/product"}],"about":[{"href":"https:\/\/wpachem.com\/tr\/wp-json\/wp\/v2\/types\/product"}],"version-history":[{"count":0,"href":"https:\/\/wpachem.com\/tr\/wp-json\/wp\/v2\/product\/7496\/revisions"}],"wp:attachment":[{"href":"https:\/\/wpachem.com\/tr\/wp-json\/wp\/v2\/media?parent=7496"}],"wp:term":[{"taxonomy":"product_brand","embeddable":true,"href":"https:\/\/wpachem.com\/tr\/wp-json\/wp\/v2\/product_brand?post=7496"},{"taxonomy":"product_cat","embeddable":true,"href":"https:\/\/wpachem.com\/tr\/wp-json\/wp\/v2\/product_cat?post=7496"},{"taxonomy":"product_tag","embeddable":true,"href":"https:\/\/wpachem.com\/tr\/wp-json\/wp\/v2\/product_tag?post=7496"}],"curies":[{"name":"wp","href":"https:\/\/api.w.org\/{rel}","templated":true}]}}