{"id":7498,"date":"2024-01-03T09:46:18","date_gmt":"2024-01-03T09:46:18","guid":{"rendered":"https:\/\/wpapigments.com\/?post_type=product&amp;p=5600"},"modified":"2024-01-03T09:46:18","modified_gmt":"2024-01-03T09:46:18","slug":"pigment-red-81-pigment-fast-pink-toner-p-r-81-cas-no-12224-98-5","status":"publish","type":"product","link":"https:\/\/wpachem.com\/tr\/urun\/pigment-red-81-pigment-fast-pink-toner-p-r-81-cas-no-12224-98-5\/","title":{"rendered":"Pigment K\u0131rm\u0131z\u0131 81\/Pigment H\u0131zl\u0131 Pembe Tonik\/PR81 CAS No. 12224-98-5"},"content":{"rendered":"<p><b>\u00dcr\u00fcn ad\u0131:<\/b><\/p>\n<p>Pigment H\u0131zl\u0131 Pembe Tonik\/PR81<\/p>\n<p><b>Karakter:<\/b><br \/>\nkoyu pembe toz<\/p>\n<p><b>Fiziksel ve kimyasal \u00f6zellikler:<\/b><\/p>\n<table width=\"753\">\n<tbody>\n<tr>\n<td colspan=\"2\" rowspan=\"2\" width=\"334\">\u7269\u5316\u6570\u636e<br \/>\nFiziksel Veriler<\/td>\n<td width=\"239\">Yo\u011funluk g\/CM3<\/td>\n<td width=\"180\">1.80-2.20<\/td>\n<\/tr>\n<tr>\n<td width=\"239\">\u5438\u6cb9\u91cf Ya\u011f Absorbsiyonu ml\/100g<\/td>\n<td width=\"180\">60-80<\/td>\n<\/tr>\n<tr>\n<td colspan=\"2\" rowspan=\"7\" width=\"334\">Amerika Birle\u015fik Devletleri<br \/>\nH\u0131zl\u0131l\u0131k \u00d6zellikleri<\/td>\n<td width=\"239\">I\u015f\u0131k Hasl\u0131\u011f\u0131<\/td>\n<td width=\"180\">3<\/td>\n<\/tr>\n<tr>\n<td width=\"239\">Is\u0131 Direnci<\/td>\n<td width=\"180\">140<\/td>\n<\/tr>\n<tr>\n<td width=\"239\">Suya Dayan\u0131kl\u0131l\u0131k<\/td>\n<td width=\"180\">4<\/td>\n<\/tr>\n<tr>\n<td width=\"239\">Ya\u011f Direnci<\/td>\n<td width=\"180\">5<\/td>\n<\/tr>\n<tr>\n<td width=\"239\">Asit Direnci<\/td>\n<td width=\"180\">5<\/td>\n<\/tr>\n<tr>\n<td width=\"239\">Alkali Direnci<\/td>\n<td width=\"180\">4<\/td>\n<\/tr>\n<tr>\n<td width=\"239\">Alkol Direnci<\/td>\n<td width=\"180\">3<\/td>\n<\/tr>\n<\/tbody>\n<\/table>\n<p>&nbsp;<\/p>\n<p><strong>Ba\u015fvuru:<\/strong><\/p>\n<p>Esas olarak m\u00fcrekkep i\u00e7in kullan\u0131l\u0131r<\/p>\n<p>1)M\u00fcrekkep Kullan\u0131m\u0131: Ofset M\u00fcrekkep, Su bazl\u0131 m\u00fcrekkep, solvent bazl\u0131 m\u00fcrekkep<\/p>","protected":false},"excerpt":{"rendered":"<p><strong>\u00dcr\u00fcn Ad\u0131:<\/strong> Pigment H\u0131zl\u0131 Pembe Tonik<\/p>\n<p><strong>Renk \u0130ndeksi:<\/strong> PR81<\/p>\n<p><strong>D\u0131\u015f g\u00f6r\u00fcn\u00fc\u015f:<\/strong> K\u0131rm\u0131z\u0131 toz<\/p>\n<p><strong>CAS Numaras\u0131:<\/strong> 12224-98-5<\/p>\n<p><strong>Di\u011fer Ad\u0131:<\/strong><\/p>\n<p>CI pigment k\u0131rm\u0131z\u0131 81.;<\/p>\n<p>FANALPINKGSUPRA;<\/p>\n<p>FANALP\u0130NKBSUPRA;<\/p>\n<p>Pigment k\u0131rm\u0131z\u0131 81 (CI 45160:1);<\/p>\n<p>Toner Pembe G;<\/p>\n<p>Fanatone G\u00fcl G;<\/p>\n<p>Kal\u0131c\u0131 Kiraz Tonik<\/p>\n<p>&nbsp;<\/p>\n<p>&nbsp;<\/p>\n<p>&nbsp;<\/p>","protected":false},"featured_media":7616,"template":"","meta":{"_acf_changed":false,"_gspb_post_css":""},"product_brand":[],"product_cat":[162],"product_tag":[],"class_list":{"0":"post-7498","1":"product","2":"type-product","3":"status-publish","4":"has-post-thumbnail","6":"product_cat-for-inks","8":"first","9":"instock","10":"shipping-taxable","11":"product-type-simple"},"acf":[],"_links":{"self":[{"href":"https:\/\/wpachem.com\/tr\/wp-json\/wp\/v2\/product\/7498","targetHints":{"allow":["GET"]}}],"collection":[{"href":"https:\/\/wpachem.com\/tr\/wp-json\/wp\/v2\/product"}],"about":[{"href":"https:\/\/wpachem.com\/tr\/wp-json\/wp\/v2\/types\/product"}],"version-history":[{"count":0,"href":"https:\/\/wpachem.com\/tr\/wp-json\/wp\/v2\/product\/7498\/revisions"}],"wp:featuredmedia":[{"embeddable":true,"href":"https:\/\/wpachem.com\/tr\/wp-json\/wp\/v2\/media\/7616"}],"wp:attachment":[{"href":"https:\/\/wpachem.com\/tr\/wp-json\/wp\/v2\/media?parent=7498"}],"wp:term":[{"taxonomy":"product_brand","embeddable":true,"href":"https:\/\/wpachem.com\/tr\/wp-json\/wp\/v2\/product_brand?post=7498"},{"taxonomy":"product_cat","embeddable":true,"href":"https:\/\/wpachem.com\/tr\/wp-json\/wp\/v2\/product_cat?post=7498"},{"taxonomy":"product_tag","embeddable":true,"href":"https:\/\/wpachem.com\/tr\/wp-json\/wp\/v2\/product_tag?post=7498"}],"curies":[{"name":"wp","href":"https:\/\/api.w.org\/{rel}","templated":true}]}}