{"id":7500,"date":"2024-01-03T09:50:40","date_gmt":"2024-01-03T09:50:40","guid":{"rendered":"https:\/\/wpapigments.com\/?post_type=product&amp;p=5603"},"modified":"2024-01-03T09:50:40","modified_gmt":"2024-01-03T09:50:40","slug":"pigment-yellow-14-permanent-yellow-gs-p-y-14-cas-no-5468-75-7","status":"publish","type":"product","link":"https:\/\/wpachem.com\/tr\/urun\/pigment-yellow-14-permanent-yellow-gs-p-y-14-cas-no-5468-75-7\/","title":{"rendered":"Pigment Sar\u0131 14 (Kal\u0131c\u0131 Sar\u0131 GS)\/PY14 CAS No. 5468-75-7"},"content":{"rendered":"<p><strong>\u00d6zellik<\/strong><\/p>\n<p><strong><b>Erkek \u00d6zellikleri<\/b><\/strong>: \u015eeffaf, Solvent bazl\u0131<\/p>\n<p><strong><b>Ba\u015fvuru:<\/b><\/strong><\/p>\n<p><strong><b>M\u00fcrekkep Kullan\u0131m\u0131:<\/b><\/strong><strong><b>\u00a0<\/b><\/strong>\u0130ngiliz m\u00fcrekkebi, solvent bazl\u0131M\u00fcrekkep.<\/p>","protected":false},"excerpt":{"rendered":"<p><strong>\u00dcr\u00fcn Ad\u0131:<\/strong>\u00a0Kal\u0131c\u0131 Sar\u0131 GS<\/p>\n<p><strong>Renk \u0130ndeksi:<\/strong>\u00a014.S\u0131n\u0131f<\/p>\n<p><strong>D\u0131\u015f g\u00f6r\u00fcn\u00fc\u015f:<\/strong>\u00a0Sar\u0131 toz<\/p>\n<p><strong>CAS Numaras\u0131:<\/strong><strong>\u00a0<\/strong>5468-75-7<\/p>\n<p><strong>Di\u011fer Ad\u0131:\u00a0<\/strong>Pigment Sar\u0131 14\/BENZ\u0130D\u0130N SARI\/S\u0130P\u0130GMENT SARI 12<\/p>","protected":false},"featured_media":7620,"template":"","meta":{"_acf_changed":false,"_gspb_post_css":""},"product_brand":[],"product_cat":[162],"product_tag":[],"class_list":{"0":"post-7500","1":"product","2":"type-product","3":"status-publish","4":"has-post-thumbnail","6":"product_cat-for-inks","8":"first","9":"instock","10":"shipping-taxable","11":"product-type-simple"},"acf":[],"_links":{"self":[{"href":"https:\/\/wpachem.com\/tr\/wp-json\/wp\/v2\/product\/7500","targetHints":{"allow":["GET"]}}],"collection":[{"href":"https:\/\/wpachem.com\/tr\/wp-json\/wp\/v2\/product"}],"about":[{"href":"https:\/\/wpachem.com\/tr\/wp-json\/wp\/v2\/types\/product"}],"version-history":[{"count":0,"href":"https:\/\/wpachem.com\/tr\/wp-json\/wp\/v2\/product\/7500\/revisions"}],"wp:featuredmedia":[{"embeddable":true,"href":"https:\/\/wpachem.com\/tr\/wp-json\/wp\/v2\/media\/7620"}],"wp:attachment":[{"href":"https:\/\/wpachem.com\/tr\/wp-json\/wp\/v2\/media?parent=7500"}],"wp:term":[{"taxonomy":"product_brand","embeddable":true,"href":"https:\/\/wpachem.com\/tr\/wp-json\/wp\/v2\/product_brand?post=7500"},{"taxonomy":"product_cat","embeddable":true,"href":"https:\/\/wpachem.com\/tr\/wp-json\/wp\/v2\/product_cat?post=7500"},{"taxonomy":"product_tag","embeddable":true,"href":"https:\/\/wpachem.com\/tr\/wp-json\/wp\/v2\/product_tag?post=7500"}],"curies":[{"name":"wp","href":"https:\/\/api.w.org\/{rel}","templated":true}]}}