{"id":7502,"date":"2024-01-03T09:58:31","date_gmt":"2024-01-03T09:58:31","guid":{"rendered":"https:\/\/wpapigments.com\/?post_type=product&amp;p=5609"},"modified":"2024-01-03T09:58:31","modified_gmt":"2024-01-03T09:58:31","slug":"pigment-yellow-17-permanent-yellow-2g-p-y-14-cas-no-4531-49-1","status":"publish","type":"product","link":"https:\/\/wpachem.com\/tr\/urun\/pigment-yellow-17-permanent-yellow-2g-p-y-14-cas-no-4531-49-1\/","title":{"rendered":"Pigment Sar\u0131 17 (Kal\u0131c\u0131 Sar\u0131 2G)\/PY14 CAS No. 4531-49-1"},"content":{"rendered":"<p><strong>\u00d6zellik<\/strong><\/p>\n<p><strong><b>Erkek \u00d6zellikleri<\/b><\/strong>: Yar\u0131 saydam,<\/p>\n<p><strong><b>Ba\u015fvuru:<\/b><\/strong><\/p>\n<ol>\n<li><b><\/b><strong><b>M\u00fcrekkep Kullan\u0131m\u0131: <\/b><\/strong>Ofset M\u00fcrekkep, Su Bazl\u0131 M\u00fcrekkep, UK M\u00fcrekkep, Metal Deco, Solvent Bazl\u0131 M\u00fcrekkep.<\/li>\n<li><b><\/b><strong><b>Plastik Kullan\u0131m\u0131:<\/b><\/strong> PVC, PP, PE, ABS, Kau\u00e7uk.<\/li>\n<\/ol>","protected":false},"excerpt":{"rendered":"<p><strong>\u00dcr\u00fcn Ad\u0131:<\/strong>\u00a0Kal\u0131c\u0131 Sar\u0131 2G<\/p>\n<p><strong>Renk \u0130ndeksi:<\/strong>\u00a017.S\u0131n\u0131f<\/p>\n<p><strong>D\u0131\u015f g\u00f6r\u00fcn\u00fc\u015f:<\/strong>\u00a0Sar\u0131 toz<\/p>\n<p><strong>CAS Numaras\u0131:<\/strong><strong>\u00a0<\/strong>4531-49-1<\/p>\n<p><strong>Di\u011fer Ad\u0131:\u00a0<\/strong>Pigment Sar\u0131 17<\/p>","protected":false},"featured_media":7620,"template":"","meta":{"_acf_changed":false,"_gspb_post_css":""},"product_brand":[],"product_cat":[161,162],"product_tag":[],"class_list":{"0":"post-7502","1":"product","2":"type-product","3":"status-publish","4":"has-post-thumbnail","6":"product_cat-for-plastics","7":"product_cat-for-inks","9":"first","10":"instock","11":"shipping-taxable","12":"product-type-simple"},"acf":[],"_links":{"self":[{"href":"https:\/\/wpachem.com\/tr\/wp-json\/wp\/v2\/product\/7502","targetHints":{"allow":["GET"]}}],"collection":[{"href":"https:\/\/wpachem.com\/tr\/wp-json\/wp\/v2\/product"}],"about":[{"href":"https:\/\/wpachem.com\/tr\/wp-json\/wp\/v2\/types\/product"}],"version-history":[{"count":0,"href":"https:\/\/wpachem.com\/tr\/wp-json\/wp\/v2\/product\/7502\/revisions"}],"wp:featuredmedia":[{"embeddable":true,"href":"https:\/\/wpachem.com\/tr\/wp-json\/wp\/v2\/media\/7620"}],"wp:attachment":[{"href":"https:\/\/wpachem.com\/tr\/wp-json\/wp\/v2\/media?parent=7502"}],"wp:term":[{"taxonomy":"product_brand","embeddable":true,"href":"https:\/\/wpachem.com\/tr\/wp-json\/wp\/v2\/product_brand?post=7502"},{"taxonomy":"product_cat","embeddable":true,"href":"https:\/\/wpachem.com\/tr\/wp-json\/wp\/v2\/product_cat?post=7502"},{"taxonomy":"product_tag","embeddable":true,"href":"https:\/\/wpachem.com\/tr\/wp-json\/wp\/v2\/product_tag?post=7502"}],"curies":[{"name":"wp","href":"https:\/\/api.w.org\/{rel}","templated":true}]}}