{"id":7503,"date":"2024-01-04T09:31:51","date_gmt":"2024-01-04T09:31:51","guid":{"rendered":"https:\/\/wpapigments.com\/?post_type=product&amp;p=5620"},"modified":"2024-01-04T09:31:51","modified_gmt":"2024-01-04T09:31:51","slug":"pigment-red-146-pigment-naphthol-red-fbb-02-p-r-146-cas-no-5280-68-2","status":"publish","type":"product","link":"https:\/\/wpachem.com\/tr\/urun\/pigment-red-146-pigment-naphthol-red-fbb-02-p-r-146-cas-no-5280-68-2\/","title":{"rendered":"Pigment K\u0131rm\u0131z\u0131 146\/Pigment Naftol K\u0131rm\u0131z\u0131 FBB-02\/PR146 CAS No. 5280-68-2"},"content":{"rendered":"<p><b>\u00dcr\u00fcn ad\u0131:<\/b><\/p>\n<p>Pigment K\u0131rm\u0131z\u0131 146<\/p>\n<p><b>Karakter:<\/b><br \/>\nPigment K\u0131rm\u0131z\u0131 146, macentaya yak\u0131n \u00e7ok parlak mavimsi bir k\u0131rm\u0131z\u0131d\u0131r.<\/p>\n<p><b>Fiziksel ve kimyasal \u00f6zellikler:<\/b><\/p>\n<table width=\"753\">\n<tbody>\n<tr>\n<td colspan=\"2\" rowspan=\"2\" width=\"334\">\u7269\u5316\u6570\u636e<br \/>\nFiziksel Veriler<\/td>\n<td width=\"239\">Yo\u011funluk g\/CM3<\/td>\n<td width=\"180\">1.35-1.50<\/td>\n<\/tr>\n<tr>\n<td width=\"239\">\u5438\u6cb9\u91cf Ya\u011f Absorbsiyonu ml\/100g<\/td>\n<td width=\"180\">50-70<\/td>\n<\/tr>\n<tr>\n<td colspan=\"2\" rowspan=\"7\" width=\"334\">Amerika Birle\u015fik Devletleri<br \/>\nH\u0131zl\u0131l\u0131k \u00d6zellikleri<\/td>\n<td width=\"239\">I\u015f\u0131k Hasl\u0131\u011f\u0131<\/td>\n<td width=\"180\">5<\/td>\n<\/tr>\n<tr>\n<td width=\"239\">Is\u0131 Direnci<\/td>\n<td width=\"180\">180<\/td>\n<\/tr>\n<tr>\n<td width=\"239\">Suya Dayan\u0131kl\u0131l\u0131k<\/td>\n<td width=\"180\">5<\/td>\n<\/tr>\n<tr>\n<td width=\"239\">Ya\u011f Direnci<\/td>\n<td width=\"180\">5<\/td>\n<\/tr>\n<tr>\n<td width=\"239\">Asit Direnci<\/td>\n<td width=\"180\">4<\/td>\n<\/tr>\n<tr>\n<td width=\"239\">Alkali Direnci<\/td>\n<td width=\"180\">4<\/td>\n<\/tr>\n<tr>\n<td width=\"239\">Alkol Direnci<\/td>\n<td width=\"180\">5<\/td>\n<\/tr>\n<\/tbody>\n<\/table>\n<p>&nbsp;<\/p>\n<p><strong>Ba\u015fvuru:<\/strong><\/p>\n<p>Esas olarak plastik, m\u00fcrekkep i\u00e7in kullan\u0131l\u0131r<\/p>\n<p>1) Plastik Kullan\u0131m\u0131: PVC, PP, PE, PS, ABS, EVA, KAU\u00c7UK<\/p>\n<p>2)M\u00fcrekkep Kullan\u0131m\u0131: Ofset M\u00fcrekkep, Su Bazl\u0131 M\u00fcrekkep, Solvent Bazl\u0131 M\u00fcrekkep<\/p>","protected":false},"excerpt":{"rendered":"<p><strong>\u00dcr\u00fcn Ad\u0131:<\/strong> Pigment K\u0131rm\u0131z\u0131 146<\/p>\n<p><strong>Renk \u0130ndeksi:<\/strong> PR146<\/p>\n<p><strong>D\u0131\u015f g\u00f6r\u00fcn\u00fc\u015f:<\/strong> K\u0131rm\u0131z\u0131 toz<\/p>\n<p><strong>CAS Numaras\u0131:<\/strong> 5280-68-2<\/p>\n<p><strong>Di\u011fer Ad\u0131:<\/strong><\/p>\n<p>Halkla \u0130li\u015fkiler-146;<\/p>\n<p>CI12485;<\/p>\n<p>H\u0131zl\u0131 K\u0131rm\u0131z\u0131 FBB;<\/p>\n<p>P\u0130GMENT KIRMIZI 146;<\/p>\n<p>Einecs 226-103-2;<\/p>\n<p>Pigment Karmin K\u0131rm\u0131z\u0131s\u0131;<\/p>\n<p>Permetrin Safs\u0131zl\u0131\u011f\u0131 18;<\/p>\n<p>Pigment Kal\u0131c\u0131 K\u0131rm\u0131z\u0131 FBB;<\/p>\n<p>&nbsp;<\/p>","protected":false},"featured_media":7616,"template":"","meta":{"_acf_changed":false,"_gspb_post_css":""},"product_brand":[],"product_cat":[161,162],"product_tag":[],"class_list":{"0":"post-7503","1":"product","2":"type-product","3":"status-publish","4":"has-post-thumbnail","6":"product_cat-for-plastics","7":"product_cat-for-inks","9":"first","10":"instock","11":"shipping-taxable","12":"product-type-simple"},"acf":[],"_links":{"self":[{"href":"https:\/\/wpachem.com\/tr\/wp-json\/wp\/v2\/product\/7503","targetHints":{"allow":["GET"]}}],"collection":[{"href":"https:\/\/wpachem.com\/tr\/wp-json\/wp\/v2\/product"}],"about":[{"href":"https:\/\/wpachem.com\/tr\/wp-json\/wp\/v2\/types\/product"}],"version-history":[{"count":0,"href":"https:\/\/wpachem.com\/tr\/wp-json\/wp\/v2\/product\/7503\/revisions"}],"wp:featuredmedia":[{"embeddable":true,"href":"https:\/\/wpachem.com\/tr\/wp-json\/wp\/v2\/media\/7616"}],"wp:attachment":[{"href":"https:\/\/wpachem.com\/tr\/wp-json\/wp\/v2\/media?parent=7503"}],"wp:term":[{"taxonomy":"product_brand","embeddable":true,"href":"https:\/\/wpachem.com\/tr\/wp-json\/wp\/v2\/product_brand?post=7503"},{"taxonomy":"product_cat","embeddable":true,"href":"https:\/\/wpachem.com\/tr\/wp-json\/wp\/v2\/product_cat?post=7503"},{"taxonomy":"product_tag","embeddable":true,"href":"https:\/\/wpachem.com\/tr\/wp-json\/wp\/v2\/product_tag?post=7503"}],"curies":[{"name":"wp","href":"https:\/\/api.w.org\/{rel}","templated":true}]}}