{"id":7506,"date":"2024-01-05T05:17:16","date_gmt":"2024-01-05T05:17:16","guid":{"rendered":"https:\/\/wpapigments.com\/?post_type=product&amp;p=5628"},"modified":"2024-01-05T05:17:16","modified_gmt":"2024-01-05T05:17:16","slug":"pigment-yellow-65-permanent-yellow-rn-p-y-14-cas-no-6528-34-3","status":"publish","type":"product","link":"https:\/\/wpachem.com\/tr\/urun\/pigment-yellow-65-permanent-yellow-rn-p-y-14-cas-no-6528-34-3\/","title":{"rendered":"Pigment Sar\u0131 65 (Kal\u0131c\u0131 Sar\u0131 RN)\/PY65 CAS No.6528-34-3"},"content":{"rendered":"<p><strong>\u00d6zellik<\/strong><\/p>\n<p><strong><b>Erkek \u00d6zellikleri<\/b><\/strong>: K\u0131rm\u0131z\u0131 g\u00f6lge, Y\u00fcksek mukavemet<\/p>\n<p><strong><b>Ba\u015fvuru:<\/b><\/strong><\/p>\n<ul>\n<li><b><\/b><strong><b>Boya Kullan\u0131m\u0131: <\/b><\/strong>End\u00fcstriyel Boya, Su Bazl\u0131 Boya.<\/li>\n<li><b><\/b><strong><b>M\u00fcrekkep Kullan\u0131m\u0131:\u00a0<\/b><\/strong>Su bazl\u0131 m\u00fcrekkep, solvent bazl\u0131 m\u00fcrekkep.<\/li>\n<\/ul>","protected":false},"excerpt":{"rendered":"<p><strong>\u00dcr\u00fcn Ad\u0131:<\/strong><strong>\u00a0<\/strong>Kal\u0131c\u0131 Sar\u0131 RN<\/p>\n<p><strong>Renk \u0130ndeksi:<\/strong>\u00a065.S\u0131n\u0131f<\/p>\n<p><strong>D\u0131\u015f g\u00f6r\u00fcn\u00fc\u015f:<\/strong>\u00a0Sar\u0131 toz<\/p>\n<p><strong>CAS Numaras\u0131:<\/strong><strong>\u00a0<\/strong>6528-34-3<\/p>\n<p><strong>Di\u011fer Ad\u0131:<\/strong>Pigment Sar\u0131 65\/Kal\u0131c\u0131 Sar\u0131 Rn<\/p>","protected":false},"featured_media":7617,"template":"","meta":{"_acf_changed":false,"_gspb_post_css":""},"product_brand":[],"product_cat":[162,163],"product_tag":[],"class_list":{"0":"post-7506","1":"product","2":"type-product","3":"status-publish","4":"has-post-thumbnail","6":"product_cat-for-inks","7":"product_cat-for-paints-and-coatings","9":"first","10":"instock","11":"shipping-taxable","12":"product-type-simple"},"acf":[],"_links":{"self":[{"href":"https:\/\/wpachem.com\/tr\/wp-json\/wp\/v2\/product\/7506","targetHints":{"allow":["GET"]}}],"collection":[{"href":"https:\/\/wpachem.com\/tr\/wp-json\/wp\/v2\/product"}],"about":[{"href":"https:\/\/wpachem.com\/tr\/wp-json\/wp\/v2\/types\/product"}],"version-history":[{"count":0,"href":"https:\/\/wpachem.com\/tr\/wp-json\/wp\/v2\/product\/7506\/revisions"}],"wp:featuredmedia":[{"embeddable":true,"href":"https:\/\/wpachem.com\/tr\/wp-json\/wp\/v2\/media\/7617"}],"wp:attachment":[{"href":"https:\/\/wpachem.com\/tr\/wp-json\/wp\/v2\/media?parent=7506"}],"wp:term":[{"taxonomy":"product_brand","embeddable":true,"href":"https:\/\/wpachem.com\/tr\/wp-json\/wp\/v2\/product_brand?post=7506"},{"taxonomy":"product_cat","embeddable":true,"href":"https:\/\/wpachem.com\/tr\/wp-json\/wp\/v2\/product_cat?post=7506"},{"taxonomy":"product_tag","embeddable":true,"href":"https:\/\/wpachem.com\/tr\/wp-json\/wp\/v2\/product_tag?post=7506"}],"curies":[{"name":"wp","href":"https:\/\/api.w.org\/{rel}","templated":true}]}}