{"id":7516,"date":"2024-01-05T07:43:58","date_gmt":"2024-01-05T07:43:58","guid":{"rendered":"https:\/\/wpapigments.com\/?post_type=product&amp;p=5690"},"modified":"2024-01-05T07:43:58","modified_gmt":"2024-01-05T07:43:58","slug":"pigment-yellow-110-permanent-yellow-3rlt-p-y-110-cas-no-5590-18-1","status":"publish","type":"product","link":"https:\/\/wpachem.com\/tr\/urun\/pigment-yellow-110-permanent-yellow-3rlt-p-y-110-cas-no-5590-18-1\/","title":{"rendered":"Pigment Sar\u0131 110 (\u0130zoindolinon Sar\u0131 3RLT)\/PY110 CAS No.5590-18-1"},"content":{"rendered":"<p><strong>\u00d6zellik<\/strong><\/p>\n<p><strong><b>Erkek \u00d6zellikleri<\/b><\/strong>: K\u0131rm\u0131z\u0131 g\u00f6lge, Yar\u0131 saydam, iyi hasl\u0131k<\/p>\n<p><strong><b>Ba\u015fvuru:<\/b><\/strong><\/p>\n<p style=\"text-align: left\">Plastik Kullan\u0131m\u0131: PVC, PP, PE, PS, ABS, EVA, Kau\u00e7uk.<\/p>","protected":false},"excerpt":{"rendered":"<p><strong><b>\u00dcr\u00fcn Ad\u0131:<\/b><\/strong>\u0130zoindolinon Sar\u0131 3RLT<\/p>\n<p><strong>Renk \u0130ndeksi:<\/strong>\u00a0110.S\u0131n\u0131f<\/p>\n<p><strong>D\u0131\u015f g\u00f6r\u00fcn\u00fc\u015f:<\/strong>\u00a0Sar\u0131 toz<\/p>\n<p><strong>CAS Numaras\u0131:<\/strong>5590-18-1<\/p>\n<p><strong>Di\u011fer Ad\u0131:<\/strong>Pigment Sar\u0131 110<\/p>","protected":false},"featured_media":7617,"template":"","meta":{"_acf_changed":false,"_gspb_post_css":""},"product_brand":[],"product_cat":[161],"product_tag":[],"class_list":{"0":"post-7516","1":"product","2":"type-product","3":"status-publish","4":"has-post-thumbnail","6":"product_cat-for-plastics","8":"first","9":"instock","10":"shipping-taxable","11":"product-type-simple"},"acf":[],"_links":{"self":[{"href":"https:\/\/wpachem.com\/tr\/wp-json\/wp\/v2\/product\/7516","targetHints":{"allow":["GET"]}}],"collection":[{"href":"https:\/\/wpachem.com\/tr\/wp-json\/wp\/v2\/product"}],"about":[{"href":"https:\/\/wpachem.com\/tr\/wp-json\/wp\/v2\/types\/product"}],"version-history":[{"count":0,"href":"https:\/\/wpachem.com\/tr\/wp-json\/wp\/v2\/product\/7516\/revisions"}],"wp:featuredmedia":[{"embeddable":true,"href":"https:\/\/wpachem.com\/tr\/wp-json\/wp\/v2\/media\/7617"}],"wp:attachment":[{"href":"https:\/\/wpachem.com\/tr\/wp-json\/wp\/v2\/media?parent=7516"}],"wp:term":[{"taxonomy":"product_brand","embeddable":true,"href":"https:\/\/wpachem.com\/tr\/wp-json\/wp\/v2\/product_brand?post=7516"},{"taxonomy":"product_cat","embeddable":true,"href":"https:\/\/wpachem.com\/tr\/wp-json\/wp\/v2\/product_cat?post=7516"},{"taxonomy":"product_tag","embeddable":true,"href":"https:\/\/wpachem.com\/tr\/wp-json\/wp\/v2\/product_tag?post=7516"}],"curies":[{"name":"wp","href":"https:\/\/api.w.org\/{rel}","templated":true}]}}