{"id":7520,"date":"2024-01-05T08:11:34","date_gmt":"2024-01-05T08:11:34","guid":{"rendered":"https:\/\/wpapigments.com\/?post_type=product&amp;p=5708"},"modified":"2024-01-05T08:11:34","modified_gmt":"2024-01-05T08:11:34","slug":"pigment-yellow-151-benzimidazolone-yellow-h4g-p-y-151-cas-no-31837-42-0","status":"publish","type":"product","link":"https:\/\/wpachem.com\/tr\/urun\/pigment-yellow-151-benzimidazolone-yellow-h4g-p-y-151-cas-no-31837-42-0\/","title":{"rendered":"Pigment Sar\u0131 151 (Benzimidazolon Sar\u0131 H4G)\/PY151 CAS No.31837-42-0"},"content":{"rendered":"<p><strong>\u00d6zellik<\/strong><\/p>\n<p><strong><b>Erkek \u00d6zellikleri<\/b><\/strong>: Ye\u015fil g\u00f6lge, Opak, iyi hasl\u0131k<\/p>\n<p><strong><b>Ba\u015fvuru:<\/b><\/strong><\/p>\n<ol>\n<li>Boya Kullan\u0131m\u0131: End\u00fcstriyel Boya, Toz Boya, Oto Boyas\u0131, Tekstil Bask\u0131, Su Bazl\u0131 Boya.<\/li>\n<li>Kullan\u0131lan M\u00fcrekkep: Ofset M\u00fcrekkep, Su Bazl\u0131 M\u00fcrekkep, UV M\u00fcrekkep, Solvent Bazl\u0131 M\u00fcrekkep.<\/li>\n<li>Plastik Kullan\u0131m\u0131: PVC, PP, PE, PS, ABS, Kau\u00e7uk.<\/li>\n<\/ol>","protected":false},"excerpt":{"rendered":"<p><strong><b>\u00dcr\u00fcn Ad\u0131<\/b><\/strong><strong><b>:<\/b><\/strong>Benzimidazolon Sar\u0131 H4G<\/p>\n<p><strong>Renk \u0130ndeksi:<\/strong>\u00a0151.S\u0131n\u0131f<\/p>\n<p><strong>D\u0131\u015f g\u00f6r\u00fcn\u00fc\u015f:<\/strong>\u00a0Sar\u0131 toz<\/p>\n<p><strong>CAS Numaras\u0131.<\/strong><strong>: <\/strong>31837-42-0<\/p>\n<p><strong>Di\u011fer Ad\u0131:<\/strong>Pigment Sar\u0131 151<\/p>","protected":false},"featured_media":7620,"template":"","meta":{"_acf_changed":false,"_gspb_post_css":""},"product_brand":[],"product_cat":[161,162,163],"product_tag":[],"class_list":{"0":"post-7520","1":"product","2":"type-product","3":"status-publish","4":"has-post-thumbnail","6":"product_cat-for-plastics","7":"product_cat-for-inks","8":"product_cat-for-paints-and-coatings","10":"first","11":"instock","12":"shipping-taxable","13":"product-type-simple"},"acf":[],"_links":{"self":[{"href":"https:\/\/wpachem.com\/tr\/wp-json\/wp\/v2\/product\/7520","targetHints":{"allow":["GET"]}}],"collection":[{"href":"https:\/\/wpachem.com\/tr\/wp-json\/wp\/v2\/product"}],"about":[{"href":"https:\/\/wpachem.com\/tr\/wp-json\/wp\/v2\/types\/product"}],"version-history":[{"count":0,"href":"https:\/\/wpachem.com\/tr\/wp-json\/wp\/v2\/product\/7520\/revisions"}],"wp:featuredmedia":[{"embeddable":true,"href":"https:\/\/wpachem.com\/tr\/wp-json\/wp\/v2\/media\/7620"}],"wp:attachment":[{"href":"https:\/\/wpachem.com\/tr\/wp-json\/wp\/v2\/media?parent=7520"}],"wp:term":[{"taxonomy":"product_brand","embeddable":true,"href":"https:\/\/wpachem.com\/tr\/wp-json\/wp\/v2\/product_brand?post=7520"},{"taxonomy":"product_cat","embeddable":true,"href":"https:\/\/wpachem.com\/tr\/wp-json\/wp\/v2\/product_cat?post=7520"},{"taxonomy":"product_tag","embeddable":true,"href":"https:\/\/wpachem.com\/tr\/wp-json\/wp\/v2\/product_tag?post=7520"}],"curies":[{"name":"wp","href":"https:\/\/api.w.org\/{rel}","templated":true}]}}