{"id":7522,"date":"2024-01-05T08:21:06","date_gmt":"2024-01-05T08:21:06","guid":{"rendered":"https:\/\/wpapigments.com\/?post_type=product&amp;p=5716"},"modified":"2024-01-05T08:21:06","modified_gmt":"2024-01-05T08:21:06","slug":"pigment-yellow-168-permanent-yellow-gp-p-y-168-cas-no-71832-85-4","status":"publish","type":"product","link":"https:\/\/wpachem.com\/tr\/urun\/pigment-yellow-168-permanent-yellow-gp-p-y-168-cas-no-71832-85-4\/","title":{"rendered":"Pigment Sar\u0131 168 (Kal\u0131c\u0131 Sar\u0131 GP)\/PY168 CAS No.71832-85-4"},"content":{"rendered":"<p><strong>\u00d6zellik<\/strong><\/p>\n<p><strong><b>Erkek \u00d6zellikleri<\/b><\/strong>: Ye\u015fil g\u00f6lge, \u0130yi da\u011f\u0131labilirlik<\/p>\n<p><strong><b>Ba\u015fvuru:<\/b><\/strong><\/p>\n<ul>\n<li>Plastik Kullan\u0131m\u0131: PVC, PP, PE, PS, ABS, EVA, KAU\u00c7UK<\/li>\n<\/ul>","protected":false},"excerpt":{"rendered":"<p><strong><b>\u00dcr\u00fcn Ad\u0131<\/b><\/strong><strong><b>:<\/b><\/strong><strong>\u00a0Kal\u0131c\u0131 Sar\u0131 GP<\/strong><\/p>\n<p><strong>Renk \u0130ndeksi:<\/strong>\u00a0168. SAYFA<\/p>\n<p><strong>D\u0131\u015f g\u00f6r\u00fcn\u00fc\u015f:<\/strong>\u00a0Sar\u0131 toz<\/p>\n<p><strong>CAS Numaras\u0131.<\/strong><strong>:<\/strong>71832-85-4<\/p>\n<p><strong>Di\u011fer Ad\u0131:<\/strong>Pigment Sar\u0131 168<\/p>","protected":false},"featured_media":7620,"template":"","meta":{"_acf_changed":false,"_gspb_post_css":""},"product_brand":[],"product_cat":[161],"product_tag":[],"class_list":{"0":"post-7522","1":"product","2":"type-product","3":"status-publish","4":"has-post-thumbnail","6":"product_cat-for-plastics","8":"first","9":"instock","10":"shipping-taxable","11":"product-type-simple"},"acf":[],"_links":{"self":[{"href":"https:\/\/wpachem.com\/tr\/wp-json\/wp\/v2\/product\/7522","targetHints":{"allow":["GET"]}}],"collection":[{"href":"https:\/\/wpachem.com\/tr\/wp-json\/wp\/v2\/product"}],"about":[{"href":"https:\/\/wpachem.com\/tr\/wp-json\/wp\/v2\/types\/product"}],"version-history":[{"count":0,"href":"https:\/\/wpachem.com\/tr\/wp-json\/wp\/v2\/product\/7522\/revisions"}],"wp:featuredmedia":[{"embeddable":true,"href":"https:\/\/wpachem.com\/tr\/wp-json\/wp\/v2\/media\/7620"}],"wp:attachment":[{"href":"https:\/\/wpachem.com\/tr\/wp-json\/wp\/v2\/media?parent=7522"}],"wp:term":[{"taxonomy":"product_brand","embeddable":true,"href":"https:\/\/wpachem.com\/tr\/wp-json\/wp\/v2\/product_brand?post=7522"},{"taxonomy":"product_cat","embeddable":true,"href":"https:\/\/wpachem.com\/tr\/wp-json\/wp\/v2\/product_cat?post=7522"},{"taxonomy":"product_tag","embeddable":true,"href":"https:\/\/wpachem.com\/tr\/wp-json\/wp\/v2\/product_tag?post=7522"}],"curies":[{"name":"wp","href":"https:\/\/api.w.org\/{rel}","templated":true}]}}