{"id":7523,"date":"2024-01-05T08:24:36","date_gmt":"2024-01-05T08:24:36","guid":{"rendered":"https:\/\/wpapigments.com\/?post_type=product&amp;p=5720"},"modified":"2024-01-05T08:24:36","modified_gmt":"2024-01-05T08:24:36","slug":"pigment-yellow-174-benzidine-yellow-lbs-p-y-174-cas-no-78952-72-4","status":"publish","type":"product","link":"https:\/\/wpachem.com\/tr\/urun\/pigment-yellow-174-benzidine-yellow-lbs-p-y-174-cas-no-78952-72-4\/","title":{"rendered":"Pigment Sar\u0131 174 (Benzidin Sar\u0131 LBS)\/PY174 CAS No.78952-72-4"},"content":{"rendered":"<p><strong>\u00d6zellik<\/strong><\/p>\n<p><strong><b>Erkek \u00d6zellikleri<\/b><\/strong>: Ye\u015fil g\u00f6lge \u015eeffaf,\u0130yi ak\u0131\u015f.Y\u00fcksek parlakl\u0131k<\/p>\n<p><strong><b>Ba\u015fvuru:<\/b><\/strong><\/p>\n<ul>\n<li>Kullan\u0131lan M\u00fcrekkep: Ofset M\u00fcrekkep, solvent bazl\u0131 M\u00fcrekkep.<\/li>\n<\/ul>","protected":false},"excerpt":{"rendered":"<p><strong><b>\u00dcr\u00fcn Ad\u0131<\/b><\/strong><strong><b>:<\/b><\/strong>Benzidin Sar\u0131 LBS<\/p>\n<p><strong>Renk \u0130ndeksi:<\/strong>\u00a0174.S\u0131n\u0131f<\/p>\n<p><strong>D\u0131\u015f g\u00f6r\u00fcn\u00fc\u015f:<\/strong>\u00a0Sar\u0131 toz<\/p>\n<p><strong>CAS Numaras\u0131.<\/strong><strong>:<\/strong>\u00a078952-72-4<\/p>\n<p><strong>Di\u011fer Ad\u0131:<\/strong>Pigment Sar\u0131 174<\/p>","protected":false},"featured_media":7620,"template":"","meta":{"_acf_changed":false,"_gspb_post_css":""},"product_brand":[],"product_cat":[162],"product_tag":[],"class_list":{"0":"post-7523","1":"product","2":"type-product","3":"status-publish","4":"has-post-thumbnail","6":"product_cat-for-inks","8":"first","9":"instock","10":"shipping-taxable","11":"product-type-simple"},"acf":[],"_links":{"self":[{"href":"https:\/\/wpachem.com\/tr\/wp-json\/wp\/v2\/product\/7523","targetHints":{"allow":["GET"]}}],"collection":[{"href":"https:\/\/wpachem.com\/tr\/wp-json\/wp\/v2\/product"}],"about":[{"href":"https:\/\/wpachem.com\/tr\/wp-json\/wp\/v2\/types\/product"}],"version-history":[{"count":0,"href":"https:\/\/wpachem.com\/tr\/wp-json\/wp\/v2\/product\/7523\/revisions"}],"wp:featuredmedia":[{"embeddable":true,"href":"https:\/\/wpachem.com\/tr\/wp-json\/wp\/v2\/media\/7620"}],"wp:attachment":[{"href":"https:\/\/wpachem.com\/tr\/wp-json\/wp\/v2\/media?parent=7523"}],"wp:term":[{"taxonomy":"product_brand","embeddable":true,"href":"https:\/\/wpachem.com\/tr\/wp-json\/wp\/v2\/product_brand?post=7523"},{"taxonomy":"product_cat","embeddable":true,"href":"https:\/\/wpachem.com\/tr\/wp-json\/wp\/v2\/product_cat?post=7523"},{"taxonomy":"product_tag","embeddable":true,"href":"https:\/\/wpachem.com\/tr\/wp-json\/wp\/v2\/product_tag?post=7523"}],"curies":[{"name":"wp","href":"https:\/\/api.w.org\/{rel}","templated":true}]}}