{"id":7527,"date":"2024-01-05T09:27:28","date_gmt":"2024-01-05T09:27:28","guid":{"rendered":"https:\/\/wpapigments.com\/?post_type=product&amp;p=5732"},"modified":"2024-01-05T09:27:28","modified_gmt":"2024-01-05T09:27:28","slug":"pigment-red-264-pigment-dpp-red264-p-r-264-cas-no-88949-33-1","status":"publish","type":"product","link":"https:\/\/wpachem.com\/tr\/urun\/pigment-red-264-pigment-dpp-red264-p-r-264-cas-no-88949-33-1\/","title":{"rendered":"Pigment K\u0131rm\u0131z\u0131 264\/Pigment DPP RED264\/PR264 CAS No. 88949-33-1"},"content":{"rendered":"<p><b>\u00dcr\u00fcn ad\u0131:<\/b><\/p>\n<p>Pigment K\u0131rm\u0131z\u0131 264<\/p>\n<p><b>Karakter:<\/b><br \/>\n\u2013 Kahve rengi veya k\u0131z\u0131l\u0131ms\u0131 kahverengi toz.<br \/>\n\u2013 Suda \u00e7\u00f6z\u00fcnmez, ancak asidik veya alkali ortamlarda da\u011f\u0131l\u0131r.<br \/>\n\u2013 \u0130yi hava direnci, stabil \u0131\u015f\u0131k direnci, asit ve alkali direnci.<br \/>\n\u2013 \u0130yi bir \u00f6rt\u00fcc\u00fcl\u00fc\u011fe ve leke b\u0131rakma g\u00fcc\u00fcne sahiptir.<\/p>\n<p><b>Fiziksel ve kimyasal \u00f6zellikler:<\/b><\/p>\n<table width=\"753\">\n<tbody>\n<tr>\n<td colspan=\"2\" rowspan=\"2\" width=\"334\">\u7269\u5316\u6570\u636e<br \/>\nFiziksel Veriler<\/td>\n<td width=\"239\">Yo\u011funluk g\/CM3<\/td>\n<td width=\"180\">1.55-1.70<\/td>\n<\/tr>\n<tr>\n<td width=\"239\">\u5438\u6cb9\u91cf Ya\u011f Absorbsiyonu ml\/100g<\/td>\n<td width=\"180\">35-55<\/td>\n<\/tr>\n<tr>\n<td colspan=\"2\" rowspan=\"7\" width=\"334\">Amerika Birle\u015fik Devletleri<br \/>\nH\u0131zl\u0131l\u0131k \u00d6zellikleri<\/td>\n<td width=\"239\">I\u015f\u0131k Hasl\u0131\u011f\u0131<\/td>\n<td width=\"180\">7<\/td>\n<\/tr>\n<tr>\n<td width=\"239\">Is\u0131 Direnci<\/td>\n<td width=\"180\">200<\/td>\n<\/tr>\n<tr>\n<td width=\"239\">Suya Dayan\u0131kl\u0131l\u0131k<\/td>\n<td width=\"180\">5<\/td>\n<\/tr>\n<tr>\n<td width=\"239\">Ya\u011f Direnci<\/td>\n<td width=\"180\">5<\/td>\n<\/tr>\n<tr>\n<td width=\"239\">Asit Direnci<\/td>\n<td width=\"180\">5<\/td>\n<\/tr>\n<tr>\n<td width=\"239\">Alkali Direnci<\/td>\n<td width=\"180\">5<\/td>\n<\/tr>\n<tr>\n<td width=\"239\">Alkol Direnci<\/td>\n<td width=\"180\">4<\/td>\n<\/tr>\n<\/tbody>\n<\/table>\n<p>&nbsp;<\/p>\n<p><strong>Ba\u015fvuru:<\/strong><\/p>\n<p>Genellikle boya ama\u00e7l\u0131 kullan\u0131l\u0131r.<\/p>\n<p>1) Boya Kullan\u0131m\u0131: End\u00fcstriyel Boya, Toz Boya, Oto Boyas\u0131, Dekoratif Kaplama, Su Bazl\u0131 Boyama<\/p>\n<p>&nbsp;<\/p>","protected":false},"excerpt":{"rendered":"<p><strong>\u00dcr\u00fcn Ad\u0131:<\/strong> Pigment K\u0131rm\u0131z\u0131 264<\/p>\n<p><strong>Renk \u0130ndeksi:<\/strong> PR264<\/p>\n<p><strong>D\u0131\u015f g\u00f6r\u00fcn\u00fc\u015f:<\/strong> K\u0131rm\u0131z\u0131 toz<\/p>\n<p><strong>CAS Numaras\u0131: <\/strong>88949-33-1<\/p>\n<p><strong>Di\u011fer Ad\u0131:<\/strong><\/p>\n<p>Yakut TR<br \/>\nCI561300<br \/>\nDPP Rubine TR<br \/>\nPigment K\u0131rm\u0131z\u0131 264<br \/>\nIrgazin Yakut Opak<br \/>\nIrgazin DPP RubineTR<br \/>\nIrgazin DPP Rubine FTX<\/p>\n<dl><\/dl>\n<p>&nbsp;<\/p>\n<p>&nbsp;<\/p>\n<p>&nbsp;<\/p>\n<p>&nbsp;<\/p>","protected":false},"featured_media":7625,"template":"","meta":{"_acf_changed":false,"_gspb_post_css":""},"product_brand":[],"product_cat":[163],"product_tag":[],"class_list":{"0":"post-7527","1":"product","2":"type-product","3":"status-publish","4":"has-post-thumbnail","6":"product_cat-for-paints-and-coatings","8":"first","9":"instock","10":"shipping-taxable","11":"product-type-simple"},"acf":[],"_links":{"self":[{"href":"https:\/\/wpachem.com\/tr\/wp-json\/wp\/v2\/product\/7527","targetHints":{"allow":["GET"]}}],"collection":[{"href":"https:\/\/wpachem.com\/tr\/wp-json\/wp\/v2\/product"}],"about":[{"href":"https:\/\/wpachem.com\/tr\/wp-json\/wp\/v2\/types\/product"}],"version-history":[{"count":0,"href":"https:\/\/wpachem.com\/tr\/wp-json\/wp\/v2\/product\/7527\/revisions"}],"wp:featuredmedia":[{"embeddable":true,"href":"https:\/\/wpachem.com\/tr\/wp-json\/wp\/v2\/media\/7625"}],"wp:attachment":[{"href":"https:\/\/wpachem.com\/tr\/wp-json\/wp\/v2\/media?parent=7527"}],"wp:term":[{"taxonomy":"product_brand","embeddable":true,"href":"https:\/\/wpachem.com\/tr\/wp-json\/wp\/v2\/product_brand?post=7527"},{"taxonomy":"product_cat","embeddable":true,"href":"https:\/\/wpachem.com\/tr\/wp-json\/wp\/v2\/product_cat?post=7527"},{"taxonomy":"product_tag","embeddable":true,"href":"https:\/\/wpachem.com\/tr\/wp-json\/wp\/v2\/product_tag?post=7527"}],"curies":[{"name":"wp","href":"https:\/\/api.w.org\/{rel}","templated":true}]}}