{"id":7530,"date":"2024-01-08T09:03:33","date_gmt":"2024-01-08T09:03:33","guid":{"rendered":"https:\/\/wpapigments.com\/?post_type=product&amp;p=5743"},"modified":"2024-01-08T09:03:33","modified_gmt":"2024-01-08T09:03:33","slug":"pigment-orange-5-permanent-orange-8005-p-o-5-cas-no-3468-63-1","status":"publish","type":"product","link":"https:\/\/wpachem.com\/tr\/urun\/pigment-orange-5-permanent-orange-8005-p-o-5-cas-no-3468-63-1\/","title":{"rendered":"Pigment Turuncu 5 (Kal\u0131c\u0131 Turuncu 8005)\/PO5 CAS No.3468-63-1"},"content":{"rendered":"<p><strong>\u00d6zellik<\/strong><\/p>\n<p><strong><b>Erkek \u00d6zellikleri<\/b><\/strong>: Sar\u0131 ton, \u0130yi da\u011f\u0131labilirlik, Su bazl\u0131 Kaplama i\u00e7in \u00f6zel<\/p>\n<p><strong><b>Ba\u015fvuru:<\/b><\/strong><\/p>\n<ol>\n<li>Kulland\u0131\u011f\u0131m Boyalar: End\u00fcstriyel Boya, Tekstil Bask\u0131, Su Bazl\u0131 Boya.<\/li>\n<li>Kullan\u0131lan M\u00fcrekkep: Ofset M\u00fcrekkep, Su Bazl\u0131 M\u00fcrekkep, Solvent Bazl\u0131 M\u00fcrekkep.<\/li>\n<\/ol>","protected":false},"excerpt":{"rendered":"<p><strong><b>\u00dcr\u00fcn Ad\u0131<\/b><\/strong><strong><b>:<\/b><\/strong><strong>\u00a0Kal\u0131c\u0131 Turuncu 8005<\/strong><\/p>\n<p><strong>Renk \u0130ndeksi:<\/strong>\u00a0PO5<\/p>\n<p><strong>D\u0131\u015f g\u00f6r\u00fcn\u00fc\u015f:<\/strong>\u00a0Sar\u0131 toz<\/p>\n<p><strong>CAS Numaras\u0131.<\/strong><strong>:<\/strong>\u00a03468-63-1<\/p>\n<p><strong>Di\u011fer Ad\u0131:<\/strong>kal\u0131c\u0131 k\u0131rm\u0131z\u0131; Kal\u0131c\u0131turuncuRN; kal\u0131c\u0131turuncutonerra-5650<\/p>","protected":false},"featured_media":7617,"template":"","meta":{"_acf_changed":false,"_gspb_post_css":""},"product_brand":[],"product_cat":[162,163,70],"product_tag":[],"class_list":{"0":"post-7530","1":"product","2":"type-product","3":"status-publish","4":"has-post-thumbnail","6":"product_cat-for-inks","7":"product_cat-for-paints-and-coatings","8":"product_cat-organic-pigment","10":"first","11":"instock","12":"shipping-taxable","13":"product-type-simple"},"acf":[],"_links":{"self":[{"href":"https:\/\/wpachem.com\/tr\/wp-json\/wp\/v2\/product\/7530","targetHints":{"allow":["GET"]}}],"collection":[{"href":"https:\/\/wpachem.com\/tr\/wp-json\/wp\/v2\/product"}],"about":[{"href":"https:\/\/wpachem.com\/tr\/wp-json\/wp\/v2\/types\/product"}],"version-history":[{"count":0,"href":"https:\/\/wpachem.com\/tr\/wp-json\/wp\/v2\/product\/7530\/revisions"}],"wp:featuredmedia":[{"embeddable":true,"href":"https:\/\/wpachem.com\/tr\/wp-json\/wp\/v2\/media\/7617"}],"wp:attachment":[{"href":"https:\/\/wpachem.com\/tr\/wp-json\/wp\/v2\/media?parent=7530"}],"wp:term":[{"taxonomy":"product_brand","embeddable":true,"href":"https:\/\/wpachem.com\/tr\/wp-json\/wp\/v2\/product_brand?post=7530"},{"taxonomy":"product_cat","embeddable":true,"href":"https:\/\/wpachem.com\/tr\/wp-json\/wp\/v2\/product_cat?post=7530"},{"taxonomy":"product_tag","embeddable":true,"href":"https:\/\/wpachem.com\/tr\/wp-json\/wp\/v2\/product_tag?post=7530"}],"curies":[{"name":"wp","href":"https:\/\/api.w.org\/{rel}","templated":true}]}}