{"id":7532,"date":"2024-01-08T09:12:01","date_gmt":"2024-01-08T09:12:01","guid":{"rendered":"https:\/\/wpapigments.com\/?post_type=product&amp;p=5747"},"modified":"2024-01-08T09:12:01","modified_gmt":"2024-01-08T09:12:01","slug":"pigment-orange-13-permanent-orange-g-p-o-13-cas-no-3520-72-7","status":"publish","type":"product","link":"https:\/\/wpachem.com\/tr\/urun\/pigment-orange-13-permanent-orange-g-p-o-13-cas-no-3520-72-7\/","title":{"rendered":"Pigment Turuncu 13 (Kal\u0131c\u0131 Turuncu G)\/PO13 CAS No.3520-72-7"},"content":{"rendered":"<p><strong><b>Erkek \u00d6zellikleri<\/b><\/strong>: Yar\u0131 saydam, Y\u00fcksek parlakl\u0131k, Evrensel tip<\/p>\n<p><strong><b>Ba\u015fvuru:<\/b><\/strong><\/p>\n<ol>\n<li>Boya Kullan\u0131m\u0131: End\u00fcstriyel Boya, Toz Boya, Dekoratif Kaplama, Tekstil Bask\u0131, Su Bazl\u0131 Boya.<\/li>\n<li>Kullan\u0131lan M\u00fcrekkep: Ofset M\u00fcrekkep, Su Bazl\u0131 M\u00fcrekkep, Solvent Bazl\u0131 M\u00fcrekkep.<\/li>\n<\/ol>","protected":false},"excerpt":{"rendered":"<p><strong><b>\u00dcr\u00fcn Ad\u0131<\/b><\/strong><strong><b>: <\/b><\/strong>Kal\u0131c\u0131 Turuncu G<\/p>\n<p><strong>Renk \u0130ndeksi:<\/strong>\u00a0PO13<\/p>\n<p><strong>D\u0131\u015f g\u00f6r\u00fcn\u00fc\u015f:<\/strong>\u00a0portakal tozu<\/p>\n<p><strong>CAS Numaras\u0131.<\/strong><strong>:<\/strong>3520-72-7<\/p>\n<p><strong>Di\u011fer Ad\u0131:<\/strong>calcotoneturuncu; fastonaturuncu<\/p>","protected":false},"featured_media":7617,"template":"","meta":{"_acf_changed":false,"_gspb_post_css":""},"product_brand":[],"product_cat":[162,163,70],"product_tag":[],"class_list":{"0":"post-7532","1":"product","2":"type-product","3":"status-publish","4":"has-post-thumbnail","6":"product_cat-for-inks","7":"product_cat-for-paints-and-coatings","8":"product_cat-organic-pigment","10":"first","11":"instock","12":"shipping-taxable","13":"product-type-simple"},"acf":[],"_links":{"self":[{"href":"https:\/\/wpachem.com\/tr\/wp-json\/wp\/v2\/product\/7532","targetHints":{"allow":["GET"]}}],"collection":[{"href":"https:\/\/wpachem.com\/tr\/wp-json\/wp\/v2\/product"}],"about":[{"href":"https:\/\/wpachem.com\/tr\/wp-json\/wp\/v2\/types\/product"}],"version-history":[{"count":0,"href":"https:\/\/wpachem.com\/tr\/wp-json\/wp\/v2\/product\/7532\/revisions"}],"wp:featuredmedia":[{"embeddable":true,"href":"https:\/\/wpachem.com\/tr\/wp-json\/wp\/v2\/media\/7617"}],"wp:attachment":[{"href":"https:\/\/wpachem.com\/tr\/wp-json\/wp\/v2\/media?parent=7532"}],"wp:term":[{"taxonomy":"product_brand","embeddable":true,"href":"https:\/\/wpachem.com\/tr\/wp-json\/wp\/v2\/product_brand?post=7532"},{"taxonomy":"product_cat","embeddable":true,"href":"https:\/\/wpachem.com\/tr\/wp-json\/wp\/v2\/product_cat?post=7532"},{"taxonomy":"product_tag","embeddable":true,"href":"https:\/\/wpachem.com\/tr\/wp-json\/wp\/v2\/product_tag?post=7532"}],"curies":[{"name":"wp","href":"https:\/\/api.w.org\/{rel}","templated":true}]}}