{"id":7533,"date":"2024-01-08T09:18:47","date_gmt":"2024-01-08T09:18:47","guid":{"rendered":"https:\/\/wpapigments.com\/?post_type=product&amp;p=5749"},"modified":"2024-01-08T09:18:47","modified_gmt":"2024-01-08T09:18:47","slug":"pigment-orange-34-permanent-orange-of-p-o-13-cas-no-3520-72-7","status":"publish","type":"product","link":"https:\/\/wpachem.com\/tr\/urun\/pigment-orange-34-permanent-orange-of-p-o-13-cas-no-3520-72-7\/","title":{"rendered":"Pigment Turuncu 34 (Kal\u0131c\u0131 Turuncu OF)\/PO34 CAS No.15793-73-4"},"content":{"rendered":"<p><strong><b>Erkek \u00d6zellikleri<\/b><\/strong>: Opak, Sanayi i\u00e7in \u00f6zel; Kaplama<\/p>\n<p><strong><b>Ba\u015fvuru:<\/b><\/strong><\/p>\n<ol>\n<li>Boya Kullan\u0131m\u0131: End\u00fcstriyel Boya, Toz Boya, Oto Boyama, Su Bazl\u0131 Boya.<\/li>\n<li>Kullan\u0131lan M\u00fcrekkep: Ofset M\u00fcrekkep, Su Bazl\u0131 M\u00fcrekkep, Solvent Bazl\u0131 M\u00fcrekkep.<\/li>\n<\/ol>","protected":false},"excerpt":{"rendered":"<p><strong><b>\u00dcr\u00fcn Ad\u0131<\/b><\/strong><strong><b>:<\/b><\/strong>Kal\u0131c\u0131 Turuncu OF<\/p>\n<p><strong>Renk \u0130ndeksi:<\/strong>\u00a0PO34<\/p>\n<p><strong>D\u0131\u015f g\u00f6r\u00fcn\u00fc\u015f:<\/strong>\u00a0portakal tozu<\/p>\n<p><strong>CAS Numaras\u0131.<\/strong><strong>:<\/strong>15793-73-4<\/p>\n<p><strong>Di\u011fer Ad\u0131:<\/strong>Irgalite Turuncu F2G; Pigment Turuncu 34<\/p>","protected":false},"featured_media":7617,"template":"","meta":{"_acf_changed":false,"_gspb_post_css":""},"product_brand":[],"product_cat":[70,162,163],"product_tag":[],"class_list":{"0":"post-7533","1":"product","2":"type-product","3":"status-publish","4":"has-post-thumbnail","6":"product_cat-organic-pigment","7":"product_cat-for-inks","8":"product_cat-for-paints-and-coatings","10":"first","11":"instock","12":"shipping-taxable","13":"product-type-simple"},"acf":[],"_links":{"self":[{"href":"https:\/\/wpachem.com\/tr\/wp-json\/wp\/v2\/product\/7533","targetHints":{"allow":["GET"]}}],"collection":[{"href":"https:\/\/wpachem.com\/tr\/wp-json\/wp\/v2\/product"}],"about":[{"href":"https:\/\/wpachem.com\/tr\/wp-json\/wp\/v2\/types\/product"}],"version-history":[{"count":0,"href":"https:\/\/wpachem.com\/tr\/wp-json\/wp\/v2\/product\/7533\/revisions"}],"wp:featuredmedia":[{"embeddable":true,"href":"https:\/\/wpachem.com\/tr\/wp-json\/wp\/v2\/media\/7617"}],"wp:attachment":[{"href":"https:\/\/wpachem.com\/tr\/wp-json\/wp\/v2\/media?parent=7533"}],"wp:term":[{"taxonomy":"product_brand","embeddable":true,"href":"https:\/\/wpachem.com\/tr\/wp-json\/wp\/v2\/product_brand?post=7533"},{"taxonomy":"product_cat","embeddable":true,"href":"https:\/\/wpachem.com\/tr\/wp-json\/wp\/v2\/product_cat?post=7533"},{"taxonomy":"product_tag","embeddable":true,"href":"https:\/\/wpachem.com\/tr\/wp-json\/wp\/v2\/product_tag?post=7533"}],"curies":[{"name":"wp","href":"https:\/\/api.w.org\/{rel}","templated":true}]}}