{"id":7535,"date":"2024-01-08T09:21:49","date_gmt":"2024-01-08T09:21:49","guid":{"rendered":"https:\/\/wpapigments.com\/?post_type=product&amp;p=5754"},"modified":"2024-01-08T09:21:49","modified_gmt":"2024-01-08T09:21:49","slug":"pigment-orange-16-benzidine-orange-r-p-o-16-cas-no-6505-28-8","status":"publish","type":"product","link":"https:\/\/wpachem.com\/tr\/urun\/pigment-orange-16-benzidine-orange-r-p-o-16-cas-no-6505-28-8\/","title":{"rendered":"Pigment Turuncu 16 (Benzidin Turuncu R)\/PO16 CAS No.6505-28-8"},"content":{"rendered":"<p><strong>\u00d6zellik<\/strong><\/p>\n<p><strong><b>Erkek \u00d6zellikleri<\/b><\/strong>: Yar\u0131 Saydam \u00d6zel<\/p>\n<p><strong><b>Ba\u015fvuru:<\/b><\/strong><\/p>\n<ul>\n<li>Kullan\u0131lan M\u00fcrekkep: Ofset M\u00fcrekkep, Su Bazl\u0131 M\u00fcrekkep, Solvent Bazl\u0131 M\u00fcrekkep.<\/li>\n<\/ul>","protected":false},"excerpt":{"rendered":"<p><strong><b>\u00dcr\u00fcn Ad\u0131<\/b><\/strong><strong><b>:<\/b><\/strong>Benzidin Portakal R<\/p>\n<p><strong>Renk \u0130ndeksi:<\/strong> PO16<\/p>\n<p><strong>D\u0131\u015f g\u00f6r\u00fcn\u00fc\u015f:<\/strong>\u00a0portakal tozu<\/p>\n<p><strong>CAS Numaras\u0131.<\/strong><strong>:<\/strong>6505-28-8<\/p>\n<p><strong>Di\u011fer Ad\u0131:<\/strong>Irgalite Turuncu F2G\uff1bPigment Turuncu 16<\/p>","protected":false},"featured_media":7617,"template":"","meta":{"_acf_changed":false,"_gspb_post_css":""},"product_brand":[],"product_cat":[162,70],"product_tag":[],"class_list":{"0":"post-7535","1":"product","2":"type-product","3":"status-publish","4":"has-post-thumbnail","6":"product_cat-for-inks","7":"product_cat-organic-pigment","9":"first","10":"instock","11":"shipping-taxable","12":"product-type-simple"},"acf":[],"_links":{"self":[{"href":"https:\/\/wpachem.com\/tr\/wp-json\/wp\/v2\/product\/7535","targetHints":{"allow":["GET"]}}],"collection":[{"href":"https:\/\/wpachem.com\/tr\/wp-json\/wp\/v2\/product"}],"about":[{"href":"https:\/\/wpachem.com\/tr\/wp-json\/wp\/v2\/types\/product"}],"version-history":[{"count":0,"href":"https:\/\/wpachem.com\/tr\/wp-json\/wp\/v2\/product\/7535\/revisions"}],"wp:featuredmedia":[{"embeddable":true,"href":"https:\/\/wpachem.com\/tr\/wp-json\/wp\/v2\/media\/7617"}],"wp:attachment":[{"href":"https:\/\/wpachem.com\/tr\/wp-json\/wp\/v2\/media?parent=7535"}],"wp:term":[{"taxonomy":"product_brand","embeddable":true,"href":"https:\/\/wpachem.com\/tr\/wp-json\/wp\/v2\/product_brand?post=7535"},{"taxonomy":"product_cat","embeddable":true,"href":"https:\/\/wpachem.com\/tr\/wp-json\/wp\/v2\/product_cat?post=7535"},{"taxonomy":"product_tag","embeddable":true,"href":"https:\/\/wpachem.com\/tr\/wp-json\/wp\/v2\/product_tag?post=7535"}],"curies":[{"name":"wp","href":"https:\/\/api.w.org\/{rel}","templated":true}]}}